{"id":5377,"date":"2024-08-20T18:45:25","date_gmt":"2024-08-20T16:45:25","guid":{"rendered":"https:\/\/titan-france.fr\/roues\/row-crop\/"},"modified":"2025-01-30T09:51:22","modified_gmt":"2025-01-30T08:51:22","slug":"row-crop","status":"publish","type":"page","link":"https:\/\/titanfrance.com\/en\/roues\/row-crop\/","title":{"rendered":"Row Crop"},"content":{"rendered":"\t\t<div data-elementor-type=\"wp-page\" data-elementor-id=\"5377\" class=\"elementor elementor-5377 elementor-2773\" data-elementor-post-type=\"page\">\n\t\t\t\t<div class=\"elementor-element elementor-element-f4769e4 e-flex e-con-boxed e-con e-parent\" data-id=\"f4769e4\" data-element_type=\"container\" data-e-type=\"container\">\n\t\t\t\t\t<div class=\"e-con-inner\">\n\t\t\t\t<div class=\"elementor-element elementor-element-ca61b14 elementor-widget elementor-widget-image-gallery\" data-id=\"ca61b14\" data-element_type=\"widget\" data-e-type=\"widget\" data-widget_type=\"image-gallery.default\">\n\t\t\t\t<div class=\"elementor-widget-container\">\n\t\t\t\t\t\t\t<div class=\"elementor-image-gallery\">\n\t\t\t<div id='gallery-1' class='gallery galleryid-5377 gallery-columns-3 gallery-size-large'><figure class='gallery-item'>\n\t\t\t<div class='gallery-icon landscape'>\n\t\t\t\t<a data-elementor-open-lightbox=\"yes\" data-elementor-lightbox-slideshow=\"ca61b14\" data-elementor-lightbox-title=\"voileVRC_3D\" data-e-action-hash=\"#elementor-action%3Aaction%3Dlightbox%26settings%3DeyJpZCI6NTA0MiwidXJsIjoiaHR0cHM6XC9cL3RpdGFuZnJhbmNlLmNvbVwvd3AtY29udGVudFwvdXBsb2Fkc1wvMjAyNVwvMDFcL3ZvaWxlVlJDXzNELnBuZyIsInNsaWRlc2hvdyI6ImNhNjFiMTQifQ%3D%3D\" href='https:\/\/titanfrance.com\/wp-content\/uploads\/2025\/01\/voileVRC_3D.png'><img fetchpriority=\"high\" width=\"800\" height=\"462\" src=\"https:\/\/titanfrance.com\/wp-content\/uploads\/2025\/01\/voileVRC_3D-1024x591.png\" class=\"attachment-large size-large\" alt=\"\" decoding=\"async\" srcset=\"https:\/\/titanfrance.com\/wp-content\/uploads\/2025\/01\/voileVRC_3D-1024x591.png 1024w, https:\/\/titanfrance.com\/wp-content\/uploads\/2025\/01\/voileVRC_3D-300x173.png 300w, https:\/\/titanfrance.com\/wp-content\/uploads\/2025\/01\/voileVRC_3D-768x443.png 768w, https:\/\/titanfrance.com\/wp-content\/uploads\/2025\/01\/voileVRC_3D-1536x887.png 1536w, https:\/\/titanfrance.com\/wp-content\/uploads\/2025\/01\/voileVRC_3D-2048x1182.png 2048w\" sizes=\"(max-width: 800px) 100vw, 800px\" \/><\/a>\n\t\t\t<\/div><\/figure><figure class='gallery-item'>\n\t\t\t<div class='gallery-icon landscape'>\n\t\t\t\t<a data-elementor-open-lightbox=\"yes\" data-elementor-lightbox-slideshow=\"ca61b14\" data-elementor-lightbox-title=\"RVRC_eclate3D\" data-e-action-hash=\"#elementor-action%3Aaction%3Dlightbox%26settings%3DeyJpZCI6NTAzMSwidXJsIjoiaHR0cHM6XC9cL3RpdGFuZnJhbmNlLmNvbVwvd3AtY29udGVudFwvdXBsb2Fkc1wvMjAyNVwvMDFcL1JWUkNfZWNsYXRlM0QucG5nIiwic2xpZGVzaG93IjoiY2E2MWIxNCJ9\" href='https:\/\/titanfrance.com\/wp-content\/uploads\/2025\/01\/RVRC_eclate3D.png'><img width=\"800\" height=\"460\" src=\"https:\/\/titanfrance.com\/wp-content\/uploads\/2025\/01\/RVRC_eclate3D-1024x589.png\" class=\"attachment-large size-large\" alt=\"\" decoding=\"async\" srcset=\"https:\/\/titanfrance.com\/wp-content\/uploads\/2025\/01\/RVRC_eclate3D-1024x589.png 1024w, https:\/\/titanfrance.com\/wp-content\/uploads\/2025\/01\/RVRC_eclate3D-300x173.png 300w, https:\/\/titanfrance.com\/wp-content\/uploads\/2025\/01\/RVRC_eclate3D-768x442.png 768w, https:\/\/titanfrance.com\/wp-content\/uploads\/2025\/01\/RVRC_eclate3D-1536x884.png 1536w, https:\/\/titanfrance.com\/wp-content\/uploads\/2025\/01\/RVRC_eclate3D-2048x1178.png 2048w\" sizes=\"(max-width: 800px) 100vw, 800px\" \/><\/a>\n\t\t\t<\/div><\/figure><figure class='gallery-item'>\n\t\t\t<div class='gallery-icon landscape'>\n\t\t\t\t<a data-elementor-open-lightbox=\"yes\" data-elementor-lightbox-slideshow=\"ca61b14\" data-elementor-lightbox-title=\"RVRC_3D\" data-e-action-hash=\"#elementor-action%3Aaction%3Dlightbox%26settings%3DeyJpZCI6NTAzMCwidXJsIjoiaHR0cHM6XC9cL3RpdGFuZnJhbmNlLmNvbVwvd3AtY29udGVudFwvdXBsb2Fkc1wvMjAyNVwvMDFcL1JWUkNfM0QucG5nIiwic2xpZGVzaG93IjoiY2E2MWIxNCJ9\" href='https:\/\/titanfrance.com\/wp-content\/uploads\/2025\/01\/RVRC_3D.png'><img width=\"800\" height=\"460\" src=\"https:\/\/titanfrance.com\/wp-content\/uploads\/2025\/01\/RVRC_3D-1024x589.png\" class=\"attachment-large size-large\" alt=\"\" decoding=\"async\" srcset=\"https:\/\/titanfrance.com\/wp-content\/uploads\/2025\/01\/RVRC_3D-1024x589.png 1024w, https:\/\/titanfrance.com\/wp-content\/uploads\/2025\/01\/RVRC_3D-300x173.png 300w, https:\/\/titanfrance.com\/wp-content\/uploads\/2025\/01\/RVRC_3D-768x442.png 768w, https:\/\/titanfrance.com\/wp-content\/uploads\/2025\/01\/RVRC_3D-1536x884.png 1536w, https:\/\/titanfrance.com\/wp-content\/uploads\/2025\/01\/RVRC_3D-2048x1178.png 2048w\" sizes=\"(max-width: 800px) 100vw, 800px\" \/><\/a>\n\t\t\t<\/div><\/figure>\n\t\t<\/div>\n\t\t<\/div>\n\t\t\t\t\t\t<\/div>\n\t\t\t\t<\/div>\n\t\t\t\t\t<\/div>\n\t\t\t\t<\/div>\n\t\t<div class=\"elementor-element elementor-element-9145491 e-flex e-con-boxed e-con e-parent\" data-id=\"9145491\" data-element_type=\"container\" data-e-type=\"container\">\n\t\t\t\t\t<div class=\"e-con-inner\">\n\t\t<div class=\"elementor-element elementor-element-2be6d06 e-con-full e-flex e-con e-child\" data-id=\"2be6d06\" data-element_type=\"container\" data-e-type=\"container\">\n\t\t\t\t<div class=\"elementor-element elementor-element-6f67dd7 elementor-widget elementor-widget-shortcode\" data-id=\"6f67dd7\" data-element_type=\"widget\" data-e-type=\"widget\" data-widget_type=\"shortcode.default\">\n\t\t\t\t<div class=\"elementor-widget-container\">\n\t\t\t\t\t\t\t<div class=\"elementor-shortcode\">\n        <div class=\"modelViewerBlock\" data-attributes='{&quot;align&quot;:&quot;center&quot;,&quot;uniqueId&quot;:&quot;model4661&quot;,&quot;currentViewer&quot;:&quot;O3DViewer&quot;,&quot;multiple&quot;:false,&quot;O3DVSettings&quot;:{&quot;isFullscreen&quot;:true,&quot;isPagination&quot;:false,&quot;isNavigation&quot;:false,&quot;camera&quot;:null,&quot;mouseControl&quot;:true},&quot;environmentImage&quot;:null,&quot;lazyLoad&quot;:true,&quot;loading&quot;:&quot;lazy&quot;,&quot;autoplay&quot;:false,&quot;shadow&quot;:&quot;1&quot;,&quot;autoRotate&quot;:false,&quot;zoomLevel&quot;:null,&quot;zoom&quot;:true,&quot;isPagination&quot;:false,&quot;isNavigation&quot;:false,&quot;hotspotStyle&quot;:&quot;style-1&quot;,&quot;preload&quot;:&quot;auto&quot;,&quot;rotationPerSecond&quot;:&quot;30&quot;,&quot;mouseControl&quot;:true,&quot;lockXAxisRotation&quot;:false,&quot;lockYAxisRotation&quot;:false,&quot;fullscreen&quot;:true,&quot;zoomInOutBtn&quot;:false,&quot;cameraBtn&quot;:false,&quot;variant&quot;:false,&quot;loadingPercentage&quot;:false,&quot;progressBar&quot;:true,&quot;rotate&quot;:false,&quot;rotateDelay&quot;:3000,&quot;rotateAlongX&quot;:&quot;0&quot;,&quot;rotateAlongY&quot;:&quot;75&quot;,&quot;exposure&quot;:&quot;1&quot;,&quot;stylesheet&quot;:null,&quot;additional&quot;:{&quot;ID&quot;:&quot;&quot;,&quot;Class&quot;:&quot;&quot;,&quot;CSS&quot;:null},&quot;animation&quot;:false,&quot;woo&quot;:false,&quot;selectedAnimation&quot;:&quot;&quot;,&quot;placement&quot;:&quot;shortcode&quot;,&quot;styles&quot;:{&quot;width&quot;:&quot;100%&quot;,&quot;height&quot;:&quot;300px&quot;,&quot;bgColor&quot;:&quot;transparent&quot;,&quot;progressBarColor&quot;:null},&quot;model&quot;:{&quot;modelUrl&quot;:&quot;https:\\\/\\\/titanfrance.com\\\/wp-content\\\/uploads\\\/2025\\\/01\\\/RVV_RC-1.3mf&quot;,&quot;poster&quot;:&quot;&quot;},&quot;models&quot;:[]}'>\n            <div class=\"bp3d_backup_view\" style=\"display: none;height:350px;\">\n                    <model-viewer camera-controls src=\"https:\/\/titanfrance.com\/wp-content\/uploads\/2025\/01\/RVV_RC-1.3mf\" style=\"height: 350px;\"><\/model-viewer>\n            <\/div>\n            <script>\n                setTimeout(() => {\n                    let backupModels = document.querySelectorAll('.bp3d_backup_view');\n                    if(backupModels.length > 0){\n                        backupModels.forEach(element => {\n                            if(element){\n                                element.style.display = 'block';\n                                setTimeout(() => {\n                                    let adminMessages = document.querySelectorAll('.bp3d_admin_message');\n                                    if(adminMessages.length > 0){\n                                        adminMessages.forEach(adminMessage => {\n                                            if(adminMessage){\n                                                adminMessage.style.display = 'block';\n                                            }\n                                        });\n                                    }\n                                }, 5000);\n                            }\n                        });\n                    }\n                }, 5000);\n            <\/script>\n        <\/div>\n\n<\/div>\n\t\t\t\t\t\t<\/div>\n\t\t\t\t<\/div>\n\t\t\t\t<\/div>\n\t\t<div class=\"elementor-element elementor-element-73f3ed9 e-con-full e-flex e-con e-child\" data-id=\"73f3ed9\" data-element_type=\"container\" data-e-type=\"container\">\n\t\t\t\t<div class=\"elementor-element elementor-element-6fb877b elementor-widget elementor-widget-text-editor\" data-id=\"6fb877b\" data-element_type=\"widget\" data-e-type=\"widget\" data-widget_type=\"text-editor.default\">\n\t\t\t\t<div class=\"elementor-widget-container\">\n\t\t\t\t\t\t\t\t\t<p>To meet the demands of the replacement market, we offer a range of ROW CROP wheels covering all the dimensions of the narrow range by changing only the removable center.<\/p>\n<p>This solution allows the same wheel to be used on different machines with different axle\/axle diameters.<\/p>\n<p>Our range is available in standard colors or customized to your requirements.<\/p>\n<p>Wheels can be supplied either assembled or as separate components.<\/p>\n\t\t\t\t\t\t\t\t<\/div>\n\t\t\t\t<\/div>\n\t\t\t\t<\/div>\n\t\t\t\t\t<\/div>\n\t\t\t\t<\/div>\n\t\t\t\t<\/div>\n\t\t","protected":false},"excerpt":{"rendered":"<p>This solution allows the same wheel to be used on different machines<\/p>\n","protected":false},"author":1,"featured_media":5096,"parent":5204,"menu_order":0,"comment_status":"closed","ping_status":"closed","template":"","meta":{"_acf_changed":false,"footnotes":""},"class_list":["post-5377","page","type-page","status-publish","has-post-thumbnail","hentry"],"acf":[],"yoast_head":"<!-- This site is optimized with the Yoast SEO plugin v27.2 - https:\/\/yoast.com\/product\/yoast-seo-wordpress\/ -->\n<title>Row Crop - TITAN France<\/title>\n<meta name=\"robots\" content=\"index, follow, max-snippet:-1, max-image-preview:large, max-video-preview:-1\" \/>\n<link rel=\"canonical\" href=\"https:\/\/titanfrance.com\/en\/roues\/row-crop\/\" \/>\n<meta property=\"og:locale\" content=\"en_US\" \/>\n<meta property=\"og:type\" content=\"article\" \/>\n<meta property=\"og:title\" content=\"Row Crop - TITAN France\" \/>\n<meta property=\"og:description\" content=\"This solution allows the same wheel to be used on different machines\" \/>\n<meta property=\"og:url\" content=\"https:\/\/titanfrance.com\/en\/roues\/row-crop\/\" \/>\n<meta property=\"og:site_name\" content=\"TITAN France\" \/>\n<meta property=\"article:publisher\" content=\"https:\/\/www.facebook.com\/people\/Titan-France\/100054344090112\/\" \/>\n<meta property=\"article:modified_time\" content=\"2025-01-30T08:51:22+00:00\" \/>\n<meta property=\"og:image\" content=\"https:\/\/titanfrance.com\/wp-content\/uploads\/2025\/01\/row-crop-modif-scaled-e1737535324237.jpg\" \/>\n\t<meta property=\"og:image:width\" content=\"2483\" \/>\n\t<meta property=\"og:image:height\" content=\"1033\" \/>\n\t<meta property=\"og:image:type\" content=\"image\/jpeg\" \/>\n<meta name=\"twitter:card\" content=\"summary_large_image\" \/>\n<meta name=\"twitter:site\" content=\"@titanfrance1\" \/>\n<script type=\"application\/ld+json\" class=\"yoast-schema-graph\">{\"@context\":\"https:\/\/schema.org\",\"@graph\":[{\"@type\":\"WebPage\",\"@id\":\"https:\/\/titanfrance.com\/en\/roues\/row-crop\/\",\"url\":\"https:\/\/titanfrance.com\/en\/roues\/row-crop\/\",\"name\":\"Row Crop - TITAN France\",\"isPartOf\":{\"@id\":\"https:\/\/titanfrance.com\/en\/#website\"},\"primaryImageOfPage\":{\"@id\":\"https:\/\/titanfrance.com\/en\/roues\/row-crop\/#primaryimage\"},\"image\":{\"@id\":\"https:\/\/titanfrance.com\/en\/roues\/row-crop\/#primaryimage\"},\"thumbnailUrl\":\"https:\/\/titanfrance.com\/wp-content\/uploads\/2025\/01\/row-crop-modif-scaled-e1737535324237.jpg\",\"datePublished\":\"2024-08-20T16:45:25+00:00\",\"dateModified\":\"2025-01-30T08:51:22+00:00\",\"breadcrumb\":{\"@id\":\"https:\/\/titanfrance.com\/en\/roues\/row-crop\/#breadcrumb\"},\"inLanguage\":\"en-US\",\"potentialAction\":[{\"@type\":\"ReadAction\",\"target\":[\"https:\/\/titanfrance.com\/en\/roues\/row-crop\/\"]}]},{\"@type\":\"ImageObject\",\"inLanguage\":\"en-US\",\"@id\":\"https:\/\/titanfrance.com\/en\/roues\/row-crop\/#primaryimage\",\"url\":\"https:\/\/titanfrance.com\/wp-content\/uploads\/2025\/01\/row-crop-modif-scaled-e1737535324237.jpg\",\"contentUrl\":\"https:\/\/titanfrance.com\/wp-content\/uploads\/2025\/01\/row-crop-modif-scaled-e1737535324237.jpg\",\"width\":2483,\"height\":1033,\"caption\":\"Roue Row Crop Titan offrant flexibilit\u00e9 et compatibilit\u00e9 sur plusieurs machines agricoles, disponible en couleurs standard ou personnalis\u00e9es.\"},{\"@type\":\"BreadcrumbList\",\"@id\":\"https:\/\/titanfrance.com\/en\/roues\/row-crop\/#breadcrumb\",\"itemListElement\":[{\"@type\":\"ListItem\",\"position\":1,\"name\":\"Accueil\",\"item\":\"https:\/\/titanfrance.com\/en\/\"},{\"@type\":\"ListItem\",\"position\":2,\"name\":\"Wheels\",\"item\":\"https:\/\/titanfrance.com\/en\/roues\/\"},{\"@type\":\"ListItem\",\"position\":3,\"name\":\"Row Crop\"}]},{\"@type\":\"WebSite\",\"@id\":\"https:\/\/titanfrance.com\/en\/#website\",\"url\":\"https:\/\/titanfrance.com\/en\/\",\"name\":\"TITAN France\",\"description\":\"TITAN and Goodyear Farm Tires brands\",\"publisher\":{\"@id\":\"https:\/\/titanfrance.com\/en\/#organization\"},\"alternateName\":\"Fabricants de roues, de pneus et de composants de ch\u00e2ssis pour v\u00e9hicules tout-terrain.\",\"potentialAction\":[{\"@type\":\"SearchAction\",\"target\":{\"@type\":\"EntryPoint\",\"urlTemplate\":\"https:\/\/titanfrance.com\/en\/?s={search_term_string}\"},\"query-input\":{\"@type\":\"PropertyValueSpecification\",\"valueRequired\":true,\"valueName\":\"search_term_string\"}}],\"inLanguage\":\"en-US\"},{\"@type\":\"Organization\",\"@id\":\"https:\/\/titanfrance.com\/en\/#organization\",\"name\":\"TITAN France - FLERS\",\"url\":\"https:\/\/titanfrance.com\/en\/\",\"logo\":{\"@type\":\"ImageObject\",\"inLanguage\":\"en-US\",\"@id\":\"https:\/\/titanfrance.com\/en\/#\/schema\/logo\/image\/\",\"url\":\"https:\/\/titanfrance.com\/wp-content\/uploads\/2024\/07\/logo-Titan-goodyear.png\",\"contentUrl\":\"https:\/\/titanfrance.com\/wp-content\/uploads\/2024\/07\/logo-Titan-goodyear.png\",\"width\":696,\"height\":696,\"caption\":\"TITAN France - FLERS\"},\"image\":{\"@id\":\"https:\/\/titanfrance.com\/en\/#\/schema\/logo\/image\/\"},\"sameAs\":[\"https:\/\/www.facebook.com\/people\/Titan-France\/100054344090112\/\",\"https:\/\/x.com\/titanfrance1\",\"https:\/\/www.youtube.com\/channel\/UCbpLZ8EDC_1mEAwmMMyFYkg\",\"https:\/\/www.instagram.com\/titan_france\/?utm_source=ig_profile_share&igshid=q0ytsbjj91ve&fbclid=IwAR0srThhgUmUYTjvY_vGoqDg51xGkvvJhrBkEmLz2y_ntiOgjCeaBaOzqVA\",\"https:\/\/www.linkedin.com\/uas\/login?session_redirect=https:\/\/www.linkedin.com\/company\/titan-france-sas\/about\/\"]}]}<\/script>\n<!-- \/ Yoast SEO plugin. -->","yoast_head_json":{"title":"Row Crop - TITAN France","robots":{"index":"index","follow":"follow","max-snippet":"max-snippet:-1","max-image-preview":"max-image-preview:large","max-video-preview":"max-video-preview:-1"},"canonical":"https:\/\/titanfrance.com\/en\/roues\/row-crop\/","og_locale":"en_US","og_type":"article","og_title":"Row Crop - TITAN France","og_description":"This solution allows the same wheel to be used on different machines","og_url":"https:\/\/titanfrance.com\/en\/roues\/row-crop\/","og_site_name":"TITAN France","article_publisher":"https:\/\/www.facebook.com\/people\/Titan-France\/100054344090112\/","article_modified_time":"2025-01-30T08:51:22+00:00","og_image":[{"width":2483,"height":1033,"url":"https:\/\/titanfrance.com\/wp-content\/uploads\/2025\/01\/row-crop-modif-scaled-e1737535324237.jpg","type":"image\/jpeg"}],"twitter_card":"summary_large_image","twitter_site":"@titanfrance1","schema":{"@context":"https:\/\/schema.org","@graph":[{"@type":"WebPage","@id":"https:\/\/titanfrance.com\/en\/roues\/row-crop\/","url":"https:\/\/titanfrance.com\/en\/roues\/row-crop\/","name":"Row Crop - TITAN France","isPartOf":{"@id":"https:\/\/titanfrance.com\/en\/#website"},"primaryImageOfPage":{"@id":"https:\/\/titanfrance.com\/en\/roues\/row-crop\/#primaryimage"},"image":{"@id":"https:\/\/titanfrance.com\/en\/roues\/row-crop\/#primaryimage"},"thumbnailUrl":"https:\/\/titanfrance.com\/wp-content\/uploads\/2025\/01\/row-crop-modif-scaled-e1737535324237.jpg","datePublished":"2024-08-20T16:45:25+00:00","dateModified":"2025-01-30T08:51:22+00:00","breadcrumb":{"@id":"https:\/\/titanfrance.com\/en\/roues\/row-crop\/#breadcrumb"},"inLanguage":"en-US","potentialAction":[{"@type":"ReadAction","target":["https:\/\/titanfrance.com\/en\/roues\/row-crop\/"]}]},{"@type":"ImageObject","inLanguage":"en-US","@id":"https:\/\/titanfrance.com\/en\/roues\/row-crop\/#primaryimage","url":"https:\/\/titanfrance.com\/wp-content\/uploads\/2025\/01\/row-crop-modif-scaled-e1737535324237.jpg","contentUrl":"https:\/\/titanfrance.com\/wp-content\/uploads\/2025\/01\/row-crop-modif-scaled-e1737535324237.jpg","width":2483,"height":1033,"caption":"Roue Row Crop Titan offrant flexibilit\u00e9 et compatibilit\u00e9 sur plusieurs machines agricoles, disponible en couleurs standard ou personnalis\u00e9es."},{"@type":"BreadcrumbList","@id":"https:\/\/titanfrance.com\/en\/roues\/row-crop\/#breadcrumb","itemListElement":[{"@type":"ListItem","position":1,"name":"Accueil","item":"https:\/\/titanfrance.com\/en\/"},{"@type":"ListItem","position":2,"name":"Wheels","item":"https:\/\/titanfrance.com\/en\/roues\/"},{"@type":"ListItem","position":3,"name":"Row Crop"}]},{"@type":"WebSite","@id":"https:\/\/titanfrance.com\/en\/#website","url":"https:\/\/titanfrance.com\/en\/","name":"TITAN France","description":"TITAN and Goodyear Farm Tires brands","publisher":{"@id":"https:\/\/titanfrance.com\/en\/#organization"},"alternateName":"Fabricants de roues, de pneus et de composants de ch\u00e2ssis pour v\u00e9hicules tout-terrain.","potentialAction":[{"@type":"SearchAction","target":{"@type":"EntryPoint","urlTemplate":"https:\/\/titanfrance.com\/en\/?s={search_term_string}"},"query-input":{"@type":"PropertyValueSpecification","valueRequired":true,"valueName":"search_term_string"}}],"inLanguage":"en-US"},{"@type":"Organization","@id":"https:\/\/titanfrance.com\/en\/#organization","name":"TITAN France - FLERS","url":"https:\/\/titanfrance.com\/en\/","logo":{"@type":"ImageObject","inLanguage":"en-US","@id":"https:\/\/titanfrance.com\/en\/#\/schema\/logo\/image\/","url":"https:\/\/titanfrance.com\/wp-content\/uploads\/2024\/07\/logo-Titan-goodyear.png","contentUrl":"https:\/\/titanfrance.com\/wp-content\/uploads\/2024\/07\/logo-Titan-goodyear.png","width":696,"height":696,"caption":"TITAN France - FLERS"},"image":{"@id":"https:\/\/titanfrance.com\/en\/#\/schema\/logo\/image\/"},"sameAs":["https:\/\/www.facebook.com\/people\/Titan-France\/100054344090112\/","https:\/\/x.com\/titanfrance1","https:\/\/www.youtube.com\/channel\/UCbpLZ8EDC_1mEAwmMMyFYkg","https:\/\/www.instagram.com\/titan_france\/?utm_source=ig_profile_share&igshid=q0ytsbjj91ve&fbclid=IwAR0srThhgUmUYTjvY_vGoqDg51xGkvvJhrBkEmLz2y_ntiOgjCeaBaOzqVA","https:\/\/www.linkedin.com\/uas\/login?session_redirect=https:\/\/www.linkedin.com\/company\/titan-france-sas\/about\/"]}]}},"_links":{"self":[{"href":"https:\/\/titanfrance.com\/en\/wp-json\/wp\/v2\/pages\/5377","targetHints":{"allow":["GET"]}}],"collection":[{"href":"https:\/\/titanfrance.com\/en\/wp-json\/wp\/v2\/pages"}],"about":[{"href":"https:\/\/titanfrance.com\/en\/wp-json\/wp\/v2\/types\/page"}],"author":[{"embeddable":true,"href":"https:\/\/titanfrance.com\/en\/wp-json\/wp\/v2\/users\/1"}],"replies":[{"embeddable":true,"href":"https:\/\/titanfrance.com\/en\/wp-json\/wp\/v2\/comments?post=5377"}],"version-history":[{"count":2,"href":"https:\/\/titanfrance.com\/en\/wp-json\/wp\/v2\/pages\/5377\/revisions"}],"predecessor-version":[{"id":18797,"href":"https:\/\/titanfrance.com\/en\/wp-json\/wp\/v2\/pages\/5377\/revisions\/18797"}],"up":[{"embeddable":true,"href":"https:\/\/titanfrance.com\/en\/wp-json\/wp\/v2\/pages\/5204"}],"wp:featuredmedia":[{"embeddable":true,"href":"https:\/\/titanfrance.com\/en\/wp-json\/wp\/v2\/media\/5096"}],"wp:attachment":[{"href":"https:\/\/titanfrance.com\/en\/wp-json\/wp\/v2\/media?parent=5377"}],"curies":[{"name":"wp","href":"https:\/\/api.w.org\/{rel}","templated":true}]}}