{"id":5353,"date":"2024-11-20T11:19:27","date_gmt":"2024-11-20T10:19:27","guid":{"rendered":"https:\/\/titan-france.fr\/customer-area\/"},"modified":"2025-01-30T12:02:29","modified_gmt":"2025-01-30T11:02:29","slug":"customer-area","status":"publish","type":"page","link":"https:\/\/titanfrance.com\/en\/customer-area\/","title":{"rendered":"Customer Area"},"content":{"rendered":"\t\t<div data-elementor-type=\"wp-page\" data-elementor-id=\"5353\" class=\"elementor elementor-5353 elementor-3388\" data-elementor-post-type=\"page\">\n\t\t\t\t<div class=\"elementor-element elementor-element-e7f3bfc e-flex e-con-boxed e-con e-parent\" data-id=\"e7f3bfc\" data-element_type=\"container\" data-e-type=\"container\">\n\t\t\t\t\t<div class=\"e-con-inner\">\n\t\t<div class=\"elementor-element elementor-element-b8f56a4 e-con-full e-flex e-con e-child\" data-id=\"b8f56a4\" data-element_type=\"container\" data-e-type=\"container\">\n\t\t\t\t<div class=\"elementor-element elementor-element-44f0bf3 elementor-widget elementor-widget-text-editor\" data-id=\"44f0bf3\" data-element_type=\"widget\" data-e-type=\"widget\" data-widget_type=\"text-editor.default\">\n\t\t\t\t<div class=\"elementor-widget-container\">\n\t\t\t\t\t\t\t\t\t<p>This area gives you access to technical and commercial information not available to the general public.<\/p>\n\t\t\t\t\t\t\t\t<\/div>\n\t\t\t\t<\/div>\n\t\t\t\t<\/div>\n\t\t\t\t\t<\/div>\n\t\t\t\t<\/div>\n\t\t<div class=\"elementor-element elementor-element-d5a67c6 e-flex e-con-boxed e-con e-parent\" data-id=\"d5a67c6\" data-element_type=\"container\" data-e-type=\"container\">\n\t\t\t\t\t<div class=\"e-con-inner\">\n\t\t\t\t<div class=\"elementor-element elementor-element-bf27c07 elementor-widget elementor-widget-login\" data-id=\"bf27c07\" data-element_type=\"widget\" data-e-type=\"widget\" data-widget_type=\"login.default\">\n\t\t\t\t<div class=\"elementor-widget-container\">\n\t\t\t\t\t\t\t<form class=\"elementor-login elementor-form\" method=\"post\" action=\"https:\/\/titanfrance.com\/en\/wp-login.php\" aria-label=\"Login form\">\n\t\t\t<input type=\"hidden\" name=\"redirect_to\" value=\"\/en\/wp-json\/wp\/v2\/pages\/5353\">\n\t\t\t<div class=\"elementor-form-fields-wrapper\">\n\t\t\t\t<div class=\"elementor-field-type-text elementor-field-group elementor-column elementor-col-100 elementor-field-required\">\n\t\t\t\t\t<label for=\"user-bf27c07\" class=\"elementor-field-label\">Login or e-mail address<\/label>\n\t\t\t\t\t<input size=\"1\" type=\"text\" name=\"log\" id=\"user-bf27c07\" placeholder=\"\" class=\"elementor-field elementor-field-textual elementor-size-sm\">\n\t\t\t\t<\/div>\n\t\t\t\t<div class=\"elementor-field-type-text elementor-field-group elementor-column elementor-col-100 elementor-field-required\">\n\t\t\t\t\t<label for=\"password-bf27c07\" class=\"elementor-field-label\">Password<\/label>\n\t\t\t\t\t<input size=\"1\" type=\"password\" name=\"pwd\" id=\"password-bf27c07\" placeholder=\"\" class=\"elementor-field elementor-field-textual elementor-size-sm\">\n\t\t\t\t<\/div>\n\n\t\t\t\t\t\t\t\t\t<div class=\"elementor-field-type-checkbox elementor-field-group elementor-column elementor-col-100 elementor-remember-me\">\n\t\t\t\t\t\t<label for=\"elementor-login-remember-me\">\n\t\t\t\t\t\t\t<input type=\"checkbox\" id=\"elementor-login-remember-me\" name=\"rememberme\" value=\"forever\">\n\t\t\t\t\t\t\tRemember Me\t\t\t\t\t\t<\/label>\n\t\t\t\t\t<\/div>\n\t\t\t\t\n\t\t\t\t<div class=\"elementor-field-group elementor-column elementor-field-type-submit elementor-col-100\">\n\t\t\t\t\t<button type=\"submit\" class=\"elementor-size-sm elementor-button\" name=\"wp-submit\">\n\t\t\t\t\t\t\t\t\t\t\t\t\t\t\t<span class=\"elementor-button-text\">Connection<\/span>\n\t\t\t\t\t\t\t\t\t\t\t\t<\/button>\n\t\t\t\t<\/div>\n\n\t\t\t\t\t\t\t<\/div>\n\t\t<\/form>\n\t\t\t\t\t\t<\/div>\n\t\t\t\t<\/div>\n\t\t\t\t<div class=\"elementor-element elementor-element-e8ed8c9 elementor-widget elementor-widget-text-editor\" data-id=\"e8ed8c9\" data-element_type=\"widget\" data-e-type=\"widget\" data-widget_type=\"text-editor.default\">\n\t\t\t\t<div class=\"elementor-widget-container\">\n\t\t\t\t\t\t\t\t\t<p><strong>Forgot your username or password?<\/strong><\/p>\n<p>Please contact your usual contact to obtain access to your customer area.<\/p>\n\t\t\t\t\t\t\t\t<\/div>\n\t\t\t\t<\/div>\n\t\t\t\t\t<\/div>\n\t\t\t\t<\/div>\n\t\t\t\t<\/div>\n\t\t","protected":false},"excerpt":{"rendered":"<p>Welcome to your dedicated area<\/p>\n","protected":false},"author":1,"featured_media":4988,"parent":0,"menu_order":0,"comment_status":"closed","ping_status":"closed","template":"","meta":{"_acf_changed":false,"footnotes":""},"class_list":["post-5353","page","type-page","status-publish","has-post-thumbnail","hentry"],"acf":[],"yoast_head":"<!-- This site is optimized with the Yoast SEO plugin v27.2 - https:\/\/yoast.com\/product\/yoast-seo-wordpress\/ -->\n<title>Customer Area - TITAN France<\/title>\n<meta name=\"robots\" content=\"index, follow, max-snippet:-1, max-image-preview:large, max-video-preview:-1\" \/>\n<link rel=\"canonical\" href=\"https:\/\/titanfrance.com\/en\/customer-area\/\" \/>\n<meta property=\"og:locale\" content=\"en_US\" \/>\n<meta property=\"og:type\" content=\"article\" \/>\n<meta property=\"og:title\" content=\"Customer Area - TITAN France\" \/>\n<meta property=\"og:description\" content=\"Welcome to your dedicated area\" \/>\n<meta property=\"og:url\" content=\"https:\/\/titanfrance.com\/en\/customer-area\/\" \/>\n<meta property=\"og:site_name\" content=\"TITAN France\" \/>\n<meta property=\"article:publisher\" content=\"https:\/\/www.facebook.com\/people\/Titan-France\/100054344090112\/\" \/>\n<meta property=\"article:modified_time\" content=\"2025-01-30T11:02:29+00:00\" \/>\n<meta property=\"og:image\" content=\"https:\/\/titanfrance.com\/wp-content\/uploads\/2024\/12\/cataphorese-bandeau.jpg\" \/>\n\t<meta property=\"og:image:width\" content=\"2000\" \/>\n\t<meta property=\"og:image:height\" content=\"685\" \/>\n\t<meta property=\"og:image:type\" content=\"image\/jpeg\" \/>\n<meta name=\"twitter:card\" content=\"summary_large_image\" \/>\n<meta name=\"twitter:site\" content=\"@titanfrance1\" \/>\n<meta name=\"twitter:label1\" content=\"Est. reading time\" \/>\n\t<meta name=\"twitter:data1\" content=\"1 minute\" \/>\n<script type=\"application\/ld+json\" class=\"yoast-schema-graph\">{\"@context\":\"https:\/\/schema.org\",\"@graph\":[{\"@type\":\"WebPage\",\"@id\":\"https:\/\/titanfrance.com\/en\/customer-area\/\",\"url\":\"https:\/\/titanfrance.com\/en\/customer-area\/\",\"name\":\"Customer Area - TITAN France\",\"isPartOf\":{\"@id\":\"https:\/\/titanfrance.com\/en\/#website\"},\"primaryImageOfPage\":{\"@id\":\"https:\/\/titanfrance.com\/en\/customer-area\/#primaryimage\"},\"image\":{\"@id\":\"https:\/\/titanfrance.com\/en\/customer-area\/#primaryimage\"},\"thumbnailUrl\":\"https:\/\/titanfrance.com\/wp-content\/uploads\/2024\/12\/cataphorese-bandeau.jpg\",\"datePublished\":\"2024-11-20T10:19:27+00:00\",\"dateModified\":\"2025-01-30T11:02:29+00:00\",\"breadcrumb\":{\"@id\":\"https:\/\/titanfrance.com\/en\/customer-area\/#breadcrumb\"},\"inLanguage\":\"en-US\",\"potentialAction\":[{\"@type\":\"ReadAction\",\"target\":[\"https:\/\/titanfrance.com\/en\/customer-area\/\"]}]},{\"@type\":\"ImageObject\",\"inLanguage\":\"en-US\",\"@id\":\"https:\/\/titanfrance.com\/en\/customer-area\/#primaryimage\",\"url\":\"https:\/\/titanfrance.com\/wp-content\/uploads\/2024\/12\/cataphorese-bandeau.jpg\",\"contentUrl\":\"https:\/\/titanfrance.com\/wp-content\/uploads\/2024\/12\/cataphorese-bandeau.jpg\",\"width\":2000,\"height\":685,\"caption\":\"Pi\u00e8ce m\u00e9tallique trait\u00e9e par cataphor\u00e8se sur cha\u00eene, assurant durabilit\u00e9 et protection contre la corrosion.\"},{\"@type\":\"BreadcrumbList\",\"@id\":\"https:\/\/titanfrance.com\/en\/customer-area\/#breadcrumb\",\"itemListElement\":[{\"@type\":\"ListItem\",\"position\":1,\"name\":\"Accueil\",\"item\":\"https:\/\/titanfrance.com\/en\/\"},{\"@type\":\"ListItem\",\"position\":2,\"name\":\"Customer Area\"}]},{\"@type\":\"WebSite\",\"@id\":\"https:\/\/titanfrance.com\/en\/#website\",\"url\":\"https:\/\/titanfrance.com\/en\/\",\"name\":\"TITAN France\",\"description\":\"TITAN and Goodyear Farm Tires brands\",\"publisher\":{\"@id\":\"https:\/\/titanfrance.com\/en\/#organization\"},\"alternateName\":\"Fabricants de roues, de pneus et de composants de ch\u00e2ssis pour v\u00e9hicules tout-terrain.\",\"potentialAction\":[{\"@type\":\"SearchAction\",\"target\":{\"@type\":\"EntryPoint\",\"urlTemplate\":\"https:\/\/titanfrance.com\/en\/?s={search_term_string}\"},\"query-input\":{\"@type\":\"PropertyValueSpecification\",\"valueRequired\":true,\"valueName\":\"search_term_string\"}}],\"inLanguage\":\"en-US\"},{\"@type\":\"Organization\",\"@id\":\"https:\/\/titanfrance.com\/en\/#organization\",\"name\":\"TITAN France - FLERS\",\"url\":\"https:\/\/titanfrance.com\/en\/\",\"logo\":{\"@type\":\"ImageObject\",\"inLanguage\":\"en-US\",\"@id\":\"https:\/\/titanfrance.com\/en\/#\/schema\/logo\/image\/\",\"url\":\"https:\/\/titanfrance.com\/wp-content\/uploads\/2024\/07\/logo-Titan-goodyear.png\",\"contentUrl\":\"https:\/\/titanfrance.com\/wp-content\/uploads\/2024\/07\/logo-Titan-goodyear.png\",\"width\":696,\"height\":696,\"caption\":\"TITAN France - FLERS\"},\"image\":{\"@id\":\"https:\/\/titanfrance.com\/en\/#\/schema\/logo\/image\/\"},\"sameAs\":[\"https:\/\/www.facebook.com\/people\/Titan-France\/100054344090112\/\",\"https:\/\/x.com\/titanfrance1\",\"https:\/\/www.youtube.com\/channel\/UCbpLZ8EDC_1mEAwmMMyFYkg\",\"https:\/\/www.instagram.com\/titan_france\/?utm_source=ig_profile_share&igshid=q0ytsbjj91ve&fbclid=IwAR0srThhgUmUYTjvY_vGoqDg51xGkvvJhrBkEmLz2y_ntiOgjCeaBaOzqVA\",\"https:\/\/www.linkedin.com\/uas\/login?session_redirect=https:\/\/www.linkedin.com\/company\/titan-france-sas\/about\/\"]}]}<\/script>\n<!-- \/ Yoast SEO plugin. -->","yoast_head_json":{"title":"Customer Area - TITAN France","robots":{"index":"index","follow":"follow","max-snippet":"max-snippet:-1","max-image-preview":"max-image-preview:large","max-video-preview":"max-video-preview:-1"},"canonical":"https:\/\/titanfrance.com\/en\/customer-area\/","og_locale":"en_US","og_type":"article","og_title":"Customer Area - TITAN France","og_description":"Welcome to your dedicated area","og_url":"https:\/\/titanfrance.com\/en\/customer-area\/","og_site_name":"TITAN France","article_publisher":"https:\/\/www.facebook.com\/people\/Titan-France\/100054344090112\/","article_modified_time":"2025-01-30T11:02:29+00:00","og_image":[{"width":2000,"height":685,"url":"https:\/\/titanfrance.com\/wp-content\/uploads\/2024\/12\/cataphorese-bandeau.jpg","type":"image\/jpeg"}],"twitter_card":"summary_large_image","twitter_site":"@titanfrance1","twitter_misc":{"Est. reading time":"1 minute"},"schema":{"@context":"https:\/\/schema.org","@graph":[{"@type":"WebPage","@id":"https:\/\/titanfrance.com\/en\/customer-area\/","url":"https:\/\/titanfrance.com\/en\/customer-area\/","name":"Customer Area - TITAN France","isPartOf":{"@id":"https:\/\/titanfrance.com\/en\/#website"},"primaryImageOfPage":{"@id":"https:\/\/titanfrance.com\/en\/customer-area\/#primaryimage"},"image":{"@id":"https:\/\/titanfrance.com\/en\/customer-area\/#primaryimage"},"thumbnailUrl":"https:\/\/titanfrance.com\/wp-content\/uploads\/2024\/12\/cataphorese-bandeau.jpg","datePublished":"2024-11-20T10:19:27+00:00","dateModified":"2025-01-30T11:02:29+00:00","breadcrumb":{"@id":"https:\/\/titanfrance.com\/en\/customer-area\/#breadcrumb"},"inLanguage":"en-US","potentialAction":[{"@type":"ReadAction","target":["https:\/\/titanfrance.com\/en\/customer-area\/"]}]},{"@type":"ImageObject","inLanguage":"en-US","@id":"https:\/\/titanfrance.com\/en\/customer-area\/#primaryimage","url":"https:\/\/titanfrance.com\/wp-content\/uploads\/2024\/12\/cataphorese-bandeau.jpg","contentUrl":"https:\/\/titanfrance.com\/wp-content\/uploads\/2024\/12\/cataphorese-bandeau.jpg","width":2000,"height":685,"caption":"Pi\u00e8ce m\u00e9tallique trait\u00e9e par cataphor\u00e8se sur cha\u00eene, assurant durabilit\u00e9 et protection contre la corrosion."},{"@type":"BreadcrumbList","@id":"https:\/\/titanfrance.com\/en\/customer-area\/#breadcrumb","itemListElement":[{"@type":"ListItem","position":1,"name":"Accueil","item":"https:\/\/titanfrance.com\/en\/"},{"@type":"ListItem","position":2,"name":"Customer Area"}]},{"@type":"WebSite","@id":"https:\/\/titanfrance.com\/en\/#website","url":"https:\/\/titanfrance.com\/en\/","name":"TITAN France","description":"TITAN and Goodyear Farm Tires brands","publisher":{"@id":"https:\/\/titanfrance.com\/en\/#organization"},"alternateName":"Fabricants de roues, de pneus et de composants de ch\u00e2ssis pour v\u00e9hicules tout-terrain.","potentialAction":[{"@type":"SearchAction","target":{"@type":"EntryPoint","urlTemplate":"https:\/\/titanfrance.com\/en\/?s={search_term_string}"},"query-input":{"@type":"PropertyValueSpecification","valueRequired":true,"valueName":"search_term_string"}}],"inLanguage":"en-US"},{"@type":"Organization","@id":"https:\/\/titanfrance.com\/en\/#organization","name":"TITAN France - FLERS","url":"https:\/\/titanfrance.com\/en\/","logo":{"@type":"ImageObject","inLanguage":"en-US","@id":"https:\/\/titanfrance.com\/en\/#\/schema\/logo\/image\/","url":"https:\/\/titanfrance.com\/wp-content\/uploads\/2024\/07\/logo-Titan-goodyear.png","contentUrl":"https:\/\/titanfrance.com\/wp-content\/uploads\/2024\/07\/logo-Titan-goodyear.png","width":696,"height":696,"caption":"TITAN France - FLERS"},"image":{"@id":"https:\/\/titanfrance.com\/en\/#\/schema\/logo\/image\/"},"sameAs":["https:\/\/www.facebook.com\/people\/Titan-France\/100054344090112\/","https:\/\/x.com\/titanfrance1","https:\/\/www.youtube.com\/channel\/UCbpLZ8EDC_1mEAwmMMyFYkg","https:\/\/www.instagram.com\/titan_france\/?utm_source=ig_profile_share&igshid=q0ytsbjj91ve&fbclid=IwAR0srThhgUmUYTjvY_vGoqDg51xGkvvJhrBkEmLz2y_ntiOgjCeaBaOzqVA","https:\/\/www.linkedin.com\/uas\/login?session_redirect=https:\/\/www.linkedin.com\/company\/titan-france-sas\/about\/"]}]}},"_links":{"self":[{"href":"https:\/\/titanfrance.com\/en\/wp-json\/wp\/v2\/pages\/5353","targetHints":{"allow":["GET"]}}],"collection":[{"href":"https:\/\/titanfrance.com\/en\/wp-json\/wp\/v2\/pages"}],"about":[{"href":"https:\/\/titanfrance.com\/en\/wp-json\/wp\/v2\/types\/page"}],"author":[{"embeddable":true,"href":"https:\/\/titanfrance.com\/en\/wp-json\/wp\/v2\/users\/1"}],"replies":[{"embeddable":true,"href":"https:\/\/titanfrance.com\/en\/wp-json\/wp\/v2\/comments?post=5353"}],"version-history":[{"count":3,"href":"https:\/\/titanfrance.com\/en\/wp-json\/wp\/v2\/pages\/5353\/revisions"}],"predecessor-version":[{"id":18886,"href":"https:\/\/titanfrance.com\/en\/wp-json\/wp\/v2\/pages\/5353\/revisions\/18886"}],"wp:featuredmedia":[{"embeddable":true,"href":"https:\/\/titanfrance.com\/en\/wp-json\/wp\/v2\/media\/4988"}],"wp:attachment":[{"href":"https:\/\/titanfrance.com\/en\/wp-json\/wp\/v2\/media?parent=5353"}],"curies":[{"name":"wp","href":"https:\/\/api.w.org\/{rel}","templated":true}]}}