{"id":5329,"date":"2024-12-19T09:36:20","date_gmt":"2024-12-19T08:36:20","guid":{"rendered":"https:\/\/titan-france.fr\/components\/fixed-track-stamped\/simple\/"},"modified":"2025-02-13T09:32:06","modified_gmt":"2025-02-13T08:32:06","slug":"simple","status":"publish","type":"page","link":"https:\/\/titanfrance.com\/en\/composants\/fixed-track-stamped\/simple\/","title":{"rendered":"Simple"},"content":{"rendered":"\t\t<div data-elementor-type=\"wp-page\" data-elementor-id=\"5329\" class=\"elementor elementor-5329 elementor-4245\" data-elementor-post-type=\"page\">\n\t\t\t\t<div class=\"elementor-element elementor-element-2c22249 e-grid e-con-boxed e-con e-parent\" data-id=\"2c22249\" data-element_type=\"container\" data-e-type=\"container\">\n\t\t\t\t\t<div class=\"e-con-inner\">\n\t\t\t\t<div class=\"elementor-element elementor-element-2a1ba3c elementor-widget elementor-widget-text-editor\" data-id=\"2a1ba3c\" data-element_type=\"widget\" data-e-type=\"widget\" data-widget_type=\"text-editor.default\">\n\t\t\t\t<div class=\"elementor-widget-container\">\n\t\t\t\t\t\t\t\t\t<p>Titan France\u2019s<strong> Fixed Track Stamping<\/strong> technology provides a <strong>robust and reliable<\/strong> solution for agricultural and industrial applications. This stamped disc is designed for <strong>maximum stability <\/strong>: it is specifically adapted to configurations requiring a fixed width, ensuring optimal performance and enhanced<strong> durability<\/strong>, even under the most demanding conditions.<\/p>\t\t\t\t\t\t\t\t<\/div>\n\t\t\t\t<\/div>\n\t\t\t\t<div class=\"elementor-element elementor-element-12d2e8e elementor-widget elementor-widget-shortcode\" data-id=\"12d2e8e\" data-element_type=\"widget\" data-e-type=\"widget\" data-widget_type=\"shortcode.default\">\n\t\t\t\t<div class=\"elementor-widget-container\">\n\t\t\t\t\t\t\t<div class=\"elementor-shortcode\">\n        <div class=\"modelViewerBlock\" data-attributes='{&quot;align&quot;:&quot;center&quot;,&quot;uniqueId&quot;:&quot;model4593&quot;,&quot;currentViewer&quot;:&quot;O3DViewer&quot;,&quot;multiple&quot;:false,&quot;O3DVSettings&quot;:{&quot;isFullscreen&quot;:true,&quot;isPagination&quot;:false,&quot;isNavigation&quot;:false,&quot;camera&quot;:null,&quot;mouseControl&quot;:true},&quot;environmentImage&quot;:null,&quot;lazyLoad&quot;:false,&quot;loading&quot;:&quot;auto&quot;,&quot;autoplay&quot;:false,&quot;shadow&quot;:&quot;1&quot;,&quot;autoRotate&quot;:false,&quot;zoomLevel&quot;:null,&quot;zoom&quot;:true,&quot;isPagination&quot;:false,&quot;isNavigation&quot;:false,&quot;hotspotStyle&quot;:&quot;style-1&quot;,&quot;preload&quot;:&quot;auto&quot;,&quot;rotationPerSecond&quot;:&quot;30&quot;,&quot;mouseControl&quot;:true,&quot;lockXAxisRotation&quot;:false,&quot;lockYAxisRotation&quot;:false,&quot;fullscreen&quot;:true,&quot;zoomInOutBtn&quot;:false,&quot;cameraBtn&quot;:false,&quot;variant&quot;:false,&quot;loadingPercentage&quot;:false,&quot;progressBar&quot;:true,&quot;rotate&quot;:false,&quot;rotateDelay&quot;:3000,&quot;rotateAlongX&quot;:&quot;0&quot;,&quot;rotateAlongY&quot;:&quot;75&quot;,&quot;exposure&quot;:&quot;1&quot;,&quot;stylesheet&quot;:null,&quot;additional&quot;:{&quot;ID&quot;:&quot;&quot;,&quot;Class&quot;:&quot;&quot;,&quot;CSS&quot;:null},&quot;animation&quot;:false,&quot;woo&quot;:false,&quot;selectedAnimation&quot;:&quot;&quot;,&quot;placement&quot;:&quot;shortcode&quot;,&quot;styles&quot;:{&quot;width&quot;:&quot;100%&quot;,&quot;height&quot;:&quot;200px&quot;,&quot;bgColor&quot;:&quot;transparent&quot;,&quot;progressBarColor&quot;:null},&quot;model&quot;:{&quot;modelUrl&quot;:&quot;https:\\\/\\\/titanfrance.com\\\/wp-content\\\/uploads\\\/2025\\\/01\\\/embouti_variable_profil3.3mf&quot;,&quot;poster&quot;:&quot;&quot;},&quot;models&quot;:[]}'>\n            <div class=\"bp3d_backup_view\" style=\"display: none;height:350px;\">\n                    <model-viewer camera-controls src=\"https:\/\/titanfrance.com\/wp-content\/uploads\/2025\/01\/embouti_variable_profil3.3mf\" style=\"height: 350px;\"><\/model-viewer>\n            <\/div>\n            <script>\n                setTimeout(() => {\n                    let backupModels = document.querySelectorAll('.bp3d_backup_view');\n                    if(backupModels.length > 0){\n                        backupModels.forEach(element => {\n                            if(element){\n                                element.style.display = 'block';\n                                setTimeout(() => {\n                                    let adminMessages = document.querySelectorAll('.bp3d_admin_message');\n                                    if(adminMessages.length > 0){\n                                        adminMessages.forEach(adminMessage => {\n                                            if(adminMessage){\n                                                adminMessage.style.display = 'block';\n                                            }\n                                        });\n                                    }\n                                }, 5000);\n                            }\n                        });\n                    }\n                }, 5000);\n            <\/script>\n        <\/div>\n\n<\/div>\n\t\t\t\t\t\t<\/div>\n\t\t\t\t<\/div>\n\t\t\t\t\t<\/div>\n\t\t\t\t<\/div>\n\t\t<div class=\"elementor-element elementor-element-349a821 e-con-full e-flex e-con e-parent\" data-id=\"349a821\" data-element_type=\"container\" data-e-type=\"container\">\n\t\t\t\t<div class=\"elementor-element elementor-element-1f9b698 elementor-widget elementor-widget-text-editor\" data-id=\"1f9b698\" data-element_type=\"widget\" data-e-type=\"widget\" data-widget_type=\"text-editor.default\">\n\t\t\t\t<div class=\"elementor-widget-container\">\n\t\t\t\t\t<style>\n\ttable td, table th {\n\t\tpadding: 5px!important;\n\t\tfont-size:11px;\n\t}\n\ttable tfoot th, table thead th {\n\t\tfont-size: 11px;\n\t}\n\t<\/style>\n\t<link rel=\"stylesheet\" href=\"https:\/\/cdnjs.cloudflare.com\/ajax\/libs\/font-awesome\/4.7.0\/css\/font-awesome.min.css\"><div><h1 style='font-size:18px;font-weight:600;width:100%;text-align:center;'>Our product references for Simple<\/h1><\/div>\n\t\t<form class=\"elementor-form\" method=\"get\" name=\"form_rech\">\t\n\t\t\t<div class=\"elementor-form-fields-wrapper elementor-labels-\" style=\"width:40%;\">\n\t\t\t\t\t\t\t\t<div class=\"elementor-field-type-email elementor-field-group elementor-column elementor-field-group-email elementor-col-70 elementor-field-required\">\n\t\t\t\t\t\t\t\t<input size=\"1\" type=\"text\" name=\"rech\" id=\"rech\" class=\"elementor-field elementor-size-xs  elementor-field-textual\" placeholder=\"Search in code or designation\" value=\"\" style=\"margin:5px;\">\n\t\t\t\t\t\t\t\t\t\t\t<\/div>\n\t\t\t\t\t\t\t\t<div class=\"elementor-field-group elementor-column elementor-field-type-submit elementor-col-20 e-form__buttons\">\n\t\t\t\t\t<button class=\"elementor-size-xs btn\" type=\"submit\" style=\"margin:5px;padding-top:2px;padding-bottom:2px;\">\n\t\t\t\t\t\t<span class=\"elementor-button-content-wrapper\">\n\t\t\t\t\t\t<span class=\"elementor-button-text\">Search<\/span>\n\t\t\t\t\t\t<\/span>\n\t\t\t\t\t<\/button>\n\t\t\t\t<\/div>\n\t\t\t<\/div>\n\t\t<\/form><div style='width:100%;text-align:left;margin:5px;'>\n\t\t<table  id='example' class='table table-striped' style='width:40%'><thead><tr><th>Code<\/th><th>Designation<\/th><th>Profile<\/th><th>Dimension<\/th><\/tr><\/thead><tr><td nowrap>32037000<\/td><td nowrap>Embf 20 400 39<\/td><td nowrap>Embouti Fixe Simple<\/td><td nowrap>20<\/td><\/tr><tr><td nowrap>32037002<\/td><td nowrap>Embf 20 401.3 39<\/td><td nowrap>Embouti Fixe Simple<\/td><td nowrap>20<\/td><\/tr><tr><td nowrap>32440000<\/td><td nowrap>Embf 24 454 60<\/td><td nowrap>Embouti Fixe Simple<\/td><td nowrap>24<\/td><\/tr><tr><td nowrap>32491000<\/td><td nowrap>Embf 24 454 60<\/td><td nowrap>Embouti Fixe Simple<\/td><td nowrap>24<\/td><\/tr><tr><td nowrap>32492002<\/td><td nowrap>Embf 24 454 62<\/td><td nowrap>Embouti Fixe Simple<\/td><td nowrap>24<\/td><\/tr><tr><td nowrap>32608000<\/td><td nowrap>Embf 26 505 60<\/td><td nowrap>Embouti Fixe Simple<\/td><td nowrap>26<\/td><\/tr><tr><td nowrap>328102000<\/td><td nowrap>Embf 28 600 40<\/td><td nowrap>Embouti Fixe Simple<\/td><td nowrap>28<\/td><\/tr><tr><td nowrap>32839002<\/td><td nowrap>Embf 28 540 64<\/td><td nowrap>Embouti Fixe Simple<\/td><td nowrap>28<\/td><\/tr><tr><td nowrap>32843000<\/td><td nowrap>Embf 28 540 65<\/td><td nowrap>Embouti Fixe Simple<\/td><td nowrap>28<\/td><\/tr><tr><td nowrap>32879000<\/td><td nowrap>Embf 28 540 75<\/td><td nowrap>Embouti Fixe Simple<\/td><td nowrap>28<\/td><\/tr><tr><td nowrap>32895000<\/td><td nowrap>Embf 28 600 46<\/td><td nowrap>Embouti Fixe Simple<\/td><td nowrap>28<\/td><\/tr><tr><td nowrap>33230000<\/td><td nowrap>Embf 32 550 75<\/td><td nowrap>Embouti Fixe Simple<\/td><td nowrap>32<\/td><\/tr><tr><td nowrap>33238000<\/td><td nowrap>Embf 32 550 72<\/td><td nowrap>Embouti Fixe Simple<\/td><td nowrap>32<\/td><\/tr><tr><td nowrap>33252000<\/td><td nowrap>Embf 32 550 72<\/td><td nowrap>Embouti Fixe Simple<\/td><td nowrap>32<\/td><\/tr><tr><td nowrap>33266000<\/td><td nowrap>Embf 32 570 75<\/td><td nowrap>Embouti Fixe Simple<\/td><td nowrap>32<\/td><\/tr><tr><td nowrap>33670000<\/td><td nowrap>Embf 36 687.5 53<\/td><td nowrap>Embouti Fixe Simple<\/td><td nowrap>36<\/td><\/tr><tr><td nowrap>33676000<\/td><td nowrap>Embf 36 687.5 55<\/td><td nowrap>Embouti Fixe Simple<\/td><td nowrap>36<\/td><\/tr><\/table>\t\t\t\t\n\t\t\t\t\t\t\t\t<\/div>\n\t\t\t\t<\/div>\n\t\t\t\t<\/div>\n\t\t\t\t<\/div>\n\t\t","protected":false},"excerpt":{"rendered":"<p>Robust and easy to install<\/p>\n","protected":false},"author":1,"featured_media":5117,"parent":5319,"menu_order":0,"comment_status":"closed","ping_status":"closed","template":"","meta":{"_acf_changed":false,"footnotes":""},"class_list":["post-5329","page","type-page","status-publish","has-post-thumbnail","hentry"],"acf":[],"yoast_head":"<!-- This site is optimized with the Yoast SEO plugin v27.4 - https:\/\/yoast.com\/product\/yoast-seo-wordpress\/ -->\n<title>Simple - TITAN France<\/title>\n<meta name=\"robots\" content=\"index, follow, max-snippet:-1, max-image-preview:large, max-video-preview:-1\" \/>\n<link rel=\"canonical\" href=\"https:\/\/titanfrance.com\/en\/composants\/fixed-track-stamped\/simple\/\" \/>\n<meta property=\"og:locale\" content=\"en_US\" \/>\n<meta property=\"og:type\" content=\"article\" \/>\n<meta property=\"og:title\" content=\"Simple - TITAN France\" \/>\n<meta property=\"og:description\" content=\"Robust and easy to install\" \/>\n<meta property=\"og:url\" content=\"https:\/\/titanfrance.com\/en\/composants\/fixed-track-stamped\/simple\/\" \/>\n<meta property=\"og:site_name\" content=\"TITAN France\" \/>\n<meta property=\"article:publisher\" content=\"https:\/\/www.facebook.com\/people\/Titan-France\/100054344090112\/\" \/>\n<meta property=\"article:modified_time\" content=\"2025-02-13T08:32:06+00:00\" \/>\n<meta property=\"og:image\" content=\"https:\/\/titanfrance.com\/wp-content\/uploads\/2025\/01\/Embouti_profil1_coupe3D-1-e1738143087536.png\" \/>\n\t<meta property=\"og:image:width\" content=\"2243\" \/>\n\t<meta property=\"og:image:height\" content=\"635\" \/>\n\t<meta property=\"og:image:type\" content=\"image\/png\" \/>\n<meta name=\"twitter:card\" content=\"summary_large_image\" \/>\n<meta name=\"twitter:site\" content=\"@titanfrance1\" \/>\n<meta name=\"twitter:label1\" content=\"Est. reading time\" \/>\n\t<meta name=\"twitter:data1\" content=\"1 minute\" \/>\n<script type=\"application\/ld+json\" class=\"yoast-schema-graph\">{\"@context\":\"https:\\\/\\\/schema.org\",\"@graph\":[{\"@type\":\"WebPage\",\"@id\":\"https:\\\/\\\/titanfrance.com\\\/en\\\/composants\\\/fixed-track-stamped\\\/simple\\\/\",\"url\":\"https:\\\/\\\/titanfrance.com\\\/en\\\/composants\\\/fixed-track-stamped\\\/simple\\\/\",\"name\":\"Simple - TITAN France\",\"isPartOf\":{\"@id\":\"https:\\\/\\\/titanfrance.com\\\/en\\\/#website\"},\"primaryImageOfPage\":{\"@id\":\"https:\\\/\\\/titanfrance.com\\\/en\\\/composants\\\/fixed-track-stamped\\\/simple\\\/#primaryimage\"},\"image\":{\"@id\":\"https:\\\/\\\/titanfrance.com\\\/en\\\/composants\\\/fixed-track-stamped\\\/simple\\\/#primaryimage\"},\"thumbnailUrl\":\"https:\\\/\\\/titanfrance.com\\\/wp-content\\\/uploads\\\/2025\\\/01\\\/Embouti_profil1_coupe3D-1-e1738143087536.png\",\"datePublished\":\"2024-12-19T08:36:20+00:00\",\"dateModified\":\"2025-02-13T08:32:06+00:00\",\"breadcrumb\":{\"@id\":\"https:\\\/\\\/titanfrance.com\\\/en\\\/composants\\\/fixed-track-stamped\\\/simple\\\/#breadcrumb\"},\"inLanguage\":\"en-US\",\"potentialAction\":[{\"@type\":\"ReadAction\",\"target\":[\"https:\\\/\\\/titanfrance.com\\\/en\\\/composants\\\/fixed-track-stamped\\\/simple\\\/\"]}]},{\"@type\":\"ImageObject\",\"inLanguage\":\"en-US\",\"@id\":\"https:\\\/\\\/titanfrance.com\\\/en\\\/composants\\\/fixed-track-stamped\\\/simple\\\/#primaryimage\",\"url\":\"https:\\\/\\\/titanfrance.com\\\/wp-content\\\/uploads\\\/2025\\\/01\\\/Embouti_profil1_coupe3D-1-e1738143087536.png\",\"contentUrl\":\"https:\\\/\\\/titanfrance.com\\\/wp-content\\\/uploads\\\/2025\\\/01\\\/Embouti_profil1_coupe3D-1-e1738143087536.png\",\"width\":2243,\"height\":635,\"caption\":\"Embouti simple Titan France offrant stabilit\u00e9 et durabilit\u00e9 pour les configurations \u00e0 largeur fixe.\"},{\"@type\":\"BreadcrumbList\",\"@id\":\"https:\\\/\\\/titanfrance.com\\\/en\\\/composants\\\/fixed-track-stamped\\\/simple\\\/#breadcrumb\",\"itemListElement\":[{\"@type\":\"ListItem\",\"position\":1,\"name\":\"Accueil\",\"item\":\"https:\\\/\\\/titanfrance.com\\\/en\\\/\"},{\"@type\":\"ListItem\",\"position\":2,\"name\":\"Components\",\"item\":\"https:\\\/\\\/titanfrance.com\\\/en\\\/composants\\\/\"},{\"@type\":\"ListItem\",\"position\":3,\"name\":\"Fixed-track stamped\",\"item\":\"https:\\\/\\\/titanfrance.com\\\/en\\\/composants\\\/embouti-voie-fixe\\\/\"},{\"@type\":\"ListItem\",\"position\":4,\"name\":\"Simple\"}]},{\"@type\":\"WebSite\",\"@id\":\"https:\\\/\\\/titanfrance.com\\\/en\\\/#website\",\"url\":\"https:\\\/\\\/titanfrance.com\\\/en\\\/\",\"name\":\"TITAN France\",\"description\":\"TITAN and Goodyear Farm Tires brands\",\"publisher\":{\"@id\":\"https:\\\/\\\/titanfrance.com\\\/en\\\/#organization\"},\"alternateName\":\"Fabricants de roues, de pneus et de composants de ch\u00e2ssis pour v\u00e9hicules tout-terrain.\",\"potentialAction\":[{\"@type\":\"SearchAction\",\"target\":{\"@type\":\"EntryPoint\",\"urlTemplate\":\"https:\\\/\\\/titanfrance.com\\\/en\\\/?s={search_term_string}\"},\"query-input\":{\"@type\":\"PropertyValueSpecification\",\"valueRequired\":true,\"valueName\":\"search_term_string\"}}],\"inLanguage\":\"en-US\"},{\"@type\":\"Organization\",\"@id\":\"https:\\\/\\\/titanfrance.com\\\/en\\\/#organization\",\"name\":\"TITAN France - FLERS\",\"url\":\"https:\\\/\\\/titanfrance.com\\\/en\\\/\",\"logo\":{\"@type\":\"ImageObject\",\"inLanguage\":\"en-US\",\"@id\":\"https:\\\/\\\/titanfrance.com\\\/en\\\/#\\\/schema\\\/logo\\\/image\\\/\",\"url\":\"https:\\\/\\\/titanfrance.com\\\/wp-content\\\/uploads\\\/2024\\\/07\\\/logo-Titan-goodyear.png\",\"contentUrl\":\"https:\\\/\\\/titanfrance.com\\\/wp-content\\\/uploads\\\/2024\\\/07\\\/logo-Titan-goodyear.png\",\"width\":696,\"height\":696,\"caption\":\"TITAN France - FLERS\"},\"image\":{\"@id\":\"https:\\\/\\\/titanfrance.com\\\/en\\\/#\\\/schema\\\/logo\\\/image\\\/\"},\"sameAs\":[\"https:\\\/\\\/www.facebook.com\\\/people\\\/Titan-France\\\/100054344090112\\\/\",\"https:\\\/\\\/x.com\\\/titanfrance1\",\"https:\\\/\\\/www.youtube.com\\\/channel\\\/UCbpLZ8EDC_1mEAwmMMyFYkg\",\"https:\\\/\\\/www.instagram.com\\\/titan_france\\\/?utm_source=ig_profile_share&igshid=q0ytsbjj91ve&fbclid=IwAR0srThhgUmUYTjvY_vGoqDg51xGkvvJhrBkEmLz2y_ntiOgjCeaBaOzqVA\",\"https:\\\/\\\/www.linkedin.com\\\/uas\\\/login?session_redirect=https:\\\/\\\/www.linkedin.com\\\/company\\\/titan-france-sas\\\/about\\\/\"]}]}<\/script>\n<!-- \/ Yoast SEO plugin. -->","yoast_head_json":{"title":"Simple - TITAN France","robots":{"index":"index","follow":"follow","max-snippet":"max-snippet:-1","max-image-preview":"max-image-preview:large","max-video-preview":"max-video-preview:-1"},"canonical":"https:\/\/titanfrance.com\/en\/composants\/fixed-track-stamped\/simple\/","og_locale":"en_US","og_type":"article","og_title":"Simple - TITAN France","og_description":"Robust and easy to install","og_url":"https:\/\/titanfrance.com\/en\/composants\/fixed-track-stamped\/simple\/","og_site_name":"TITAN France","article_publisher":"https:\/\/www.facebook.com\/people\/Titan-France\/100054344090112\/","article_modified_time":"2025-02-13T08:32:06+00:00","og_image":[{"width":2243,"height":635,"url":"https:\/\/titanfrance.com\/wp-content\/uploads\/2025\/01\/Embouti_profil1_coupe3D-1-e1738143087536.png","type":"image\/png"}],"twitter_card":"summary_large_image","twitter_site":"@titanfrance1","twitter_misc":{"Est. reading time":"1 minute"},"schema":{"@context":"https:\/\/schema.org","@graph":[{"@type":"WebPage","@id":"https:\/\/titanfrance.com\/en\/composants\/fixed-track-stamped\/simple\/","url":"https:\/\/titanfrance.com\/en\/composants\/fixed-track-stamped\/simple\/","name":"Simple - TITAN France","isPartOf":{"@id":"https:\/\/titanfrance.com\/en\/#website"},"primaryImageOfPage":{"@id":"https:\/\/titanfrance.com\/en\/composants\/fixed-track-stamped\/simple\/#primaryimage"},"image":{"@id":"https:\/\/titanfrance.com\/en\/composants\/fixed-track-stamped\/simple\/#primaryimage"},"thumbnailUrl":"https:\/\/titanfrance.com\/wp-content\/uploads\/2025\/01\/Embouti_profil1_coupe3D-1-e1738143087536.png","datePublished":"2024-12-19T08:36:20+00:00","dateModified":"2025-02-13T08:32:06+00:00","breadcrumb":{"@id":"https:\/\/titanfrance.com\/en\/composants\/fixed-track-stamped\/simple\/#breadcrumb"},"inLanguage":"en-US","potentialAction":[{"@type":"ReadAction","target":["https:\/\/titanfrance.com\/en\/composants\/fixed-track-stamped\/simple\/"]}]},{"@type":"ImageObject","inLanguage":"en-US","@id":"https:\/\/titanfrance.com\/en\/composants\/fixed-track-stamped\/simple\/#primaryimage","url":"https:\/\/titanfrance.com\/wp-content\/uploads\/2025\/01\/Embouti_profil1_coupe3D-1-e1738143087536.png","contentUrl":"https:\/\/titanfrance.com\/wp-content\/uploads\/2025\/01\/Embouti_profil1_coupe3D-1-e1738143087536.png","width":2243,"height":635,"caption":"Embouti simple Titan France offrant stabilit\u00e9 et durabilit\u00e9 pour les configurations \u00e0 largeur fixe."},{"@type":"BreadcrumbList","@id":"https:\/\/titanfrance.com\/en\/composants\/fixed-track-stamped\/simple\/#breadcrumb","itemListElement":[{"@type":"ListItem","position":1,"name":"Accueil","item":"https:\/\/titanfrance.com\/en\/"},{"@type":"ListItem","position":2,"name":"Components","item":"https:\/\/titanfrance.com\/en\/composants\/"},{"@type":"ListItem","position":3,"name":"Fixed-track stamped","item":"https:\/\/titanfrance.com\/en\/composants\/embouti-voie-fixe\/"},{"@type":"ListItem","position":4,"name":"Simple"}]},{"@type":"WebSite","@id":"https:\/\/titanfrance.com\/en\/#website","url":"https:\/\/titanfrance.com\/en\/","name":"TITAN France","description":"TITAN and Goodyear Farm Tires brands","publisher":{"@id":"https:\/\/titanfrance.com\/en\/#organization"},"alternateName":"Fabricants de roues, de pneus et de composants de ch\u00e2ssis pour v\u00e9hicules tout-terrain.","potentialAction":[{"@type":"SearchAction","target":{"@type":"EntryPoint","urlTemplate":"https:\/\/titanfrance.com\/en\/?s={search_term_string}"},"query-input":{"@type":"PropertyValueSpecification","valueRequired":true,"valueName":"search_term_string"}}],"inLanguage":"en-US"},{"@type":"Organization","@id":"https:\/\/titanfrance.com\/en\/#organization","name":"TITAN France - FLERS","url":"https:\/\/titanfrance.com\/en\/","logo":{"@type":"ImageObject","inLanguage":"en-US","@id":"https:\/\/titanfrance.com\/en\/#\/schema\/logo\/image\/","url":"https:\/\/titanfrance.com\/wp-content\/uploads\/2024\/07\/logo-Titan-goodyear.png","contentUrl":"https:\/\/titanfrance.com\/wp-content\/uploads\/2024\/07\/logo-Titan-goodyear.png","width":696,"height":696,"caption":"TITAN France - FLERS"},"image":{"@id":"https:\/\/titanfrance.com\/en\/#\/schema\/logo\/image\/"},"sameAs":["https:\/\/www.facebook.com\/people\/Titan-France\/100054344090112\/","https:\/\/x.com\/titanfrance1","https:\/\/www.youtube.com\/channel\/UCbpLZ8EDC_1mEAwmMMyFYkg","https:\/\/www.instagram.com\/titan_france\/?utm_source=ig_profile_share&igshid=q0ytsbjj91ve&fbclid=IwAR0srThhgUmUYTjvY_vGoqDg51xGkvvJhrBkEmLz2y_ntiOgjCeaBaOzqVA","https:\/\/www.linkedin.com\/uas\/login?session_redirect=https:\/\/www.linkedin.com\/company\/titan-france-sas\/about\/"]}]}},"_links":{"self":[{"href":"https:\/\/titanfrance.com\/en\/wp-json\/wp\/v2\/pages\/5329","targetHints":{"allow":["GET"]}}],"collection":[{"href":"https:\/\/titanfrance.com\/en\/wp-json\/wp\/v2\/pages"}],"about":[{"href":"https:\/\/titanfrance.com\/en\/wp-json\/wp\/v2\/types\/page"}],"author":[{"embeddable":true,"href":"https:\/\/titanfrance.com\/en\/wp-json\/wp\/v2\/users\/1"}],"replies":[{"embeddable":true,"href":"https:\/\/titanfrance.com\/en\/wp-json\/wp\/v2\/comments?post=5329"}],"version-history":[{"count":5,"href":"https:\/\/titanfrance.com\/en\/wp-json\/wp\/v2\/pages\/5329\/revisions"}],"predecessor-version":[{"id":19201,"href":"https:\/\/titanfrance.com\/en\/wp-json\/wp\/v2\/pages\/5329\/revisions\/19201"}],"up":[{"embeddable":true,"href":"https:\/\/titanfrance.com\/en\/wp-json\/wp\/v2\/pages\/5319"}],"wp:featuredmedia":[{"embeddable":true,"href":"https:\/\/titanfrance.com\/en\/wp-json\/wp\/v2\/media\/5117"}],"wp:attachment":[{"href":"https:\/\/titanfrance.com\/en\/wp-json\/wp\/v2\/media?parent=5329"}],"curies":[{"name":"wp","href":"https:\/\/api.w.org\/{rel}","templated":true}]}}