{"id":71055,"date":"2024-08-20T18:45:25","date_gmt":"2024-08-20T16:45:25","guid":{"rendered":"https:\/\/titanfrance.com\/raeder\/row-crop\/"},"modified":"2026-03-20T13:54:58","modified_gmt":"2026-03-20T12:54:58","slug":"row-crop","status":"publish","type":"page","link":"https:\/\/titanfrance.com\/de\/raeder\/row-crop\/","title":{"rendered":"Pfleger\u00e4der"},"content":{"rendered":"\t\t<div data-elementor-type=\"wp-page\" data-elementor-id=\"71055\" class=\"elementor elementor-71055 elementor-2773\" data-elementor-post-type=\"page\">\n\t\t\t\t<div class=\"elementor-element elementor-element-f4769e4 e-flex e-con-boxed e-con e-parent\" data-id=\"f4769e4\" data-element_type=\"container\" data-e-type=\"container\">\n\t\t\t\t\t<div class=\"e-con-inner\">\n\t\t\t\t<div class=\"elementor-element elementor-element-6fb877b elementor-widget elementor-widget-text-editor\" data-id=\"6fb877b\" data-element_type=\"widget\" data-e-type=\"widget\" data-widget_type=\"text-editor.default\">\n\t\t\t\t<div class=\"elementor-widget-container\">\n\t\t\t\t\t\t\t\t\t<p style=\"text-align: left;\">Um der Nachfrage auf dem Ersatzmarkt gerecht zu werden, bieten wir eine Reihe von ROW CROP-R\u00e4dern an, die alle Gr\u00f6\u00dfen der schmalen Serie abdecken, indem nur die herausnehmbare Mitte ausgetauscht wird.<\/p><p style=\"text-align: left;\">Diese L\u00f6sung erm\u00f6glicht die Verwendung desselben Rades auf verschiedenen Maschinen mit unterschiedlichen Achs-\/Br\u00fcckendurchmessern.<\/p><p style=\"text-align: left;\">Unser Sortiment ist in Standardfarben oder individuell nach Ihren W\u00fcnschen erh\u00e4ltlich.<\/p><p style=\"text-align: left;\">Die R\u00e4der k\u00f6nnen entweder zusammengebaut oder als einzelne Komponenten geliefert werden.<\/p>\t\t\t\t\t\t\t\t<\/div>\n\t\t\t\t<\/div>\n\t\t\t\t<div class=\"elementor-element elementor-element-ca61b14 elementor-widget elementor-widget-image-gallery\" data-id=\"ca61b14\" data-element_type=\"widget\" data-e-type=\"widget\" data-widget_type=\"image-gallery.default\">\n\t\t\t\t<div class=\"elementor-widget-container\">\n\t\t\t\t\t\t\t<div class=\"elementor-image-gallery\">\n\t\t\t<div id='gallery-1' class='gallery galleryid-71055 gallery-columns-3 gallery-size-large'><figure class='gallery-item'>\n\t\t\t<div class='gallery-icon landscape'>\n\t\t\t\t<a data-elementor-open-lightbox=\"yes\" data-elementor-lightbox-slideshow=\"ca61b14\" data-elementor-lightbox-title=\"SegelVRC_3D\" data-elementor-lightbox-description=\"3D Voile Titan France\" data-e-action-hash=\"#elementor-action%3Aaction%3Dlightbox%26settings%3DeyJpZCI6NzEwNDUsInVybCI6Imh0dHBzOlwvXC90aXRhbmZyYW5jZS5jb21cL3dwLWNvbnRlbnRcL3VwbG9hZHNcLzIwMjVcLzAxXC92b2lsZVZSQ18zRC5wbmciLCJzbGlkZXNob3ciOiJjYTYxYjE0In0%3D\" href='https:\/\/titanfrance.com\/wp-content\/uploads\/2025\/01\/voileVRC_3D.png'><img fetchpriority=\"high\" width=\"800\" height=\"462\" src=\"https:\/\/titanfrance.com\/wp-content\/uploads\/2025\/01\/voileVRC_3D-1024x591.png\" class=\"attachment-large size-large\" alt=\"Voile jante agricole Titan\" aria-describedby=\"gallery-1-71045\" decoding=\"async\" srcset=\"https:\/\/titanfrance.com\/wp-content\/uploads\/2025\/01\/voileVRC_3D-1024x591.png 1024w, https:\/\/titanfrance.com\/wp-content\/uploads\/2025\/01\/voileVRC_3D-300x173.png 300w, https:\/\/titanfrance.com\/wp-content\/uploads\/2025\/01\/voileVRC_3D-768x443.png 768w, https:\/\/titanfrance.com\/wp-content\/uploads\/2025\/01\/voileVRC_3D-1536x887.png 1536w, https:\/\/titanfrance.com\/wp-content\/uploads\/2025\/01\/voileVRC_3D-2048x1182.png 2048w\" sizes=\"(max-width: 800px) 100vw, 800px\" \/><\/a>\n\t\t\t<\/div>\n\t\t\t\t<figcaption class='wp-caption-text gallery-caption' id='gallery-1-71045'>\n\t\t\t\t3D Voile Titan France\n\t\t\t\t<\/figcaption><\/figure><figure class='gallery-item'>\n\t\t\t<div class='gallery-icon landscape'>\n\t\t\t\t<a data-elementor-open-lightbox=\"yes\" data-elementor-lightbox-slideshow=\"ca61b14\" data-elementor-lightbox-title=\"RVRC_eclate3D\" data-elementor-lightbox-description=\"3D d&#039;une roue agricole ROW CROP couvrant l\u2019ensemble des dimensions de la gamme \u00e9troite en changeant uniquement le centre amovible. Cette solution permet l\u2019utilisation de la m\u00eame roue sur diff\u00e9rentes machines ayant des essieux\/ponts de diam\u00e8tres diff\u00e9rents.\" data-e-action-hash=\"#elementor-action%3Aaction%3Dlightbox%26settings%3DeyJpZCI6NzEwNDYsInVybCI6Imh0dHBzOlwvXC90aXRhbmZyYW5jZS5jb21cL3dwLWNvbnRlbnRcL3VwbG9hZHNcLzIwMjVcLzAxXC9SVlJDX2VjbGF0ZTNELnBuZyIsInNsaWRlc2hvdyI6ImNhNjFiMTQifQ%3D%3D\" href='https:\/\/titanfrance.com\/wp-content\/uploads\/2025\/01\/RVRC_eclate3D.png'><img width=\"800\" height=\"460\" src=\"https:\/\/titanfrance.com\/wp-content\/uploads\/2025\/01\/RVRC_eclate3D-1024x589.png\" class=\"attachment-large size-large\" alt=\"Roue agricole Row Crop avec centre amovible\" aria-describedby=\"gallery-1-71046\" decoding=\"async\" srcset=\"https:\/\/titanfrance.com\/wp-content\/uploads\/2025\/01\/RVRC_eclate3D-1024x589.png 1024w, https:\/\/titanfrance.com\/wp-content\/uploads\/2025\/01\/RVRC_eclate3D-300x173.png 300w, https:\/\/titanfrance.com\/wp-content\/uploads\/2025\/01\/RVRC_eclate3D-768x442.png 768w, https:\/\/titanfrance.com\/wp-content\/uploads\/2025\/01\/RVRC_eclate3D-1536x884.png 1536w, https:\/\/titanfrance.com\/wp-content\/uploads\/2025\/01\/RVRC_eclate3D-2048x1178.png 2048w\" sizes=\"(max-width: 800px) 100vw, 800px\" \/><\/a>\n\t\t\t<\/div>\n\t\t\t\t<figcaption class='wp-caption-text gallery-caption' id='gallery-1-71046'>\n\t\t\t\t3D \n\t\t\t\t<\/figcaption><\/figure><figure class='gallery-item'>\n\t\t\t<div class='gallery-icon landscape'>\n\t\t\t\t<a data-elementor-open-lightbox=\"yes\" data-elementor-lightbox-slideshow=\"ca61b14\" data-elementor-lightbox-title=\"RVRC_3D\" data-elementor-lightbox-description=\"Image montrant le 3D d&#039;une roue agricole ROW CROP. Cette gamme \u00e9troite offre une grande flexibilit\u00e9 avec un centre amovible. Cette solution permet l\u2019utilisation de la m\u00eame roue sur diff\u00e9rentes machines ayant des essieux\/ponts de diam\u00e8tres diff\u00e9rents.\" data-e-action-hash=\"#elementor-action%3Aaction%3Dlightbox%26settings%3DeyJpZCI6NzEwNDcsInVybCI6Imh0dHBzOlwvXC90aXRhbmZyYW5jZS5jb21cL3dwLWNvbnRlbnRcL3VwbG9hZHNcLzIwMjVcLzAxXC9SVlJDXzNELnBuZyIsInNsaWRlc2hvdyI6ImNhNjFiMTQifQ%3D%3D\" href='https:\/\/titanfrance.com\/wp-content\/uploads\/2025\/01\/RVRC_3D.png'><img width=\"800\" height=\"460\" src=\"https:\/\/titanfrance.com\/wp-content\/uploads\/2025\/01\/RVRC_3D-1024x589.png\" class=\"attachment-large size-large\" alt=\"Roue \u00e9troite ROW CROP\" aria-describedby=\"gallery-1-71047\" decoding=\"async\" srcset=\"https:\/\/titanfrance.com\/wp-content\/uploads\/2025\/01\/RVRC_3D-1024x589.png 1024w, https:\/\/titanfrance.com\/wp-content\/uploads\/2025\/01\/RVRC_3D-300x173.png 300w, https:\/\/titanfrance.com\/wp-content\/uploads\/2025\/01\/RVRC_3D-768x442.png 768w, https:\/\/titanfrance.com\/wp-content\/uploads\/2025\/01\/RVRC_3D-1536x884.png 1536w, https:\/\/titanfrance.com\/wp-content\/uploads\/2025\/01\/RVRC_3D-2048x1178.png 2048w\" sizes=\"(max-width: 800px) 100vw, 800px\" \/><\/a>\n\t\t\t<\/div>\n\t\t\t\t<figcaption class='wp-caption-text gallery-caption' id='gallery-1-71047'>\n\t\t\t\t3D d&#8217;une roue ROW CROP avec CETA\n\t\t\t\t<\/figcaption><\/figure>\n\t\t<\/div>\n\t\t<\/div>\n\t\t\t\t\t\t<\/div>\n\t\t\t\t<\/div>\n\t\t\t\t\t<\/div>\n\t\t\t\t<\/div>\n\t\t\t\t<\/div>\n\t\t","protected":false},"excerpt":{"rendered":"<p>Diese L\u00f6sung erm\u00f6glicht die Verwendung desselben Rades auf verschiedenen Maschinen.<\/p>\n","protected":false},"author":1,"featured_media":71048,"parent":71029,"menu_order":0,"comment_status":"closed","ping_status":"closed","template":"","meta":{"_acf_changed":false,"footnotes":""},"class_list":["post-71055","page","type-page","status-publish","has-post-thumbnail","hentry"],"acf":[],"yoast_head":"<!-- This site is optimized with the Yoast SEO plugin v27.4 - https:\/\/yoast.com\/product\/yoast-seo-wordpress\/ -->\n<title>Row Crop-R\u00e4der \u2013 Leistung und Pr\u00e4zision in der Landwirtschaft<\/title>\n<meta name=\"description\" content=\"Row Crop-R\u00e4der, entwickelt f\u00fcr Pr\u00e4zision, Robustheit und optimale Leistung bei Traktoren und Landmaschinen.\" \/>\n<meta name=\"robots\" content=\"index, follow, max-snippet:-1, max-image-preview:large, max-video-preview:-1\" \/>\n<link rel=\"canonical\" href=\"https:\/\/titanfrance.com\/de\/raeder\/row-crop\/\" \/>\n<meta property=\"og:locale\" content=\"de_DE\" \/>\n<meta property=\"og:type\" content=\"article\" \/>\n<meta property=\"og:title\" content=\"Row Crop-R\u00e4der \u2013 Leistung und Pr\u00e4zision in der Landwirtschaft\" \/>\n<meta property=\"og:description\" content=\"Row Crop-R\u00e4der, entwickelt f\u00fcr Pr\u00e4zision, Robustheit und optimale Leistung bei Traktoren und Landmaschinen.\" \/>\n<meta property=\"og:url\" content=\"https:\/\/titanfrance.com\/de\/raeder\/row-crop\/\" \/>\n<meta property=\"og:site_name\" content=\"TITAN France\" \/>\n<meta property=\"article:publisher\" content=\"https:\/\/www.facebook.com\/people\/Titan-France\/100054344090112\/\" \/>\n<meta property=\"article:modified_time\" content=\"2026-03-20T12:54:58+00:00\" \/>\n<meta property=\"og:image\" content=\"https:\/\/titanfrance.com\/wp-content\/uploads\/2025\/01\/row-crop-modif-scaled-e1737535324237.jpg\" \/>\n\t<meta property=\"og:image:width\" content=\"2483\" \/>\n\t<meta property=\"og:image:height\" content=\"1033\" \/>\n\t<meta property=\"og:image:type\" content=\"image\/jpeg\" \/>\n<meta name=\"twitter:card\" content=\"summary_large_image\" \/>\n<meta name=\"twitter:site\" content=\"@titanfrance1\" \/>\n<script type=\"application\/ld+json\" class=\"yoast-schema-graph\">{\"@context\":\"https:\\\/\\\/schema.org\",\"@graph\":[{\"@type\":\"WebPage\",\"@id\":\"https:\\\/\\\/titanfrance.com\\\/de\\\/raeder\\\/row-crop\\\/\",\"url\":\"https:\\\/\\\/titanfrance.com\\\/de\\\/raeder\\\/row-crop\\\/\",\"name\":\"Row Crop-R\u00e4der \u2013 Leistung und Pr\u00e4zision in der Landwirtschaft\",\"isPartOf\":{\"@id\":\"https:\\\/\\\/titanfrance.com\\\/de\\\/#website\"},\"primaryImageOfPage\":{\"@id\":\"https:\\\/\\\/titanfrance.com\\\/de\\\/raeder\\\/row-crop\\\/#primaryimage\"},\"image\":{\"@id\":\"https:\\\/\\\/titanfrance.com\\\/de\\\/raeder\\\/row-crop\\\/#primaryimage\"},\"thumbnailUrl\":\"https:\\\/\\\/titanfrance.com\\\/wp-content\\\/uploads\\\/2025\\\/01\\\/row-crop-modif-scaled-e1737535324237.jpg\",\"datePublished\":\"2024-08-20T16:45:25+00:00\",\"dateModified\":\"2026-03-20T12:54:58+00:00\",\"description\":\"Row Crop-R\u00e4der, entwickelt f\u00fcr Pr\u00e4zision, Robustheit und optimale Leistung bei Traktoren und Landmaschinen.\",\"breadcrumb\":{\"@id\":\"https:\\\/\\\/titanfrance.com\\\/de\\\/raeder\\\/row-crop\\\/#breadcrumb\"},\"inLanguage\":\"de\",\"potentialAction\":[{\"@type\":\"ReadAction\",\"target\":[\"https:\\\/\\\/titanfrance.com\\\/de\\\/raeder\\\/row-crop\\\/\"]}]},{\"@type\":\"ImageObject\",\"inLanguage\":\"de\",\"@id\":\"https:\\\/\\\/titanfrance.com\\\/de\\\/raeder\\\/row-crop\\\/#primaryimage\",\"url\":\"https:\\\/\\\/titanfrance.com\\\/wp-content\\\/uploads\\\/2025\\\/01\\\/row-crop-modif-scaled-e1737535324237.jpg\",\"contentUrl\":\"https:\\\/\\\/titanfrance.com\\\/wp-content\\\/uploads\\\/2025\\\/01\\\/row-crop-modif-scaled-e1737535324237.jpg\",\"width\":2483,\"height\":1033,\"caption\":\"Roue Row Crop Titan offrant flexibilit\u00e9 et compatibilit\u00e9 sur plusieurs machines agricoles, disponible en couleurs standard ou personnalis\u00e9es.\"},{\"@type\":\"BreadcrumbList\",\"@id\":\"https:\\\/\\\/titanfrance.com\\\/de\\\/raeder\\\/row-crop\\\/#breadcrumb\",\"itemListElement\":[{\"@type\":\"ListItem\",\"position\":1,\"name\":\"Accueil\",\"item\":\"https:\\\/\\\/titanfrance.com\\\/de\\\/\"},{\"@type\":\"ListItem\",\"position\":2,\"name\":\"Landwirtschaftliche R\u00e4der\",\"item\":\"https:\\\/\\\/titanfrance.com\\\/de\\\/raeder\\\/\"},{\"@type\":\"ListItem\",\"position\":3,\"name\":\"Row Crop-R\u00e4der\"}]},{\"@type\":\"WebSite\",\"@id\":\"https:\\\/\\\/titanfrance.com\\\/de\\\/#website\",\"url\":\"https:\\\/\\\/titanfrance.com\\\/de\\\/\",\"name\":\"TITAN France\",\"description\":\"TITAN and Goodyear Farm Tires brands\",\"publisher\":{\"@id\":\"https:\\\/\\\/titanfrance.com\\\/de\\\/#organization\"},\"alternateName\":\"Fabricants de roues, de pneus et de composants de ch\u00e2ssis pour v\u00e9hicules tout-terrain.\",\"potentialAction\":[{\"@type\":\"SearchAction\",\"target\":{\"@type\":\"EntryPoint\",\"urlTemplate\":\"https:\\\/\\\/titanfrance.com\\\/de\\\/?s={search_term_string}\"},\"query-input\":{\"@type\":\"PropertyValueSpecification\",\"valueRequired\":true,\"valueName\":\"search_term_string\"}}],\"inLanguage\":\"de\"},{\"@type\":\"Organization\",\"@id\":\"https:\\\/\\\/titanfrance.com\\\/de\\\/#organization\",\"name\":\"TITAN France - FLERS\",\"url\":\"https:\\\/\\\/titanfrance.com\\\/de\\\/\",\"logo\":{\"@type\":\"ImageObject\",\"inLanguage\":\"de\",\"@id\":\"https:\\\/\\\/titanfrance.com\\\/de\\\/#\\\/schema\\\/logo\\\/image\\\/\",\"url\":\"https:\\\/\\\/titanfrance.com\\\/wp-content\\\/uploads\\\/2024\\\/07\\\/logo-Titan-goodyear.png\",\"contentUrl\":\"https:\\\/\\\/titanfrance.com\\\/wp-content\\\/uploads\\\/2024\\\/07\\\/logo-Titan-goodyear.png\",\"width\":696,\"height\":696,\"caption\":\"TITAN France - FLERS\"},\"image\":{\"@id\":\"https:\\\/\\\/titanfrance.com\\\/de\\\/#\\\/schema\\\/logo\\\/image\\\/\"},\"sameAs\":[\"https:\\\/\\\/www.facebook.com\\\/people\\\/Titan-France\\\/100054344090112\\\/\",\"https:\\\/\\\/x.com\\\/titanfrance1\",\"https:\\\/\\\/www.youtube.com\\\/channel\\\/UCbpLZ8EDC_1mEAwmMMyFYkg\",\"https:\\\/\\\/www.instagram.com\\\/titan_france\\\/?utm_source=ig_profile_share&igshid=q0ytsbjj91ve&fbclid=IwAR0srThhgUmUYTjvY_vGoqDg51xGkvvJhrBkEmLz2y_ntiOgjCeaBaOzqVA\",\"https:\\\/\\\/www.linkedin.com\\\/uas\\\/login?session_redirect=https:\\\/\\\/www.linkedin.com\\\/company\\\/titan-france-sas\\\/about\\\/\"]}]}<\/script>\n<!-- \/ Yoast SEO plugin. -->","yoast_head_json":{"title":"Row Crop-R\u00e4der \u2013 Leistung und Pr\u00e4zision in der Landwirtschaft","description":"Row Crop-R\u00e4der, entwickelt f\u00fcr Pr\u00e4zision, Robustheit und optimale Leistung bei Traktoren und Landmaschinen.","robots":{"index":"index","follow":"follow","max-snippet":"max-snippet:-1","max-image-preview":"max-image-preview:large","max-video-preview":"max-video-preview:-1"},"canonical":"https:\/\/titanfrance.com\/de\/raeder\/row-crop\/","og_locale":"de_DE","og_type":"article","og_title":"Row Crop-R\u00e4der \u2013 Leistung und Pr\u00e4zision in der Landwirtschaft","og_description":"Row Crop-R\u00e4der, entwickelt f\u00fcr Pr\u00e4zision, Robustheit und optimale Leistung bei Traktoren und Landmaschinen.","og_url":"https:\/\/titanfrance.com\/de\/raeder\/row-crop\/","og_site_name":"TITAN France","article_publisher":"https:\/\/www.facebook.com\/people\/Titan-France\/100054344090112\/","article_modified_time":"2026-03-20T12:54:58+00:00","og_image":[{"width":2483,"height":1033,"url":"https:\/\/titanfrance.com\/wp-content\/uploads\/2025\/01\/row-crop-modif-scaled-e1737535324237.jpg","type":"image\/jpeg"}],"twitter_card":"summary_large_image","twitter_site":"@titanfrance1","schema":{"@context":"https:\/\/schema.org","@graph":[{"@type":"WebPage","@id":"https:\/\/titanfrance.com\/de\/raeder\/row-crop\/","url":"https:\/\/titanfrance.com\/de\/raeder\/row-crop\/","name":"Row Crop-R\u00e4der \u2013 Leistung und Pr\u00e4zision in der Landwirtschaft","isPartOf":{"@id":"https:\/\/titanfrance.com\/de\/#website"},"primaryImageOfPage":{"@id":"https:\/\/titanfrance.com\/de\/raeder\/row-crop\/#primaryimage"},"image":{"@id":"https:\/\/titanfrance.com\/de\/raeder\/row-crop\/#primaryimage"},"thumbnailUrl":"https:\/\/titanfrance.com\/wp-content\/uploads\/2025\/01\/row-crop-modif-scaled-e1737535324237.jpg","datePublished":"2024-08-20T16:45:25+00:00","dateModified":"2026-03-20T12:54:58+00:00","description":"Row Crop-R\u00e4der, entwickelt f\u00fcr Pr\u00e4zision, Robustheit und optimale Leistung bei Traktoren und Landmaschinen.","breadcrumb":{"@id":"https:\/\/titanfrance.com\/de\/raeder\/row-crop\/#breadcrumb"},"inLanguage":"de","potentialAction":[{"@type":"ReadAction","target":["https:\/\/titanfrance.com\/de\/raeder\/row-crop\/"]}]},{"@type":"ImageObject","inLanguage":"de","@id":"https:\/\/titanfrance.com\/de\/raeder\/row-crop\/#primaryimage","url":"https:\/\/titanfrance.com\/wp-content\/uploads\/2025\/01\/row-crop-modif-scaled-e1737535324237.jpg","contentUrl":"https:\/\/titanfrance.com\/wp-content\/uploads\/2025\/01\/row-crop-modif-scaled-e1737535324237.jpg","width":2483,"height":1033,"caption":"Roue Row Crop Titan offrant flexibilit\u00e9 et compatibilit\u00e9 sur plusieurs machines agricoles, disponible en couleurs standard ou personnalis\u00e9es."},{"@type":"BreadcrumbList","@id":"https:\/\/titanfrance.com\/de\/raeder\/row-crop\/#breadcrumb","itemListElement":[{"@type":"ListItem","position":1,"name":"Accueil","item":"https:\/\/titanfrance.com\/de\/"},{"@type":"ListItem","position":2,"name":"Landwirtschaftliche R\u00e4der","item":"https:\/\/titanfrance.com\/de\/raeder\/"},{"@type":"ListItem","position":3,"name":"Row Crop-R\u00e4der"}]},{"@type":"WebSite","@id":"https:\/\/titanfrance.com\/de\/#website","url":"https:\/\/titanfrance.com\/de\/","name":"TITAN France","description":"TITAN and Goodyear Farm Tires brands","publisher":{"@id":"https:\/\/titanfrance.com\/de\/#organization"},"alternateName":"Fabricants de roues, de pneus et de composants de ch\u00e2ssis pour v\u00e9hicules tout-terrain.","potentialAction":[{"@type":"SearchAction","target":{"@type":"EntryPoint","urlTemplate":"https:\/\/titanfrance.com\/de\/?s={search_term_string}"},"query-input":{"@type":"PropertyValueSpecification","valueRequired":true,"valueName":"search_term_string"}}],"inLanguage":"de"},{"@type":"Organization","@id":"https:\/\/titanfrance.com\/de\/#organization","name":"TITAN France - FLERS","url":"https:\/\/titanfrance.com\/de\/","logo":{"@type":"ImageObject","inLanguage":"de","@id":"https:\/\/titanfrance.com\/de\/#\/schema\/logo\/image\/","url":"https:\/\/titanfrance.com\/wp-content\/uploads\/2024\/07\/logo-Titan-goodyear.png","contentUrl":"https:\/\/titanfrance.com\/wp-content\/uploads\/2024\/07\/logo-Titan-goodyear.png","width":696,"height":696,"caption":"TITAN France - FLERS"},"image":{"@id":"https:\/\/titanfrance.com\/de\/#\/schema\/logo\/image\/"},"sameAs":["https:\/\/www.facebook.com\/people\/Titan-France\/100054344090112\/","https:\/\/x.com\/titanfrance1","https:\/\/www.youtube.com\/channel\/UCbpLZ8EDC_1mEAwmMMyFYkg","https:\/\/www.instagram.com\/titan_france\/?utm_source=ig_profile_share&igshid=q0ytsbjj91ve&fbclid=IwAR0srThhgUmUYTjvY_vGoqDg51xGkvvJhrBkEmLz2y_ntiOgjCeaBaOzqVA","https:\/\/www.linkedin.com\/uas\/login?session_redirect=https:\/\/www.linkedin.com\/company\/titan-france-sas\/about\/"]}]}},"_links":{"self":[{"href":"https:\/\/titanfrance.com\/de\/wp-json\/wp\/v2\/pages\/71055","targetHints":{"allow":["GET"]}}],"collection":[{"href":"https:\/\/titanfrance.com\/de\/wp-json\/wp\/v2\/pages"}],"about":[{"href":"https:\/\/titanfrance.com\/de\/wp-json\/wp\/v2\/types\/page"}],"author":[{"embeddable":true,"href":"https:\/\/titanfrance.com\/de\/wp-json\/wp\/v2\/users\/1"}],"replies":[{"embeddable":true,"href":"https:\/\/titanfrance.com\/de\/wp-json\/wp\/v2\/comments?post=71055"}],"version-history":[{"count":3,"href":"https:\/\/titanfrance.com\/de\/wp-json\/wp\/v2\/pages\/71055\/revisions"}],"predecessor-version":[{"id":71602,"href":"https:\/\/titanfrance.com\/de\/wp-json\/wp\/v2\/pages\/71055\/revisions\/71602"}],"up":[{"embeddable":true,"href":"https:\/\/titanfrance.com\/de\/wp-json\/wp\/v2\/pages\/71029"}],"wp:featuredmedia":[{"embeddable":true,"href":"https:\/\/titanfrance.com\/de\/wp-json\/wp\/v2\/media\/71048"}],"wp:attachment":[{"href":"https:\/\/titanfrance.com\/de\/wp-json\/wp\/v2\/media?parent=71055"}],"curies":[{"name":"wp","href":"https:\/\/api.w.org\/{rel}","templated":true}]}}