{"id":71042,"date":"2024-08-19T11:15:18","date_gmt":"2024-08-19T09:15:18","guid":{"rendered":"https:\/\/titanfrance.com\/raeder\/festbahnraeder\/"},"modified":"2026-03-20T14:08:36","modified_gmt":"2026-03-20T13:08:36","slug":"festbahnraeder","status":"publish","type":"page","link":"https:\/\/titanfrance.com\/de\/raeder\/festbahnraeder\/","title":{"rendered":"Standardfelgen"},"content":{"rendered":"\t\t<div data-elementor-type=\"wp-page\" data-elementor-id=\"71042\" class=\"elementor elementor-71042 elementor-2711\" data-elementor-post-type=\"page\">\n\t\t\t\t<div class=\"elementor-element elementor-element-1c4633d e-flex e-con-boxed e-con e-parent\" data-id=\"1c4633d\" data-element_type=\"container\" data-e-type=\"container\">\n\t\t\t\t\t<div class=\"e-con-inner\">\n\t\t\t\t<div class=\"elementor-element elementor-element-604d6d0 elementor-widget elementor-widget-heading\" data-id=\"604d6d0\" data-element_type=\"widget\" data-e-type=\"widget\" data-widget_type=\"heading.default\">\n\t\t\t\t<div class=\"elementor-widget-container\">\n\t\t\t\t\t<h2 class=\"elementor-heading-title elementor-size-default\">Titan-Festr\u00e4der: au\u00dfergew\u00f6hnliche Leistung und Komfort<\/h2>\t\t\t\t<\/div>\n\t\t\t\t<\/div>\n\t\t\t\t\t<\/div>\n\t\t\t\t<\/div>\n\t\t<div class=\"elementor-element elementor-element-9145491 e-flex e-con-boxed e-con e-parent\" data-id=\"9145491\" data-element_type=\"container\" data-e-type=\"container\">\n\t\t\t\t\t<div class=\"e-con-inner\">\n\t\t<div class=\"elementor-element elementor-element-2be6d06 e-con-full e-flex e-con e-child\" data-id=\"2be6d06\" data-element_type=\"container\" data-e-type=\"container\">\n\t\t\t\t<div class=\"elementor-element elementor-element-0357799 elementor-widget elementor-widget-text-editor\" data-id=\"0357799\" data-element_type=\"widget\" data-e-type=\"widget\" data-widget_type=\"text-editor.default\">\n\t\t\t\t<div class=\"elementor-widget-container\">\n\t\t\t\t\t\t\t\t\t<p><strong>Die <strong>standardfelgen R\u00e4der von Titan<\/strong> bieten optimale Leistung f\u00fcr die Anforderungen von <strong>Land- und Industriemaschinen<\/strong>. Unsere <strong>Standardr\u00e4der <\/strong>sind f\u00fcr Geschwindigkeiten von bis zu<strong> 40 km\/h<\/strong> ausgelegt, erf\u00fcllen die Anforderungen klassischer Zugmaschinen und garantieren \u00fcberlegene <strong>Stabilit\u00e4t <\/strong>und <strong>Langlebigkeit<\/strong> im Einsatz.<\/strong> <\/p><p>F\u00fcr Maschinen mit hoher Leistung und intensiver Nutzung bietet Titan auch Hochgeschwindigkeitsr\u00e4der mit einer Geschwindigkeit von bis zu 65 km\/h an. Diese R\u00e4der sind ideal f\u00fcr Maschinen, die eine hohe Mobilit\u00e4t erfordern, und gew\u00e4hrleisten eine hohe Leistung ohne Kompromisse bei Sicherheit und Komfort. <\/p><p>Erg\u00e4nzend zu unserem Sortiment bieten wir die Markierung der ersten Harmonischen an: eine hochmoderne technische L\u00f6sung, mit der die Unwucht des Reifens durch die der Felge ausgeglichen wird. Diese einzigartige Funktion verbessert den Komfort f\u00fcr den Fahrer erheblich und reduziert die Vibrationen der Zugmaschine, was zu einem angenehmeren Fahrerlebnis und einem geringeren Verschlei\u00df der Ausr\u00fcstung f\u00fchrt. <\/p><p>Ob Sie robuste Festr\u00e4der f\u00fcr Standardanwendungen oder Hochgeschwindigkeitsl\u00f6sungen f\u00fcr Ihre leistungsstarken Maschinen suchen, Titan hat die passende L\u00f6sung f\u00fcr Ihre Anforderungen.<\/p>\t\t\t\t\t\t\t\t<\/div>\n\t\t\t\t<\/div>\n\t\t\t\t<\/div>\n\t\t\t\t<div class=\"elementor-element elementor-element-40941ae elementor-widget__width-initial elementor-widget elementor-widget-image-gallery\" data-id=\"40941ae\" data-element_type=\"widget\" data-e-type=\"widget\" data-widget_type=\"image-gallery.default\">\n\t\t\t\t<div class=\"elementor-widget-container\">\n\t\t\t\t\t\t\t<div class=\"elementor-image-gallery\">\n\t\t\t<div id='gallery-1' class='gallery galleryid-71042 gallery-columns-2 gallery-size-large'><figure class='gallery-item'>\n\t\t\t<div class='gallery-icon landscape'>\n\t\t\t\t<a data-elementor-open-lightbox=\"yes\" data-elementor-lightbox-slideshow=\"40941ae\" data-elementor-lightbox-title=\"RVF_3D\" data-elementor-lightbox-description=\"Image 3D montrant la roue fixe farbiqu\u00e9e par  Titan offrent une performance optimale pour r\u00e9pondre aux exigences des machines agricoles et industrielles. Nos roues standards sont con\u00e7ues pour des vitesses allant jusqu\u2019\u00e0 40 km\/h, r\u00e9pondant aux besoins des \u00e9quipements de traction classique et garantissant une stabilit\u00e9 et une durabilit\u00e9 sup\u00e9rieures sur le terrain.\n\nPour les machines de forte puissance et les utilisations intensives, Titan propose \u00e9galement des roues \u00e0 grande vitesse pouvant atteindre 65 km\/h. Id\u00e9ales pour les machines n\u00e9cessitant une grande mobilit\u00e9, ces roues assurent des performances \u00e9lev\u00e9es sans compromis sur la s\u00e9curit\u00e9 ni le confort.\n\nEn compl\u00e9ment de notre gamme, nous offrons le marquage premi\u00e8re harmonique : une solution technique de pointe qui permet la compensation du balourd du pneumatique par celui de la jante. Cette fonctionnalit\u00e9 unique am\u00e9liore grandement le confort du conducteur et r\u00e9duit les vibrations du tracteur, pour une exp\u00e9rience de conduite plus agr\u00e9able et une usure minimis\u00e9e du mat\u00e9riel.\n\nQue vous recherchiez des roues fixes robustes pour des applications standards ou des solutions haute vitesse pour vos engins de forte puissance, Titan a la solution adapt\u00e9e \u00e0 vos besoins.\" data-e-action-hash=\"#elementor-action%3Aaction%3Dlightbox%26settings%3DeyJpZCI6NzEwNDEsInVybCI6Imh0dHBzOlwvXC90aXRhbmZyYW5jZS5jb21cL3dwLWNvbnRlbnRcL3VwbG9hZHNcLzIwMjVcLzAxXC9SVkZfM0QucG5nIiwic2xpZGVzaG93IjoiNDA5NDFhZSJ9\" href='https:\/\/titanfrance.com\/wp-content\/uploads\/2025\/01\/RVF_3D.png'><img fetchpriority=\"high\" width=\"800\" height=\"462\" src=\"https:\/\/titanfrance.com\/wp-content\/uploads\/2025\/01\/RVF_3D-1024x591.png\" class=\"attachment-large size-large\" alt=\"Roue agricole fixe\" aria-describedby=\"gallery-1-71041\" decoding=\"async\" srcset=\"https:\/\/titanfrance.com\/wp-content\/uploads\/2025\/01\/RVF_3D-1024x591.png 1024w, https:\/\/titanfrance.com\/wp-content\/uploads\/2025\/01\/RVF_3D-300x173.png 300w, https:\/\/titanfrance.com\/wp-content\/uploads\/2025\/01\/RVF_3D-768x443.png 768w, https:\/\/titanfrance.com\/wp-content\/uploads\/2025\/01\/RVF_3D-1536x887.png 1536w, https:\/\/titanfrance.com\/wp-content\/uploads\/2025\/01\/RVF_3D-2048x1182.png 2048w\" sizes=\"(max-width: 800px) 100vw, 800px\" \/><\/a>\n\t\t\t<\/div>\n\t\t\t\t<figcaption class='wp-caption-text gallery-caption' id='gallery-1-71041'>\n\t\t\t\t3D Roue agricole fixe par Titan France\n\t\t\t\t<\/figcaption><\/figure>\n\t\t<\/div>\n\t\t<\/div>\n\t\t\t\t\t\t<\/div>\n\t\t\t\t<\/div>\n\t\t<div class=\"elementor-element elementor-element-73f3ed9 e-con-full e-flex e-con e-child\" data-id=\"73f3ed9\" data-element_type=\"container\" data-e-type=\"container\">\n\t\t\t\t<\/div>\n\t\t\t\t\t<\/div>\n\t\t\t\t<\/div>\n\t\t<div class=\"elementor-element elementor-element-50714da e-flex e-con-boxed e-con e-parent\" data-id=\"50714da\" data-element_type=\"container\" data-e-type=\"container\">\n\t\t\t\t\t<div class=\"e-con-inner\">\n\t\t\t\t\t<\/div>\n\t\t\t\t<\/div>\n\t\t\t\t<\/div>\n\t\t","protected":false},"excerpt":{"rendered":"<p>Standardr\u00e4der | Hochgeschwindigkeitsr\u00e4der<\/p>\n","protected":false},"author":1,"featured_media":70827,"parent":71029,"menu_order":0,"comment_status":"closed","ping_status":"closed","template":"","meta":{"_acf_changed":false,"footnotes":""},"class_list":["post-71042","page","type-page","status-publish","has-post-thumbnail","hentry"],"acf":[],"yoast_head":"<!-- This site is optimized with the Yoast SEO plugin v27.4 - https:\/\/yoast.com\/product\/yoast-seo-wordpress\/ -->\n<title>Landwirtschaftliche R\u00e4der mit fester Spurweite Titan<\/title>\n<meta name=\"description\" content=\"Unsere Festspurr\u00e4der sind auf Robustheit, Langlebigkeit und optimale Leistung bei Traktoren und Landmaschinen ausgelegt.\" \/>\n<meta name=\"robots\" content=\"index, follow, max-snippet:-1, max-image-preview:large, max-video-preview:-1\" \/>\n<link rel=\"canonical\" href=\"https:\/\/titanfrance.com\/de\/raeder\/festbahnraeder\/\" \/>\n<meta property=\"og:locale\" content=\"de_DE\" \/>\n<meta property=\"og:type\" content=\"article\" \/>\n<meta property=\"og:title\" content=\"Landwirtschaftliche R\u00e4der mit fester Spurweite Titan\" \/>\n<meta property=\"og:description\" content=\"Unsere Festspurr\u00e4der sind auf Robustheit, Langlebigkeit und optimale Leistung bei Traktoren und Landmaschinen ausgelegt.\" \/>\n<meta property=\"og:url\" content=\"https:\/\/titanfrance.com\/de\/raeder\/festbahnraeder\/\" \/>\n<meta property=\"og:site_name\" content=\"TITAN France\" \/>\n<meta property=\"article:publisher\" content=\"https:\/\/www.facebook.com\/people\/Titan-France\/100054344090112\/\" \/>\n<meta property=\"article:modified_time\" content=\"2026-03-20T13:08:36+00:00\" \/>\n<meta property=\"og:image\" content=\"https:\/\/titanfrance.com\/wp-content\/uploads\/2024\/12\/titan-france-flers-roues-jantes-tracteurs-02.jpg\" \/>\n\t<meta property=\"og:image:width\" content=\"2560\" \/>\n\t<meta property=\"og:image:height\" content=\"661\" \/>\n\t<meta property=\"og:image:type\" content=\"image\/jpeg\" \/>\n<meta name=\"twitter:card\" content=\"summary_large_image\" \/>\n<meta name=\"twitter:site\" content=\"@titanfrance1\" \/>\n<meta name=\"twitter:label1\" content=\"Gesch\u00e4tzte Lesezeit\" \/>\n\t<meta name=\"twitter:data1\" content=\"1\u00a0Minute\" \/>\n<script type=\"application\/ld+json\" class=\"yoast-schema-graph\">{\"@context\":\"https:\\\/\\\/schema.org\",\"@graph\":[{\"@type\":\"WebPage\",\"@id\":\"https:\\\/\\\/titanfrance.com\\\/de\\\/raeder\\\/festbahnraeder\\\/\",\"url\":\"https:\\\/\\\/titanfrance.com\\\/de\\\/raeder\\\/festbahnraeder\\\/\",\"name\":\"Landwirtschaftliche R\u00e4der mit fester Spurweite Titan\",\"isPartOf\":{\"@id\":\"https:\\\/\\\/titanfrance.com\\\/de\\\/#website\"},\"primaryImageOfPage\":{\"@id\":\"https:\\\/\\\/titanfrance.com\\\/de\\\/raeder\\\/festbahnraeder\\\/#primaryimage\"},\"image\":{\"@id\":\"https:\\\/\\\/titanfrance.com\\\/de\\\/raeder\\\/festbahnraeder\\\/#primaryimage\"},\"thumbnailUrl\":\"https:\\\/\\\/titanfrance.com\\\/wp-content\\\/uploads\\\/2024\\\/12\\\/titan-france-flers-roues-jantes-tracteurs-02.jpg\",\"datePublished\":\"2024-08-19T09:15:18+00:00\",\"dateModified\":\"2026-03-20T13:08:36+00:00\",\"description\":\"Unsere Festspurr\u00e4der sind auf Robustheit, Langlebigkeit und optimale Leistung bei Traktoren und Landmaschinen ausgelegt.\",\"breadcrumb\":{\"@id\":\"https:\\\/\\\/titanfrance.com\\\/de\\\/raeder\\\/festbahnraeder\\\/#breadcrumb\"},\"inLanguage\":\"de\",\"potentialAction\":[{\"@type\":\"ReadAction\",\"target\":[\"https:\\\/\\\/titanfrance.com\\\/de\\\/raeder\\\/festbahnraeder\\\/\"]}]},{\"@type\":\"ImageObject\",\"inLanguage\":\"de\",\"@id\":\"https:\\\/\\\/titanfrance.com\\\/de\\\/raeder\\\/festbahnraeder\\\/#primaryimage\",\"url\":\"https:\\\/\\\/titanfrance.com\\\/wp-content\\\/uploads\\\/2024\\\/12\\\/titan-france-flers-roues-jantes-tracteurs-02.jpg\",\"contentUrl\":\"https:\\\/\\\/titanfrance.com\\\/wp-content\\\/uploads\\\/2024\\\/12\\\/titan-france-flers-roues-jantes-tracteurs-02.jpg\",\"width\":2560,\"height\":661,\"caption\":\"Claas-Felgen f\u00fcr landwirtschaftliche Fahrzeuge\"},{\"@type\":\"BreadcrumbList\",\"@id\":\"https:\\\/\\\/titanfrance.com\\\/de\\\/raeder\\\/festbahnraeder\\\/#breadcrumb\",\"itemListElement\":[{\"@type\":\"ListItem\",\"position\":1,\"name\":\"Accueil\",\"item\":\"https:\\\/\\\/titanfrance.com\\\/de\\\/\"},{\"@type\":\"ListItem\",\"position\":2,\"name\":\"Landwirtschaftliche R\u00e4der\",\"item\":\"https:\\\/\\\/titanfrance.com\\\/de\\\/raeder\\\/\"},{\"@type\":\"ListItem\",\"position\":3,\"name\":\"Festbahnr\u00e4der\"}]},{\"@type\":\"WebSite\",\"@id\":\"https:\\\/\\\/titanfrance.com\\\/de\\\/#website\",\"url\":\"https:\\\/\\\/titanfrance.com\\\/de\\\/\",\"name\":\"TITAN France\",\"description\":\"TITAN and Goodyear Farm Tires brands\",\"publisher\":{\"@id\":\"https:\\\/\\\/titanfrance.com\\\/de\\\/#organization\"},\"alternateName\":\"Fabricants de roues, de pneus et de composants de ch\u00e2ssis pour v\u00e9hicules tout-terrain.\",\"potentialAction\":[{\"@type\":\"SearchAction\",\"target\":{\"@type\":\"EntryPoint\",\"urlTemplate\":\"https:\\\/\\\/titanfrance.com\\\/de\\\/?s={search_term_string}\"},\"query-input\":{\"@type\":\"PropertyValueSpecification\",\"valueRequired\":true,\"valueName\":\"search_term_string\"}}],\"inLanguage\":\"de\"},{\"@type\":\"Organization\",\"@id\":\"https:\\\/\\\/titanfrance.com\\\/de\\\/#organization\",\"name\":\"TITAN France - FLERS\",\"url\":\"https:\\\/\\\/titanfrance.com\\\/de\\\/\",\"logo\":{\"@type\":\"ImageObject\",\"inLanguage\":\"de\",\"@id\":\"https:\\\/\\\/titanfrance.com\\\/de\\\/#\\\/schema\\\/logo\\\/image\\\/\",\"url\":\"https:\\\/\\\/titanfrance.com\\\/wp-content\\\/uploads\\\/2024\\\/07\\\/logo-Titan-goodyear.png\",\"contentUrl\":\"https:\\\/\\\/titanfrance.com\\\/wp-content\\\/uploads\\\/2024\\\/07\\\/logo-Titan-goodyear.png\",\"width\":696,\"height\":696,\"caption\":\"TITAN France - FLERS\"},\"image\":{\"@id\":\"https:\\\/\\\/titanfrance.com\\\/de\\\/#\\\/schema\\\/logo\\\/image\\\/\"},\"sameAs\":[\"https:\\\/\\\/www.facebook.com\\\/people\\\/Titan-France\\\/100054344090112\\\/\",\"https:\\\/\\\/x.com\\\/titanfrance1\",\"https:\\\/\\\/www.youtube.com\\\/channel\\\/UCbpLZ8EDC_1mEAwmMMyFYkg\",\"https:\\\/\\\/www.instagram.com\\\/titan_france\\\/?utm_source=ig_profile_share&igshid=q0ytsbjj91ve&fbclid=IwAR0srThhgUmUYTjvY_vGoqDg51xGkvvJhrBkEmLz2y_ntiOgjCeaBaOzqVA\",\"https:\\\/\\\/www.linkedin.com\\\/uas\\\/login?session_redirect=https:\\\/\\\/www.linkedin.com\\\/company\\\/titan-france-sas\\\/about\\\/\"]}]}<\/script>\n<!-- \/ Yoast SEO plugin. -->","yoast_head_json":{"title":"Landwirtschaftliche R\u00e4der mit fester Spurweite Titan","description":"Unsere Festspurr\u00e4der sind auf Robustheit, Langlebigkeit und optimale Leistung bei Traktoren und Landmaschinen ausgelegt.","robots":{"index":"index","follow":"follow","max-snippet":"max-snippet:-1","max-image-preview":"max-image-preview:large","max-video-preview":"max-video-preview:-1"},"canonical":"https:\/\/titanfrance.com\/de\/raeder\/festbahnraeder\/","og_locale":"de_DE","og_type":"article","og_title":"Landwirtschaftliche R\u00e4der mit fester Spurweite Titan","og_description":"Unsere Festspurr\u00e4der sind auf Robustheit, Langlebigkeit und optimale Leistung bei Traktoren und Landmaschinen ausgelegt.","og_url":"https:\/\/titanfrance.com\/de\/raeder\/festbahnraeder\/","og_site_name":"TITAN France","article_publisher":"https:\/\/www.facebook.com\/people\/Titan-France\/100054344090112\/","article_modified_time":"2026-03-20T13:08:36+00:00","og_image":[{"width":2560,"height":661,"url":"https:\/\/titanfrance.com\/wp-content\/uploads\/2024\/12\/titan-france-flers-roues-jantes-tracteurs-02.jpg","type":"image\/jpeg"}],"twitter_card":"summary_large_image","twitter_site":"@titanfrance1","twitter_misc":{"Gesch\u00e4tzte Lesezeit":"1\u00a0Minute"},"schema":{"@context":"https:\/\/schema.org","@graph":[{"@type":"WebPage","@id":"https:\/\/titanfrance.com\/de\/raeder\/festbahnraeder\/","url":"https:\/\/titanfrance.com\/de\/raeder\/festbahnraeder\/","name":"Landwirtschaftliche R\u00e4der mit fester Spurweite Titan","isPartOf":{"@id":"https:\/\/titanfrance.com\/de\/#website"},"primaryImageOfPage":{"@id":"https:\/\/titanfrance.com\/de\/raeder\/festbahnraeder\/#primaryimage"},"image":{"@id":"https:\/\/titanfrance.com\/de\/raeder\/festbahnraeder\/#primaryimage"},"thumbnailUrl":"https:\/\/titanfrance.com\/wp-content\/uploads\/2024\/12\/titan-france-flers-roues-jantes-tracteurs-02.jpg","datePublished":"2024-08-19T09:15:18+00:00","dateModified":"2026-03-20T13:08:36+00:00","description":"Unsere Festspurr\u00e4der sind auf Robustheit, Langlebigkeit und optimale Leistung bei Traktoren und Landmaschinen ausgelegt.","breadcrumb":{"@id":"https:\/\/titanfrance.com\/de\/raeder\/festbahnraeder\/#breadcrumb"},"inLanguage":"de","potentialAction":[{"@type":"ReadAction","target":["https:\/\/titanfrance.com\/de\/raeder\/festbahnraeder\/"]}]},{"@type":"ImageObject","inLanguage":"de","@id":"https:\/\/titanfrance.com\/de\/raeder\/festbahnraeder\/#primaryimage","url":"https:\/\/titanfrance.com\/wp-content\/uploads\/2024\/12\/titan-france-flers-roues-jantes-tracteurs-02.jpg","contentUrl":"https:\/\/titanfrance.com\/wp-content\/uploads\/2024\/12\/titan-france-flers-roues-jantes-tracteurs-02.jpg","width":2560,"height":661,"caption":"Claas-Felgen f\u00fcr landwirtschaftliche Fahrzeuge"},{"@type":"BreadcrumbList","@id":"https:\/\/titanfrance.com\/de\/raeder\/festbahnraeder\/#breadcrumb","itemListElement":[{"@type":"ListItem","position":1,"name":"Accueil","item":"https:\/\/titanfrance.com\/de\/"},{"@type":"ListItem","position":2,"name":"Landwirtschaftliche R\u00e4der","item":"https:\/\/titanfrance.com\/de\/raeder\/"},{"@type":"ListItem","position":3,"name":"Festbahnr\u00e4der"}]},{"@type":"WebSite","@id":"https:\/\/titanfrance.com\/de\/#website","url":"https:\/\/titanfrance.com\/de\/","name":"TITAN France","description":"TITAN and Goodyear Farm Tires brands","publisher":{"@id":"https:\/\/titanfrance.com\/de\/#organization"},"alternateName":"Fabricants de roues, de pneus et de composants de ch\u00e2ssis pour v\u00e9hicules tout-terrain.","potentialAction":[{"@type":"SearchAction","target":{"@type":"EntryPoint","urlTemplate":"https:\/\/titanfrance.com\/de\/?s={search_term_string}"},"query-input":{"@type":"PropertyValueSpecification","valueRequired":true,"valueName":"search_term_string"}}],"inLanguage":"de"},{"@type":"Organization","@id":"https:\/\/titanfrance.com\/de\/#organization","name":"TITAN France - FLERS","url":"https:\/\/titanfrance.com\/de\/","logo":{"@type":"ImageObject","inLanguage":"de","@id":"https:\/\/titanfrance.com\/de\/#\/schema\/logo\/image\/","url":"https:\/\/titanfrance.com\/wp-content\/uploads\/2024\/07\/logo-Titan-goodyear.png","contentUrl":"https:\/\/titanfrance.com\/wp-content\/uploads\/2024\/07\/logo-Titan-goodyear.png","width":696,"height":696,"caption":"TITAN France - FLERS"},"image":{"@id":"https:\/\/titanfrance.com\/de\/#\/schema\/logo\/image\/"},"sameAs":["https:\/\/www.facebook.com\/people\/Titan-France\/100054344090112\/","https:\/\/x.com\/titanfrance1","https:\/\/www.youtube.com\/channel\/UCbpLZ8EDC_1mEAwmMMyFYkg","https:\/\/www.instagram.com\/titan_france\/?utm_source=ig_profile_share&igshid=q0ytsbjj91ve&fbclid=IwAR0srThhgUmUYTjvY_vGoqDg51xGkvvJhrBkEmLz2y_ntiOgjCeaBaOzqVA","https:\/\/www.linkedin.com\/uas\/login?session_redirect=https:\/\/www.linkedin.com\/company\/titan-france-sas\/about\/"]}]}},"_links":{"self":[{"href":"https:\/\/titanfrance.com\/de\/wp-json\/wp\/v2\/pages\/71042","targetHints":{"allow":["GET"]}}],"collection":[{"href":"https:\/\/titanfrance.com\/de\/wp-json\/wp\/v2\/pages"}],"about":[{"href":"https:\/\/titanfrance.com\/de\/wp-json\/wp\/v2\/types\/page"}],"author":[{"embeddable":true,"href":"https:\/\/titanfrance.com\/de\/wp-json\/wp\/v2\/users\/1"}],"replies":[{"embeddable":true,"href":"https:\/\/titanfrance.com\/de\/wp-json\/wp\/v2\/comments?post=71042"}],"version-history":[{"count":3,"href":"https:\/\/titanfrance.com\/de\/wp-json\/wp\/v2\/pages\/71042\/revisions"}],"predecessor-version":[{"id":71604,"href":"https:\/\/titanfrance.com\/de\/wp-json\/wp\/v2\/pages\/71042\/revisions\/71604"}],"up":[{"embeddable":true,"href":"https:\/\/titanfrance.com\/de\/wp-json\/wp\/v2\/pages\/71029"}],"wp:featuredmedia":[{"embeddable":true,"href":"https:\/\/titanfrance.com\/de\/wp-json\/wp\/v2\/media\/70827"}],"wp:attachment":[{"href":"https:\/\/titanfrance.com\/de\/wp-json\/wp\/v2\/media?parent=71042"}],"curies":[{"name":"wp","href":"https:\/\/api.w.org\/{rel}","templated":true}]}}