{"id":71038,"date":"2024-08-20T18:46:29","date_gmt":"2024-08-20T16:46:29","guid":{"rendered":"https:\/\/titanfrance.com\/raeder\/raeder-fuer-den-tiefbau\/"},"modified":"2026-03-20T13:52:00","modified_gmt":"2026-03-20T12:52:00","slug":"raeder-fuer-den-tiefbau","status":"publish","type":"page","link":"https:\/\/titanfrance.com\/de\/raeder\/raeder-fuer-den-tiefbau\/","title":{"rendered":"R\u00e4der f\u00fcr den Tiefbau"},"content":{"rendered":"\t\t<div data-elementor-type=\"wp-page\" data-elementor-id=\"71038\" class=\"elementor elementor-71038 elementor-2775\" data-elementor-post-type=\"page\">\n\t\t\t\t<div class=\"elementor-element elementor-element-9145491 e-flex e-con-boxed e-con e-parent\" data-id=\"9145491\" data-element_type=\"container\" data-e-type=\"container\">\n\t\t\t\t\t<div class=\"e-con-inner\">\n\t\t<div class=\"elementor-element elementor-element-73f3ed9 e-con-full e-flex e-con e-child\" data-id=\"73f3ed9\" data-element_type=\"container\" data-e-type=\"container\">\n\t\t\t\t<div class=\"elementor-element elementor-element-6fb877b elementor-widget elementor-widget-text-editor\" data-id=\"6fb877b\" data-element_type=\"widget\" data-e-type=\"widget\" data-widget_type=\"text-editor.default\">\n\t\t\t\t<div class=\"elementor-widget-container\">\n\t\t\t\t\t\t\t\t\t<p>Die Titan Gruppe entwickelt und produziert zudem <strong>R\u00e4der f\u00fcr OTR-<\/strong>Anwendungen, insbesondere f\u00fcr Baumaschinen und industrielle Einsatzbereiche, und bietet robuste L\u00f6sungen f\u00fcr anspruchsvolle Anforderungen.<br><strong>Titan Steel Wheels <\/strong>mit Sitz in England ist innerhalb der Titan Gruppe der spezialisierte Hersteller f\u00fcr diesen Bereich in Europa und steht f\u00fcr h\u00f6chste Qualit\u00e4t und Leistungsf\u00e4higkeit.<\/p><p>Die <strong>Titan-R\u00e4der f\u00fcr OTR<\/strong>-Anwendungen sind f\u00fcr den Einsatz unter extremen Bedingungen ausgelegt. Sie \u00fcberzeugen durch <strong>hohe Belastbarkeit<\/strong>, Langlebigkeit und <strong>Zuverl\u00e4ssigkeit<\/strong> und sind ideal f\u00fcr Anwendungen, bei denen es auf maximale Performance ankommt. Ob auf Baustellen oder in industriellen Umgebungen \u2013 unsere R\u00e4der sind f\u00fcr h\u00f6chste Anforderungen konzipiert. <\/p><p>Entscheiden Sie sich f\u00fcr Titan und profitieren Sie von unserer anerkannten Expertise im Bereich OTR-R\u00e4der f\u00fcr Baumaschinen und Industrie.<\/p><p>F\u00fcr Anfragen zu diesem Produktbereich wenden Sie sich bitte direkt an <a href=\"https:\/\/titansteelwheels.com\/\" target=\"_blank\" rel=\"noopener\"><strong>Titan Steel Wheels<\/strong>.<\/a><\/p>\t\t\t\t\t\t\t\t<\/div>\n\t\t\t\t<\/div>\n\t\t\t\t<div class=\"elementor-element elementor-element-644eb4e elementor-widget elementor-widget-image\" data-id=\"644eb4e\" data-element_type=\"widget\" data-e-type=\"widget\" data-widget_type=\"image.default\">\n\t\t\t\t<div class=\"elementor-widget-container\">\n\t\t\t\t\t\t\t\t\t\t\t\t\t\t\t\t<a href=\"https:\/\/titanfrance.com\/wp-content\/uploads\/2024\/10\/Titan_Homepage_Map_v2-1024x516-1.webp\" data-elementor-open-lightbox=\"yes\" data-elementor-lightbox-title=\"Titan_Homepage_Map_v2-1024x516\" data-elementor-lightbox-description=\"Map des locaux Titan\" data-e-action-hash=\"#elementor-action%3Aaction%3Dlightbox%26settings%3DeyJpZCI6NzEwMzYsInVybCI6Imh0dHBzOlwvXC90aXRhbmZyYW5jZS5jb21cL3dwLWNvbnRlbnRcL3VwbG9hZHNcLzIwMjRcLzEwXC9UaXRhbl9Ib21lcGFnZV9NYXBfdjItMTAyNHg1MTYtMS53ZWJwIn0%3D\">\n\t\t\t\t\t\t\t<img fetchpriority=\"high\" decoding=\"async\" width=\"800\" height=\"403\" src=\"https:\/\/titanfrance.com\/wp-content\/uploads\/2024\/10\/Titan_Homepage_Map_v2-1024x516-1.webp\" class=\"attachment-large size-large wp-image-71036\" alt=\"Map Monde Titan International\" srcset=\"https:\/\/titanfrance.com\/wp-content\/uploads\/2024\/10\/Titan_Homepage_Map_v2-1024x516-1.webp 1024w, https:\/\/titanfrance.com\/wp-content\/uploads\/2024\/10\/Titan_Homepage_Map_v2-1024x516-1-300x151.webp 300w, https:\/\/titanfrance.com\/wp-content\/uploads\/2024\/10\/Titan_Homepage_Map_v2-1024x516-1-768x387.webp 768w\" sizes=\"(max-width: 800px) 100vw, 800px\" \/>\t\t\t\t\t\t\t\t<\/a>\n\t\t\t\t\t\t\t\t\t\t\t\t\t\t\t<\/div>\n\t\t\t\t<\/div>\n\t\t\t\t<div class=\"elementor-element elementor-element-529a98d elementor-align-center elementor-widget elementor-widget-button\" data-id=\"529a98d\" data-element_type=\"widget\" data-e-type=\"widget\" data-widget_type=\"button.default\">\n\t\t\t\t<div class=\"elementor-widget-container\">\n\t\t\t\t\t\t\t\t\t<div class=\"elementor-button-wrapper\">\n\t\t\t\t\t<a class=\"elementor-button elementor-button-link elementor-size-sm\" href=\"https:\/\/titansteelwheels.com\" target=\"_blank\">\n\t\t\t\t\t\t<span class=\"elementor-button-content-wrapper\">\n\t\t\t\t\t\t\t\t\t<span class=\"elementor-button-text\">Zur Titan Steel Wheels-Website gehen \"<\/span>\n\t\t\t\t\t<\/span>\n\t\t\t\t\t<\/a>\n\t\t\t\t<\/div>\n\t\t\t\t\t\t\t\t<\/div>\n\t\t\t\t<\/div>\n\t\t\t\t<\/div>\n\t\t\t\t\t<\/div>\n\t\t\t\t<\/div>\n\t\t\t\t<\/div>\n\t\t","protected":false},"excerpt":{"rendered":"<p>Expertise und Zuverl\u00e4ssigkeit f\u00fcr Ihre Projekte<\/p>\n","protected":false},"author":1,"featured_media":71037,"parent":71029,"menu_order":0,"comment_status":"closed","ping_status":"closed","template":"","meta":{"_acf_changed":false,"footnotes":""},"class_list":["post-71038","page","type-page","status-publish","has-post-thumbnail","hentry"],"acf":[],"yoast_head":"<!-- This site is optimized with the Yoast SEO plugin v27.4 - https:\/\/yoast.com\/product\/yoast-seo-wordpress\/ -->\n<title>R\u00e4der f\u00fcr den Tiefbau<\/title>\n<meta name=\"description\" content=\"Unsere R\u00e4der f\u00fcr den Tiefbau sind f\u00fcr schwere Maschinen und Industriebaustellen konzipiert und vereinen Robustheit, Langlebigkeit und Leistung.\" \/>\n<meta name=\"robots\" content=\"index, follow, max-snippet:-1, max-image-preview:large, max-video-preview:-1\" \/>\n<link rel=\"canonical\" href=\"https:\/\/titanfrance.com\/de\/raeder\/raeder-fuer-den-tiefbau\/\" \/>\n<meta property=\"og:locale\" content=\"de_DE\" \/>\n<meta property=\"og:type\" content=\"article\" \/>\n<meta property=\"og:title\" content=\"R\u00e4der f\u00fcr den Tiefbau\" \/>\n<meta property=\"og:description\" content=\"Unsere R\u00e4der f\u00fcr den Tiefbau sind f\u00fcr schwere Maschinen und Industriebaustellen konzipiert und vereinen Robustheit, Langlebigkeit und Leistung.\" \/>\n<meta property=\"og:url\" content=\"https:\/\/titanfrance.com\/de\/raeder\/raeder-fuer-den-tiefbau\/\" \/>\n<meta property=\"og:site_name\" content=\"TITAN France\" \/>\n<meta property=\"article:publisher\" content=\"https:\/\/www.facebook.com\/people\/Titan-France\/100054344090112\/\" \/>\n<meta property=\"article:modified_time\" content=\"2026-03-20T12:52:00+00:00\" \/>\n<meta property=\"og:image\" content=\"https:\/\/titanfrance.com\/wp-content\/uploads\/2025\/01\/titant-steel-wheels-hp04-.jpeg\" \/>\n\t<meta property=\"og:image:width\" content=\"2000\" \/>\n\t<meta property=\"og:image:height\" content=\"800\" \/>\n\t<meta property=\"og:image:type\" content=\"image\/jpeg\" \/>\n<meta name=\"twitter:card\" content=\"summary_large_image\" \/>\n<meta name=\"twitter:site\" content=\"@titanfrance1\" \/>\n<meta name=\"twitter:label1\" content=\"Gesch\u00e4tzte Lesezeit\" \/>\n\t<meta name=\"twitter:data1\" content=\"1\u00a0Minute\" \/>\n<script type=\"application\/ld+json\" class=\"yoast-schema-graph\">{\"@context\":\"https:\\\/\\\/schema.org\",\"@graph\":[{\"@type\":\"WebPage\",\"@id\":\"https:\\\/\\\/titanfrance.com\\\/de\\\/raeder\\\/raeder-fuer-den-tiefbau\\\/\",\"url\":\"https:\\\/\\\/titanfrance.com\\\/de\\\/raeder\\\/raeder-fuer-den-tiefbau\\\/\",\"name\":\"R\u00e4der f\u00fcr den Tiefbau\",\"isPartOf\":{\"@id\":\"https:\\\/\\\/titanfrance.com\\\/de\\\/#website\"},\"primaryImageOfPage\":{\"@id\":\"https:\\\/\\\/titanfrance.com\\\/de\\\/raeder\\\/raeder-fuer-den-tiefbau\\\/#primaryimage\"},\"image\":{\"@id\":\"https:\\\/\\\/titanfrance.com\\\/de\\\/raeder\\\/raeder-fuer-den-tiefbau\\\/#primaryimage\"},\"thumbnailUrl\":\"https:\\\/\\\/titanfrance.com\\\/wp-content\\\/uploads\\\/2025\\\/01\\\/titant-steel-wheels-hp04-.jpeg\",\"datePublished\":\"2024-08-20T16:46:29+00:00\",\"dateModified\":\"2026-03-20T12:52:00+00:00\",\"description\":\"Unsere R\u00e4der f\u00fcr den Tiefbau sind f\u00fcr schwere Maschinen und Industriebaustellen konzipiert und vereinen Robustheit, Langlebigkeit und Leistung.\",\"breadcrumb\":{\"@id\":\"https:\\\/\\\/titanfrance.com\\\/de\\\/raeder\\\/raeder-fuer-den-tiefbau\\\/#breadcrumb\"},\"inLanguage\":\"de\",\"potentialAction\":[{\"@type\":\"ReadAction\",\"target\":[\"https:\\\/\\\/titanfrance.com\\\/de\\\/raeder\\\/raeder-fuer-den-tiefbau\\\/\"]}]},{\"@type\":\"ImageObject\",\"inLanguage\":\"de\",\"@id\":\"https:\\\/\\\/titanfrance.com\\\/de\\\/raeder\\\/raeder-fuer-den-tiefbau\\\/#primaryimage\",\"url\":\"https:\\\/\\\/titanfrance.com\\\/wp-content\\\/uploads\\\/2025\\\/01\\\/titant-steel-wheels-hp04-.jpeg\",\"contentUrl\":\"https:\\\/\\\/titanfrance.com\\\/wp-content\\\/uploads\\\/2025\\\/01\\\/titant-steel-wheels-hp04-.jpeg\",\"width\":2000,\"height\":800,\"caption\":\"Roue robuste Titan con\u00e7ue pour les exigences des projets de construction, garantissant performance et durabilit\u00e9.\"},{\"@type\":\"BreadcrumbList\",\"@id\":\"https:\\\/\\\/titanfrance.com\\\/de\\\/raeder\\\/raeder-fuer-den-tiefbau\\\/#breadcrumb\",\"itemListElement\":[{\"@type\":\"ListItem\",\"position\":1,\"name\":\"Accueil\",\"item\":\"https:\\\/\\\/titanfrance.com\\\/de\\\/\"},{\"@type\":\"ListItem\",\"position\":2,\"name\":\"Landwirtschaftliche R\u00e4der\",\"item\":\"https:\\\/\\\/titanfrance.com\\\/de\\\/raeder\\\/\"},{\"@type\":\"ListItem\",\"position\":3,\"name\":\"R\u00e4der f\u00fcr den Tiefbau\"}]},{\"@type\":\"WebSite\",\"@id\":\"https:\\\/\\\/titanfrance.com\\\/de\\\/#website\",\"url\":\"https:\\\/\\\/titanfrance.com\\\/de\\\/\",\"name\":\"TITAN France\",\"description\":\"TITAN and Goodyear Farm Tires brands\",\"publisher\":{\"@id\":\"https:\\\/\\\/titanfrance.com\\\/de\\\/#organization\"},\"alternateName\":\"Fabricants de roues, de pneus et de composants de ch\u00e2ssis pour v\u00e9hicules tout-terrain.\",\"potentialAction\":[{\"@type\":\"SearchAction\",\"target\":{\"@type\":\"EntryPoint\",\"urlTemplate\":\"https:\\\/\\\/titanfrance.com\\\/de\\\/?s={search_term_string}\"},\"query-input\":{\"@type\":\"PropertyValueSpecification\",\"valueRequired\":true,\"valueName\":\"search_term_string\"}}],\"inLanguage\":\"de\"},{\"@type\":\"Organization\",\"@id\":\"https:\\\/\\\/titanfrance.com\\\/de\\\/#organization\",\"name\":\"TITAN France - FLERS\",\"url\":\"https:\\\/\\\/titanfrance.com\\\/de\\\/\",\"logo\":{\"@type\":\"ImageObject\",\"inLanguage\":\"de\",\"@id\":\"https:\\\/\\\/titanfrance.com\\\/de\\\/#\\\/schema\\\/logo\\\/image\\\/\",\"url\":\"https:\\\/\\\/titanfrance.com\\\/wp-content\\\/uploads\\\/2024\\\/07\\\/logo-Titan-goodyear.png\",\"contentUrl\":\"https:\\\/\\\/titanfrance.com\\\/wp-content\\\/uploads\\\/2024\\\/07\\\/logo-Titan-goodyear.png\",\"width\":696,\"height\":696,\"caption\":\"TITAN France - FLERS\"},\"image\":{\"@id\":\"https:\\\/\\\/titanfrance.com\\\/de\\\/#\\\/schema\\\/logo\\\/image\\\/\"},\"sameAs\":[\"https:\\\/\\\/www.facebook.com\\\/people\\\/Titan-France\\\/100054344090112\\\/\",\"https:\\\/\\\/x.com\\\/titanfrance1\",\"https:\\\/\\\/www.youtube.com\\\/channel\\\/UCbpLZ8EDC_1mEAwmMMyFYkg\",\"https:\\\/\\\/www.instagram.com\\\/titan_france\\\/?utm_source=ig_profile_share&igshid=q0ytsbjj91ve&fbclid=IwAR0srThhgUmUYTjvY_vGoqDg51xGkvvJhrBkEmLz2y_ntiOgjCeaBaOzqVA\",\"https:\\\/\\\/www.linkedin.com\\\/uas\\\/login?session_redirect=https:\\\/\\\/www.linkedin.com\\\/company\\\/titan-france-sas\\\/about\\\/\"]}]}<\/script>\n<!-- \/ Yoast SEO plugin. -->","yoast_head_json":{"title":"R\u00e4der f\u00fcr den Tiefbau","description":"Unsere R\u00e4der f\u00fcr den Tiefbau sind f\u00fcr schwere Maschinen und Industriebaustellen konzipiert und vereinen Robustheit, Langlebigkeit und Leistung.","robots":{"index":"index","follow":"follow","max-snippet":"max-snippet:-1","max-image-preview":"max-image-preview:large","max-video-preview":"max-video-preview:-1"},"canonical":"https:\/\/titanfrance.com\/de\/raeder\/raeder-fuer-den-tiefbau\/","og_locale":"de_DE","og_type":"article","og_title":"R\u00e4der f\u00fcr den Tiefbau","og_description":"Unsere R\u00e4der f\u00fcr den Tiefbau sind f\u00fcr schwere Maschinen und Industriebaustellen konzipiert und vereinen Robustheit, Langlebigkeit und Leistung.","og_url":"https:\/\/titanfrance.com\/de\/raeder\/raeder-fuer-den-tiefbau\/","og_site_name":"TITAN France","article_publisher":"https:\/\/www.facebook.com\/people\/Titan-France\/100054344090112\/","article_modified_time":"2026-03-20T12:52:00+00:00","og_image":[{"width":2000,"height":800,"url":"https:\/\/titanfrance.com\/wp-content\/uploads\/2025\/01\/titant-steel-wheels-hp04-.jpeg","type":"image\/jpeg"}],"twitter_card":"summary_large_image","twitter_site":"@titanfrance1","twitter_misc":{"Gesch\u00e4tzte Lesezeit":"1\u00a0Minute"},"schema":{"@context":"https:\/\/schema.org","@graph":[{"@type":"WebPage","@id":"https:\/\/titanfrance.com\/de\/raeder\/raeder-fuer-den-tiefbau\/","url":"https:\/\/titanfrance.com\/de\/raeder\/raeder-fuer-den-tiefbau\/","name":"R\u00e4der f\u00fcr den Tiefbau","isPartOf":{"@id":"https:\/\/titanfrance.com\/de\/#website"},"primaryImageOfPage":{"@id":"https:\/\/titanfrance.com\/de\/raeder\/raeder-fuer-den-tiefbau\/#primaryimage"},"image":{"@id":"https:\/\/titanfrance.com\/de\/raeder\/raeder-fuer-den-tiefbau\/#primaryimage"},"thumbnailUrl":"https:\/\/titanfrance.com\/wp-content\/uploads\/2025\/01\/titant-steel-wheels-hp04-.jpeg","datePublished":"2024-08-20T16:46:29+00:00","dateModified":"2026-03-20T12:52:00+00:00","description":"Unsere R\u00e4der f\u00fcr den Tiefbau sind f\u00fcr schwere Maschinen und Industriebaustellen konzipiert und vereinen Robustheit, Langlebigkeit und Leistung.","breadcrumb":{"@id":"https:\/\/titanfrance.com\/de\/raeder\/raeder-fuer-den-tiefbau\/#breadcrumb"},"inLanguage":"de","potentialAction":[{"@type":"ReadAction","target":["https:\/\/titanfrance.com\/de\/raeder\/raeder-fuer-den-tiefbau\/"]}]},{"@type":"ImageObject","inLanguage":"de","@id":"https:\/\/titanfrance.com\/de\/raeder\/raeder-fuer-den-tiefbau\/#primaryimage","url":"https:\/\/titanfrance.com\/wp-content\/uploads\/2025\/01\/titant-steel-wheels-hp04-.jpeg","contentUrl":"https:\/\/titanfrance.com\/wp-content\/uploads\/2025\/01\/titant-steel-wheels-hp04-.jpeg","width":2000,"height":800,"caption":"Roue robuste Titan con\u00e7ue pour les exigences des projets de construction, garantissant performance et durabilit\u00e9."},{"@type":"BreadcrumbList","@id":"https:\/\/titanfrance.com\/de\/raeder\/raeder-fuer-den-tiefbau\/#breadcrumb","itemListElement":[{"@type":"ListItem","position":1,"name":"Accueil","item":"https:\/\/titanfrance.com\/de\/"},{"@type":"ListItem","position":2,"name":"Landwirtschaftliche R\u00e4der","item":"https:\/\/titanfrance.com\/de\/raeder\/"},{"@type":"ListItem","position":3,"name":"R\u00e4der f\u00fcr den Tiefbau"}]},{"@type":"WebSite","@id":"https:\/\/titanfrance.com\/de\/#website","url":"https:\/\/titanfrance.com\/de\/","name":"TITAN France","description":"TITAN and Goodyear Farm Tires brands","publisher":{"@id":"https:\/\/titanfrance.com\/de\/#organization"},"alternateName":"Fabricants de roues, de pneus et de composants de ch\u00e2ssis pour v\u00e9hicules tout-terrain.","potentialAction":[{"@type":"SearchAction","target":{"@type":"EntryPoint","urlTemplate":"https:\/\/titanfrance.com\/de\/?s={search_term_string}"},"query-input":{"@type":"PropertyValueSpecification","valueRequired":true,"valueName":"search_term_string"}}],"inLanguage":"de"},{"@type":"Organization","@id":"https:\/\/titanfrance.com\/de\/#organization","name":"TITAN France - FLERS","url":"https:\/\/titanfrance.com\/de\/","logo":{"@type":"ImageObject","inLanguage":"de","@id":"https:\/\/titanfrance.com\/de\/#\/schema\/logo\/image\/","url":"https:\/\/titanfrance.com\/wp-content\/uploads\/2024\/07\/logo-Titan-goodyear.png","contentUrl":"https:\/\/titanfrance.com\/wp-content\/uploads\/2024\/07\/logo-Titan-goodyear.png","width":696,"height":696,"caption":"TITAN France - FLERS"},"image":{"@id":"https:\/\/titanfrance.com\/de\/#\/schema\/logo\/image\/"},"sameAs":["https:\/\/www.facebook.com\/people\/Titan-France\/100054344090112\/","https:\/\/x.com\/titanfrance1","https:\/\/www.youtube.com\/channel\/UCbpLZ8EDC_1mEAwmMMyFYkg","https:\/\/www.instagram.com\/titan_france\/?utm_source=ig_profile_share&igshid=q0ytsbjj91ve&fbclid=IwAR0srThhgUmUYTjvY_vGoqDg51xGkvvJhrBkEmLz2y_ntiOgjCeaBaOzqVA","https:\/\/www.linkedin.com\/uas\/login?session_redirect=https:\/\/www.linkedin.com\/company\/titan-france-sas\/about\/"]}]}},"_links":{"self":[{"href":"https:\/\/titanfrance.com\/de\/wp-json\/wp\/v2\/pages\/71038","targetHints":{"allow":["GET"]}}],"collection":[{"href":"https:\/\/titanfrance.com\/de\/wp-json\/wp\/v2\/pages"}],"about":[{"href":"https:\/\/titanfrance.com\/de\/wp-json\/wp\/v2\/types\/page"}],"author":[{"embeddable":true,"href":"https:\/\/titanfrance.com\/de\/wp-json\/wp\/v2\/users\/1"}],"replies":[{"embeddable":true,"href":"https:\/\/titanfrance.com\/de\/wp-json\/wp\/v2\/comments?post=71038"}],"version-history":[{"count":3,"href":"https:\/\/titanfrance.com\/de\/wp-json\/wp\/v2\/pages\/71038\/revisions"}],"predecessor-version":[{"id":71600,"href":"https:\/\/titanfrance.com\/de\/wp-json\/wp\/v2\/pages\/71038\/revisions\/71600"}],"up":[{"embeddable":true,"href":"https:\/\/titanfrance.com\/de\/wp-json\/wp\/v2\/pages\/71029"}],"wp:featuredmedia":[{"embeddable":true,"href":"https:\/\/titanfrance.com\/de\/wp-json\/wp\/v2\/media\/71037"}],"wp:attachment":[{"href":"https:\/\/titanfrance.com\/de\/wp-json\/wp\/v2\/media?parent=71038"}],"curies":[{"name":"wp","href":"https:\/\/api.w.org\/{rel}","templated":true}]}}