{"id":71023,"date":"2024-07-30T15:10:30","date_gmt":"2024-07-30T13:10:30","guid":{"rendered":"https:\/\/titanfrance.com\/datenschutzerklaerung\/"},"modified":"2024-07-30T15:10:30","modified_gmt":"2024-07-30T13:10:30","slug":"datenschutzerklaerung","status":"publish","type":"page","link":"https:\/\/titanfrance.com\/de\/datenschutzerklaerung\/","title":{"rendered":"Datenschutzerkl\u00e4rung"},"content":{"rendered":"<p>Bei TITAN FRANCE mit Sitz in Route de Vassy, 61100, Saint-Georges-des-Groseillers (im Folgenden \u201e<strong>TITAN FRANCE<\/strong>\u201d oder \u201ewir\u201d) legen wir gro\u00dfen Wert auf den Schutz Ihrer Privatsph\u00e4re und verpflichten uns, die Vertraulichkeit Ihrer Daten zu einer unserer Priorit\u00e4ten zu machen.<\/p>\n<p>Als Verantwortlicher f\u00fcr die Datenverarbeitung haben wir die vorliegende Datenschutzerkl\u00e4rung (nachfolgend \u201eErkl\u00e4rung\u201c) erstellt, um Transparenz dar\u00fcber zu schaffen, wie wir die Daten unserer Kunden und\/oder Nutzer (nachfolgend zusammen \u201eSie\u201c oder \u201eIhr\u201c) unserer Website https:\/\/titanfrance.com (im Folgenden \u201edie Website\u201d) erheben und verwenden, und um Sie \u00fcber Ihre verschiedenen Rechte zu informieren.<\/p>\n<p>&nbsp;<\/p>\n<ul>\n<li><strong>WAS SIND PERSONENBEZOGENE DATEN?<\/strong><\/li>\n<\/ul>\n<p>Personenbezogene Daten sind Informationen, mit denen Sie direkt oder indirekt identifiziert werden k\u00f6nnen. Dazu geh\u00f6ren insbesondere Ihr Name, Ihr Vorname, Ihre Postanschrift und E-Mail-Adresse, Ihre Telefonnummer, aber auch die IP-Adresse Ihres Computers (im Folgenden \u201epersonenbezogene Daten\u201d oder \u201eDaten\u201d). <\/p>\n<p>&nbsp;<\/p>\n<ul>\n<li><strong>WARUM VERWENDEN WIR IHRE PERSONENBEZOGENEN DATEN UND WIE LANGE SPEICHERN WIR SIE?<\/strong><\/li>\n<\/ul>\n<p>Um die Darstellung der Merkmale der durchgef\u00fchrten Verarbeitungen zu vereinfachen, f\u00fchren wir in der folgenden Tabelle die Gr\u00fcnde f\u00fcr die Verarbeitung Ihrer personenbezogenen Daten (Zwecke), unsere Rechtfertigungen f\u00fcr die Verarbeitung (Rechtsgrundlagen) sowie den Zeitraum, in dem wir sie verwenden (Aufbewahrungsdauer), auf.<\/p>\n<p>&nbsp;<\/p>\n<table border=\"1\" cellspacing=\"0\" cellpadding=\"5\">\n<tbody>\n<tr>\n<td><\/td>\n<td>Zweck<\/td>\n<p>Rechtsgrundlagen<\/p>\n<td>Aufbewahrungsfristen<\/td>\n<\/tr>\n<tr>\n<td colspan=\"3\"><strong>Wenn Sie ein Produkt von TITAN FRANCE \u00fcber die Website, per Telefon oder per E-Mail bestellen<\/strong><\/td>\n<\/tr>\n<tr>\n<td>Verwaltung Ihrer Bestellungen<\/td>\n<td rowspan=\"2\"><\/td>\n<td rowspan=\"2\">Vertragliche Erf\u00fcllung<\/td>\n<p>Dauer des Vertragsverh\u00e4ltnisses<br \/>\n<\/tr>\n<tr>\n<td>Kundendienstmanagement<\/td>\n<\/tr>\n<tr>\n<td><\/td>\n<td><\/td>\n<td>Durchf\u00fchrung freiwilliger Zufriedenheitsumfragen<br \/>\nUnser berechtigtes Interesse an der Verbesserung unserer Produkte<br \/>\nF\u00fcr die Erreichung des Umfrageziels erforderliche Dauer<\/td>\n<\/tr>\n<tr>\n<td>Verwaltung unserer Kundenakquise<\/td>\n<td>Unser berechtigtes Interesse, Ihnen Informationen \u00fcber Produkte zukommen zu lassen, die denen \u00e4hneln, die Sie bereits gekauft haben<\/td>\n<td>3 Jahre ab Ihrem letzten Kontakt mit uns<\/td>\n<\/tr>\n<tr>\n<td>Verwaltung unserer Buchhaltungspflichten<\/td>\n<td>Gesetzliche Verpflichtung<\/td>\n<td>Dauer gem\u00e4\u00df den gesetzlichen Verpflichtungen oder den gesetzlich vorgesehenen Fristen<\/td>\n<\/tr>\n<tr>\n<td>Verwaltung von Rechtsstreitigkeiten<\/td>\n<td>Unser berechtigtes Interesse daran, im Falle eines Rechtsstreits Beweise zu sammeln<\/td>\n<td>Gesetzliche Verj\u00e4hrungsfrist<\/td>\n<\/tr>\n<tr>\n<td colspan=\"3\"><strong>Wenn Sie auf der Website surfen<\/strong><\/td>\n<\/tr>\n<tr>\n<td>Erstellung und Verwaltung Ihres Benutzerkontos<\/td>\n<td>Vertragserf\u00fcllung<\/td>\n<td>Bis Sie Ihr Konto l\u00f6schen oder, wenn Sie es nicht mehr nutzen, sobald es als inaktiv gilt (nach einer Frist von zwei Jahren Inaktivit\u00e4t), sofern Sie dem nicht widersprechen.<\/td>\n<\/tr>\n<tr>\n<td>Verwaltung Ihrer Kontaktanfragen<\/td>\n<td>Unser berechtigtes Interesse an der Beantwortung Ihrer Anfragen und W\u00fcnsche<\/td>\n<td>F\u00fcr die Beantwortung Ihrer Anfrage erforderliche Dauer<\/td>\n<\/tr>\n<tr>\n<td>Verwaltung der Website und Ihrer Navigation auf der Website durch die Verwendung von Cookies<\/td>\n<td>Unser berechtigtes Interesse an der Gew\u00e4hrleistung des ordnungsgem\u00e4\u00dfen Betriebs der Website<\/td>\n<td>Dauer von h\u00f6chstens 6 Monaten<\/td>\n<\/tr>\n<\/tbody>\n<\/table>\n<p>&nbsp;<\/p>\n<ul>\n<li><strong>WELCHE PERSONENBEZOGENEN DATEN ERFASSEN WIR?<\/strong><\/li>\n<\/ul>\n<table border=\"1\" cellspacing=\"0\" cellpadding=\"5\">\n<tbody>\n<tr>\n<td>Art der Interaktion<\/td>\n<p><strong><\/p>\n<td>Kategorien der erhobenen personenbezogenen Daten<\/td>\n<p><\/strong><br \/>\n<\/tr>\n<tr>\n<td><strong>Wenn Sie ein Produkt von TITAN FRANCE \u00fcber die Website, per Telefon oder per E-Mail bestellen<\/strong><\/td>\n<td>\n<ul>\n<li>Ihr Vor- und Nachname, Ihre E-Mail-Adresse, Ihre Lieferadresse, Ihre Telefonnummer, der Name Ihres Unternehmens, Ihre Bestellhistorie, die Rechnungen zu Ihren Bestellungen sowie alle Kommentare, die Sie bei Ihrer Bestellung hinterlassen haben.<\/li>\n<\/ul>\n<\/td>\n<\/tr>\n<tr>\n<td><strong>Wenn Sie auf der Website surfen<\/strong><\/td>\n<td>\n<ul>\n<li>Ihr Vor- und Nachname, Ihre E-Mail-Adresse, Ihre Telefonnummer, der Name Ihres Unternehmens, Ihre Bestellhistorie, Ihr Passwort-Hash, der Typ des von Ihnen verwendeten Endger\u00e4ts sowie Ihre durch Cookies erfassten Navigationsdaten wie Ihre IP-Adresse.<\/li>\n<\/ul>\n<\/td>\n<\/tr>\n<\/tbody>\n<\/table>\n<p>&nbsp;<\/p>\n<ul>\n<li><strong>WIE VERWENDEN WIR COOKIES?<\/strong><\/li>\n<\/ul>\n<p>Die Website speichert rein technische Cookies auf Ihrem Endger\u00e4t, die das ordnungsgem\u00e4\u00dfe Funktionieren der Website erm\u00f6glichen (z. B. Speichern Ihres Warenkorbs, Optimieren der Anzeige der Seiten der Website und Anzeigen der Website in Ihrer bevorzugten Sprache).<\/p>\n<p>Zu Ihrer Information: Ein Cookie ist eine kleine Textdatei oder ein Tracker, der in Ihrem Browser gespeichert wird und es erm\u00f6glicht, Ihr Endger\u00e4t bei Ihren n\u00e4chsten Besuchen zu identifizieren und wiederzuerkennen, um Ihnen insbesondere eine bessere Navigation zu erm\u00f6glichen. Diese Cookies werden von der Website oder von Drittanbietern auf Ihrem Endger\u00e4t gespeichert, wenn Sie bestimmte Teile der Website besuchen oder bestimmte Funktionen der Website nutzen. <\/p>\n<p>&nbsp;<\/p>\n<ul>\n<li><strong>WER SIND DIE EMPF\u00c4NGER IHRER PERSONENBEZOGENEN DATEN?<\/strong><\/li>\n<\/ul>\n<p>Ihre personenbezogenen Daten werden innerhalb unserer verschiedenen Abteilungen (insbesondere Logistik und Vertrieb) nur an Personen weitergegeben, die aufgrund ihrer Funktion zur Verarbeitung dieser Daten befugt sind.<\/p>\n<p>Sie werden auch an unsere externen Dienstleister (wie unseren Hosting-Anbieter) weitergegeben, die in unserem Namen und auf unsere Rechnung handeln. Wir stellen sicher, dass diese Dienstleister die erforderlichen Garantien f\u00fcr die Sicherheit und Vertraulichkeit Ihrer Daten bieten. <\/p>\n<p>Wenn wir gesetzlich dazu verpflichtet sind, k\u00f6nnen wir auch veranlasst sein, Ihre personenbezogenen Daten an eine Verwaltungsbeh\u00f6rde oder eine befugte \u00f6ffentliche Stelle (z. B. Steuerbeh\u00f6rde) weiterzugeben.<\/p>\n<p>&nbsp;<\/p>\n<ul>\n<li><strong>WERDEN IHRE PERSONENBEZOGENEN DATEN AUSSERHALB DER EUROP\u00c4ISCHEN UNION \u00dcBERMITTELT?<\/strong><\/li>\n<\/ul>\n<p>Grunds\u00e4tzlich verarbeiten wir Ihre personenbezogenen Daten nur innerhalb der Europ\u00e4ischen Union.<\/p>\n<p>Gegebenenfalls k\u00f6nnen wir jedoch veranlasst sein, Ihre personenbezogenen Daten an externe Empf\u00e4nger zu \u00fcbermitteln, die sich in L\u00e4ndern befinden k\u00f6nnen, in denen ein anderes Schutzniveau f\u00fcr personenbezogene Daten gilt. In diesem Fall verpflichten wir uns, angemessene Garantien zu treffen, wie beispielsweise die Unterzeichnung der von der Europ\u00e4ischen Kommission verabschiedeten Standardvertragsklauseln, gegebenenfalls erg\u00e4nzt durch zus\u00e4tzliche Ma\u00dfnahmen, um deren Wirksamkeit sicherzustellen. <\/p>\n<p>Weitere Informationen zu den eingerichteten Garantien k\u00f6nnen Sie per E-Mail an die in Abschnitt 7 unten angegebene Adresse anfordern.<\/p>\n<p>&nbsp;<\/p>\n<ul>\n<li><strong><strong>WELCHE RECHTE HABEN SIE IN BEZUG AUF IHRE PERSONENBEZOGENEN DATEN?<\/strong><\/strong><\/li>\n<\/ul>\n<p><strong><strong><strong><strong>Gem\u00e4\u00df den geltenden Vorschriften haben Sie das Recht, auf Ihre personenbezogenen Daten zuzugreifen, sie zu berichtigen oder deren L\u00f6schung zu verlangen. Sie k\u00f6nnen auch die Einschr\u00e4nkung ihrer Verarbeitung verlangen oder ihnen widersprechen.<\/strong><\/strong><\/strong><\/strong> <\/p>\n<p><strong>Dar\u00fcber hinaus k\u00f6nnen Sie Ihre Einwilligung zum Erhalt elektronischer Werbemitteilungen jederzeit widerrufen.<\/strong><\/p>\n<p><strong>Unter bestimmten Umst\u00e4nden haben Sie auch das Recht auf \u00dcbertragbarkeit Ihrer personenbezogenen Daten. Das Recht auf \u00dcbertragbarkeit erm\u00f6glicht es Ihnen, wenn die Verarbeitung Ihrer personenbezogenen Daten auf Ihrer Einwilligung oder einem Vertrag basiert und mit automatisierten Verfahren erfolgt, von uns zu verlangen, dass Ihre personenbezogenen Daten in einem strukturierten, g\u00e4ngigen und maschinenlesbaren Format bereitgestellt werden. Die so erhaltenen personenbezogenen Daten k\u00f6nnen dann an einen anderen Verantwortlichen \u00fcbermittelt werden, ohne dass wir dies verhindern k\u00f6nnen.<\/strong>  <\/p>\n<p><strong>Sie haben auch das Recht, allgemeine oder besondere Richtlinien bez\u00fcglich der Verwendung Ihrer personenbezogenen Daten nach Ihrem Tod festzulegen. Besondere Richtlinien k\u00f6nnen direkt bei uns hinterlegt werden. Allgemeine Richtlinien k\u00f6nnen bei einem von der CNIL zertifizierten vertrauensw\u00fcrdigen Dritten hinterlegt werden. Sie haben jederzeit die M\u00f6glichkeit, diese Richtlinien zu \u00e4ndern oder zu l\u00f6schen.<\/strong>   <\/p>\n<p>Sie k\u00f6nnen Ihre Rechte aus\u00fcben, indem Sie uns unter der folgenden E-Mail-Adresse kontaktieren: <a href=\"mailto:contact@titanfrance.com\">contact@titanfrance.com.<\/a><\/p>\n<p>Sollten Sie der Meinung sein, dass wir unseren Verpflichtungen oder Ihren Rechten in Bezug auf Ihre personenbezogenen Daten nicht nachkommen, k\u00f6nnen Sie gem\u00e4\u00df den geltenden Vorschriften eine Beschwerde bei der <a href=\"https:\/\/www.cnil.fr\/fr\/la-protection-des-donnees-dans-le-monde\">CNIL<\/a> einreichen.<\/p>\n<p>Aus Gr\u00fcnden der Vertraulichkeit und zum Schutz Ihrer personenbezogenen Daten m\u00fcssen wir Sie identifizieren, um Ihre Anfrage beantworten zu k\u00f6nnen. Zu diesem Zweck k\u00f6nnen wir Sie im Falle begr\u00fcndeter Zweifel an Ihrer Identit\u00e4t bitten, Ihrer Anfrage eine Kopie Ihres Ausweises beizuf\u00fcgen. <\/p>\n<p>&nbsp;<\/p>\n<ul>\n<li><strong>WEITERE INFORMATIONEN<\/strong><\/li>\n<\/ul>\n<p>Wir behalten uns das Recht vor, diese Richtlinie jederzeit unter Ber\u00fccksichtigung der geltenden Bestimmungen zum Schutz personenbezogener Daten zu \u00e4ndern.<\/p>\n<p>Wenn Sie weitere Informationen \u00fcber unsere Verwaltung Ihrer personenbezogenen Daten w\u00fcnschen, k\u00f6nnen Sie uns Ihre Fragen per E-Mail an folgende Adresse senden: <a href=\"mailto:contact@titanfrance.com\">contact@titanfrance.com.<\/a><\/p>\n","protected":false},"excerpt":{"rendered":"<p>Bei TITAN FRANCE mit Sitz in Route de Vassy, 61100, Saint-Georges-des-Groseillers (im Folgenden \u201eTITAN FRANCE\u201d oder \u201ewir\u201d) legen wir gro\u00dfen Wert auf den Schutz Ihrer Privatsph\u00e4re und verpflichten uns, die Vertraulichkeit Ihrer Daten zu einer unserer Priorit\u00e4ten zu machen. Als Verantwortlicher f\u00fcr die Datenverarbeitung haben wir die vorliegende Datenschutzerkl\u00e4rung (nachfolgend \u201eErkl\u00e4rung\u201c) erstellt, um Transparenz dar\u00fcber [&hellip;]<\/p>\n","protected":false},"author":1,"featured_media":0,"parent":0,"menu_order":0,"comment_status":"closed","ping_status":"closed","template":"","meta":{"_acf_changed":false,"footnotes":""},"class_list":["post-71023","page","type-page","status-publish","hentry"],"acf":[],"yoast_head":"<!-- This site is optimized with the Yoast SEO plugin v27.4 - https:\/\/yoast.com\/product\/yoast-seo-wordpress\/ -->\n<title>Datenschutzerkl\u00e4rung - TITAN France<\/title>\n<meta name=\"robots\" content=\"index, follow, max-snippet:-1, max-image-preview:large, max-video-preview:-1\" \/>\n<link rel=\"canonical\" href=\"https:\/\/titanfrance.com\/de\/datenschutzerklaerung\/\" \/>\n<meta property=\"og:locale\" content=\"de_DE\" \/>\n<meta property=\"og:type\" content=\"article\" \/>\n<meta property=\"og:title\" content=\"Datenschutzerkl\u00e4rung - TITAN France\" \/>\n<meta property=\"og:description\" content=\"Bei TITAN FRANCE mit Sitz in Route de Vassy, 61100, Saint-Georges-des-Groseillers (im Folgenden \u201eTITAN FRANCE\u201d oder \u201ewir\u201d) legen wir gro\u00dfen Wert auf den Schutz Ihrer Privatsph\u00e4re und verpflichten uns, die Vertraulichkeit Ihrer Daten zu einer unserer Priorit\u00e4ten zu machen. Als Verantwortlicher f\u00fcr die Datenverarbeitung haben wir die vorliegende Datenschutzerkl\u00e4rung (nachfolgend \u201eErkl\u00e4rung\u201c) erstellt, um Transparenz dar\u00fcber [&hellip;]\" \/>\n<meta property=\"og:url\" content=\"https:\/\/titanfrance.com\/de\/datenschutzerklaerung\/\" \/>\n<meta property=\"og:site_name\" content=\"TITAN France\" \/>\n<meta property=\"article:publisher\" content=\"https:\/\/www.facebook.com\/people\/Titan-France\/100054344090112\/\" \/>\n<meta property=\"og:image\" content=\"https:\/\/titanfrance.com\/wp-content\/uploads\/2024\/07\/visuel-substitution.jpg\" \/>\n\t<meta property=\"og:image:width\" content=\"1200\" \/>\n\t<meta property=\"og:image:height\" content=\"675\" \/>\n\t<meta property=\"og:image:type\" content=\"image\/jpeg\" \/>\n<meta name=\"twitter:card\" content=\"summary_large_image\" \/>\n<meta name=\"twitter:site\" content=\"@titanfrance1\" \/>\n<meta name=\"twitter:label1\" content=\"Gesch\u00e4tzte Lesezeit\" \/>\n\t<meta name=\"twitter:data1\" content=\"6\u00a0Minuten\" \/>\n<script type=\"application\/ld+json\" class=\"yoast-schema-graph\">{\"@context\":\"https:\\\/\\\/schema.org\",\"@graph\":[{\"@type\":\"WebPage\",\"@id\":\"https:\\\/\\\/titanfrance.com\\\/de\\\/datenschutzerklaerung\\\/\",\"url\":\"https:\\\/\\\/titanfrance.com\\\/de\\\/datenschutzerklaerung\\\/\",\"name\":\"Datenschutzerkl\u00e4rung - TITAN France\",\"isPartOf\":{\"@id\":\"https:\\\/\\\/titanfrance.com\\\/de\\\/#website\"},\"datePublished\":\"2024-07-30T13:10:30+00:00\",\"breadcrumb\":{\"@id\":\"https:\\\/\\\/titanfrance.com\\\/de\\\/datenschutzerklaerung\\\/#breadcrumb\"},\"inLanguage\":\"de\",\"potentialAction\":[{\"@type\":\"ReadAction\",\"target\":[\"https:\\\/\\\/titanfrance.com\\\/de\\\/datenschutzerklaerung\\\/\"]}]},{\"@type\":\"BreadcrumbList\",\"@id\":\"https:\\\/\\\/titanfrance.com\\\/de\\\/datenschutzerklaerung\\\/#breadcrumb\",\"itemListElement\":[{\"@type\":\"ListItem\",\"position\":1,\"name\":\"Accueil\",\"item\":\"https:\\\/\\\/titanfrance.com\\\/de\\\/\"},{\"@type\":\"ListItem\",\"position\":2,\"name\":\"Datenschutzerkl\u00e4rung\"}]},{\"@type\":\"WebSite\",\"@id\":\"https:\\\/\\\/titanfrance.com\\\/de\\\/#website\",\"url\":\"https:\\\/\\\/titanfrance.com\\\/de\\\/\",\"name\":\"TITAN France\",\"description\":\"TITAN and Goodyear Farm Tires brands\",\"publisher\":{\"@id\":\"https:\\\/\\\/titanfrance.com\\\/de\\\/#organization\"},\"alternateName\":\"Fabricants de roues, de pneus et de composants de ch\u00e2ssis pour v\u00e9hicules tout-terrain.\",\"potentialAction\":[{\"@type\":\"SearchAction\",\"target\":{\"@type\":\"EntryPoint\",\"urlTemplate\":\"https:\\\/\\\/titanfrance.com\\\/de\\\/?s={search_term_string}\"},\"query-input\":{\"@type\":\"PropertyValueSpecification\",\"valueRequired\":true,\"valueName\":\"search_term_string\"}}],\"inLanguage\":\"de\"},{\"@type\":\"Organization\",\"@id\":\"https:\\\/\\\/titanfrance.com\\\/de\\\/#organization\",\"name\":\"TITAN France - FLERS\",\"url\":\"https:\\\/\\\/titanfrance.com\\\/de\\\/\",\"logo\":{\"@type\":\"ImageObject\",\"inLanguage\":\"de\",\"@id\":\"https:\\\/\\\/titanfrance.com\\\/de\\\/#\\\/schema\\\/logo\\\/image\\\/\",\"url\":\"https:\\\/\\\/titanfrance.com\\\/wp-content\\\/uploads\\\/2024\\\/07\\\/logo-Titan-goodyear.png\",\"contentUrl\":\"https:\\\/\\\/titanfrance.com\\\/wp-content\\\/uploads\\\/2024\\\/07\\\/logo-Titan-goodyear.png\",\"width\":696,\"height\":696,\"caption\":\"TITAN France - FLERS\"},\"image\":{\"@id\":\"https:\\\/\\\/titanfrance.com\\\/de\\\/#\\\/schema\\\/logo\\\/image\\\/\"},\"sameAs\":[\"https:\\\/\\\/www.facebook.com\\\/people\\\/Titan-France\\\/100054344090112\\\/\",\"https:\\\/\\\/x.com\\\/titanfrance1\",\"https:\\\/\\\/www.youtube.com\\\/channel\\\/UCbpLZ8EDC_1mEAwmMMyFYkg\",\"https:\\\/\\\/www.instagram.com\\\/titan_france\\\/?utm_source=ig_profile_share&igshid=q0ytsbjj91ve&fbclid=IwAR0srThhgUmUYTjvY_vGoqDg51xGkvvJhrBkEmLz2y_ntiOgjCeaBaOzqVA\",\"https:\\\/\\\/www.linkedin.com\\\/uas\\\/login?session_redirect=https:\\\/\\\/www.linkedin.com\\\/company\\\/titan-france-sas\\\/about\\\/\"]}]}<\/script>\n<!-- \/ Yoast SEO plugin. -->","yoast_head_json":{"title":"Datenschutzerkl\u00e4rung - TITAN France","robots":{"index":"index","follow":"follow","max-snippet":"max-snippet:-1","max-image-preview":"max-image-preview:large","max-video-preview":"max-video-preview:-1"},"canonical":"https:\/\/titanfrance.com\/de\/datenschutzerklaerung\/","og_locale":"de_DE","og_type":"article","og_title":"Datenschutzerkl\u00e4rung - TITAN France","og_description":"Bei TITAN FRANCE mit Sitz in Route de Vassy, 61100, Saint-Georges-des-Groseillers (im Folgenden \u201eTITAN FRANCE\u201d oder \u201ewir\u201d) legen wir gro\u00dfen Wert auf den Schutz Ihrer Privatsph\u00e4re und verpflichten uns, die Vertraulichkeit Ihrer Daten zu einer unserer Priorit\u00e4ten zu machen. Als Verantwortlicher f\u00fcr die Datenverarbeitung haben wir die vorliegende Datenschutzerkl\u00e4rung (nachfolgend \u201eErkl\u00e4rung\u201c) erstellt, um Transparenz dar\u00fcber [&hellip;]","og_url":"https:\/\/titanfrance.com\/de\/datenschutzerklaerung\/","og_site_name":"TITAN France","article_publisher":"https:\/\/www.facebook.com\/people\/Titan-France\/100054344090112\/","og_image":[{"width":1200,"height":675,"url":"https:\/\/titanfrance.com\/wp-content\/uploads\/2024\/07\/visuel-substitution.jpg","type":"image\/jpeg"}],"twitter_card":"summary_large_image","twitter_site":"@titanfrance1","twitter_misc":{"Gesch\u00e4tzte Lesezeit":"6\u00a0Minuten"},"schema":{"@context":"https:\/\/schema.org","@graph":[{"@type":"WebPage","@id":"https:\/\/titanfrance.com\/de\/datenschutzerklaerung\/","url":"https:\/\/titanfrance.com\/de\/datenschutzerklaerung\/","name":"Datenschutzerkl\u00e4rung - TITAN France","isPartOf":{"@id":"https:\/\/titanfrance.com\/de\/#website"},"datePublished":"2024-07-30T13:10:30+00:00","breadcrumb":{"@id":"https:\/\/titanfrance.com\/de\/datenschutzerklaerung\/#breadcrumb"},"inLanguage":"de","potentialAction":[{"@type":"ReadAction","target":["https:\/\/titanfrance.com\/de\/datenschutzerklaerung\/"]}]},{"@type":"BreadcrumbList","@id":"https:\/\/titanfrance.com\/de\/datenschutzerklaerung\/#breadcrumb","itemListElement":[{"@type":"ListItem","position":1,"name":"Accueil","item":"https:\/\/titanfrance.com\/de\/"},{"@type":"ListItem","position":2,"name":"Datenschutzerkl\u00e4rung"}]},{"@type":"WebSite","@id":"https:\/\/titanfrance.com\/de\/#website","url":"https:\/\/titanfrance.com\/de\/","name":"TITAN France","description":"TITAN and Goodyear Farm Tires brands","publisher":{"@id":"https:\/\/titanfrance.com\/de\/#organization"},"alternateName":"Fabricants de roues, de pneus et de composants de ch\u00e2ssis pour v\u00e9hicules tout-terrain.","potentialAction":[{"@type":"SearchAction","target":{"@type":"EntryPoint","urlTemplate":"https:\/\/titanfrance.com\/de\/?s={search_term_string}"},"query-input":{"@type":"PropertyValueSpecification","valueRequired":true,"valueName":"search_term_string"}}],"inLanguage":"de"},{"@type":"Organization","@id":"https:\/\/titanfrance.com\/de\/#organization","name":"TITAN France - FLERS","url":"https:\/\/titanfrance.com\/de\/","logo":{"@type":"ImageObject","inLanguage":"de","@id":"https:\/\/titanfrance.com\/de\/#\/schema\/logo\/image\/","url":"https:\/\/titanfrance.com\/wp-content\/uploads\/2024\/07\/logo-Titan-goodyear.png","contentUrl":"https:\/\/titanfrance.com\/wp-content\/uploads\/2024\/07\/logo-Titan-goodyear.png","width":696,"height":696,"caption":"TITAN France - FLERS"},"image":{"@id":"https:\/\/titanfrance.com\/de\/#\/schema\/logo\/image\/"},"sameAs":["https:\/\/www.facebook.com\/people\/Titan-France\/100054344090112\/","https:\/\/x.com\/titanfrance1","https:\/\/www.youtube.com\/channel\/UCbpLZ8EDC_1mEAwmMMyFYkg","https:\/\/www.instagram.com\/titan_france\/?utm_source=ig_profile_share&igshid=q0ytsbjj91ve&fbclid=IwAR0srThhgUmUYTjvY_vGoqDg51xGkvvJhrBkEmLz2y_ntiOgjCeaBaOzqVA","https:\/\/www.linkedin.com\/uas\/login?session_redirect=https:\/\/www.linkedin.com\/company\/titan-france-sas\/about\/"]}]}},"_links":{"self":[{"href":"https:\/\/titanfrance.com\/de\/wp-json\/wp\/v2\/pages\/71023","targetHints":{"allow":["GET"]}}],"collection":[{"href":"https:\/\/titanfrance.com\/de\/wp-json\/wp\/v2\/pages"}],"about":[{"href":"https:\/\/titanfrance.com\/de\/wp-json\/wp\/v2\/types\/page"}],"author":[{"embeddable":true,"href":"https:\/\/titanfrance.com\/de\/wp-json\/wp\/v2\/users\/1"}],"replies":[{"embeddable":true,"href":"https:\/\/titanfrance.com\/de\/wp-json\/wp\/v2\/comments?post=71023"}],"version-history":[{"count":0,"href":"https:\/\/titanfrance.com\/de\/wp-json\/wp\/v2\/pages\/71023\/revisions"}],"wp:attachment":[{"href":"https:\/\/titanfrance.com\/de\/wp-json\/wp\/v2\/media?parent=71023"}],"curies":[{"name":"wp","href":"https:\/\/api.w.org\/{rel}","templated":true}]}}