{"id":70989,"date":"2024-12-12T17:01:06","date_gmt":"2024-12-12T16:01:06","guid":{"rendered":"https:\/\/titanfrance.com\/iso-9001-und-14001\/"},"modified":"2026-02-04T10:17:32","modified_gmt":"2026-02-04T09:17:32","slug":"iso-9001-und-14001","status":"publish","type":"page","link":"https:\/\/titanfrance.com\/de\/iso-9001-und-14001\/","title":{"rendered":"ISO 9001 und 14001"},"content":{"rendered":"\t\t<div data-elementor-type=\"wp-page\" data-elementor-id=\"70989\" class=\"elementor elementor-70989 elementor-4099\" data-elementor-post-type=\"page\">\n\t\t\t\t<div class=\"elementor-element elementor-element-4bc0b4b e-flex e-con-boxed e-con e-parent\" data-id=\"4bc0b4b\" data-element_type=\"container\" data-e-type=\"container\">\n\t\t\t\t\t<div class=\"e-con-inner\">\n\t\t<div class=\"elementor-element elementor-element-6ab08f3 e-con-full e-flex e-con e-child\" data-id=\"6ab08f3\" data-element_type=\"container\" data-e-type=\"container\">\n\t\t\t\t<div class=\"elementor-element elementor-element-bc04df5 elementor-widget elementor-widget-image\" data-id=\"bc04df5\" data-element_type=\"widget\" data-e-type=\"widget\" data-widget_type=\"image.default\">\n\t\t\t\t<div class=\"elementor-widget-container\">\n\t\t\t\t\t\t\t\t\t\t\t\t\t\t\t<img fetchpriority=\"high\" decoding=\"async\" width=\"474\" height=\"474\" src=\"https:\/\/titanfrance.com\/wp-content\/uploads\/2024\/11\/iso-9001-ogham.jpg\" class=\"attachment-large size-large wp-image-70821\" alt=\"LOGO ISO 9001\" srcset=\"https:\/\/titanfrance.com\/wp-content\/uploads\/2024\/11\/iso-9001-ogham.jpg 474w, https:\/\/titanfrance.com\/wp-content\/uploads\/2024\/11\/iso-9001-ogham-300x300.jpg 300w, https:\/\/titanfrance.com\/wp-content\/uploads\/2024\/11\/iso-9001-ogham-150x150.jpg 150w\" sizes=\"(max-width: 474px) 100vw, 474px\" \/>\t\t\t\t\t\t\t\t\t\t\t\t\t\t\t<\/div>\n\t\t\t\t<\/div>\n\t\t\t\t<div class=\"elementor-element elementor-element-6013e6c elementor-widget elementor-widget-text-editor\" data-id=\"6013e6c\" data-element_type=\"widget\" data-e-type=\"widget\" data-widget_type=\"text-editor.default\">\n\t\t\t\t<div class=\"elementor-widget-container\">\n\t\t\t\t\t\t\t\t\t<p><strong>ISO 9001-Zertifizierung: Qualit\u00e4t und Kundenzufriedenheit sicherstellen<\/strong><\/p><p>Die Norm <strong>ISO 9001<\/strong> ist ein wichtiger internationaler Standard, der die Kriterien f\u00fcr ein Qualit\u00e4tsmanagementsystem (QMS) in Organisationen festlegt. Sie wurde von der Internationalen Organisation f\u00fcr Normung (ISO) entwickelt und soll sicherstellen, dass Unternehmen Produkte und Dienstleistungen anbieten, die stets den Anforderungen der Kunden entsprechen und die geltenden Vorschriften einhalten. <\/p><p>Das Hauptziel der<strong> ISO 9001 <\/strong>ist es, die Zufriedenheit der Kunden durch die Bereitstellung von Produkten und Dienstleistungen mit gleichbleibender Qualit\u00e4t sicherzustellen. Die Norm zielt darauf ab: <\/p><ul><li><strong>Sicherstellung der Einhaltung von Kundenanforderungen:<\/strong> Sicherstellung, dass Produkte und Dienstleistungen den vereinbarten Erwartungen und Spezifikationen entsprechen.<\/li><li><strong>Verbesserung interner Prozesse<\/strong>: F\u00f6rderung eines effizienten Prozessmanagements zur Reduzierung von Schwankungen und Fehlern.<\/li><li><strong>F\u00f6rderung einer Kultur der kontinuierlichen Verbesserung<\/strong>: Durch die Integration von Mechanismen zur Bewertung und kontinuierlichen Verbesserung der Leistung.<\/li><\/ul><p>Die <strong>ISO 9001<\/strong>-Zertifizierung von Titan France best\u00e4tigt unser Qualit\u00e4tsmanagementsystem, das darauf ausgelegt ist, die Konformit\u00e4t unserer Produkte und Dienst<\/p><p> Mit dieser Zertifizierung verpflichtet sich TITAN FRANCE zu Folgendem:<\/p><ul><li><strong>Aufrechterhaltung effizienter Prozesse<\/strong>: Wir optimieren unsere Prozesse, um eine gleichbleibende Produktqualit\u00e4t zu gew\u00e4hrleisten und Schwankungen zu reduzieren.<\/li><li>Verbesserung der Kundenzufriedenheit: Indem wir unseren Kunden aktiv zuh\u00f6ren und ihr Feedback ber\u00fccksichtigen, m\u00f6chten wir ihre Erwartungen \u00fcbertreffen.<\/li><li><strong>F\u00f6rderung der kontinuierlichen Verbesserung<\/strong>: Unser Ansatz der kontinuierlichen Verbesserung veranlasst uns dazu, unsere Praktiken regelm\u00e4\u00dfig zu \u00fcberpr\u00fcfen und Korrekturma\u00dfnahmen zur Steigerung unserer Leistung umzusetzen.<\/li><\/ul>\t\t\t\t\t\t\t\t<\/div>\n\t\t\t\t<\/div>\n\t\t\t\t<\/div>\n\t\t<div class=\"elementor-element elementor-element-659b016 e-con-full e-flex e-con e-child\" data-id=\"659b016\" data-element_type=\"container\" data-e-type=\"container\">\n\t\t\t\t<div class=\"elementor-element elementor-element-163eda1 elementor-widget elementor-widget-image\" data-id=\"163eda1\" data-element_type=\"widget\" data-e-type=\"widget\" data-widget_type=\"image.default\">\n\t\t\t\t<div class=\"elementor-widget-container\">\n\t\t\t\t\t\t\t\t\t\t\t\t\t\t\t<img decoding=\"async\" width=\"255\" height=\"254\" src=\"https:\/\/titanfrance.com\/wp-content\/uploads\/2024\/11\/iso-14001-ogham.jpg\" class=\"attachment-large size-large wp-image-70987\" alt=\"logo iso 14001 Ogham\" srcset=\"https:\/\/titanfrance.com\/wp-content\/uploads\/2024\/11\/iso-14001-ogham.jpg 255w, https:\/\/titanfrance.com\/wp-content\/uploads\/2024\/11\/iso-14001-ogham-150x150.jpg 150w\" sizes=\"(max-width: 255px) 100vw, 255px\" \/>\t\t\t\t\t\t\t\t\t\t\t\t\t\t\t<\/div>\n\t\t\t\t<\/div>\n\t\t\t\t<div class=\"elementor-element elementor-element-06a612e elementor-widget elementor-widget-text-editor\" data-id=\"06a612e\" data-element_type=\"widget\" data-e-type=\"widget\" data-widget_type=\"text-editor.default\">\n\t\t\t\t<div class=\"elementor-widget-container\">\n\t\t\t\t\t\t\t\t\t<p><strong>ISO 14001-Zertifizierung: Unser Engagement f\u00fcr die Umwelt<\/strong><\/p><p><strong>ISO 14001<\/strong> ist eine internationale Norm, die die Kriterien f\u00fcr ein Umweltmanagementsystem (UMS) definiert. Sie wurde von der Internationalen Organisation f\u00fcr Normung (ISO) entwickelt, um Organisationen dabei zu unterst\u00fctzen, ihre Umweltbelastung zu reduzieren, Vorschriften einzuhalten und ihre Umweltleistung kontinuierlich zu verbessern. Diese Norm gilt f\u00fcr alle Organisationen, unabh\u00e4ngig von ihrer Gr\u00f6\u00dfe, ihrer Branche oder ihrem Standort.  <\/p><p>Die Norm ISO 14001 soll Organisationen in die Lage versetzen:<\/p><ul><li>Reduzierung ihrer Umweltauswirkungen: Durch Identifizierung und Kontrolle der wesentlichen Umweltaspekte.<\/li><li>Einhaltung gesetzlicher Vorschriften: Sicherstellung der Einhaltung geltender Umweltgesetze und -vorschriften.<\/li><li><strong>Kontinuierliche Verbesserung<\/strong>: Einf\u00fchrung von Prozessen zur kontinuierlichen Verbesserung, um den \u00f6kologischen Fu\u00dfabdruck ihrer Aktivit\u00e4ten zu minimieren.<\/li><li><strong>Kosten senken<\/strong>: Durch die Optimierung des Ressourceneinsatzes und die Reduzierung von Abfall und unn\u00f6tigem Verbrauch.<\/li><li><strong>St\u00e4rkung des Rufs:<\/strong> Verbesserung des Images der Organisation als verantwortungsbewusster und nachhaltiger Akteur.<\/li><\/ul><p>Titan France ist nach <strong>ISO 14001<\/strong> zertifiziert. Dies unterstreicht unser Bestreben, unsere Auswirkungen auf die Umwelt zu minimieren. Es leitet unser Handeln zum Schutz der nat\u00fcrlichen Ressourcen und zur F\u00f6rderung nachhaltiger Praktiken.  <\/p><p>Mit <strong>ISO 14001 <\/strong>verpflichtet sich TITAN FRANCE zu Folgendem:<\/p><p><strong>F\u00f6rderung kontinuierlicher Verbesserungen<\/strong>: Wir integrieren Bewertungs- und kontinuierliche Verbesserungsprozesse, um unsere Umweltleistung zu optimieren und unsere gesellschaftliche Verantwortung zu st\u00e4rken.<\/p><p><strong>Reduzierung unseres \u00f6kologischen Fu\u00dfabdrucks<\/strong>: Durch die Identifizierung und Kontrolle unserer wesentlichen Umweltaspekte ergreifen wir Ma\u00dfnahmen zur Verringerung unseres Ressourcenverbrauchs und unserer Emissionen.<\/p><p><strong>Einhaltung gesetzlicher Vorschriften<\/strong>: Wir halten uns strikt an alle Umweltvorschriften, um die Einhaltung der Vorschriften zu gew\u00e4hrleisten und das Risiko von Strafen zu vermeiden.<\/p>\t\t\t\t\t\t\t\t<\/div>\n\t\t\t\t<\/div>\n\t\t\t\t<\/div>\n\t\t\t\t\t<\/div>\n\t\t\t\t<\/div>\n\t\t\t\t<\/div>\n\t\t","protected":false},"excerpt":{"rendered":"<p>Titan France ist nach ISO 9001 und 14001 zertifiziert.<\/p>\n","protected":false},"author":1,"featured_media":70988,"parent":0,"menu_order":0,"comment_status":"closed","ping_status":"closed","template":"","meta":{"_acf_changed":false,"footnotes":""},"class_list":["post-70989","page","type-page","status-publish","has-post-thumbnail","hentry"],"acf":[],"yoast_head":"<!-- This site is optimized with the Yoast SEO plugin v27.4 - https:\/\/yoast.com\/product\/yoast-seo-wordpress\/ -->\n<title>Zertifizierungen nach ISO 9001 und 14001 \u2013 Qualit\u00e4t und Umwelt<\/title>\n<meta name=\"description\" content=\"ISO-Zertifizierungen Titan France Qualit\u00e4t, Sicherheit und Umweltschutz bei der Herstellung von Reifen, R\u00e4dern und Komponenten f\u00fcr die Landwirtschaft.\" \/>\n<meta name=\"robots\" content=\"index, follow, max-snippet:-1, max-image-preview:large, max-video-preview:-1\" \/>\n<link rel=\"canonical\" href=\"https:\/\/titanfrance.com\/de\/iso-9001-und-14001\/\" \/>\n<meta property=\"og:locale\" content=\"de_DE\" \/>\n<meta property=\"og:type\" content=\"article\" \/>\n<meta property=\"og:title\" content=\"Zertifizierungen nach ISO 9001 und 14001 \u2013 Qualit\u00e4t und Umwelt\" \/>\n<meta property=\"og:description\" content=\"ISO-Zertifizierungen Titan France Qualit\u00e4t, Sicherheit und Umweltschutz bei der Herstellung von Reifen, R\u00e4dern und Komponenten f\u00fcr die Landwirtschaft.\" \/>\n<meta property=\"og:url\" content=\"https:\/\/titanfrance.com\/de\/iso-9001-und-14001\/\" \/>\n<meta property=\"og:site_name\" content=\"TITAN France\" \/>\n<meta property=\"article:publisher\" content=\"https:\/\/www.facebook.com\/people\/Titan-France\/100054344090112\/\" \/>\n<meta property=\"article:modified_time\" content=\"2026-02-04T09:17:32+00:00\" \/>\n<meta property=\"og:image\" content=\"https:\/\/titanfrance.com\/wp-content\/uploads\/2024\/08\/component-bg-home.jpg\" \/>\n\t<meta property=\"og:image:width\" content=\"1920\" \/>\n\t<meta property=\"og:image:height\" content=\"1080\" \/>\n\t<meta property=\"og:image:type\" content=\"image\/jpeg\" \/>\n<meta name=\"twitter:card\" content=\"summary_large_image\" \/>\n<meta name=\"twitter:site\" content=\"@titanfrance1\" \/>\n<meta name=\"twitter:label1\" content=\"Gesch\u00e4tzte Lesezeit\" \/>\n\t<meta name=\"twitter:data1\" content=\"2\u00a0Minuten\" \/>\n<script type=\"application\/ld+json\" class=\"yoast-schema-graph\">{\"@context\":\"https:\\\/\\\/schema.org\",\"@graph\":[{\"@type\":\"WebPage\",\"@id\":\"https:\\\/\\\/titanfrance.com\\\/de\\\/iso-9001-und-14001\\\/\",\"url\":\"https:\\\/\\\/titanfrance.com\\\/de\\\/iso-9001-und-14001\\\/\",\"name\":\"Zertifizierungen nach ISO 9001 und 14001 \u2013 Qualit\u00e4t und Umwelt\",\"isPartOf\":{\"@id\":\"https:\\\/\\\/titanfrance.com\\\/de\\\/#website\"},\"primaryImageOfPage\":{\"@id\":\"https:\\\/\\\/titanfrance.com\\\/de\\\/iso-9001-und-14001\\\/#primaryimage\"},\"image\":{\"@id\":\"https:\\\/\\\/titanfrance.com\\\/de\\\/iso-9001-und-14001\\\/#primaryimage\"},\"thumbnailUrl\":\"https:\\\/\\\/titanfrance.com\\\/wp-content\\\/uploads\\\/2024\\\/08\\\/component-bg-home.jpg\",\"datePublished\":\"2024-12-12T16:01:06+00:00\",\"dateModified\":\"2026-02-04T09:17:32+00:00\",\"description\":\"ISO-Zertifizierungen Titan France Qualit\u00e4t, Sicherheit und Umweltschutz bei der Herstellung von Reifen, R\u00e4dern und Komponenten f\u00fcr die Landwirtschaft.\",\"breadcrumb\":{\"@id\":\"https:\\\/\\\/titanfrance.com\\\/de\\\/iso-9001-und-14001\\\/#breadcrumb\"},\"inLanguage\":\"de\",\"potentialAction\":[{\"@type\":\"ReadAction\",\"target\":[\"https:\\\/\\\/titanfrance.com\\\/de\\\/iso-9001-und-14001\\\/\"]}]},{\"@type\":\"ImageObject\",\"inLanguage\":\"de\",\"@id\":\"https:\\\/\\\/titanfrance.com\\\/de\\\/iso-9001-und-14001\\\/#primaryimage\",\"url\":\"https:\\\/\\\/titanfrance.com\\\/wp-content\\\/uploads\\\/2024\\\/08\\\/component-bg-home.jpg\",\"contentUrl\":\"https:\\\/\\\/titanfrance.com\\\/wp-content\\\/uploads\\\/2024\\\/08\\\/component-bg-home.jpg\",\"width\":1920,\"height\":1080,\"caption\":\"Paysage agricole champ cultiv\u00e9\"},{\"@type\":\"BreadcrumbList\",\"@id\":\"https:\\\/\\\/titanfrance.com\\\/de\\\/iso-9001-und-14001\\\/#breadcrumb\",\"itemListElement\":[{\"@type\":\"ListItem\",\"position\":1,\"name\":\"Accueil\",\"item\":\"https:\\\/\\\/titanfrance.com\\\/de\\\/\"},{\"@type\":\"ListItem\",\"position\":2,\"name\":\"ISO-Zertifizierungen\"}]},{\"@type\":\"WebSite\",\"@id\":\"https:\\\/\\\/titanfrance.com\\\/de\\\/#website\",\"url\":\"https:\\\/\\\/titanfrance.com\\\/de\\\/\",\"name\":\"TITAN France\",\"description\":\"TITAN and Goodyear Farm Tires brands\",\"publisher\":{\"@id\":\"https:\\\/\\\/titanfrance.com\\\/de\\\/#organization\"},\"alternateName\":\"Fabricants de roues, de pneus et de composants de ch\u00e2ssis pour v\u00e9hicules tout-terrain.\",\"potentialAction\":[{\"@type\":\"SearchAction\",\"target\":{\"@type\":\"EntryPoint\",\"urlTemplate\":\"https:\\\/\\\/titanfrance.com\\\/de\\\/?s={search_term_string}\"},\"query-input\":{\"@type\":\"PropertyValueSpecification\",\"valueRequired\":true,\"valueName\":\"search_term_string\"}}],\"inLanguage\":\"de\"},{\"@type\":\"Organization\",\"@id\":\"https:\\\/\\\/titanfrance.com\\\/de\\\/#organization\",\"name\":\"TITAN France - FLERS\",\"url\":\"https:\\\/\\\/titanfrance.com\\\/de\\\/\",\"logo\":{\"@type\":\"ImageObject\",\"inLanguage\":\"de\",\"@id\":\"https:\\\/\\\/titanfrance.com\\\/de\\\/#\\\/schema\\\/logo\\\/image\\\/\",\"url\":\"https:\\\/\\\/titanfrance.com\\\/wp-content\\\/uploads\\\/2024\\\/07\\\/logo-Titan-goodyear.png\",\"contentUrl\":\"https:\\\/\\\/titanfrance.com\\\/wp-content\\\/uploads\\\/2024\\\/07\\\/logo-Titan-goodyear.png\",\"width\":696,\"height\":696,\"caption\":\"TITAN France - FLERS\"},\"image\":{\"@id\":\"https:\\\/\\\/titanfrance.com\\\/de\\\/#\\\/schema\\\/logo\\\/image\\\/\"},\"sameAs\":[\"https:\\\/\\\/www.facebook.com\\\/people\\\/Titan-France\\\/100054344090112\\\/\",\"https:\\\/\\\/x.com\\\/titanfrance1\",\"https:\\\/\\\/www.youtube.com\\\/channel\\\/UCbpLZ8EDC_1mEAwmMMyFYkg\",\"https:\\\/\\\/www.instagram.com\\\/titan_france\\\/?utm_source=ig_profile_share&igshid=q0ytsbjj91ve&fbclid=IwAR0srThhgUmUYTjvY_vGoqDg51xGkvvJhrBkEmLz2y_ntiOgjCeaBaOzqVA\",\"https:\\\/\\\/www.linkedin.com\\\/uas\\\/login?session_redirect=https:\\\/\\\/www.linkedin.com\\\/company\\\/titan-france-sas\\\/about\\\/\"]}]}<\/script>\n<!-- \/ Yoast SEO plugin. -->","yoast_head_json":{"title":"Zertifizierungen nach ISO 9001 und 14001 \u2013 Qualit\u00e4t und Umwelt","description":"ISO-Zertifizierungen Titan France Qualit\u00e4t, Sicherheit und Umweltschutz bei der Herstellung von Reifen, R\u00e4dern und Komponenten f\u00fcr die Landwirtschaft.","robots":{"index":"index","follow":"follow","max-snippet":"max-snippet:-1","max-image-preview":"max-image-preview:large","max-video-preview":"max-video-preview:-1"},"canonical":"https:\/\/titanfrance.com\/de\/iso-9001-und-14001\/","og_locale":"de_DE","og_type":"article","og_title":"Zertifizierungen nach ISO 9001 und 14001 \u2013 Qualit\u00e4t und Umwelt","og_description":"ISO-Zertifizierungen Titan France Qualit\u00e4t, Sicherheit und Umweltschutz bei der Herstellung von Reifen, R\u00e4dern und Komponenten f\u00fcr die Landwirtschaft.","og_url":"https:\/\/titanfrance.com\/de\/iso-9001-und-14001\/","og_site_name":"TITAN France","article_publisher":"https:\/\/www.facebook.com\/people\/Titan-France\/100054344090112\/","article_modified_time":"2026-02-04T09:17:32+00:00","og_image":[{"width":1920,"height":1080,"url":"https:\/\/titanfrance.com\/wp-content\/uploads\/2024\/08\/component-bg-home.jpg","type":"image\/jpeg"}],"twitter_card":"summary_large_image","twitter_site":"@titanfrance1","twitter_misc":{"Gesch\u00e4tzte Lesezeit":"2\u00a0Minuten"},"schema":{"@context":"https:\/\/schema.org","@graph":[{"@type":"WebPage","@id":"https:\/\/titanfrance.com\/de\/iso-9001-und-14001\/","url":"https:\/\/titanfrance.com\/de\/iso-9001-und-14001\/","name":"Zertifizierungen nach ISO 9001 und 14001 \u2013 Qualit\u00e4t und Umwelt","isPartOf":{"@id":"https:\/\/titanfrance.com\/de\/#website"},"primaryImageOfPage":{"@id":"https:\/\/titanfrance.com\/de\/iso-9001-und-14001\/#primaryimage"},"image":{"@id":"https:\/\/titanfrance.com\/de\/iso-9001-und-14001\/#primaryimage"},"thumbnailUrl":"https:\/\/titanfrance.com\/wp-content\/uploads\/2024\/08\/component-bg-home.jpg","datePublished":"2024-12-12T16:01:06+00:00","dateModified":"2026-02-04T09:17:32+00:00","description":"ISO-Zertifizierungen Titan France Qualit\u00e4t, Sicherheit und Umweltschutz bei der Herstellung von Reifen, R\u00e4dern und Komponenten f\u00fcr die Landwirtschaft.","breadcrumb":{"@id":"https:\/\/titanfrance.com\/de\/iso-9001-und-14001\/#breadcrumb"},"inLanguage":"de","potentialAction":[{"@type":"ReadAction","target":["https:\/\/titanfrance.com\/de\/iso-9001-und-14001\/"]}]},{"@type":"ImageObject","inLanguage":"de","@id":"https:\/\/titanfrance.com\/de\/iso-9001-und-14001\/#primaryimage","url":"https:\/\/titanfrance.com\/wp-content\/uploads\/2024\/08\/component-bg-home.jpg","contentUrl":"https:\/\/titanfrance.com\/wp-content\/uploads\/2024\/08\/component-bg-home.jpg","width":1920,"height":1080,"caption":"Paysage agricole champ cultiv\u00e9"},{"@type":"BreadcrumbList","@id":"https:\/\/titanfrance.com\/de\/iso-9001-und-14001\/#breadcrumb","itemListElement":[{"@type":"ListItem","position":1,"name":"Accueil","item":"https:\/\/titanfrance.com\/de\/"},{"@type":"ListItem","position":2,"name":"ISO-Zertifizierungen"}]},{"@type":"WebSite","@id":"https:\/\/titanfrance.com\/de\/#website","url":"https:\/\/titanfrance.com\/de\/","name":"TITAN France","description":"TITAN and Goodyear Farm Tires brands","publisher":{"@id":"https:\/\/titanfrance.com\/de\/#organization"},"alternateName":"Fabricants de roues, de pneus et de composants de ch\u00e2ssis pour v\u00e9hicules tout-terrain.","potentialAction":[{"@type":"SearchAction","target":{"@type":"EntryPoint","urlTemplate":"https:\/\/titanfrance.com\/de\/?s={search_term_string}"},"query-input":{"@type":"PropertyValueSpecification","valueRequired":true,"valueName":"search_term_string"}}],"inLanguage":"de"},{"@type":"Organization","@id":"https:\/\/titanfrance.com\/de\/#organization","name":"TITAN France - FLERS","url":"https:\/\/titanfrance.com\/de\/","logo":{"@type":"ImageObject","inLanguage":"de","@id":"https:\/\/titanfrance.com\/de\/#\/schema\/logo\/image\/","url":"https:\/\/titanfrance.com\/wp-content\/uploads\/2024\/07\/logo-Titan-goodyear.png","contentUrl":"https:\/\/titanfrance.com\/wp-content\/uploads\/2024\/07\/logo-Titan-goodyear.png","width":696,"height":696,"caption":"TITAN France - FLERS"},"image":{"@id":"https:\/\/titanfrance.com\/de\/#\/schema\/logo\/image\/"},"sameAs":["https:\/\/www.facebook.com\/people\/Titan-France\/100054344090112\/","https:\/\/x.com\/titanfrance1","https:\/\/www.youtube.com\/channel\/UCbpLZ8EDC_1mEAwmMMyFYkg","https:\/\/www.instagram.com\/titan_france\/?utm_source=ig_profile_share&igshid=q0ytsbjj91ve&fbclid=IwAR0srThhgUmUYTjvY_vGoqDg51xGkvvJhrBkEmLz2y_ntiOgjCeaBaOzqVA","https:\/\/www.linkedin.com\/uas\/login?session_redirect=https:\/\/www.linkedin.com\/company\/titan-france-sas\/about\/"]}]}},"_links":{"self":[{"href":"https:\/\/titanfrance.com\/de\/wp-json\/wp\/v2\/pages\/70989","targetHints":{"allow":["GET"]}}],"collection":[{"href":"https:\/\/titanfrance.com\/de\/wp-json\/wp\/v2\/pages"}],"about":[{"href":"https:\/\/titanfrance.com\/de\/wp-json\/wp\/v2\/types\/page"}],"author":[{"embeddable":true,"href":"https:\/\/titanfrance.com\/de\/wp-json\/wp\/v2\/users\/1"}],"replies":[{"embeddable":true,"href":"https:\/\/titanfrance.com\/de\/wp-json\/wp\/v2\/comments?post=70989"}],"version-history":[{"count":1,"href":"https:\/\/titanfrance.com\/de\/wp-json\/wp\/v2\/pages\/70989\/revisions"}],"predecessor-version":[{"id":70990,"href":"https:\/\/titanfrance.com\/de\/wp-json\/wp\/v2\/pages\/70989\/revisions\/70990"}],"wp:featuredmedia":[{"embeddable":true,"href":"https:\/\/titanfrance.com\/de\/wp-json\/wp\/v2\/media\/70988"}],"wp:attachment":[{"href":"https:\/\/titanfrance.com\/de\/wp-json\/wp\/v2\/media?parent=70989"}],"curies":[{"name":"wp","href":"https:\/\/api.w.org\/{rel}","templated":true}]}}