{"id":70944,"date":"2024-08-14T10:51:11","date_gmt":"2024-08-14T08:51:11","guid":{"rendered":"https:\/\/titanfrance.com\/senden-sie-ihre-bewerbung\/"},"modified":"2026-02-04T10:00:43","modified_gmt":"2026-02-04T09:00:43","slug":"senden-sie-ihre-bewerbung","status":"publish","type":"page","link":"https:\/\/titanfrance.com\/de\/senden-sie-ihre-bewerbung\/","title":{"rendered":"Senden Sie Ihre Bewerbung"},"content":{"rendered":"\t\t<div data-elementor-type=\"wp-page\" data-elementor-id=\"70944\" class=\"elementor elementor-70944 elementor-2610\" data-elementor-post-type=\"page\">\n\t\t\t\t<div class=\"elementor-element elementor-element-9e1914a e-flex e-con-boxed e-con e-parent\" data-id=\"9e1914a\" data-element_type=\"container\" data-e-type=\"container\">\n\t\t\t\t\t<div class=\"e-con-inner\">\n\t\t\t\t<div class=\"elementor-element elementor-element-3fecb65 elementor-button-align-stretch elementor-widget elementor-widget-form\" data-id=\"3fecb65\" data-element_type=\"widget\" data-e-type=\"widget\" data-settings=\"{&quot;step_next_label&quot;:&quot;Weiter&quot;,&quot;step_previous_label&quot;:&quot;Zur\\u00fcck&quot;,&quot;button_width&quot;:&quot;40&quot;,&quot;step_type&quot;:&quot;number_text&quot;,&quot;step_icon_shape&quot;:&quot;circle&quot;}\" data-widget_type=\"form.default\">\n\t\t\t\t<div class=\"elementor-widget-container\">\n\t\t\t\t\t\t\t<form class=\"elementor-form\" method=\"post\" name=\"Bewerbung\" aria-label=\"Bewerbung\" novalidate=\"\">\n\t\t\t<input type=\"hidden\" name=\"post_id\" value=\"70944\"\/>\n\t\t\t<input type=\"hidden\" name=\"form_id\" value=\"3fecb65\"\/>\n\t\t\t<input type=\"hidden\" name=\"referer_title\" value=\"TITAN France\" \/>\n\n\t\t\t\n\t\t\t<div class=\"elementor-form-fields-wrapper elementor-labels-above\">\n\t\t\t\t\t\t\t\t<div class=\"elementor-field-type-text elementor-field-group elementor-column elementor-field-group-name elementor-col-50 elementor-field-required elementor-mark-required\">\n\t\t\t\t\t\t\t\t\t\t\t\t<label for=\"form-field-name\" class=\"elementor-field-label\">\n\t\t\t\t\t\t\t\tName\t\t\t\t\t\t\t<\/label>\n\t\t\t\t\t\t\t\t\t\t\t\t\t\t<input size=\"1\" type=\"text\" name=\"form_fields[name]\" id=\"form-field-name\" class=\"elementor-field elementor-size-md  elementor-field-textual\" placeholder=\"Name\" required=\"required\">\n\t\t\t\t\t\t\t\t\t\t\t<\/div>\n\t\t\t\t\t\t\t\t<div class=\"elementor-field-type-text elementor-field-group elementor-column elementor-field-group-field_1850e78 elementor-col-50 elementor-field-required elementor-mark-required\">\n\t\t\t\t\t\t\t\t\t\t\t\t<label for=\"form-field-field_1850e78\" class=\"elementor-field-label\">\n\t\t\t\t\t\t\t\tVorname\t\t\t\t\t\t\t<\/label>\n\t\t\t\t\t\t\t\t\t\t\t\t\t\t<input size=\"1\" type=\"text\" name=\"form_fields[field_1850e78]\" id=\"form-field-field_1850e78\" class=\"elementor-field elementor-size-md  elementor-field-textual\" placeholder=\"Vorname\" required=\"required\">\n\t\t\t\t\t\t\t\t\t\t\t<\/div>\n\t\t\t\t\t\t\t\t<div class=\"elementor-field-type-email elementor-field-group elementor-column elementor-field-group-email elementor-col-50 elementor-field-required elementor-mark-required\">\n\t\t\t\t\t\t\t\t\t\t\t\t<label for=\"form-field-email\" class=\"elementor-field-label\">\n\t\t\t\t\t\t\t\tE-mail\t\t\t\t\t\t\t<\/label>\n\t\t\t\t\t\t\t\t\t\t\t\t\t\t<input size=\"1\" type=\"email\" name=\"form_fields[email]\" id=\"form-field-email\" class=\"elementor-field elementor-size-md  elementor-field-textual\" placeholder=\"E-mail\" required=\"required\">\n\t\t\t\t\t\t\t\t\t\t\t<\/div>\n\t\t\t\t\t\t\t\t<div class=\"elementor-field-type-tel elementor-field-group elementor-column elementor-field-group-field_6f80c02 elementor-col-50 elementor-field-required elementor-mark-required\">\n\t\t\t\t\t\t\t\t\t\t\t\t<label for=\"form-field-field_6f80c02\" class=\"elementor-field-label\">\n\t\t\t\t\t\t\t\tTelefon\t\t\t\t\t\t\t<\/label>\n\t\t\t\t\t\t\t\t<input size=\"1\" type=\"tel\" name=\"form_fields[field_6f80c02]\" id=\"form-field-field_6f80c02\" class=\"elementor-field elementor-size-md  elementor-field-textual\" placeholder=\"Telefon\" required=\"required\" pattern=\"[0-9()#&amp;+*-=.]+\" title=\"Nur Nummern oder Telefon-Zeichen (#, -, *, etc) werden akzeptiert.\">\n\n\t\t\t\t\t\t<\/div>\n\t\t\t\t\t\t\t\t<div class=\"elementor-field-type-textarea elementor-field-group elementor-column elementor-field-group-message elementor-col-100\">\n\t\t\t\t\t\t\t\t\t\t\t\t<label for=\"form-field-message\" class=\"elementor-field-label\">\n\t\t\t\t\t\t\t\tNachricht\t\t\t\t\t\t\t<\/label>\n\t\t\t\t\t\t<textarea class=\"elementor-field-textual elementor-field  elementor-size-md\" name=\"form_fields[message]\" id=\"form-field-message\" rows=\"4\" placeholder=\"Nachricht\"><\/textarea>\t\t\t\t<\/div>\n\t\t\t\t\t\t\t\t<div class=\"elementor-field-type-upload elementor-field-group elementor-column elementor-field-group-field_fcc5b94 elementor-col-100 elementor-field-required elementor-mark-required\">\n\t\t\t\t\t\t\t\t\t\t\t\t<label for=\"form-field-field_fcc5b94\" class=\"elementor-field-label\">\n\t\t\t\t\t\t\t\tDatei hinzuf\u00fcgen (Lebenslauf und\/oder Anschreiben)\t\t\t\t\t\t\t<\/label>\n\t\t\t\t\t\t\t\t<input type=\"file\" name=\"form_fields[field_fcc5b94]\" id=\"form-field-field_fcc5b94\" class=\"elementor-field elementor-size-md  elementor-upload-field\" required=\"required\" data-maxsize=\"3\" data-maxsize-message=\"Diese Datei \u00fcbersteigt die maximale Dateigr\u00f6\u00dfe.\">\n\n\t\t\t\t\t\t<\/div>\n\t\t\t\t\t\t\t\t<div class=\"elementor-field-group elementor-column elementor-field-type-submit elementor-col-40 e-form__buttons\">\n\t\t\t\t\t<button class=\"elementor-button elementor-size-sm\" type=\"submit\">\n\t\t\t\t\t\t<span class=\"elementor-button-content-wrapper\">\n\t\t\t\t\t\t\t\t\t\t\t\t\t\t\t\t\t\t\t\t\t\t<span class=\"elementor-button-text\">Senden \u00bb<\/span>\n\t\t\t\t\t\t\t\t\t\t\t\t\t<\/span>\n\t\t\t\t\t<\/button>\n\t\t\t\t<\/div>\n\t\t\t<\/div>\n\t\t<\/form>\n\t\t\t\t\t\t<\/div>\n\t\t\t\t<\/div>\n\t\t\t\t\t<\/div>\n\t\t\t\t<\/div>\n\t\t\t\t<\/div>\n\t\t","protected":false},"excerpt":{"rendered":"","protected":false},"author":1,"featured_media":70943,"parent":0,"menu_order":0,"comment_status":"closed","ping_status":"closed","template":"","meta":{"_acf_changed":false,"footnotes":""},"class_list":["post-70944","page","type-page","status-publish","has-post-thumbnail","hentry"],"acf":[],"yoast_head":"<!-- This site is optimized with the Yoast SEO plugin v27.4 - https:\/\/yoast.com\/product\/yoast-seo-wordpress\/ -->\n<title>Bewerbung senden \u2013 Titan France<\/title>\n<meta name=\"description\" content=\"Senden Sie Ihre Bewerbung an Titan France. Bewerben Sie sich einfach, um Teil eines auf Landwirtschaft spezialisierten Industrieunternehmens zu werden.\" \/>\n<meta name=\"robots\" content=\"index, follow, max-snippet:-1, max-image-preview:large, max-video-preview:-1\" \/>\n<link rel=\"canonical\" href=\"https:\/\/titanfrance.com\/de\/senden-sie-ihre-bewerbung\/\" \/>\n<meta property=\"og:locale\" content=\"de_DE\" \/>\n<meta property=\"og:type\" content=\"article\" \/>\n<meta property=\"og:title\" content=\"Bewerbung senden \u2013 Titan France\" \/>\n<meta property=\"og:description\" content=\"Senden Sie Ihre Bewerbung an Titan France. Bewerben Sie sich einfach, um Teil eines auf Landwirtschaft spezialisierten Industrieunternehmens zu werden.\" \/>\n<meta property=\"og:url\" content=\"https:\/\/titanfrance.com\/de\/senden-sie-ihre-bewerbung\/\" \/>\n<meta property=\"og:site_name\" content=\"TITAN France\" \/>\n<meta property=\"article:publisher\" content=\"https:\/\/www.facebook.com\/people\/Titan-France\/100054344090112\/\" \/>\n<meta property=\"article:modified_time\" content=\"2026-02-04T09:00:43+00:00\" \/>\n<meta property=\"og:image\" content=\"https:\/\/titanfrance.com\/wp-content\/uploads\/2024\/08\/15.jpg\" \/>\n\t<meta property=\"og:image:width\" content=\"1903\" \/>\n\t<meta property=\"og:image:height\" content=\"474\" \/>\n\t<meta property=\"og:image:type\" content=\"image\/jpeg\" \/>\n<meta name=\"twitter:card\" content=\"summary_large_image\" \/>\n<meta name=\"twitter:site\" content=\"@titanfrance1\" \/>\n<script type=\"application\/ld+json\" class=\"yoast-schema-graph\">{\"@context\":\"https:\\\/\\\/schema.org\",\"@graph\":[{\"@type\":\"WebPage\",\"@id\":\"https:\\\/\\\/titanfrance.com\\\/de\\\/senden-sie-ihre-bewerbung\\\/\",\"url\":\"https:\\\/\\\/titanfrance.com\\\/de\\\/senden-sie-ihre-bewerbung\\\/\",\"name\":\"Bewerbung senden \u2013 Titan France\",\"isPartOf\":{\"@id\":\"https:\\\/\\\/titanfrance.com\\\/de\\\/#website\"},\"primaryImageOfPage\":{\"@id\":\"https:\\\/\\\/titanfrance.com\\\/de\\\/senden-sie-ihre-bewerbung\\\/#primaryimage\"},\"image\":{\"@id\":\"https:\\\/\\\/titanfrance.com\\\/de\\\/senden-sie-ihre-bewerbung\\\/#primaryimage\"},\"thumbnailUrl\":\"https:\\\/\\\/titanfrance.com\\\/wp-content\\\/uploads\\\/2024\\\/08\\\/15.jpg\",\"datePublished\":\"2024-08-14T08:51:11+00:00\",\"dateModified\":\"2026-02-04T09:00:43+00:00\",\"description\":\"Senden Sie Ihre Bewerbung an Titan France. Bewerben Sie sich einfach, um Teil eines auf Landwirtschaft spezialisierten Industrieunternehmens zu werden.\",\"breadcrumb\":{\"@id\":\"https:\\\/\\\/titanfrance.com\\\/de\\\/senden-sie-ihre-bewerbung\\\/#breadcrumb\"},\"inLanguage\":\"de\",\"potentialAction\":[{\"@type\":\"ReadAction\",\"target\":[\"https:\\\/\\\/titanfrance.com\\\/de\\\/senden-sie-ihre-bewerbung\\\/\"]}]},{\"@type\":\"ImageObject\",\"inLanguage\":\"de\",\"@id\":\"https:\\\/\\\/titanfrance.com\\\/de\\\/senden-sie-ihre-bewerbung\\\/#primaryimage\",\"url\":\"https:\\\/\\\/titanfrance.com\\\/wp-content\\\/uploads\\\/2024\\\/08\\\/15.jpg\",\"contentUrl\":\"https:\\\/\\\/titanfrance.com\\\/wp-content\\\/uploads\\\/2024\\\/08\\\/15.jpg\",\"width\":1903,\"height\":474,\"caption\":\"Bewerbung senden Titan France\"},{\"@type\":\"BreadcrumbList\",\"@id\":\"https:\\\/\\\/titanfrance.com\\\/de\\\/senden-sie-ihre-bewerbung\\\/#breadcrumb\",\"itemListElement\":[{\"@type\":\"ListItem\",\"position\":1,\"name\":\"Accueil\",\"item\":\"https:\\\/\\\/titanfrance.com\\\/de\\\/\"},{\"@type\":\"ListItem\",\"position\":2,\"name\":\"Senden Sie Ihre Bewerbung\"}]},{\"@type\":\"WebSite\",\"@id\":\"https:\\\/\\\/titanfrance.com\\\/de\\\/#website\",\"url\":\"https:\\\/\\\/titanfrance.com\\\/de\\\/\",\"name\":\"TITAN France\",\"description\":\"TITAN and Goodyear Farm Tires brands\",\"publisher\":{\"@id\":\"https:\\\/\\\/titanfrance.com\\\/de\\\/#organization\"},\"alternateName\":\"Fabricants de roues, de pneus et de composants de ch\u00e2ssis pour v\u00e9hicules tout-terrain.\",\"potentialAction\":[{\"@type\":\"SearchAction\",\"target\":{\"@type\":\"EntryPoint\",\"urlTemplate\":\"https:\\\/\\\/titanfrance.com\\\/de\\\/?s={search_term_string}\"},\"query-input\":{\"@type\":\"PropertyValueSpecification\",\"valueRequired\":true,\"valueName\":\"search_term_string\"}}],\"inLanguage\":\"de\"},{\"@type\":\"Organization\",\"@id\":\"https:\\\/\\\/titanfrance.com\\\/de\\\/#organization\",\"name\":\"TITAN France - FLERS\",\"url\":\"https:\\\/\\\/titanfrance.com\\\/de\\\/\",\"logo\":{\"@type\":\"ImageObject\",\"inLanguage\":\"de\",\"@id\":\"https:\\\/\\\/titanfrance.com\\\/de\\\/#\\\/schema\\\/logo\\\/image\\\/\",\"url\":\"https:\\\/\\\/titanfrance.com\\\/wp-content\\\/uploads\\\/2024\\\/07\\\/logo-Titan-goodyear.png\",\"contentUrl\":\"https:\\\/\\\/titanfrance.com\\\/wp-content\\\/uploads\\\/2024\\\/07\\\/logo-Titan-goodyear.png\",\"width\":696,\"height\":696,\"caption\":\"TITAN France - FLERS\"},\"image\":{\"@id\":\"https:\\\/\\\/titanfrance.com\\\/de\\\/#\\\/schema\\\/logo\\\/image\\\/\"},\"sameAs\":[\"https:\\\/\\\/www.facebook.com\\\/people\\\/Titan-France\\\/100054344090112\\\/\",\"https:\\\/\\\/x.com\\\/titanfrance1\",\"https:\\\/\\\/www.youtube.com\\\/channel\\\/UCbpLZ8EDC_1mEAwmMMyFYkg\",\"https:\\\/\\\/www.instagram.com\\\/titan_france\\\/?utm_source=ig_profile_share&igshid=q0ytsbjj91ve&fbclid=IwAR0srThhgUmUYTjvY_vGoqDg51xGkvvJhrBkEmLz2y_ntiOgjCeaBaOzqVA\",\"https:\\\/\\\/www.linkedin.com\\\/uas\\\/login?session_redirect=https:\\\/\\\/www.linkedin.com\\\/company\\\/titan-france-sas\\\/about\\\/\"]}]}<\/script>\n<!-- \/ Yoast SEO plugin. -->","yoast_head_json":{"title":"Bewerbung senden \u2013 Titan France","description":"Senden Sie Ihre Bewerbung an Titan France. Bewerben Sie sich einfach, um Teil eines auf Landwirtschaft spezialisierten Industrieunternehmens zu werden.","robots":{"index":"index","follow":"follow","max-snippet":"max-snippet:-1","max-image-preview":"max-image-preview:large","max-video-preview":"max-video-preview:-1"},"canonical":"https:\/\/titanfrance.com\/de\/senden-sie-ihre-bewerbung\/","og_locale":"de_DE","og_type":"article","og_title":"Bewerbung senden \u2013 Titan France","og_description":"Senden Sie Ihre Bewerbung an Titan France. Bewerben Sie sich einfach, um Teil eines auf Landwirtschaft spezialisierten Industrieunternehmens zu werden.","og_url":"https:\/\/titanfrance.com\/de\/senden-sie-ihre-bewerbung\/","og_site_name":"TITAN France","article_publisher":"https:\/\/www.facebook.com\/people\/Titan-France\/100054344090112\/","article_modified_time":"2026-02-04T09:00:43+00:00","og_image":[{"width":1903,"height":474,"url":"https:\/\/titanfrance.com\/wp-content\/uploads\/2024\/08\/15.jpg","type":"image\/jpeg"}],"twitter_card":"summary_large_image","twitter_site":"@titanfrance1","schema":{"@context":"https:\/\/schema.org","@graph":[{"@type":"WebPage","@id":"https:\/\/titanfrance.com\/de\/senden-sie-ihre-bewerbung\/","url":"https:\/\/titanfrance.com\/de\/senden-sie-ihre-bewerbung\/","name":"Bewerbung senden \u2013 Titan France","isPartOf":{"@id":"https:\/\/titanfrance.com\/de\/#website"},"primaryImageOfPage":{"@id":"https:\/\/titanfrance.com\/de\/senden-sie-ihre-bewerbung\/#primaryimage"},"image":{"@id":"https:\/\/titanfrance.com\/de\/senden-sie-ihre-bewerbung\/#primaryimage"},"thumbnailUrl":"https:\/\/titanfrance.com\/wp-content\/uploads\/2024\/08\/15.jpg","datePublished":"2024-08-14T08:51:11+00:00","dateModified":"2026-02-04T09:00:43+00:00","description":"Senden Sie Ihre Bewerbung an Titan France. Bewerben Sie sich einfach, um Teil eines auf Landwirtschaft spezialisierten Industrieunternehmens zu werden.","breadcrumb":{"@id":"https:\/\/titanfrance.com\/de\/senden-sie-ihre-bewerbung\/#breadcrumb"},"inLanguage":"de","potentialAction":[{"@type":"ReadAction","target":["https:\/\/titanfrance.com\/de\/senden-sie-ihre-bewerbung\/"]}]},{"@type":"ImageObject","inLanguage":"de","@id":"https:\/\/titanfrance.com\/de\/senden-sie-ihre-bewerbung\/#primaryimage","url":"https:\/\/titanfrance.com\/wp-content\/uploads\/2024\/08\/15.jpg","contentUrl":"https:\/\/titanfrance.com\/wp-content\/uploads\/2024\/08\/15.jpg","width":1903,"height":474,"caption":"Bewerbung senden Titan France"},{"@type":"BreadcrumbList","@id":"https:\/\/titanfrance.com\/de\/senden-sie-ihre-bewerbung\/#breadcrumb","itemListElement":[{"@type":"ListItem","position":1,"name":"Accueil","item":"https:\/\/titanfrance.com\/de\/"},{"@type":"ListItem","position":2,"name":"Senden Sie Ihre Bewerbung"}]},{"@type":"WebSite","@id":"https:\/\/titanfrance.com\/de\/#website","url":"https:\/\/titanfrance.com\/de\/","name":"TITAN France","description":"TITAN and Goodyear Farm Tires brands","publisher":{"@id":"https:\/\/titanfrance.com\/de\/#organization"},"alternateName":"Fabricants de roues, de pneus et de composants de ch\u00e2ssis pour v\u00e9hicules tout-terrain.","potentialAction":[{"@type":"SearchAction","target":{"@type":"EntryPoint","urlTemplate":"https:\/\/titanfrance.com\/de\/?s={search_term_string}"},"query-input":{"@type":"PropertyValueSpecification","valueRequired":true,"valueName":"search_term_string"}}],"inLanguage":"de"},{"@type":"Organization","@id":"https:\/\/titanfrance.com\/de\/#organization","name":"TITAN France - FLERS","url":"https:\/\/titanfrance.com\/de\/","logo":{"@type":"ImageObject","inLanguage":"de","@id":"https:\/\/titanfrance.com\/de\/#\/schema\/logo\/image\/","url":"https:\/\/titanfrance.com\/wp-content\/uploads\/2024\/07\/logo-Titan-goodyear.png","contentUrl":"https:\/\/titanfrance.com\/wp-content\/uploads\/2024\/07\/logo-Titan-goodyear.png","width":696,"height":696,"caption":"TITAN France - FLERS"},"image":{"@id":"https:\/\/titanfrance.com\/de\/#\/schema\/logo\/image\/"},"sameAs":["https:\/\/www.facebook.com\/people\/Titan-France\/100054344090112\/","https:\/\/x.com\/titanfrance1","https:\/\/www.youtube.com\/channel\/UCbpLZ8EDC_1mEAwmMMyFYkg","https:\/\/www.instagram.com\/titan_france\/?utm_source=ig_profile_share&igshid=q0ytsbjj91ve&fbclid=IwAR0srThhgUmUYTjvY_vGoqDg51xGkvvJhrBkEmLz2y_ntiOgjCeaBaOzqVA","https:\/\/www.linkedin.com\/uas\/login?session_redirect=https:\/\/www.linkedin.com\/company\/titan-france-sas\/about\/"]}]}},"_links":{"self":[{"href":"https:\/\/titanfrance.com\/de\/wp-json\/wp\/v2\/pages\/70944","targetHints":{"allow":["GET"]}}],"collection":[{"href":"https:\/\/titanfrance.com\/de\/wp-json\/wp\/v2\/pages"}],"about":[{"href":"https:\/\/titanfrance.com\/de\/wp-json\/wp\/v2\/types\/page"}],"author":[{"embeddable":true,"href":"https:\/\/titanfrance.com\/de\/wp-json\/wp\/v2\/users\/1"}],"replies":[{"embeddable":true,"href":"https:\/\/titanfrance.com\/de\/wp-json\/wp\/v2\/comments?post=70944"}],"version-history":[{"count":1,"href":"https:\/\/titanfrance.com\/de\/wp-json\/wp\/v2\/pages\/70944\/revisions"}],"predecessor-version":[{"id":70945,"href":"https:\/\/titanfrance.com\/de\/wp-json\/wp\/v2\/pages\/70944\/revisions\/70945"}],"wp:featuredmedia":[{"embeddable":true,"href":"https:\/\/titanfrance.com\/de\/wp-json\/wp\/v2\/media\/70943"}],"wp:attachment":[{"href":"https:\/\/titanfrance.com\/de\/wp-json\/wp\/v2\/media?parent=70944"}],"curies":[{"name":"wp","href":"https:\/\/api.w.org\/{rel}","templated":true}]}}