{"id":70938,"date":"2024-12-03T12:22:05","date_gmt":"2024-12-03T11:22:05","guid":{"rendered":"https:\/\/titanfrance.com\/allgemeine-nutzungsbedingungen\/"},"modified":"2026-02-04T09:53:52","modified_gmt":"2026-02-04T08:53:52","slug":"allgemeine-nutzungsbedingungen","status":"publish","type":"page","link":"https:\/\/titanfrance.com\/de\/allgemeine-nutzungsbedingungen\/","title":{"rendered":"Allgemeine Nutzungsbedingungen"},"content":{"rendered":"<p>Diese Allgemeinen Nutzungsbedingungen (nachfolgend &#8220; <strong>ANB <\/strong>&#8222;) werden zwischen TITAN FRANCE SAS, Route de Vassy, 61100, Saint-Georges-des-Groseillers (nachfolgend &#8220; <strong>TITAN FR <\/strong>ANCE&#8220; oder &#8220; <strong>wir<\/strong> &#8222;) und den Internetnutzern (nachfolgend &#8220; <strong>Internetnutzer <\/strong>&#8220; oder &#8220; <strong>Sie<\/strong> &#8222;), die auf der Website https:\/\/titanfrance.com (nachfolgend &#8220; <strong>die Website<\/strong> &#8222;) surfen, geschlossen.<br \/>\nTITAN FRANCE und die Internetnutzer werden nachfolgend gemeinsam als &#8220; <strong>die<\/strong> <strong>Parteien<\/strong> &#8220; bezeichnet.<\/p>\n<p>&nbsp;<\/p>\n<ul>\n<li><strong>ZWECK DER AGB<\/strong><\/li>\n<\/ul>\n<p>Der Zweck dieser AGB ist es, die Bedingungen f\u00fcr die Nutzung der Website durch Internetnutzer festzulegen und die Beziehungen zwischen TITAN FRANCE und den Internetnutzern zu regeln.<br \/>\nFolglich muss jeder Internetnutzer, der die Website nutzen, ihre verschiedenen Seiten besuchen und von ihrem Inhalt (wie nachstehend definiert) profitieren m\u00f6chte, die AGB lesen und in ihrer Gesamtheit akzeptieren. Wir empfehlen den Internetnutzern, die Navigation auf unserer Website einzustellen, wenn sie mit diesen nicht einverstanden sind.<br \/>\nIn jedem Fall gelten der Zugriff auf die Website und die Navigation auf der Website oder auf einem Teil der Website als vollst\u00e4ndige und vorbehaltlose Annahme der vorliegenden Nutzungsbedingungen durch den Internetnutzer.<br \/>\nDie Tatsache, dass eine der Parteien zu einem bestimmten Zeitpunkt eine Bestimmung dieser AGB nicht geltend macht, kann nicht als Verzicht auf die Geltendmachung dieser Bestimmung zu einem sp\u00e4teren Zeitpunkt ausgelegt werden.<br \/>\nDie Ung\u00fcltigkeit einer Klausel dieser AGB hat keinen Einfluss auf die G\u00fcltigkeit der AGB als Ganzes. <\/p>\n<p>&nbsp;<\/p>\n<ul>\n<li><strong>VERBINDUNG ZUR WEBSITE \/ NAVIGATION<\/strong><\/li>\n<\/ul>\n<p>Um die Website zu nutzen, muss der Internetnutzer die folgende URL aufrufen: https:\/\/titanfrance.com.<br \/>\nUm auf den Inhalt der Website zugreifen und insbesondere bestellen zu k\u00f6nnen, muss sich der Internetnutzer mit dem Benutzernamen und dem Passwort, die er zuvor von TITAN FRANCE erhalten hat, in sein Benutzerkonto einloggen.<br \/>\nDer Internetnutzer kann sein Passwort nach seiner ersten Anmeldung auf der Website unter der Rubrik &#8222;Mein Konto&#8220; auf der Website \u00e4ndern. Es wird darauf hingewiesen, dass der Internetnutzer sich verpflichtet, alle Anstrengungen zu unternehmen, um die Vertraulichkeit seines Passworts zu gew\u00e4hrleisten. <\/p>\n<p>&nbsp;<\/p>\n<ul>\n<li><strong>VORSTELLUNG DER WEBSITE<\/strong><\/li>\n<\/ul>\n<p>Der Zweck der Website besteht darin, (i) Ihnen die Geschichte und die T\u00e4tigkeit von TITAN FRANCE vorzustellen und (ii) Ihnen den Katalog aller von uns angebotenen Produkte zu pr\u00e4sentieren.<br \/>\nDie Website bietet auch die M\u00f6glichkeit, die von uns angebotenen Produkte online zu bestellen. Es ist jedoch nicht m\u00f6glich, diese Produkte direkt \u00fcber die Website zu bezahlen.   <\/p>\n<p>&nbsp;<\/p>\n<ul>\n<li><strong>INHALT DER WEBSITE<\/strong><\/li>\n<\/ul>\n<p><em>4.1. Internetseite<\/em><br \/>\nDie Website kann vertrauliche Informationen und Daten enthalten, die durch das Recht auf geistiges Eigentum gesch\u00fctzt sind. Sofern nicht anders angegeben, sind die geistigen Eigentumsrechte an den Webseiten und allen Daten jeglicher Art, die auf der Website enthalten sind, sowie an allen Elementen, aus denen sich die Website zusammensetzt (Bilder, Illustrationen, T\u00f6ne, Texte, grafische Elemente usw.), einschlie\u00dflich Software und Datenbanken (nachstehend &#8220; <strong>Inhalt<\/strong> &#8220; genannt), ausschlie\u00dfliches Eigentum von TITAN FRANCE.<br \/>\nDie Vervielf\u00e4ltigung des Inhalts oder von Teilen des Inhalts ist ausschlie\u00dflich zu Informationszwecken f\u00fcr den pers\u00f6nlichen und privaten Gebrauch gestattet, wobei die Vervielf\u00e4ltigung und Nutzung von Kopien f\u00fcr andere Zwecke in jeglicher Weise und Form ausdr\u00fccklich untersagt ist.<br \/>\nEs ist auch nicht gestattet, die Rechte am Inhalt zu kopieren, zu \u00e4ndern, davon abgeleitete Werke zu erstellen, zusammenzustellen, zu dekompilieren (au\u00dfer in den gesetzlich vorgesehenen F\u00e4llen), zu verkaufen, zuzuteilen, unterzulizenzieren oder in irgendeiner Weise zu \u00fcbertragen.<br \/>\n Die Verwendung des Inhalts oder von Teilen des Inhalts ohne schriftliche Genehmigung von TITAN FRANCE in jeglichem Medium zum Zweck der Aufwertung von Produkten oder Dienstleistungen, insbesondere zu kommerziellen Zwecken, ist untersagt und kann straf- oder zivilrechtlich verfolgt werden. <\/p>\n<p><em>4.2. Marken<\/em><br \/>\nEs wird darauf hingewiesen, dass TITAN FRANCE oder ihre Muttergesellschaft TITAN INTERNATIONAL Inhaber der Marken TITAN und GoodYearFarmTires, ihrer Logos und des Domainnamens https:\/\/titanfrance.com sind.<br \/>\nDie Internetnutzer erkennen die Rechte von TITAN France und ihrer Muttergesellschaft an den Marken TITAN und GoodYearFarmTires an und unterlassen es, diese in irgendeiner Weise zu nutzen und ganz allgemein die geistigen Eigentumsrechte zu verletzen, deren Inhaber TITAN FRANCE ist.<br \/>\nAlle anderen Marken oder Logos, die auf der Website erscheinen, sind Eigentum von TITAN FRANCE, einer Gesellschaft der Gruppe, zu der TITAN FRANCE geh\u00f6rt, oder von deren Dienstleistern, Partnern oder Lieferanten. Jegliche Nutzung dieser Marken und\/oder Logos und\/oder anderer Inhalte bedarf der ausdr\u00fccklichen Genehmigung von TITAN FRANCE oder des jeweiligen Inhabers der geistigen Eigentumsrechte. <\/p>\n<p><em>4.3 Hyperlinks<\/em><br \/>\nTITAN FRANCE beh\u00e4lt sich das Recht vor, die Entfernung von Links zu verlangen, die auf die Website verweisen und die nicht oder nicht mehr genehmigt sind und ihr schaden.<\/p>\n<p><em>4.4. Kontakt<\/em><br \/>\nDer Internetnutzer kann TITAN FRANCE \u00fcber verschiedene Wege kontaktieren, die in der Rubrik &#8222;Kontakt&#8220; auf der Website beschrieben sind.<br \/>\nWenn Sie uns kontaktieren, garantieren Sie, dass die Informationen, die Sie uns zur Verf\u00fcgung stellen, korrekt sind. Diese Informationen werden gem\u00e4\u00df Artikel 7 gesammelt.<br \/>\nIhre Anfrage wird an die Vertriebsabteilung von TITAN FRANCE weitergeleitet, die sich bem\u00fchen wird, sie so schnell wie m\u00f6glich zu bearbeiten. <\/p>\n<p>&nbsp;<\/p>\n<ul>\n<li><strong>VERWALTUNG DER WEBSITE<\/strong><\/li>\n<\/ul>\n<p>TITAN FRANCE setzt die ihr zur Verf\u00fcgung stehenden technischen L\u00f6sungen ein, um den Zugang zur Website 24 Stunden am Tag, 7 Tage die Woche zu gew\u00e4hrleisten. Aufgrund der Natur des Internets kann die Kontinuit\u00e4t des Zugriffs auf die Website jedoch nicht garantiert werden.<br \/>\nDar\u00fcber hinaus kann TITAN FRANCE im Interesse der ordnungsgem\u00e4\u00dfen Verwaltung der Website jederzeit : <\/p>\n<ul>\n<li>den Zugang zur gesamten Website oder zu Teilen der Website auszusetzen, zu unterbrechen oder zu beschr\u00e4nken oder den Zugang zur Website oder zu Teilen der Website einer bestimmten Kategorie von Internetnutzern vorzubehalten,<\/li>\n<li>Informationen zu entfernen, die den Betrieb st\u00f6ren k\u00f6nnten oder gegen nationale oder internationale Gesetze versto\u00dfen,<\/li>\n<li>den Zugang zur Website zu unterbrechen, um Aktualisierungen vorzunehmen.<\/li>\n<li><strong>HAFTUNG F\u00dcR DIE NUTZUNG DER WEBSITE<\/strong><\/li>\n<\/ul>\n<p><em>6.1. Zugang und Betrieb der Website<\/em><br \/>\nJeder Internetnutzer ist selbst daf\u00fcr verantwortlich, die f\u00fcr den Zugriff auf die Website erforderlichen Computer- und Kommunikationsmittel bereitzustellen und die f\u00fcr die Nutzung des Internets und den Zugriff auf die Website erforderlichen Kenntnisse zu erwerben.<br \/>\nDer Internetnutzer tr\u00e4gt die Kosten f\u00fcr die Verbindung und die Ausr\u00fcstung, die mit dem Zugriff auf das Internet und der Nutzung der Website verbunden sind, gem\u00e4\u00df den von seinen Internetprovidern und\/oder elektronischen Kommunikationsanbietern festgelegten Modalit\u00e4ten.<br \/>\nDer Internetnutzer ist sich der Risiken von Entf\u00fchrungen und Kontaminationen durch m\u00f6gliche Viren, die im Internet zirkulieren, bewusst. In diesem Fall kann TITAN FRANCE weder f\u00fcr solche St\u00f6rungen noch f\u00fcr die Unterbrechung der Internetkommunikation haftbar gemacht werden.<br \/>\nEs wird darauf hingewiesen, dass der betr\u00fcgerische Zugang zu einem Computersystem oder der betr\u00fcgerische Verbleib in einem Computersystem, die Behinderung oder Verf\u00e4lschung der Funktionsweise eines solchen Systems, die betr\u00fcgerische Eingabe oder \u00c4nderung von Daten in ein Computersystem strafbare Handlungen darstellen. <\/p>\n<p><em>6.2. Beschr\u00e4nkung der Haftung<\/em><br \/>\nTITAN FRANCE bem\u00fcht sich, die Richtigkeit und Aktualit\u00e4t der auf der Website ver\u00f6ffentlichten Informationen sicherzustellen und beh\u00e4lt sich das Recht vor, den Inhalt oder die Pr\u00e4sentation der Website jederzeit und ohne Vorank\u00fcndigung zu \u00e4ndern. TITAN FRANCE kann jedoch keine Garantie f\u00fcr die Vollst\u00e4ndigkeit oder das Nichtvorhandensein von \u00c4nderungen durch Dritte (Eindringen, Viren) \u00fcbernehmen.<br \/>\nTITAN FRANCE haftet nicht f\u00fcr Entscheidungen, die auf der Grundlage von Informationen auf der Website getroffen werden, oder f\u00fcr deren Nutzung durch Dritte und ist insbesondere von jeglicher Haftung befreit, die sich aus der \u00dcbertragung vertraulicher Informationen \u00fcber das Internet ergibt.<br \/>\nTITAN FRANCE haftet nicht f\u00fcr Faktoren, die au\u00dferhalb seiner Kontrolle liegen, und f\u00fcr Sch\u00e4den an der technischen Umgebung des Internetnutzers, insbesondere an Computern, Software, Netzwerkger\u00e4ten (Modems, Telefone usw.) und allen Ger\u00e4ten, die f\u00fcr den Zugriff auf die Informationen und\/oder den Inhalt oder deren Nutzung verwendet werden.<br \/>\nDie Website kann auch Hyperlinks zu anderen Websites enthalten. TITAN FRANCE kontrolliert weder die Richtigkeit der dort enthaltenen Informationen noch deren Inhalt. TITAN FRANCE ist nicht verpflichtet, die Qualit\u00e4t, Rechtm\u00e4\u00dfigkeit, Wahrhaftigkeit oder Genauigkeit der Informationen zu \u00fcberpr\u00fcfen, die auf den Seiten ver\u00f6ffentlicht werden, auf die diese Hyperlinks verweisen. TITAN FRANCE haftet daher unter keinen Umst\u00e4nden f\u00fcr Sch\u00e4den, die sich aus der Nutzung, dem Zugriff auf oder der Unf\u00e4higkeit zur Nutzung von Informationen oder Inhalten anderer Internetseiten ergeben.   <\/p>\n<p>&nbsp;<\/p>\n<ul>\n<li><strong>SCHUTZ VON PERS\u00d6NLICHEN DATEN<\/strong><\/li>\n<\/ul>\n<p>Im Rahmen des Betriebs der Website sammelt TITAN FRANCE personenbezogene Daten von Internetnutzern in \u00dcbereinstimmung mit den geltenden Vorschriften f\u00fcr personenbezogene Daten und der von TITAN FRANCE entwickelten Datenschutzrichtlinie (nachstehend &#8220; <strong>Datenschutzrichtlinie<\/strong> &#8220; genannt).<br \/>\nDie Datenschutzrichtlinie von TITAN FRANCE erg\u00e4nzt die AGB und ist integraler Bestandteil dieser.<br \/>\nTITAN FRANCE fordert die Internetnutzer auf, die Datenschutzrichtlinie zu lesen.<\/p>\n<p>&nbsp;<\/p>\n<ul>\n<li><strong>ANWENDBARES RECHT \/ SPRACHE<\/strong><\/li>\n<\/ul>\n<p>Die AGB unterliegen franz\u00f6sischem Recht.<br \/>\nDie Sprache der vorliegenden AGB und der Beziehungen zwischen den Parteien ist Franz\u00f6sisch.<\/p>\n<p>&nbsp;<\/p>\n<ul>\n<li><strong>BEILEGUNG VON STREITIGKEITEN<\/strong><\/li>\n<\/ul>\n<p>Im Falle von Reklamationen, Anfechtungen oder Streitigkeiten in Bezug auf die vertraglichen Beziehungen gem\u00e4\u00df den Nutzungsbedingungen werden die Parteien versuchen, etwaige Streitigkeiten zwischen ihnen g\u00fctlich zu l\u00f6sen. Zu diesem Zweck verpflichtet sich der Internetnutzer, seine Beschwerde an TITAN FRANCE unter den in Artikel 10 der AGB angegebenen Kontaktdaten zu richten.<br \/>\nF\u00fcr alle eventuellen Streitigkeiten im Zusammenhang mit den AGB ist ausschlie\u00dflich das Handelsgericht am Gesch\u00e4ftssitz von TITAN FRANCE zust\u00e4ndig, dem ausdr\u00fccklich und im Voraus die Zust\u00e4ndigkeit \u00fcbertragen wird, und zwar auch im Falle der Einlegung von Rechtsmitteln oder einer Vielzahl von Beklagten. <\/p>\n<p>&nbsp;<\/p>\n<ul>\n<li><strong>KONTAKT<\/strong><\/li>\n<\/ul>\n<p>F\u00fcr weitere Informationen oder Beschwerden \u00fcber die Nutzung der Website kann der Internetnutzer TITAN FRANCE unter den folgenden Kontaktdaten kontaktieren:<\/p>\n<ul>\n<li>Per Post: Titan France, Route de Vassy, 61100 Saint-Georges-des-Groseillers<\/li>\n<li>Per E-Mail: contact@titanfrance.com<\/li>\n<li>Per Telefon: 02 33 98 27 42<\/li>\n<\/ul>\n<p>&nbsp;<\/p>\n<ul>\n<li><strong>AKTUALISIERUNG DER CGU<\/strong><\/li>\n<\/ul>\n<p>Die vorliegenden AGB ersetzen alle zuvor geltenden Bedingungen.<br \/>\nTITAN FRANCE beh\u00e4lt sich die M\u00f6glichkeit vor, die AGB jederzeit anzupassen, zu \u00e4ndern oder zu aktualisieren. In jedem Fall gelten die zum Zeitpunkt der Navigation auf der Website g\u00fcltigen AGB. <\/p>\n","protected":false},"excerpt":{"rendered":"<p>Diese Allgemeinen Nutzungsbedingungen (nachfolgend &#8220; ANB &#8222;) werden zwischen TITAN FRANCE SAS, Route de Vassy, 61100, Saint-Georges-des-Groseillers (nachfolgend &#8220; TITAN FR ANCE&#8220; oder &#8220; wir &#8222;) und den Internetnutzern (nachfolgend &#8220; Internetnutzer &#8220; oder &#8220; Sie &#8222;), die auf der Website https:\/\/titanfrance.com (nachfolgend &#8220; die Website &#8222;) surfen, geschlossen. TITAN FRANCE und die Internetnutzer werden [&hellip;]<\/p>\n","protected":false},"author":1,"featured_media":70837,"parent":0,"menu_order":0,"comment_status":"closed","ping_status":"closed","template":"","meta":{"_acf_changed":false,"footnotes":""},"class_list":["post-70938","page","type-page","status-publish","has-post-thumbnail","hentry"],"acf":[],"yoast_head":"<!-- This site is optimized with the Yoast SEO plugin v27.4 - https:\/\/yoast.com\/product\/yoast-seo-wordpress\/ -->\n<title>Allgemeine Nutzungsbedingungen der Website \u2013 TITAN France<\/title>\n<meta name=\"description\" content=\"Lesen Sie die Nutzungsbedingungen auf der Website von Titan France. Darin sind die Regeln f\u00fcr den Zugriff, die Navigation und die Verantwortlichkeiten festgelegt.\" \/>\n<meta name=\"robots\" content=\"index, follow, max-snippet:-1, max-image-preview:large, max-video-preview:-1\" \/>\n<link rel=\"canonical\" href=\"https:\/\/titanfrance.com\/de\/allgemeine-nutzungsbedingungen\/\" \/>\n<meta property=\"og:locale\" content=\"de_DE\" \/>\n<meta property=\"og:type\" content=\"article\" \/>\n<meta property=\"og:title\" content=\"Allgemeine Nutzungsbedingungen der Website \u2013 TITAN France\" \/>\n<meta property=\"og:description\" content=\"Lesen Sie die Nutzungsbedingungen auf der Website von Titan France. Darin sind die Regeln f\u00fcr den Zugriff, die Navigation und die Verantwortlichkeiten festgelegt.\" \/>\n<meta property=\"og:url\" content=\"https:\/\/titanfrance.com\/de\/allgemeine-nutzungsbedingungen\/\" \/>\n<meta property=\"og:site_name\" content=\"TITAN France\" \/>\n<meta property=\"article:publisher\" content=\"https:\/\/www.facebook.com\/people\/Titan-France\/100054344090112\/\" \/>\n<meta property=\"article:modified_time\" content=\"2026-02-04T08:53:52+00:00\" \/>\n<meta property=\"og:image\" content=\"https:\/\/titanfrance.com\/wp-content\/uploads\/2024\/12\/titan-france-flers-roues-jantes-tracteurs-05-e1737464927280.jpg\" \/>\n\t<meta property=\"og:image:width\" content=\"2560\" \/>\n\t<meta property=\"og:image:height\" content=\"644\" \/>\n\t<meta property=\"og:image:type\" content=\"image\/jpeg\" \/>\n<meta name=\"twitter:card\" content=\"summary_large_image\" \/>\n<meta name=\"twitter:site\" content=\"@titanfrance1\" \/>\n<meta name=\"twitter:label1\" content=\"Gesch\u00e4tzte Lesezeit\" \/>\n\t<meta name=\"twitter:data1\" content=\"8\u00a0Minuten\" \/>\n<script type=\"application\/ld+json\" class=\"yoast-schema-graph\">{\"@context\":\"https:\\\/\\\/schema.org\",\"@graph\":[{\"@type\":\"WebPage\",\"@id\":\"https:\\\/\\\/titanfrance.com\\\/de\\\/allgemeine-nutzungsbedingungen\\\/\",\"url\":\"https:\\\/\\\/titanfrance.com\\\/de\\\/allgemeine-nutzungsbedingungen\\\/\",\"name\":\"Allgemeine Nutzungsbedingungen der Website \u2013 TITAN France\",\"isPartOf\":{\"@id\":\"https:\\\/\\\/titanfrance.com\\\/de\\\/#website\"},\"primaryImageOfPage\":{\"@id\":\"https:\\\/\\\/titanfrance.com\\\/de\\\/allgemeine-nutzungsbedingungen\\\/#primaryimage\"},\"image\":{\"@id\":\"https:\\\/\\\/titanfrance.com\\\/de\\\/allgemeine-nutzungsbedingungen\\\/#primaryimage\"},\"thumbnailUrl\":\"https:\\\/\\\/titanfrance.com\\\/wp-content\\\/uploads\\\/2024\\\/12\\\/titan-france-flers-roues-jantes-tracteurs-05-e1737464927280.jpg\",\"datePublished\":\"2024-12-03T11:22:05+00:00\",\"dateModified\":\"2026-02-04T08:53:52+00:00\",\"description\":\"Lesen Sie die Nutzungsbedingungen auf der Website von Titan France. Darin sind die Regeln f\u00fcr den Zugriff, die Navigation und die Verantwortlichkeiten festgelegt.\",\"breadcrumb\":{\"@id\":\"https:\\\/\\\/titanfrance.com\\\/de\\\/allgemeine-nutzungsbedingungen\\\/#breadcrumb\"},\"inLanguage\":\"de\",\"potentialAction\":[{\"@type\":\"ReadAction\",\"target\":[\"https:\\\/\\\/titanfrance.com\\\/de\\\/allgemeine-nutzungsbedingungen\\\/\"]}]},{\"@type\":\"ImageObject\",\"inLanguage\":\"de\",\"@id\":\"https:\\\/\\\/titanfrance.com\\\/de\\\/allgemeine-nutzungsbedingungen\\\/#primaryimage\",\"url\":\"https:\\\/\\\/titanfrance.com\\\/wp-content\\\/uploads\\\/2024\\\/12\\\/titan-france-flers-roues-jantes-tracteurs-05-e1737464927280.jpg\",\"contentUrl\":\"https:\\\/\\\/titanfrance.com\\\/wp-content\\\/uploads\\\/2024\\\/12\\\/titan-france-flers-roues-jantes-tracteurs-05-e1737464927280.jpg\",\"width\":2560,\"height\":644,\"caption\":\"Felgen profile W, DW , DWW\"},{\"@type\":\"BreadcrumbList\",\"@id\":\"https:\\\/\\\/titanfrance.com\\\/de\\\/allgemeine-nutzungsbedingungen\\\/#breadcrumb\",\"itemListElement\":[{\"@type\":\"ListItem\",\"position\":1,\"name\":\"Accueil\",\"item\":\"https:\\\/\\\/titanfrance.com\\\/de\\\/\"},{\"@type\":\"ListItem\",\"position\":2,\"name\":\"Allgemeine Nutzungsbedingungen\"}]},{\"@type\":\"WebSite\",\"@id\":\"https:\\\/\\\/titanfrance.com\\\/de\\\/#website\",\"url\":\"https:\\\/\\\/titanfrance.com\\\/de\\\/\",\"name\":\"TITAN France\",\"description\":\"TITAN and Goodyear Farm Tires brands\",\"publisher\":{\"@id\":\"https:\\\/\\\/titanfrance.com\\\/de\\\/#organization\"},\"alternateName\":\"Fabricants de roues, de pneus et de composants de ch\u00e2ssis pour v\u00e9hicules tout-terrain.\",\"potentialAction\":[{\"@type\":\"SearchAction\",\"target\":{\"@type\":\"EntryPoint\",\"urlTemplate\":\"https:\\\/\\\/titanfrance.com\\\/de\\\/?s={search_term_string}\"},\"query-input\":{\"@type\":\"PropertyValueSpecification\",\"valueRequired\":true,\"valueName\":\"search_term_string\"}}],\"inLanguage\":\"de\"},{\"@type\":\"Organization\",\"@id\":\"https:\\\/\\\/titanfrance.com\\\/de\\\/#organization\",\"name\":\"TITAN France - FLERS\",\"url\":\"https:\\\/\\\/titanfrance.com\\\/de\\\/\",\"logo\":{\"@type\":\"ImageObject\",\"inLanguage\":\"de\",\"@id\":\"https:\\\/\\\/titanfrance.com\\\/de\\\/#\\\/schema\\\/logo\\\/image\\\/\",\"url\":\"https:\\\/\\\/titanfrance.com\\\/wp-content\\\/uploads\\\/2024\\\/07\\\/logo-Titan-goodyear.png\",\"contentUrl\":\"https:\\\/\\\/titanfrance.com\\\/wp-content\\\/uploads\\\/2024\\\/07\\\/logo-Titan-goodyear.png\",\"width\":696,\"height\":696,\"caption\":\"TITAN France - FLERS\"},\"image\":{\"@id\":\"https:\\\/\\\/titanfrance.com\\\/de\\\/#\\\/schema\\\/logo\\\/image\\\/\"},\"sameAs\":[\"https:\\\/\\\/www.facebook.com\\\/people\\\/Titan-France\\\/100054344090112\\\/\",\"https:\\\/\\\/x.com\\\/titanfrance1\",\"https:\\\/\\\/www.youtube.com\\\/channel\\\/UCbpLZ8EDC_1mEAwmMMyFYkg\",\"https:\\\/\\\/www.instagram.com\\\/titan_france\\\/?utm_source=ig_profile_share&igshid=q0ytsbjj91ve&fbclid=IwAR0srThhgUmUYTjvY_vGoqDg51xGkvvJhrBkEmLz2y_ntiOgjCeaBaOzqVA\",\"https:\\\/\\\/www.linkedin.com\\\/uas\\\/login?session_redirect=https:\\\/\\\/www.linkedin.com\\\/company\\\/titan-france-sas\\\/about\\\/\"]}]}<\/script>\n<!-- \/ Yoast SEO plugin. -->","yoast_head_json":{"title":"Allgemeine Nutzungsbedingungen der Website \u2013 TITAN France","description":"Lesen Sie die Nutzungsbedingungen auf der Website von Titan France. Darin sind die Regeln f\u00fcr den Zugriff, die Navigation und die Verantwortlichkeiten festgelegt.","robots":{"index":"index","follow":"follow","max-snippet":"max-snippet:-1","max-image-preview":"max-image-preview:large","max-video-preview":"max-video-preview:-1"},"canonical":"https:\/\/titanfrance.com\/de\/allgemeine-nutzungsbedingungen\/","og_locale":"de_DE","og_type":"article","og_title":"Allgemeine Nutzungsbedingungen der Website \u2013 TITAN France","og_description":"Lesen Sie die Nutzungsbedingungen auf der Website von Titan France. Darin sind die Regeln f\u00fcr den Zugriff, die Navigation und die Verantwortlichkeiten festgelegt.","og_url":"https:\/\/titanfrance.com\/de\/allgemeine-nutzungsbedingungen\/","og_site_name":"TITAN France","article_publisher":"https:\/\/www.facebook.com\/people\/Titan-France\/100054344090112\/","article_modified_time":"2026-02-04T08:53:52+00:00","og_image":[{"width":2560,"height":644,"url":"https:\/\/titanfrance.com\/wp-content\/uploads\/2024\/12\/titan-france-flers-roues-jantes-tracteurs-05-e1737464927280.jpg","type":"image\/jpeg"}],"twitter_card":"summary_large_image","twitter_site":"@titanfrance1","twitter_misc":{"Gesch\u00e4tzte Lesezeit":"8\u00a0Minuten"},"schema":{"@context":"https:\/\/schema.org","@graph":[{"@type":"WebPage","@id":"https:\/\/titanfrance.com\/de\/allgemeine-nutzungsbedingungen\/","url":"https:\/\/titanfrance.com\/de\/allgemeine-nutzungsbedingungen\/","name":"Allgemeine Nutzungsbedingungen der Website \u2013 TITAN France","isPartOf":{"@id":"https:\/\/titanfrance.com\/de\/#website"},"primaryImageOfPage":{"@id":"https:\/\/titanfrance.com\/de\/allgemeine-nutzungsbedingungen\/#primaryimage"},"image":{"@id":"https:\/\/titanfrance.com\/de\/allgemeine-nutzungsbedingungen\/#primaryimage"},"thumbnailUrl":"https:\/\/titanfrance.com\/wp-content\/uploads\/2024\/12\/titan-france-flers-roues-jantes-tracteurs-05-e1737464927280.jpg","datePublished":"2024-12-03T11:22:05+00:00","dateModified":"2026-02-04T08:53:52+00:00","description":"Lesen Sie die Nutzungsbedingungen auf der Website von Titan France. Darin sind die Regeln f\u00fcr den Zugriff, die Navigation und die Verantwortlichkeiten festgelegt.","breadcrumb":{"@id":"https:\/\/titanfrance.com\/de\/allgemeine-nutzungsbedingungen\/#breadcrumb"},"inLanguage":"de","potentialAction":[{"@type":"ReadAction","target":["https:\/\/titanfrance.com\/de\/allgemeine-nutzungsbedingungen\/"]}]},{"@type":"ImageObject","inLanguage":"de","@id":"https:\/\/titanfrance.com\/de\/allgemeine-nutzungsbedingungen\/#primaryimage","url":"https:\/\/titanfrance.com\/wp-content\/uploads\/2024\/12\/titan-france-flers-roues-jantes-tracteurs-05-e1737464927280.jpg","contentUrl":"https:\/\/titanfrance.com\/wp-content\/uploads\/2024\/12\/titan-france-flers-roues-jantes-tracteurs-05-e1737464927280.jpg","width":2560,"height":644,"caption":"Felgen profile W, DW , DWW"},{"@type":"BreadcrumbList","@id":"https:\/\/titanfrance.com\/de\/allgemeine-nutzungsbedingungen\/#breadcrumb","itemListElement":[{"@type":"ListItem","position":1,"name":"Accueil","item":"https:\/\/titanfrance.com\/de\/"},{"@type":"ListItem","position":2,"name":"Allgemeine Nutzungsbedingungen"}]},{"@type":"WebSite","@id":"https:\/\/titanfrance.com\/de\/#website","url":"https:\/\/titanfrance.com\/de\/","name":"TITAN France","description":"TITAN and Goodyear Farm Tires brands","publisher":{"@id":"https:\/\/titanfrance.com\/de\/#organization"},"alternateName":"Fabricants de roues, de pneus et de composants de ch\u00e2ssis pour v\u00e9hicules tout-terrain.","potentialAction":[{"@type":"SearchAction","target":{"@type":"EntryPoint","urlTemplate":"https:\/\/titanfrance.com\/de\/?s={search_term_string}"},"query-input":{"@type":"PropertyValueSpecification","valueRequired":true,"valueName":"search_term_string"}}],"inLanguage":"de"},{"@type":"Organization","@id":"https:\/\/titanfrance.com\/de\/#organization","name":"TITAN France - FLERS","url":"https:\/\/titanfrance.com\/de\/","logo":{"@type":"ImageObject","inLanguage":"de","@id":"https:\/\/titanfrance.com\/de\/#\/schema\/logo\/image\/","url":"https:\/\/titanfrance.com\/wp-content\/uploads\/2024\/07\/logo-Titan-goodyear.png","contentUrl":"https:\/\/titanfrance.com\/wp-content\/uploads\/2024\/07\/logo-Titan-goodyear.png","width":696,"height":696,"caption":"TITAN France - FLERS"},"image":{"@id":"https:\/\/titanfrance.com\/de\/#\/schema\/logo\/image\/"},"sameAs":["https:\/\/www.facebook.com\/people\/Titan-France\/100054344090112\/","https:\/\/x.com\/titanfrance1","https:\/\/www.youtube.com\/channel\/UCbpLZ8EDC_1mEAwmMMyFYkg","https:\/\/www.instagram.com\/titan_france\/?utm_source=ig_profile_share&igshid=q0ytsbjj91ve&fbclid=IwAR0srThhgUmUYTjvY_vGoqDg51xGkvvJhrBkEmLz2y_ntiOgjCeaBaOzqVA","https:\/\/www.linkedin.com\/uas\/login?session_redirect=https:\/\/www.linkedin.com\/company\/titan-france-sas\/about\/"]}]}},"_links":{"self":[{"href":"https:\/\/titanfrance.com\/de\/wp-json\/wp\/v2\/pages\/70938","targetHints":{"allow":["GET"]}}],"collection":[{"href":"https:\/\/titanfrance.com\/de\/wp-json\/wp\/v2\/pages"}],"about":[{"href":"https:\/\/titanfrance.com\/de\/wp-json\/wp\/v2\/types\/page"}],"author":[{"embeddable":true,"href":"https:\/\/titanfrance.com\/de\/wp-json\/wp\/v2\/users\/1"}],"replies":[{"embeddable":true,"href":"https:\/\/titanfrance.com\/de\/wp-json\/wp\/v2\/comments?post=70938"}],"version-history":[{"count":1,"href":"https:\/\/titanfrance.com\/de\/wp-json\/wp\/v2\/pages\/70938\/revisions"}],"predecessor-version":[{"id":70939,"href":"https:\/\/titanfrance.com\/de\/wp-json\/wp\/v2\/pages\/70938\/revisions\/70939"}],"wp:featuredmedia":[{"embeddable":true,"href":"https:\/\/titanfrance.com\/de\/wp-json\/wp\/v2\/media\/70837"}],"wp:attachment":[{"href":"https:\/\/titanfrance.com\/de\/wp-json\/wp\/v2\/media?parent=70938"}],"curies":[{"name":"wp","href":"https:\/\/api.w.org\/{rel}","templated":true}]}}