{"id":70904,"date":"2024-12-19T09:09:02","date_gmt":"2024-12-19T08:09:02","guid":{"rendered":"https:\/\/titanfrance.com\/komponenten\/variable-spurweite\/umgekehrtes-tiefziehen\/"},"modified":"2026-03-16T14:07:24","modified_gmt":"2026-03-16T13:07:24","slug":"umgekehrtes-tiefziehen","status":"publish","type":"page","link":"https:\/\/titanfrance.com\/de\/komponenten\/variable-spurweite\/umgekehrtes-tiefziehen\/","title":{"rendered":"umgekehrtes Tiefziehen"},"content":{"rendered":"\t\t<div data-elementor-type=\"wp-page\" data-elementor-id=\"70904\" class=\"elementor elementor-70904 elementor-4218\" data-elementor-post-type=\"page\">\n\t\t\t\t<div class=\"elementor-element elementor-element-2c22249 e-grid e-con-boxed e-con e-parent\" data-id=\"2c22249\" data-element_type=\"container\" data-e-type=\"container\">\n\t\t\t\t\t<div class=\"e-con-inner\">\n\t\t\t\t<div class=\"elementor-element elementor-element-2a1ba3c elementor-widget elementor-widget-text-editor\" data-id=\"2a1ba3c\" data-element_type=\"widget\" data-e-type=\"widget\" data-widget_type=\"text-editor.default\">\n\t\t\t\t<div class=\"elementor-widget-container\">\n\t\t\t\t\t\t\t\t\t<p>Die <strong>Technologie der variablen Spurweite<\/strong> von Titan France bietet eine anpassungsf\u00e4hige und leistungsf\u00e4hige L\u00f6sung f\u00fcr <strong>landwirtschaftliche<\/strong> (und <strong>industrielle<\/strong>) <strong>Anwendungen<\/strong>. Das <strong>tiefgezogene Vlies<\/strong> ist auf maximale Flexibilit\u00e4t ausgelegt: Es kann sowohl mit einer Achs- als auch mit einer <strong>Kronenfelge<\/strong> montiert werden und erm\u00f6glicht so die Kompatibilit\u00e4t mit einer Vielzahl von Ger\u00e4ten und Maschinen. <\/p>\t\t\t\t\t\t\t\t<\/div>\n\t\t\t\t<\/div>\n\t\t\t\t<div class=\"elementor-element elementor-element-237df6b elementor-widget elementor-widget-shortcode\" data-id=\"237df6b\" data-element_type=\"widget\" data-e-type=\"widget\" data-widget_type=\"shortcode.default\">\n\t\t\t\t<div class=\"elementor-widget-container\">\n\t\t\t\t\t\t\t<div class=\"elementor-shortcode\">\n        <div class=\"modelViewerBlock\" data-attributes='{&quot;align&quot;:&quot;center&quot;,&quot;uniqueId&quot;:&quot;model4593&quot;,&quot;currentViewer&quot;:&quot;O3DViewer&quot;,&quot;multiple&quot;:false,&quot;O3DVSettings&quot;:{&quot;isFullscreen&quot;:true,&quot;isPagination&quot;:false,&quot;isNavigation&quot;:false,&quot;camera&quot;:null,&quot;mouseControl&quot;:true},&quot;environmentImage&quot;:null,&quot;lazyLoad&quot;:false,&quot;loading&quot;:&quot;auto&quot;,&quot;autoplay&quot;:false,&quot;shadow&quot;:&quot;1&quot;,&quot;autoRotate&quot;:false,&quot;zoomLevel&quot;:null,&quot;zoom&quot;:true,&quot;isPagination&quot;:false,&quot;isNavigation&quot;:false,&quot;hotspotStyle&quot;:&quot;style-1&quot;,&quot;preload&quot;:&quot;auto&quot;,&quot;rotationPerSecond&quot;:&quot;30&quot;,&quot;mouseControl&quot;:true,&quot;lockXAxisRotation&quot;:false,&quot;lockYAxisRotation&quot;:false,&quot;fullscreen&quot;:true,&quot;zoomInOutBtn&quot;:false,&quot;cameraBtn&quot;:false,&quot;variant&quot;:false,&quot;loadingPercentage&quot;:false,&quot;progressBar&quot;:true,&quot;rotate&quot;:false,&quot;rotateDelay&quot;:3000,&quot;rotateAlongX&quot;:&quot;0&quot;,&quot;rotateAlongY&quot;:&quot;75&quot;,&quot;exposure&quot;:&quot;1&quot;,&quot;stylesheet&quot;:null,&quot;additional&quot;:{&quot;ID&quot;:&quot;&quot;,&quot;Class&quot;:&quot;&quot;,&quot;CSS&quot;:null},&quot;animation&quot;:false,&quot;woo&quot;:false,&quot;selectedAnimation&quot;:&quot;&quot;,&quot;placement&quot;:&quot;shortcode&quot;,&quot;styles&quot;:{&quot;width&quot;:&quot;100%&quot;,&quot;height&quot;:&quot;200px&quot;,&quot;bgColor&quot;:&quot;transparent&quot;,&quot;progressBarColor&quot;:null},&quot;model&quot;:{&quot;modelUrl&quot;:&quot;https:\\\/\\\/titanfrance.com\\\/wp-content\\\/uploads\\\/2025\\\/01\\\/embouti_variable_profil3.3mf&quot;,&quot;poster&quot;:&quot;&quot;},&quot;models&quot;:[]}'>\n            <div class=\"bp3d_backup_view\" style=\"display: none;height:350px;\">\n                    <model-viewer camera-controls src=\"https:\/\/titanfrance.com\/wp-content\/uploads\/2025\/01\/embouti_variable_profil3.3mf\" style=\"height: 350px;\"><\/model-viewer>\n            <\/div>\n            <script>\n                setTimeout(() => {\n                    let backupModels = document.querySelectorAll('.bp3d_backup_view');\n                    if(backupModels.length > 0){\n                        backupModels.forEach(element => {\n                            if(element){\n                                element.style.display = 'block';\n                                setTimeout(() => {\n                                    let adminMessages = document.querySelectorAll('.bp3d_admin_message');\n                                    if(adminMessages.length > 0){\n                                        adminMessages.forEach(adminMessage => {\n                                            if(adminMessage){\n                                                adminMessage.style.display = 'block';\n                                            }\n                                        });\n                                    }\n                                }, 5000);\n                            }\n                        });\n                    }\n                }, 5000);\n            <\/script>\n        <\/div>\n\n<\/div>\n\t\t\t\t\t\t<\/div>\n\t\t\t\t<\/div>\n\t\t\t\t\t<\/div>\n\t\t\t\t<\/div>\n\t\t<div class=\"elementor-element elementor-element-349a821 e-con-full e-flex e-con e-parent\" data-id=\"349a821\" data-element_type=\"container\" data-e-type=\"container\">\n\t\t\t\t<div class=\"elementor-element elementor-element-1f9b698 elementor-widget elementor-widget-text-editor\" data-id=\"1f9b698\" data-element_type=\"widget\" data-e-type=\"widget\" data-widget_type=\"text-editor.default\">\n\t\t\t\t<div class=\"elementor-widget-container\">\n\t\t\t\t\t<style>\n\ttable td, table th {\n\t\tpadding: 5px!important;\n\t\tfont-size:11px;\n\t}\n\ttable tfoot th, table thead th {\n\t\tfont-size: 11px;\n\t}\n\t<\/style>\n\t<link rel=\"stylesheet\" href=\"https:\/\/cdnjs.cloudflare.com\/ajax\/libs\/font-awesome\/4.7.0\/css\/font-awesome.min.css\"><div><h1 style='font-size:18px;font-weight:600;width:100%;text-align:center;'>Unsere Produktreferenzen f\u00fcr umgekehrtes Tiefziehen<\/h1><\/div>\t\t\t\t<\/div>\n\t\t\t\t<\/div>\n\t\t\t\t<\/div>\n\t\t\t\t<\/div>\n\t\t","protected":false},"excerpt":{"rendered":"<p>Er kann sowohl mit einer Stiftfelge als auch mit einer Kronenfelge montiert werden.<\/p>\n","protected":false},"author":1,"featured_media":70903,"parent":70896,"menu_order":0,"comment_status":"closed","ping_status":"closed","template":"","meta":{"_acf_changed":false,"footnotes":""},"class_list":["post-70904","page","type-page","status-publish","has-post-thumbnail","hentry"],"acf":[],"yoast_head":"<!-- This site is optimized with the Yoast SEO plugin v27.4 - https:\/\/yoast.com\/product\/yoast-seo-wordpress\/ -->\n<title>Umgekehrte Gegenhalterung f\u00fcr variable Spurweite in der Landwirtschaft | Titan France<\/title>\n<meta name=\"description\" content=\"Titan France stellt umgekehrte Gegenhalter mit variabler Spurweite f\u00fcr die Landwirtschaft her. Diese Komponenten gew\u00e4hrleisten Robustheit, Pr\u00e4zision und Langlebigkeit.\" \/>\n<meta name=\"robots\" content=\"index, follow, max-snippet:-1, max-image-preview:large, max-video-preview:-1\" \/>\n<link rel=\"canonical\" href=\"https:\/\/titanfrance.com\/de\/komponenten\/variable-spurweite\/umgekehrtes-tiefziehen\/\" \/>\n<meta property=\"og:locale\" content=\"de_DE\" \/>\n<meta property=\"og:type\" content=\"article\" \/>\n<meta property=\"og:title\" content=\"Umgekehrte Gegenhalterung f\u00fcr variable Spurweite in der Landwirtschaft | Titan France\" \/>\n<meta property=\"og:description\" content=\"Titan France stellt umgekehrte Gegenhalter mit variabler Spurweite f\u00fcr die Landwirtschaft her. Diese Komponenten gew\u00e4hrleisten Robustheit, Pr\u00e4zision und Langlebigkeit.\" \/>\n<meta property=\"og:url\" content=\"https:\/\/titanfrance.com\/de\/komponenten\/variable-spurweite\/umgekehrtes-tiefziehen\/\" \/>\n<meta property=\"og:site_name\" content=\"TITAN France\" \/>\n<meta property=\"article:publisher\" content=\"https:\/\/www.facebook.com\/people\/Titan-France\/100054344090112\/\" \/>\n<meta property=\"article:modified_time\" content=\"2026-03-16T13:07:24+00:00\" \/>\n<meta property=\"og:image\" content=\"https:\/\/titanfrance.com\/wp-content\/uploads\/2025\/01\/embouti_variable_profil3_coupe3D-1-e1737541225966.png\" \/>\n\t<meta property=\"og:image:width\" content=\"2243\" \/>\n\t<meta property=\"og:image:height\" content=\"553\" \/>\n\t<meta property=\"og:image:type\" content=\"image\/png\" \/>\n<meta name=\"twitter:card\" content=\"summary_large_image\" \/>\n<meta name=\"twitter:site\" content=\"@titanfrance1\" \/>\n<script type=\"application\/ld+json\" class=\"yoast-schema-graph\">{\"@context\":\"https:\\\/\\\/schema.org\",\"@graph\":[{\"@type\":\"WebPage\",\"@id\":\"https:\\\/\\\/titanfrance.com\\\/de\\\/komponenten\\\/variable-spurweite\\\/umgekehrtes-tiefziehen\\\/\",\"url\":\"https:\\\/\\\/titanfrance.com\\\/de\\\/komponenten\\\/variable-spurweite\\\/umgekehrtes-tiefziehen\\\/\",\"name\":\"Umgekehrte Gegenhalterung f\u00fcr variable Spurweite in der Landwirtschaft | Titan France\",\"isPartOf\":{\"@id\":\"https:\\\/\\\/titanfrance.com\\\/de\\\/#website\"},\"primaryImageOfPage\":{\"@id\":\"https:\\\/\\\/titanfrance.com\\\/de\\\/komponenten\\\/variable-spurweite\\\/umgekehrtes-tiefziehen\\\/#primaryimage\"},\"image\":{\"@id\":\"https:\\\/\\\/titanfrance.com\\\/de\\\/komponenten\\\/variable-spurweite\\\/umgekehrtes-tiefziehen\\\/#primaryimage\"},\"thumbnailUrl\":\"https:\\\/\\\/titanfrance.com\\\/wp-content\\\/uploads\\\/2025\\\/01\\\/embouti_variable_profil3_coupe3D-1-e1737541225966.png\",\"datePublished\":\"2024-12-19T08:09:02+00:00\",\"dateModified\":\"2026-03-16T13:07:24+00:00\",\"description\":\"Titan France stellt umgekehrte Gegenhalter mit variabler Spurweite f\u00fcr die Landwirtschaft her. Diese Komponenten gew\u00e4hrleisten Robustheit, Pr\u00e4zision und Langlebigkeit.\",\"breadcrumb\":{\"@id\":\"https:\\\/\\\/titanfrance.com\\\/de\\\/komponenten\\\/variable-spurweite\\\/umgekehrtes-tiefziehen\\\/#breadcrumb\"},\"inLanguage\":\"de\",\"potentialAction\":[{\"@type\":\"ReadAction\",\"target\":[\"https:\\\/\\\/titanfrance.com\\\/de\\\/komponenten\\\/variable-spurweite\\\/umgekehrtes-tiefziehen\\\/\"]}]},{\"@type\":\"ImageObject\",\"inLanguage\":\"de\",\"@id\":\"https:\\\/\\\/titanfrance.com\\\/de\\\/komponenten\\\/variable-spurweite\\\/umgekehrtes-tiefziehen\\\/#primaryimage\",\"url\":\"https:\\\/\\\/titanfrance.com\\\/wp-content\\\/uploads\\\/2025\\\/01\\\/embouti_variable_profil3_coupe3D-1-e1737541225966.png\",\"contentUrl\":\"https:\\\/\\\/titanfrance.com\\\/wp-content\\\/uploads\\\/2025\\\/01\\\/embouti_variable_profil3_coupe3D-1-e1737541225966.png\",\"width\":2243,\"height\":553,\"caption\":\"Technologie Embouti Voie Variable de Titan France offrant flexibilit\u00e9 et compatibilit\u00e9 avec diff\u00e9rents types de jantes et \u00e9quipements agricoles.\"},{\"@type\":\"BreadcrumbList\",\"@id\":\"https:\\\/\\\/titanfrance.com\\\/de\\\/komponenten\\\/variable-spurweite\\\/umgekehrtes-tiefziehen\\\/#breadcrumb\",\"itemListElement\":[{\"@type\":\"ListItem\",\"position\":1,\"name\":\"Accueil\",\"item\":\"https:\\\/\\\/titanfrance.com\\\/de\\\/\"},{\"@type\":\"ListItem\",\"position\":2,\"name\":\"Komponenten\",\"item\":\"https:\\\/\\\/titanfrance.com\\\/de\\\/komponenten\\\/\"},{\"@type\":\"ListItem\",\"position\":3,\"name\":\"Variable Spurweite\",\"item\":\"https:\\\/\\\/titanfrance.com\\\/de\\\/komponenten\\\/variable-spurweite\\\/\"},{\"@type\":\"ListItem\",\"position\":4,\"name\":\"Umgekehrte Gegenhalterung\"}]},{\"@type\":\"WebSite\",\"@id\":\"https:\\\/\\\/titanfrance.com\\\/de\\\/#website\",\"url\":\"https:\\\/\\\/titanfrance.com\\\/de\\\/\",\"name\":\"TITAN France\",\"description\":\"TITAN and Goodyear Farm Tires brands\",\"publisher\":{\"@id\":\"https:\\\/\\\/titanfrance.com\\\/de\\\/#organization\"},\"alternateName\":\"Fabricants de roues, de pneus et de composants de ch\u00e2ssis pour v\u00e9hicules tout-terrain.\",\"potentialAction\":[{\"@type\":\"SearchAction\",\"target\":{\"@type\":\"EntryPoint\",\"urlTemplate\":\"https:\\\/\\\/titanfrance.com\\\/de\\\/?s={search_term_string}\"},\"query-input\":{\"@type\":\"PropertyValueSpecification\",\"valueRequired\":true,\"valueName\":\"search_term_string\"}}],\"inLanguage\":\"de\"},{\"@type\":\"Organization\",\"@id\":\"https:\\\/\\\/titanfrance.com\\\/de\\\/#organization\",\"name\":\"TITAN France - FLERS\",\"url\":\"https:\\\/\\\/titanfrance.com\\\/de\\\/\",\"logo\":{\"@type\":\"ImageObject\",\"inLanguage\":\"de\",\"@id\":\"https:\\\/\\\/titanfrance.com\\\/de\\\/#\\\/schema\\\/logo\\\/image\\\/\",\"url\":\"https:\\\/\\\/titanfrance.com\\\/wp-content\\\/uploads\\\/2024\\\/07\\\/logo-Titan-goodyear.png\",\"contentUrl\":\"https:\\\/\\\/titanfrance.com\\\/wp-content\\\/uploads\\\/2024\\\/07\\\/logo-Titan-goodyear.png\",\"width\":696,\"height\":696,\"caption\":\"TITAN France - FLERS\"},\"image\":{\"@id\":\"https:\\\/\\\/titanfrance.com\\\/de\\\/#\\\/schema\\\/logo\\\/image\\\/\"},\"sameAs\":[\"https:\\\/\\\/www.facebook.com\\\/people\\\/Titan-France\\\/100054344090112\\\/\",\"https:\\\/\\\/x.com\\\/titanfrance1\",\"https:\\\/\\\/www.youtube.com\\\/channel\\\/UCbpLZ8EDC_1mEAwmMMyFYkg\",\"https:\\\/\\\/www.instagram.com\\\/titan_france\\\/?utm_source=ig_profile_share&igshid=q0ytsbjj91ve&fbclid=IwAR0srThhgUmUYTjvY_vGoqDg51xGkvvJhrBkEmLz2y_ntiOgjCeaBaOzqVA\",\"https:\\\/\\\/www.linkedin.com\\\/uas\\\/login?session_redirect=https:\\\/\\\/www.linkedin.com\\\/company\\\/titan-france-sas\\\/about\\\/\"]}]}<\/script>\n<!-- \/ Yoast SEO plugin. -->","yoast_head_json":{"title":"Umgekehrte Gegenhalterung f\u00fcr variable Spurweite in der Landwirtschaft | Titan France","description":"Titan France stellt umgekehrte Gegenhalter mit variabler Spurweite f\u00fcr die Landwirtschaft her. Diese Komponenten gew\u00e4hrleisten Robustheit, Pr\u00e4zision und Langlebigkeit.","robots":{"index":"index","follow":"follow","max-snippet":"max-snippet:-1","max-image-preview":"max-image-preview:large","max-video-preview":"max-video-preview:-1"},"canonical":"https:\/\/titanfrance.com\/de\/komponenten\/variable-spurweite\/umgekehrtes-tiefziehen\/","og_locale":"de_DE","og_type":"article","og_title":"Umgekehrte Gegenhalterung f\u00fcr variable Spurweite in der Landwirtschaft | Titan France","og_description":"Titan France stellt umgekehrte Gegenhalter mit variabler Spurweite f\u00fcr die Landwirtschaft her. Diese Komponenten gew\u00e4hrleisten Robustheit, Pr\u00e4zision und Langlebigkeit.","og_url":"https:\/\/titanfrance.com\/de\/komponenten\/variable-spurweite\/umgekehrtes-tiefziehen\/","og_site_name":"TITAN France","article_publisher":"https:\/\/www.facebook.com\/people\/Titan-France\/100054344090112\/","article_modified_time":"2026-03-16T13:07:24+00:00","og_image":[{"width":2243,"height":553,"url":"https:\/\/titanfrance.com\/wp-content\/uploads\/2025\/01\/embouti_variable_profil3_coupe3D-1-e1737541225966.png","type":"image\/png"}],"twitter_card":"summary_large_image","twitter_site":"@titanfrance1","schema":{"@context":"https:\/\/schema.org","@graph":[{"@type":"WebPage","@id":"https:\/\/titanfrance.com\/de\/komponenten\/variable-spurweite\/umgekehrtes-tiefziehen\/","url":"https:\/\/titanfrance.com\/de\/komponenten\/variable-spurweite\/umgekehrtes-tiefziehen\/","name":"Umgekehrte Gegenhalterung f\u00fcr variable Spurweite in der Landwirtschaft | Titan France","isPartOf":{"@id":"https:\/\/titanfrance.com\/de\/#website"},"primaryImageOfPage":{"@id":"https:\/\/titanfrance.com\/de\/komponenten\/variable-spurweite\/umgekehrtes-tiefziehen\/#primaryimage"},"image":{"@id":"https:\/\/titanfrance.com\/de\/komponenten\/variable-spurweite\/umgekehrtes-tiefziehen\/#primaryimage"},"thumbnailUrl":"https:\/\/titanfrance.com\/wp-content\/uploads\/2025\/01\/embouti_variable_profil3_coupe3D-1-e1737541225966.png","datePublished":"2024-12-19T08:09:02+00:00","dateModified":"2026-03-16T13:07:24+00:00","description":"Titan France stellt umgekehrte Gegenhalter mit variabler Spurweite f\u00fcr die Landwirtschaft her. Diese Komponenten gew\u00e4hrleisten Robustheit, Pr\u00e4zision und Langlebigkeit.","breadcrumb":{"@id":"https:\/\/titanfrance.com\/de\/komponenten\/variable-spurweite\/umgekehrtes-tiefziehen\/#breadcrumb"},"inLanguage":"de","potentialAction":[{"@type":"ReadAction","target":["https:\/\/titanfrance.com\/de\/komponenten\/variable-spurweite\/umgekehrtes-tiefziehen\/"]}]},{"@type":"ImageObject","inLanguage":"de","@id":"https:\/\/titanfrance.com\/de\/komponenten\/variable-spurweite\/umgekehrtes-tiefziehen\/#primaryimage","url":"https:\/\/titanfrance.com\/wp-content\/uploads\/2025\/01\/embouti_variable_profil3_coupe3D-1-e1737541225966.png","contentUrl":"https:\/\/titanfrance.com\/wp-content\/uploads\/2025\/01\/embouti_variable_profil3_coupe3D-1-e1737541225966.png","width":2243,"height":553,"caption":"Technologie Embouti Voie Variable de Titan France offrant flexibilit\u00e9 et compatibilit\u00e9 avec diff\u00e9rents types de jantes et \u00e9quipements agricoles."},{"@type":"BreadcrumbList","@id":"https:\/\/titanfrance.com\/de\/komponenten\/variable-spurweite\/umgekehrtes-tiefziehen\/#breadcrumb","itemListElement":[{"@type":"ListItem","position":1,"name":"Accueil","item":"https:\/\/titanfrance.com\/de\/"},{"@type":"ListItem","position":2,"name":"Komponenten","item":"https:\/\/titanfrance.com\/de\/komponenten\/"},{"@type":"ListItem","position":3,"name":"Variable Spurweite","item":"https:\/\/titanfrance.com\/de\/komponenten\/variable-spurweite\/"},{"@type":"ListItem","position":4,"name":"Umgekehrte Gegenhalterung"}]},{"@type":"WebSite","@id":"https:\/\/titanfrance.com\/de\/#website","url":"https:\/\/titanfrance.com\/de\/","name":"TITAN France","description":"TITAN and Goodyear Farm Tires brands","publisher":{"@id":"https:\/\/titanfrance.com\/de\/#organization"},"alternateName":"Fabricants de roues, de pneus et de composants de ch\u00e2ssis pour v\u00e9hicules tout-terrain.","potentialAction":[{"@type":"SearchAction","target":{"@type":"EntryPoint","urlTemplate":"https:\/\/titanfrance.com\/de\/?s={search_term_string}"},"query-input":{"@type":"PropertyValueSpecification","valueRequired":true,"valueName":"search_term_string"}}],"inLanguage":"de"},{"@type":"Organization","@id":"https:\/\/titanfrance.com\/de\/#organization","name":"TITAN France - FLERS","url":"https:\/\/titanfrance.com\/de\/","logo":{"@type":"ImageObject","inLanguage":"de","@id":"https:\/\/titanfrance.com\/de\/#\/schema\/logo\/image\/","url":"https:\/\/titanfrance.com\/wp-content\/uploads\/2024\/07\/logo-Titan-goodyear.png","contentUrl":"https:\/\/titanfrance.com\/wp-content\/uploads\/2024\/07\/logo-Titan-goodyear.png","width":696,"height":696,"caption":"TITAN France - FLERS"},"image":{"@id":"https:\/\/titanfrance.com\/de\/#\/schema\/logo\/image\/"},"sameAs":["https:\/\/www.facebook.com\/people\/Titan-France\/100054344090112\/","https:\/\/x.com\/titanfrance1","https:\/\/www.youtube.com\/channel\/UCbpLZ8EDC_1mEAwmMMyFYkg","https:\/\/www.instagram.com\/titan_france\/?utm_source=ig_profile_share&igshid=q0ytsbjj91ve&fbclid=IwAR0srThhgUmUYTjvY_vGoqDg51xGkvvJhrBkEmLz2y_ntiOgjCeaBaOzqVA","https:\/\/www.linkedin.com\/uas\/login?session_redirect=https:\/\/www.linkedin.com\/company\/titan-france-sas\/about\/"]}]}},"_links":{"self":[{"href":"https:\/\/titanfrance.com\/de\/wp-json\/wp\/v2\/pages\/70904","targetHints":{"allow":["GET"]}}],"collection":[{"href":"https:\/\/titanfrance.com\/de\/wp-json\/wp\/v2\/pages"}],"about":[{"href":"https:\/\/titanfrance.com\/de\/wp-json\/wp\/v2\/types\/page"}],"author":[{"embeddable":true,"href":"https:\/\/titanfrance.com\/de\/wp-json\/wp\/v2\/users\/1"}],"replies":[{"embeddable":true,"href":"https:\/\/titanfrance.com\/de\/wp-json\/wp\/v2\/comments?post=70904"}],"version-history":[{"count":3,"href":"https:\/\/titanfrance.com\/de\/wp-json\/wp\/v2\/pages\/70904\/revisions"}],"predecessor-version":[{"id":70907,"href":"https:\/\/titanfrance.com\/de\/wp-json\/wp\/v2\/pages\/70904\/revisions\/70907"}],"up":[{"embeddable":true,"href":"https:\/\/titanfrance.com\/de\/wp-json\/wp\/v2\/pages\/70896"}],"wp:featuredmedia":[{"embeddable":true,"href":"https:\/\/titanfrance.com\/de\/wp-json\/wp\/v2\/media\/70903"}],"wp:attachment":[{"href":"https:\/\/titanfrance.com\/de\/wp-json\/wp\/v2\/media?parent=70904"}],"curies":[{"name":"wp","href":"https:\/\/api.w.org\/{rel}","templated":true}]}}