{"id":70887,"date":"2024-12-19T09:42:01","date_gmt":"2024-12-19T08:42:01","guid":{"rendered":"https:\/\/titanfrance.com\/komponenten\/feste-fahrspur\/profil-s\/"},"modified":"2026-03-16T13:59:06","modified_gmt":"2026-03-16T12:59:06","slug":"profil-s","status":"publish","type":"page","link":"https:\/\/titanfrance.com\/de\/komponenten\/feste-fahrspur\/profil-s\/","title":{"rendered":"Profil S"},"content":{"rendered":"\t\t<div data-elementor-type=\"wp-page\" data-elementor-id=\"70887\" class=\"elementor elementor-70887 elementor-4254\" data-elementor-post-type=\"page\">\n\t\t\t\t<div class=\"elementor-element elementor-element-2c22249 e-grid e-con-boxed e-con e-parent\" data-id=\"2c22249\" data-element_type=\"container\" data-e-type=\"container\">\n\t\t\t\t\t<div class=\"e-con-inner\">\n\t\t\t\t<div class=\"elementor-element elementor-element-2a1ba3c elementor-widget elementor-widget-text-editor\" data-id=\"2a1ba3c\" data-element_type=\"widget\" data-e-type=\"widget\" data-widget_type=\"text-editor.default\">\n\t\t\t\t<div class=\"elementor-widget-container\">\n\t\t\t\t\t\t\t\t\t<p>Die Titan France<strong> Tiefziehtechnologie mit fester Spurweite<\/strong> bietet eine robuste und zuverl\u00e4ssige L\u00f6sung f\u00fcr landwirtschaftliche und <strong>industrielle<\/strong> Anwendungen. Dieses tiefgezogene Vlies wurde f\u00fcr <strong>maximale Stabilit\u00e4t<\/strong> entwickelt und ist speziell f\u00fcr Konfigurationen geeignet, die eine feste Breite erfordern. Es garantiert optimale Leistung und Haltbarkeit, selbst unter den anspruchsvollsten Bedingungen. <\/p>\t\t\t\t\t\t\t\t<\/div>\n\t\t\t\t<\/div>\n\t\t\t\t<div class=\"elementor-element elementor-element-c5873eb elementor-widget elementor-widget-shortcode\" data-id=\"c5873eb\" data-element_type=\"widget\" data-e-type=\"widget\" data-widget_type=\"shortcode.default\">\n\t\t\t\t<div class=\"elementor-widget-container\">\n\t\t\t\t\t\t\t<div class=\"elementor-shortcode\">\n        <div class=\"modelViewerBlock\" data-attributes='{&quot;align&quot;:&quot;center&quot;,&quot;uniqueId&quot;:&quot;model4620&quot;,&quot;currentViewer&quot;:&quot;O3DViewer&quot;,&quot;multiple&quot;:false,&quot;O3DVSettings&quot;:{&quot;isFullscreen&quot;:true,&quot;isPagination&quot;:false,&quot;isNavigation&quot;:false,&quot;camera&quot;:null,&quot;mouseControl&quot;:true},&quot;environmentImage&quot;:null,&quot;lazyLoad&quot;:false,&quot;loading&quot;:&quot;auto&quot;,&quot;autoplay&quot;:false,&quot;shadow&quot;:&quot;1&quot;,&quot;autoRotate&quot;:false,&quot;zoomLevel&quot;:null,&quot;zoom&quot;:true,&quot;isPagination&quot;:false,&quot;isNavigation&quot;:false,&quot;hotspotStyle&quot;:&quot;style-1&quot;,&quot;preload&quot;:&quot;auto&quot;,&quot;rotationPerSecond&quot;:&quot;30&quot;,&quot;mouseControl&quot;:true,&quot;lockXAxisRotation&quot;:false,&quot;lockYAxisRotation&quot;:false,&quot;fullscreen&quot;:true,&quot;zoomInOutBtn&quot;:false,&quot;cameraBtn&quot;:false,&quot;variant&quot;:false,&quot;loadingPercentage&quot;:false,&quot;progressBar&quot;:true,&quot;rotate&quot;:false,&quot;rotateDelay&quot;:3000,&quot;rotateAlongX&quot;:&quot;0&quot;,&quot;rotateAlongY&quot;:&quot;75&quot;,&quot;exposure&quot;:&quot;1&quot;,&quot;stylesheet&quot;:null,&quot;additional&quot;:{&quot;ID&quot;:&quot;&quot;,&quot;Class&quot;:&quot;&quot;,&quot;CSS&quot;:null},&quot;animation&quot;:false,&quot;woo&quot;:false,&quot;selectedAnimation&quot;:&quot;&quot;,&quot;placement&quot;:&quot;shortcode&quot;,&quot;styles&quot;:{&quot;width&quot;:&quot;100%&quot;,&quot;height&quot;:&quot;200px&quot;,&quot;bgColor&quot;:&quot;transparent&quot;,&quot;progressBarColor&quot;:null},&quot;model&quot;:{&quot;modelUrl&quot;:&quot;https:\\\/\\\/titanfrance.com\\\/wp-content\\\/uploads\\\/2025\\\/01\\\/embouti_profil5.3mf&quot;,&quot;poster&quot;:&quot;&quot;},&quot;models&quot;:[]}'>\n            <div class=\"bp3d_backup_view\" style=\"display: none;height:350px;\">\n                    <model-viewer camera-controls src=\"https:\/\/titanfrance.com\/wp-content\/uploads\/2025\/01\/embouti_profil5.3mf\" style=\"height: 350px;\"><\/model-viewer>\n            <\/div>\n            <script>\n                setTimeout(() => {\n                    let backupModels = document.querySelectorAll('.bp3d_backup_view');\n                    if(backupModels.length > 0){\n                        backupModels.forEach(element => {\n                            if(element){\n                                element.style.display = 'block';\n                                setTimeout(() => {\n                                    let adminMessages = document.querySelectorAll('.bp3d_admin_message');\n                                    if(adminMessages.length > 0){\n                                        adminMessages.forEach(adminMessage => {\n                                            if(adminMessage){\n                                                adminMessage.style.display = 'block';\n                                            }\n                                        });\n                                    }\n                                }, 5000);\n                            }\n                        });\n                    }\n                }, 5000);\n            <\/script>\n        <\/div>\n\n<\/div>\n\t\t\t\t\t\t<\/div>\n\t\t\t\t<\/div>\n\t\t\t\t\t<\/div>\n\t\t\t\t<\/div>\n\t\t<div class=\"elementor-element elementor-element-349a821 e-con-full e-flex e-con e-parent\" data-id=\"349a821\" data-element_type=\"container\" data-e-type=\"container\">\n\t\t\t\t<div class=\"elementor-element elementor-element-1f9b698 elementor-widget elementor-widget-text-editor\" data-id=\"1f9b698\" data-element_type=\"widget\" data-e-type=\"widget\" data-widget_type=\"text-editor.default\">\n\t\t\t\t<div class=\"elementor-widget-container\">\n\t\t\t\t\t<style>\n\ttable td, table th {\n\t\tpadding: 5px!important;\n\t\tfont-size:11px;\n\t}\n\ttable tfoot th, table thead th {\n\t\tfont-size: 11px;\n\t}\n\t<\/style>\n\t<link rel=\"stylesheet\" href=\"https:\/\/cdnjs.cloudflare.com\/ajax\/libs\/font-awesome\/4.7.0\/css\/font-awesome.min.css\"><div><h1 style='font-size:18px;font-weight:600;width:100%;text-align:center;'>Unsere Produktreferenzen f\u00fcr Profil S<\/h1><\/div>\t\t\t\t<\/div>\n\t\t\t\t<\/div>\n\t\t\t\t<\/div>\n\t\t\t\t<\/div>\n\t\t","protected":false},"excerpt":{"rendered":"<p>Robustheit und einfache Installation<\/p>\n","protected":false},"author":1,"featured_media":70886,"parent":70874,"menu_order":0,"comment_status":"closed","ping_status":"closed","template":"","meta":{"_acf_changed":false,"footnotes":""},"class_list":["post-70887","page","type-page","status-publish","has-post-thumbnail","hentry"],"acf":[],"yoast_head":"<!-- This site is optimized with the Yoast SEO plugin v27.4 - https:\/\/yoast.com\/product\/yoast-seo-wordpress\/ -->\n<title>S-Profil f\u00fcr landwirtschaftliche Felgen \u2013 Komponenten | Titan France<\/title>\n<meta name=\"description\" content=\"Titan France stellt S-Profile f\u00fcr landwirtschaftliche Felgen her. Diese Komponenten garantieren Robustheit, Pr\u00e4zision und Langlebigkeit.\" \/>\n<meta name=\"robots\" content=\"index, follow, max-snippet:-1, max-image-preview:large, max-video-preview:-1\" \/>\n<link rel=\"canonical\" href=\"https:\/\/titanfrance.com\/de\/komponenten\/feste-fahrspur\/profil-s\/\" \/>\n<meta property=\"og:locale\" content=\"de_DE\" \/>\n<meta property=\"og:type\" content=\"article\" \/>\n<meta property=\"og:title\" content=\"S-Profil f\u00fcr landwirtschaftliche Felgen \u2013 Komponenten | Titan France\" \/>\n<meta property=\"og:description\" content=\"Titan France stellt S-Profile f\u00fcr landwirtschaftliche Felgen her. Diese Komponenten garantieren Robustheit, Pr\u00e4zision und Langlebigkeit.\" \/>\n<meta property=\"og:url\" content=\"https:\/\/titanfrance.com\/de\/komponenten\/feste-fahrspur\/profil-s\/\" \/>\n<meta property=\"og:site_name\" content=\"TITAN France\" \/>\n<meta property=\"article:publisher\" content=\"https:\/\/www.facebook.com\/people\/Titan-France\/100054344090112\/\" \/>\n<meta property=\"article:modified_time\" content=\"2026-03-16T12:59:06+00:00\" \/>\n<meta property=\"og:image\" content=\"https:\/\/titanfrance.com\/wp-content\/uploads\/2025\/01\/Embouti_profil5_coupe3D-1-e1737541782387.png\" \/>\n\t<meta property=\"og:image:width\" content=\"2243\" \/>\n\t<meta property=\"og:image:height\" content=\"532\" \/>\n\t<meta property=\"og:image:type\" content=\"image\/png\" \/>\n<meta name=\"twitter:card\" content=\"summary_large_image\" \/>\n<meta name=\"twitter:site\" content=\"@titanfrance1\" \/>\n<script type=\"application\/ld+json\" class=\"yoast-schema-graph\">{\"@context\":\"https:\\\/\\\/schema.org\",\"@graph\":[{\"@type\":\"WebPage\",\"@id\":\"https:\\\/\\\/titanfrance.com\\\/de\\\/komponenten\\\/feste-fahrspur\\\/profil-s\\\/\",\"url\":\"https:\\\/\\\/titanfrance.com\\\/de\\\/komponenten\\\/feste-fahrspur\\\/profil-s\\\/\",\"name\":\"S-Profil f\u00fcr landwirtschaftliche Felgen \u2013 Komponenten | Titan France\",\"isPartOf\":{\"@id\":\"https:\\\/\\\/titanfrance.com\\\/de\\\/#website\"},\"primaryImageOfPage\":{\"@id\":\"https:\\\/\\\/titanfrance.com\\\/de\\\/komponenten\\\/feste-fahrspur\\\/profil-s\\\/#primaryimage\"},\"image\":{\"@id\":\"https:\\\/\\\/titanfrance.com\\\/de\\\/komponenten\\\/feste-fahrspur\\\/profil-s\\\/#primaryimage\"},\"thumbnailUrl\":\"https:\\\/\\\/titanfrance.com\\\/wp-content\\\/uploads\\\/2025\\\/01\\\/Embouti_profil5_coupe3D-1-e1737541782387.png\",\"datePublished\":\"2024-12-19T08:42:01+00:00\",\"dateModified\":\"2026-03-16T12:59:06+00:00\",\"description\":\"Titan France stellt S-Profile f\u00fcr landwirtschaftliche Felgen her. Diese Komponenten garantieren Robustheit, Pr\u00e4zision und Langlebigkeit.\",\"breadcrumb\":{\"@id\":\"https:\\\/\\\/titanfrance.com\\\/de\\\/komponenten\\\/feste-fahrspur\\\/profil-s\\\/#breadcrumb\"},\"inLanguage\":\"de\",\"potentialAction\":[{\"@type\":\"ReadAction\",\"target\":[\"https:\\\/\\\/titanfrance.com\\\/de\\\/komponenten\\\/feste-fahrspur\\\/profil-s\\\/\"]}]},{\"@type\":\"ImageObject\",\"inLanguage\":\"de\",\"@id\":\"https:\\\/\\\/titanfrance.com\\\/de\\\/komponenten\\\/feste-fahrspur\\\/profil-s\\\/#primaryimage\",\"url\":\"https:\\\/\\\/titanfrance.com\\\/wp-content\\\/uploads\\\/2025\\\/01\\\/Embouti_profil5_coupe3D-1-e1737541782387.png\",\"contentUrl\":\"https:\\\/\\\/titanfrance.com\\\/wp-content\\\/uploads\\\/2025\\\/01\\\/Embouti_profil5_coupe3D-1-e1737541782387.png\",\"width\":2243,\"height\":532,\"caption\":\"Profil S\"},{\"@type\":\"BreadcrumbList\",\"@id\":\"https:\\\/\\\/titanfrance.com\\\/de\\\/komponenten\\\/feste-fahrspur\\\/profil-s\\\/#breadcrumb\",\"itemListElement\":[{\"@type\":\"ListItem\",\"position\":1,\"name\":\"Accueil\",\"item\":\"https:\\\/\\\/titanfrance.com\\\/de\\\/\"},{\"@type\":\"ListItem\",\"position\":2,\"name\":\"Komponenten\",\"item\":\"https:\\\/\\\/titanfrance.com\\\/de\\\/komponenten\\\/\"},{\"@type\":\"ListItem\",\"position\":3,\"name\":\"Festes Gleisende\",\"item\":\"https:\\\/\\\/titanfrance.com\\\/de\\\/komponenten\\\/feste-fahrspur\\\/\"},{\"@type\":\"ListItem\",\"position\":4,\"name\":\"Profil S\"}]},{\"@type\":\"WebSite\",\"@id\":\"https:\\\/\\\/titanfrance.com\\\/de\\\/#website\",\"url\":\"https:\\\/\\\/titanfrance.com\\\/de\\\/\",\"name\":\"TITAN France\",\"description\":\"TITAN and Goodyear Farm Tires brands\",\"publisher\":{\"@id\":\"https:\\\/\\\/titanfrance.com\\\/de\\\/#organization\"},\"alternateName\":\"Fabricants de roues, de pneus et de composants de ch\u00e2ssis pour v\u00e9hicules tout-terrain.\",\"potentialAction\":[{\"@type\":\"SearchAction\",\"target\":{\"@type\":\"EntryPoint\",\"urlTemplate\":\"https:\\\/\\\/titanfrance.com\\\/de\\\/?s={search_term_string}\"},\"query-input\":{\"@type\":\"PropertyValueSpecification\",\"valueRequired\":true,\"valueName\":\"search_term_string\"}}],\"inLanguage\":\"de\"},{\"@type\":\"Organization\",\"@id\":\"https:\\\/\\\/titanfrance.com\\\/de\\\/#organization\",\"name\":\"TITAN France - FLERS\",\"url\":\"https:\\\/\\\/titanfrance.com\\\/de\\\/\",\"logo\":{\"@type\":\"ImageObject\",\"inLanguage\":\"de\",\"@id\":\"https:\\\/\\\/titanfrance.com\\\/de\\\/#\\\/schema\\\/logo\\\/image\\\/\",\"url\":\"https:\\\/\\\/titanfrance.com\\\/wp-content\\\/uploads\\\/2024\\\/07\\\/logo-Titan-goodyear.png\",\"contentUrl\":\"https:\\\/\\\/titanfrance.com\\\/wp-content\\\/uploads\\\/2024\\\/07\\\/logo-Titan-goodyear.png\",\"width\":696,\"height\":696,\"caption\":\"TITAN France - FLERS\"},\"image\":{\"@id\":\"https:\\\/\\\/titanfrance.com\\\/de\\\/#\\\/schema\\\/logo\\\/image\\\/\"},\"sameAs\":[\"https:\\\/\\\/www.facebook.com\\\/people\\\/Titan-France\\\/100054344090112\\\/\",\"https:\\\/\\\/x.com\\\/titanfrance1\",\"https:\\\/\\\/www.youtube.com\\\/channel\\\/UCbpLZ8EDC_1mEAwmMMyFYkg\",\"https:\\\/\\\/www.instagram.com\\\/titan_france\\\/?utm_source=ig_profile_share&igshid=q0ytsbjj91ve&fbclid=IwAR0srThhgUmUYTjvY_vGoqDg51xGkvvJhrBkEmLz2y_ntiOgjCeaBaOzqVA\",\"https:\\\/\\\/www.linkedin.com\\\/uas\\\/login?session_redirect=https:\\\/\\\/www.linkedin.com\\\/company\\\/titan-france-sas\\\/about\\\/\"]}]}<\/script>\n<!-- \/ Yoast SEO plugin. -->","yoast_head_json":{"title":"S-Profil f\u00fcr landwirtschaftliche Felgen \u2013 Komponenten | Titan France","description":"Titan France stellt S-Profile f\u00fcr landwirtschaftliche Felgen her. Diese Komponenten garantieren Robustheit, Pr\u00e4zision und Langlebigkeit.","robots":{"index":"index","follow":"follow","max-snippet":"max-snippet:-1","max-image-preview":"max-image-preview:large","max-video-preview":"max-video-preview:-1"},"canonical":"https:\/\/titanfrance.com\/de\/komponenten\/feste-fahrspur\/profil-s\/","og_locale":"de_DE","og_type":"article","og_title":"S-Profil f\u00fcr landwirtschaftliche Felgen \u2013 Komponenten | Titan France","og_description":"Titan France stellt S-Profile f\u00fcr landwirtschaftliche Felgen her. Diese Komponenten garantieren Robustheit, Pr\u00e4zision und Langlebigkeit.","og_url":"https:\/\/titanfrance.com\/de\/komponenten\/feste-fahrspur\/profil-s\/","og_site_name":"TITAN France","article_publisher":"https:\/\/www.facebook.com\/people\/Titan-France\/100054344090112\/","article_modified_time":"2026-03-16T12:59:06+00:00","og_image":[{"width":2243,"height":532,"url":"https:\/\/titanfrance.com\/wp-content\/uploads\/2025\/01\/Embouti_profil5_coupe3D-1-e1737541782387.png","type":"image\/png"}],"twitter_card":"summary_large_image","twitter_site":"@titanfrance1","schema":{"@context":"https:\/\/schema.org","@graph":[{"@type":"WebPage","@id":"https:\/\/titanfrance.com\/de\/komponenten\/feste-fahrspur\/profil-s\/","url":"https:\/\/titanfrance.com\/de\/komponenten\/feste-fahrspur\/profil-s\/","name":"S-Profil f\u00fcr landwirtschaftliche Felgen \u2013 Komponenten | Titan France","isPartOf":{"@id":"https:\/\/titanfrance.com\/de\/#website"},"primaryImageOfPage":{"@id":"https:\/\/titanfrance.com\/de\/komponenten\/feste-fahrspur\/profil-s\/#primaryimage"},"image":{"@id":"https:\/\/titanfrance.com\/de\/komponenten\/feste-fahrspur\/profil-s\/#primaryimage"},"thumbnailUrl":"https:\/\/titanfrance.com\/wp-content\/uploads\/2025\/01\/Embouti_profil5_coupe3D-1-e1737541782387.png","datePublished":"2024-12-19T08:42:01+00:00","dateModified":"2026-03-16T12:59:06+00:00","description":"Titan France stellt S-Profile f\u00fcr landwirtschaftliche Felgen her. Diese Komponenten garantieren Robustheit, Pr\u00e4zision und Langlebigkeit.","breadcrumb":{"@id":"https:\/\/titanfrance.com\/de\/komponenten\/feste-fahrspur\/profil-s\/#breadcrumb"},"inLanguage":"de","potentialAction":[{"@type":"ReadAction","target":["https:\/\/titanfrance.com\/de\/komponenten\/feste-fahrspur\/profil-s\/"]}]},{"@type":"ImageObject","inLanguage":"de","@id":"https:\/\/titanfrance.com\/de\/komponenten\/feste-fahrspur\/profil-s\/#primaryimage","url":"https:\/\/titanfrance.com\/wp-content\/uploads\/2025\/01\/Embouti_profil5_coupe3D-1-e1737541782387.png","contentUrl":"https:\/\/titanfrance.com\/wp-content\/uploads\/2025\/01\/Embouti_profil5_coupe3D-1-e1737541782387.png","width":2243,"height":532,"caption":"Profil S"},{"@type":"BreadcrumbList","@id":"https:\/\/titanfrance.com\/de\/komponenten\/feste-fahrspur\/profil-s\/#breadcrumb","itemListElement":[{"@type":"ListItem","position":1,"name":"Accueil","item":"https:\/\/titanfrance.com\/de\/"},{"@type":"ListItem","position":2,"name":"Komponenten","item":"https:\/\/titanfrance.com\/de\/komponenten\/"},{"@type":"ListItem","position":3,"name":"Festes Gleisende","item":"https:\/\/titanfrance.com\/de\/komponenten\/feste-fahrspur\/"},{"@type":"ListItem","position":4,"name":"Profil S"}]},{"@type":"WebSite","@id":"https:\/\/titanfrance.com\/de\/#website","url":"https:\/\/titanfrance.com\/de\/","name":"TITAN France","description":"TITAN and Goodyear Farm Tires brands","publisher":{"@id":"https:\/\/titanfrance.com\/de\/#organization"},"alternateName":"Fabricants de roues, de pneus et de composants de ch\u00e2ssis pour v\u00e9hicules tout-terrain.","potentialAction":[{"@type":"SearchAction","target":{"@type":"EntryPoint","urlTemplate":"https:\/\/titanfrance.com\/de\/?s={search_term_string}"},"query-input":{"@type":"PropertyValueSpecification","valueRequired":true,"valueName":"search_term_string"}}],"inLanguage":"de"},{"@type":"Organization","@id":"https:\/\/titanfrance.com\/de\/#organization","name":"TITAN France - FLERS","url":"https:\/\/titanfrance.com\/de\/","logo":{"@type":"ImageObject","inLanguage":"de","@id":"https:\/\/titanfrance.com\/de\/#\/schema\/logo\/image\/","url":"https:\/\/titanfrance.com\/wp-content\/uploads\/2024\/07\/logo-Titan-goodyear.png","contentUrl":"https:\/\/titanfrance.com\/wp-content\/uploads\/2024\/07\/logo-Titan-goodyear.png","width":696,"height":696,"caption":"TITAN France - FLERS"},"image":{"@id":"https:\/\/titanfrance.com\/de\/#\/schema\/logo\/image\/"},"sameAs":["https:\/\/www.facebook.com\/people\/Titan-France\/100054344090112\/","https:\/\/x.com\/titanfrance1","https:\/\/www.youtube.com\/channel\/UCbpLZ8EDC_1mEAwmMMyFYkg","https:\/\/www.instagram.com\/titan_france\/?utm_source=ig_profile_share&igshid=q0ytsbjj91ve&fbclid=IwAR0srThhgUmUYTjvY_vGoqDg51xGkvvJhrBkEmLz2y_ntiOgjCeaBaOzqVA","https:\/\/www.linkedin.com\/uas\/login?session_redirect=https:\/\/www.linkedin.com\/company\/titan-france-sas\/about\/"]}]}},"_links":{"self":[{"href":"https:\/\/titanfrance.com\/de\/wp-json\/wp\/v2\/pages\/70887","targetHints":{"allow":["GET"]}}],"collection":[{"href":"https:\/\/titanfrance.com\/de\/wp-json\/wp\/v2\/pages"}],"about":[{"href":"https:\/\/titanfrance.com\/de\/wp-json\/wp\/v2\/types\/page"}],"author":[{"embeddable":true,"href":"https:\/\/titanfrance.com\/de\/wp-json\/wp\/v2\/users\/1"}],"replies":[{"embeddable":true,"href":"https:\/\/titanfrance.com\/de\/wp-json\/wp\/v2\/comments?post=70887"}],"version-history":[{"count":1,"href":"https:\/\/titanfrance.com\/de\/wp-json\/wp\/v2\/pages\/70887\/revisions"}],"predecessor-version":[{"id":70888,"href":"https:\/\/titanfrance.com\/de\/wp-json\/wp\/v2\/pages\/70887\/revisions\/70888"}],"up":[{"embeddable":true,"href":"https:\/\/titanfrance.com\/de\/wp-json\/wp\/v2\/pages\/70874"}],"wp:featuredmedia":[{"embeddable":true,"href":"https:\/\/titanfrance.com\/de\/wp-json\/wp\/v2\/media\/70886"}],"wp:attachment":[{"href":"https:\/\/titanfrance.com\/de\/wp-json\/wp\/v2\/media?parent=70887"}],"curies":[{"name":"wp","href":"https:\/\/api.w.org\/{rel}","templated":true}]}}