{"id":70874,"date":"2024-12-19T09:30:31","date_gmt":"2024-12-19T08:30:31","guid":{"rendered":"https:\/\/titanfrance.com\/komponenten\/feste-fahrspur\/"},"modified":"2026-03-16T13:52:43","modified_gmt":"2026-03-16T12:52:43","slug":"feste-fahrspur","status":"publish","type":"page","link":"https:\/\/titanfrance.com\/de\/komponenten\/feste-fahrspur\/","title":{"rendered":"Feste Fahrspur"},"content":{"rendered":"\t\t<div data-elementor-type=\"wp-page\" data-elementor-id=\"70874\" class=\"elementor elementor-70874 elementor-4239\" data-elementor-post-type=\"page\">\n\t\t\t\t<div class=\"elementor-element elementor-element-7e4c45a e-flex e-con-boxed e-con e-parent\" data-id=\"7e4c45a\" data-element_type=\"container\" data-e-type=\"container\">\n\t\t\t\t\t<div class=\"e-con-inner\">\n\t\t\t\t<div class=\"elementor-element elementor-element-5c16288 elementor-widget elementor-widget-text-editor\" data-id=\"5c16288\" data-element_type=\"widget\" data-e-type=\"widget\" data-widget_type=\"text-editor.default\">\n\t\t\t\t<div class=\"elementor-widget-container\">\n\t\t\t\t\t\t\t\t\t<p>F\u00fcr unsere sogenannten weiterverarbeitenden Kunden bietet Titan France verschiedene Arten von Segeln an, je nach dem Grad des Eingriffs in die Produktionskette, vom tiefgezogenen Quadrat bis zum fertigen, lackierten Segel.<\/p><p><strong>Robustheit und einfache Installation :<\/strong><\/p><p>Das<strong>Titan Fixed Lane Embouti\u00e9<\/strong> wurde entwickelt, um direkt in die Felge geschwei\u00dft zu werden und bietet eine robuste und langlebige L\u00f6sung f\u00fcr landwirtschaftliche und industrielle Anwendungen. Diese Art von Vlies gew\u00e4hrleistet eine einfache Integration und garantiert eine optimale Leistung und erh\u00f6hte Zuverl\u00e4ssigkeit auf dem Feld. <\/p><p><strong>Flexibilit\u00e4t f\u00fcr die Verarbeiter :<\/strong><\/p><p>F\u00fcr unsere <strong>verarbeitenden<\/strong> Kunden bietet Titan France ein vielf\u00e4ltiges Sortiment an Schirmen an, das auf den Grad des Eingriffs in die Produktionskette abgestimmt ist. Von <strong>tiefgezogenen Vierecken<\/strong> bis hin zu <strong>lackierten Fertigsegeln<\/strong>, jede Option ist auf die spezifischen Bed\u00fcrfnisse des Kunden zugeschnitten. <\/p><p>Mit diesen L\u00f6sungen verpflichtet sich Titan France, qualitativ hochwertige Produkte zu liefern, die die Leistung und Haltbarkeit Ihrer Ger\u00e4te optimieren. Entscheiden Sie sich f\u00fcr Titan, um von der anerkannten Fachkompetenz und den auf Ihre Bed\u00fcrfnisse zugeschnittenen L\u00f6sungen zu profitieren. <\/p>\t\t\t\t\t\t\t\t<\/div>\n\t\t\t\t<\/div>\n\t\t\t\t\t<\/div>\n\t\t\t\t<\/div>\n\t\t<div class=\"elementor-element elementor-element-2c22249 e-flex e-con-boxed e-con e-parent\" data-id=\"2c22249\" data-element_type=\"container\" data-e-type=\"container\">\n\t\t\t\t\t<div class=\"e-con-inner\">\n\t\t\t\t<div class=\"elementor-element elementor-element-e2eb1a3 elementor-widget elementor-widget-heading\" data-id=\"e2eb1a3\" data-element_type=\"widget\" data-e-type=\"widget\" data-widget_type=\"heading.default\">\n\t\t\t\t<div class=\"elementor-widget-container\">\n\t\t\t\t\t<h2 class=\"elementor-heading-title elementor-size-default\">Die Profile<\/h2>\t\t\t\t<\/div>\n\t\t\t\t<\/div>\n\t\t\t\t\t<\/div>\n\t\t\t\t<\/div>\n\t\t<div class=\"elementor-element elementor-element-891699d e-grid e-con-full e-con e-parent\" data-id=\"891699d\" data-element_type=\"container\" data-e-type=\"container\">\n\t\t\t\t<div class=\"elementor-element elementor-element-b1a0f9c elementor-widget elementor-widget-image\" data-id=\"b1a0f9c\" data-element_type=\"widget\" data-e-type=\"widget\" data-widget_type=\"image.default\">\n\t\t\t\t<div class=\"elementor-widget-container\">\n\t\t\t\t\t\t\t\t\t\t\t\t<figure class=\"wp-caption\">\n\t\t\t\t\t\t\t\t\t\t\t<a href=\"https:\/\/titanfrance.com\/composants\/embouti-voie-fixe\/simple\/\">\n\t\t\t\t\t\t\t<img fetchpriority=\"high\" decoding=\"async\" width=\"800\" height=\"438\" src=\"https:\/\/titanfrance.com\/wp-content\/uploads\/2025\/01\/Embouti_profil1_3D-1024x561.png\" class=\"attachment-large size-large wp-image-70868\" alt=\"3D Embouti jante agricole Titan France\" srcset=\"https:\/\/titanfrance.com\/wp-content\/uploads\/2025\/01\/Embouti_profil1_3D-1024x561.png 1024w, https:\/\/titanfrance.com\/wp-content\/uploads\/2025\/01\/Embouti_profil1_3D-300x164.png 300w, https:\/\/titanfrance.com\/wp-content\/uploads\/2025\/01\/Embouti_profil1_3D-768x421.png 768w, https:\/\/titanfrance.com\/wp-content\/uploads\/2025\/01\/Embouti_profil1_3D-1536x841.png 1536w, https:\/\/titanfrance.com\/wp-content\/uploads\/2025\/01\/Embouti_profil1_3D-2048x1122.png 2048w\" sizes=\"(max-width: 800px) 100vw, 800px\" \/>\t\t\t\t\t\t\t\t<\/a>\n\t\t\t\t\t\t\t\t\t\t\t<figcaption class=\"widget-image-caption wp-caption-text\">Einfach<\/figcaption>\n\t\t\t\t\t\t\t\t\t\t<\/figure>\n\t\t\t\t\t\t\t\t\t<\/div>\n\t\t\t\t<\/div>\n\t\t\t\t<div class=\"elementor-element elementor-element-1ae2419 elementor-widget elementor-widget-image\" data-id=\"1ae2419\" data-element_type=\"widget\" data-e-type=\"widget\" data-widget_type=\"image.default\">\n\t\t\t\t<div class=\"elementor-widget-container\">\n\t\t\t\t\t\t\t\t\t\t\t\t<figure class=\"wp-caption\">\n\t\t\t\t\t\t\t\t\t\t\t<a href=\"https:\/\/titanfrance.com\/composants\/embouti-voie-fixe\/contre-embouti\/\">\n\t\t\t\t\t\t\t<img decoding=\"async\" width=\"800\" height=\"437\" src=\"https:\/\/titanfrance.com\/wp-content\/uploads\/2025\/01\/Embouti_profil2_3D-1024x559.png\" class=\"attachment-large size-large wp-image-70869\" alt=\"Embouti jante agricole Titan France\" srcset=\"https:\/\/titanfrance.com\/wp-content\/uploads\/2025\/01\/Embouti_profil2_3D-1024x559.png 1024w, https:\/\/titanfrance.com\/wp-content\/uploads\/2025\/01\/Embouti_profil2_3D-300x164.png 300w, https:\/\/titanfrance.com\/wp-content\/uploads\/2025\/01\/Embouti_profil2_3D-768x419.png 768w, https:\/\/titanfrance.com\/wp-content\/uploads\/2025\/01\/Embouti_profil2_3D-1536x838.png 1536w, https:\/\/titanfrance.com\/wp-content\/uploads\/2025\/01\/Embouti_profil2_3D-2048x1118.png 2048w\" sizes=\"(max-width: 800px) 100vw, 800px\" \/>\t\t\t\t\t\t\t\t<\/a>\n\t\t\t\t\t\t\t\t\t\t\t<figcaption class=\"widget-image-caption wp-caption-text\">Gegen Embouti<\/figcaption>\n\t\t\t\t\t\t\t\t\t\t<\/figure>\n\t\t\t\t\t\t\t\t\t<\/div>\n\t\t\t\t<\/div>\n\t\t\t\t<div class=\"elementor-element elementor-element-f5df2b8 elementor-widget elementor-widget-image\" data-id=\"f5df2b8\" data-element_type=\"widget\" data-e-type=\"widget\" data-widget_type=\"image.default\">\n\t\t\t\t<div class=\"elementor-widget-container\">\n\t\t\t\t\t\t\t\t\t\t\t\t<figure class=\"wp-caption\">\n\t\t\t\t\t\t\t\t\t\t\t<a href=\"https:\/\/titanfrance.com\/composants\/embouti-voie-fixe\/contre-embouti-inverse\/\">\n\t\t\t\t\t\t\t<img decoding=\"async\" width=\"800\" height=\"438\" src=\"https:\/\/titanfrance.com\/wp-content\/uploads\/2025\/01\/Embouti_profil3_3D-1024x561.png\" class=\"attachment-large size-large wp-image-70870\" alt=\"Embouti Titan France\" srcset=\"https:\/\/titanfrance.com\/wp-content\/uploads\/2025\/01\/Embouti_profil3_3D-1024x561.png 1024w, https:\/\/titanfrance.com\/wp-content\/uploads\/2025\/01\/Embouti_profil3_3D-300x164.png 300w, https:\/\/titanfrance.com\/wp-content\/uploads\/2025\/01\/Embouti_profil3_3D-768x421.png 768w, https:\/\/titanfrance.com\/wp-content\/uploads\/2025\/01\/Embouti_profil3_3D-1536x841.png 1536w, https:\/\/titanfrance.com\/wp-content\/uploads\/2025\/01\/Embouti_profil3_3D-2048x1122.png 2048w\" sizes=\"(max-width: 800px) 100vw, 800px\" \/>\t\t\t\t\t\t\t\t<\/a>\n\t\t\t\t\t\t\t\t\t\t\t<figcaption class=\"widget-image-caption wp-caption-text\">Kontra Umgekehrter Tiefziehteil<\/figcaption>\n\t\t\t\t\t\t\t\t\t\t<\/figure>\n\t\t\t\t\t\t\t\t\t<\/div>\n\t\t\t\t<\/div>\n\t\t\t\t<\/div>\n\t\t<div class=\"elementor-element elementor-element-64cd3b9 e-grid e-con-full e-con e-parent\" data-id=\"64cd3b9\" data-element_type=\"container\" data-e-type=\"container\">\n\t\t\t\t<div class=\"elementor-element elementor-element-c021c87 elementor-widget elementor-widget-image\" data-id=\"c021c87\" data-element_type=\"widget\" data-e-type=\"widget\" data-widget_type=\"image.default\">\n\t\t\t\t<div class=\"elementor-widget-container\">\n\t\t\t\t\t\t\t\t\t\t\t\t<figure class=\"wp-caption\">\n\t\t\t\t\t\t\t\t\t\t\t<a href=\"https:\/\/titanfrance.com\/composants\/embouti-voie-fixe\/double-embouti\/\">\n\t\t\t\t\t\t\t<img loading=\"lazy\" decoding=\"async\" width=\"800\" height=\"438\" src=\"https:\/\/titanfrance.com\/wp-content\/uploads\/2025\/01\/Embouti_profil4_3D-1024x561.png\" class=\"attachment-large size-large wp-image-70871\" alt=\"Titan France Embouti\" srcset=\"https:\/\/titanfrance.com\/wp-content\/uploads\/2025\/01\/Embouti_profil4_3D-1024x561.png 1024w, https:\/\/titanfrance.com\/wp-content\/uploads\/2025\/01\/Embouti_profil4_3D-300x164.png 300w, https:\/\/titanfrance.com\/wp-content\/uploads\/2025\/01\/Embouti_profil4_3D-768x421.png 768w, https:\/\/titanfrance.com\/wp-content\/uploads\/2025\/01\/Embouti_profil4_3D-1536x841.png 1536w, https:\/\/titanfrance.com\/wp-content\/uploads\/2025\/01\/Embouti_profil4_3D-2048x1122.png 2048w\" sizes=\"(max-width: 800px) 100vw, 800px\" \/>\t\t\t\t\t\t\t\t<\/a>\n\t\t\t\t\t\t\t\t\t\t\t<figcaption class=\"widget-image-caption wp-caption-text\">Doppelt gepr\u00e4gt<\/figcaption>\n\t\t\t\t\t\t\t\t\t\t<\/figure>\n\t\t\t\t\t\t\t\t\t<\/div>\n\t\t\t\t<\/div>\n\t\t\t\t<div class=\"elementor-element elementor-element-546a545 elementor-widget elementor-widget-image\" data-id=\"546a545\" data-element_type=\"widget\" data-e-type=\"widget\" data-widget_type=\"image.default\">\n\t\t\t\t<div class=\"elementor-widget-container\">\n\t\t\t\t\t\t\t\t\t\t\t\t<figure class=\"wp-caption\">\n\t\t\t\t\t\t\t\t\t\t\t<a href=\"https:\/\/titanfrance.com\/composants\/embouti-voie-fixe\/profil-s\/\">\n\t\t\t\t\t\t\t<img loading=\"lazy\" decoding=\"async\" width=\"800\" height=\"438\" src=\"https:\/\/titanfrance.com\/wp-content\/uploads\/2025\/01\/Embouti_profil5_3D-1024x561.png\" class=\"attachment-large size-large wp-image-70872\" alt=\"Embouti 3D - Titan France\" srcset=\"https:\/\/titanfrance.com\/wp-content\/uploads\/2025\/01\/Embouti_profil5_3D-1024x561.png 1024w, https:\/\/titanfrance.com\/wp-content\/uploads\/2025\/01\/Embouti_profil5_3D-300x164.png 300w, https:\/\/titanfrance.com\/wp-content\/uploads\/2025\/01\/Embouti_profil5_3D-768x421.png 768w, https:\/\/titanfrance.com\/wp-content\/uploads\/2025\/01\/Embouti_profil5_3D-1536x841.png 1536w, https:\/\/titanfrance.com\/wp-content\/uploads\/2025\/01\/Embouti_profil5_3D-2048x1122.png 2048w\" sizes=\"(max-width: 800px) 100vw, 800px\" \/>\t\t\t\t\t\t\t\t<\/a>\n\t\t\t\t\t\t\t\t\t\t\t<figcaption class=\"widget-image-caption wp-caption-text\">Profil S<\/figcaption>\n\t\t\t\t\t\t\t\t\t\t<\/figure>\n\t\t\t\t\t\t\t\t\t<\/div>\n\t\t\t\t<\/div>\n\t\t\t\t<\/div>\n\t\t\t\t<\/div>\n\t\t","protected":false},"excerpt":{"rendered":"<p>Dieses tiefgezogene Segel ist so konzipiert, dass es direkt in die Felge geschwei\u00dft werden kann.<\/p>\n","protected":false},"author":1,"featured_media":70873,"parent":70838,"menu_order":0,"comment_status":"closed","ping_status":"closed","template":"page-tableau.php","meta":{"_acf_changed":false,"footnotes":""},"class_list":["post-70874","page","type-page","status-publish","has-post-thumbnail","hentry"],"acf":[],"yoast_head":"<!-- This site is optimized with the Yoast SEO plugin v27.4 - https:\/\/yoast.com\/product\/yoast-seo-wordpress\/ -->\n<title>Feststehende Gleisverbindung f\u00fcr landwirtschaftliche Zwecke \u2013 Komponenten | Titan France<\/title>\n<meta name=\"description\" content=\"Titan France stellt landwirtschaftliche Gleisbefestigungen her. Diese Komponenten garantieren Robustheit, Pr\u00e4zision und Langlebigkeit.\" \/>\n<meta name=\"robots\" content=\"index, follow, max-snippet:-1, max-image-preview:large, max-video-preview:-1\" \/>\n<link rel=\"canonical\" href=\"https:\/\/titanfrance.com\/de\/komponenten\/feste-fahrspur\/\" \/>\n<meta property=\"og:locale\" content=\"de_DE\" \/>\n<meta property=\"og:type\" content=\"article\" \/>\n<meta property=\"og:title\" content=\"Feststehende Gleisverbindung f\u00fcr landwirtschaftliche Zwecke \u2013 Komponenten | Titan France\" \/>\n<meta property=\"og:description\" content=\"Titan France stellt landwirtschaftliche Gleisbefestigungen her. Diese Komponenten garantieren Robustheit, Pr\u00e4zision und Langlebigkeit.\" \/>\n<meta property=\"og:url\" content=\"https:\/\/titanfrance.com\/de\/komponenten\/feste-fahrspur\/\" \/>\n<meta property=\"og:site_name\" content=\"TITAN France\" \/>\n<meta property=\"article:publisher\" content=\"https:\/\/www.facebook.com\/people\/Titan-France\/100054344090112\/\" \/>\n<meta property=\"article:modified_time\" content=\"2026-03-16T12:52:43+00:00\" \/>\n<meta property=\"og:image\" content=\"https:\/\/titanfrance.com\/wp-content\/uploads\/2025\/01\/embv-modif-scaled-e1738062225805.jpg\" \/>\n\t<meta property=\"og:image:width\" content=\"2334\" \/>\n\t<meta property=\"og:image:height\" content=\"556\" \/>\n\t<meta property=\"og:image:type\" content=\"image\/jpeg\" \/>\n<meta name=\"twitter:card\" content=\"summary_large_image\" \/>\n<meta name=\"twitter:site\" content=\"@titanfrance1\" \/>\n<meta name=\"twitter:label1\" content=\"Gesch\u00e4tzte Lesezeit\" \/>\n\t<meta name=\"twitter:data1\" content=\"1\u00a0Minute\" \/>\n<script type=\"application\/ld+json\" class=\"yoast-schema-graph\">{\"@context\":\"https:\\\/\\\/schema.org\",\"@graph\":[{\"@type\":\"WebPage\",\"@id\":\"https:\\\/\\\/titanfrance.com\\\/de\\\/komponenten\\\/feste-fahrspur\\\/\",\"url\":\"https:\\\/\\\/titanfrance.com\\\/de\\\/komponenten\\\/feste-fahrspur\\\/\",\"name\":\"Feststehende Gleisverbindung f\u00fcr landwirtschaftliche Zwecke \u2013 Komponenten | Titan France\",\"isPartOf\":{\"@id\":\"https:\\\/\\\/titanfrance.com\\\/de\\\/#website\"},\"primaryImageOfPage\":{\"@id\":\"https:\\\/\\\/titanfrance.com\\\/de\\\/komponenten\\\/feste-fahrspur\\\/#primaryimage\"},\"image\":{\"@id\":\"https:\\\/\\\/titanfrance.com\\\/de\\\/komponenten\\\/feste-fahrspur\\\/#primaryimage\"},\"thumbnailUrl\":\"https:\\\/\\\/titanfrance.com\\\/wp-content\\\/uploads\\\/2025\\\/01\\\/embv-modif-scaled-e1738062225805.jpg\",\"datePublished\":\"2024-12-19T08:30:31+00:00\",\"dateModified\":\"2026-03-16T12:52:43+00:00\",\"description\":\"Titan France stellt landwirtschaftliche Gleisbefestigungen her. Diese Komponenten garantieren Robustheit, Pr\u00e4zision und Langlebigkeit.\",\"breadcrumb\":{\"@id\":\"https:\\\/\\\/titanfrance.com\\\/de\\\/komponenten\\\/feste-fahrspur\\\/#breadcrumb\"},\"inLanguage\":\"de\",\"potentialAction\":[{\"@type\":\"ReadAction\",\"target\":[\"https:\\\/\\\/titanfrance.com\\\/de\\\/komponenten\\\/feste-fahrspur\\\/\"]}]},{\"@type\":\"ImageObject\",\"inLanguage\":\"de\",\"@id\":\"https:\\\/\\\/titanfrance.com\\\/de\\\/komponenten\\\/feste-fahrspur\\\/#primaryimage\",\"url\":\"https:\\\/\\\/titanfrance.com\\\/wp-content\\\/uploads\\\/2025\\\/01\\\/embv-modif-scaled-e1738062225805.jpg\",\"contentUrl\":\"https:\\\/\\\/titanfrance.com\\\/wp-content\\\/uploads\\\/2025\\\/01\\\/embv-modif-scaled-e1738062225805.jpg\",\"width\":2334,\"height\":556,\"caption\":\"Embouti Voie Fixe Titan soud\u00e9 dans la jante pour applications agricoles et industrielles, offrant robustesse et installation facile\"},{\"@type\":\"BreadcrumbList\",\"@id\":\"https:\\\/\\\/titanfrance.com\\\/de\\\/komponenten\\\/feste-fahrspur\\\/#breadcrumb\",\"itemListElement\":[{\"@type\":\"ListItem\",\"position\":1,\"name\":\"Accueil\",\"item\":\"https:\\\/\\\/titanfrance.com\\\/de\\\/\"},{\"@type\":\"ListItem\",\"position\":2,\"name\":\"Komponenten\",\"item\":\"https:\\\/\\\/titanfrance.com\\\/de\\\/komponenten\\\/\"},{\"@type\":\"ListItem\",\"position\":3,\"name\":\"Festes Gleisende\"}]},{\"@type\":\"WebSite\",\"@id\":\"https:\\\/\\\/titanfrance.com\\\/de\\\/#website\",\"url\":\"https:\\\/\\\/titanfrance.com\\\/de\\\/\",\"name\":\"TITAN France\",\"description\":\"TITAN and Goodyear Farm Tires brands\",\"publisher\":{\"@id\":\"https:\\\/\\\/titanfrance.com\\\/de\\\/#organization\"},\"alternateName\":\"Fabricants de roues, de pneus et de composants de ch\u00e2ssis pour v\u00e9hicules tout-terrain.\",\"potentialAction\":[{\"@type\":\"SearchAction\",\"target\":{\"@type\":\"EntryPoint\",\"urlTemplate\":\"https:\\\/\\\/titanfrance.com\\\/de\\\/?s={search_term_string}\"},\"query-input\":{\"@type\":\"PropertyValueSpecification\",\"valueRequired\":true,\"valueName\":\"search_term_string\"}}],\"inLanguage\":\"de\"},{\"@type\":\"Organization\",\"@id\":\"https:\\\/\\\/titanfrance.com\\\/de\\\/#organization\",\"name\":\"TITAN France - FLERS\",\"url\":\"https:\\\/\\\/titanfrance.com\\\/de\\\/\",\"logo\":{\"@type\":\"ImageObject\",\"inLanguage\":\"de\",\"@id\":\"https:\\\/\\\/titanfrance.com\\\/de\\\/#\\\/schema\\\/logo\\\/image\\\/\",\"url\":\"https:\\\/\\\/titanfrance.com\\\/wp-content\\\/uploads\\\/2024\\\/07\\\/logo-Titan-goodyear.png\",\"contentUrl\":\"https:\\\/\\\/titanfrance.com\\\/wp-content\\\/uploads\\\/2024\\\/07\\\/logo-Titan-goodyear.png\",\"width\":696,\"height\":696,\"caption\":\"TITAN France - FLERS\"},\"image\":{\"@id\":\"https:\\\/\\\/titanfrance.com\\\/de\\\/#\\\/schema\\\/logo\\\/image\\\/\"},\"sameAs\":[\"https:\\\/\\\/www.facebook.com\\\/people\\\/Titan-France\\\/100054344090112\\\/\",\"https:\\\/\\\/x.com\\\/titanfrance1\",\"https:\\\/\\\/www.youtube.com\\\/channel\\\/UCbpLZ8EDC_1mEAwmMMyFYkg\",\"https:\\\/\\\/www.instagram.com\\\/titan_france\\\/?utm_source=ig_profile_share&igshid=q0ytsbjj91ve&fbclid=IwAR0srThhgUmUYTjvY_vGoqDg51xGkvvJhrBkEmLz2y_ntiOgjCeaBaOzqVA\",\"https:\\\/\\\/www.linkedin.com\\\/uas\\\/login?session_redirect=https:\\\/\\\/www.linkedin.com\\\/company\\\/titan-france-sas\\\/about\\\/\"]}]}<\/script>\n<!-- \/ Yoast SEO plugin. -->","yoast_head_json":{"title":"Feststehende Gleisverbindung f\u00fcr landwirtschaftliche Zwecke \u2013 Komponenten | Titan France","description":"Titan France stellt landwirtschaftliche Gleisbefestigungen her. Diese Komponenten garantieren Robustheit, Pr\u00e4zision und Langlebigkeit.","robots":{"index":"index","follow":"follow","max-snippet":"max-snippet:-1","max-image-preview":"max-image-preview:large","max-video-preview":"max-video-preview:-1"},"canonical":"https:\/\/titanfrance.com\/de\/komponenten\/feste-fahrspur\/","og_locale":"de_DE","og_type":"article","og_title":"Feststehende Gleisverbindung f\u00fcr landwirtschaftliche Zwecke \u2013 Komponenten | Titan France","og_description":"Titan France stellt landwirtschaftliche Gleisbefestigungen her. Diese Komponenten garantieren Robustheit, Pr\u00e4zision und Langlebigkeit.","og_url":"https:\/\/titanfrance.com\/de\/komponenten\/feste-fahrspur\/","og_site_name":"TITAN France","article_publisher":"https:\/\/www.facebook.com\/people\/Titan-France\/100054344090112\/","article_modified_time":"2026-03-16T12:52:43+00:00","og_image":[{"width":2334,"height":556,"url":"https:\/\/titanfrance.com\/wp-content\/uploads\/2025\/01\/embv-modif-scaled-e1738062225805.jpg","type":"image\/jpeg"}],"twitter_card":"summary_large_image","twitter_site":"@titanfrance1","twitter_misc":{"Gesch\u00e4tzte Lesezeit":"1\u00a0Minute"},"schema":{"@context":"https:\/\/schema.org","@graph":[{"@type":"WebPage","@id":"https:\/\/titanfrance.com\/de\/komponenten\/feste-fahrspur\/","url":"https:\/\/titanfrance.com\/de\/komponenten\/feste-fahrspur\/","name":"Feststehende Gleisverbindung f\u00fcr landwirtschaftliche Zwecke \u2013 Komponenten | Titan France","isPartOf":{"@id":"https:\/\/titanfrance.com\/de\/#website"},"primaryImageOfPage":{"@id":"https:\/\/titanfrance.com\/de\/komponenten\/feste-fahrspur\/#primaryimage"},"image":{"@id":"https:\/\/titanfrance.com\/de\/komponenten\/feste-fahrspur\/#primaryimage"},"thumbnailUrl":"https:\/\/titanfrance.com\/wp-content\/uploads\/2025\/01\/embv-modif-scaled-e1738062225805.jpg","datePublished":"2024-12-19T08:30:31+00:00","dateModified":"2026-03-16T12:52:43+00:00","description":"Titan France stellt landwirtschaftliche Gleisbefestigungen her. Diese Komponenten garantieren Robustheit, Pr\u00e4zision und Langlebigkeit.","breadcrumb":{"@id":"https:\/\/titanfrance.com\/de\/komponenten\/feste-fahrspur\/#breadcrumb"},"inLanguage":"de","potentialAction":[{"@type":"ReadAction","target":["https:\/\/titanfrance.com\/de\/komponenten\/feste-fahrspur\/"]}]},{"@type":"ImageObject","inLanguage":"de","@id":"https:\/\/titanfrance.com\/de\/komponenten\/feste-fahrspur\/#primaryimage","url":"https:\/\/titanfrance.com\/wp-content\/uploads\/2025\/01\/embv-modif-scaled-e1738062225805.jpg","contentUrl":"https:\/\/titanfrance.com\/wp-content\/uploads\/2025\/01\/embv-modif-scaled-e1738062225805.jpg","width":2334,"height":556,"caption":"Embouti Voie Fixe Titan soud\u00e9 dans la jante pour applications agricoles et industrielles, offrant robustesse et installation facile"},{"@type":"BreadcrumbList","@id":"https:\/\/titanfrance.com\/de\/komponenten\/feste-fahrspur\/#breadcrumb","itemListElement":[{"@type":"ListItem","position":1,"name":"Accueil","item":"https:\/\/titanfrance.com\/de\/"},{"@type":"ListItem","position":2,"name":"Komponenten","item":"https:\/\/titanfrance.com\/de\/komponenten\/"},{"@type":"ListItem","position":3,"name":"Festes Gleisende"}]},{"@type":"WebSite","@id":"https:\/\/titanfrance.com\/de\/#website","url":"https:\/\/titanfrance.com\/de\/","name":"TITAN France","description":"TITAN and Goodyear Farm Tires brands","publisher":{"@id":"https:\/\/titanfrance.com\/de\/#organization"},"alternateName":"Fabricants de roues, de pneus et de composants de ch\u00e2ssis pour v\u00e9hicules tout-terrain.","potentialAction":[{"@type":"SearchAction","target":{"@type":"EntryPoint","urlTemplate":"https:\/\/titanfrance.com\/de\/?s={search_term_string}"},"query-input":{"@type":"PropertyValueSpecification","valueRequired":true,"valueName":"search_term_string"}}],"inLanguage":"de"},{"@type":"Organization","@id":"https:\/\/titanfrance.com\/de\/#organization","name":"TITAN France - FLERS","url":"https:\/\/titanfrance.com\/de\/","logo":{"@type":"ImageObject","inLanguage":"de","@id":"https:\/\/titanfrance.com\/de\/#\/schema\/logo\/image\/","url":"https:\/\/titanfrance.com\/wp-content\/uploads\/2024\/07\/logo-Titan-goodyear.png","contentUrl":"https:\/\/titanfrance.com\/wp-content\/uploads\/2024\/07\/logo-Titan-goodyear.png","width":696,"height":696,"caption":"TITAN France - FLERS"},"image":{"@id":"https:\/\/titanfrance.com\/de\/#\/schema\/logo\/image\/"},"sameAs":["https:\/\/www.facebook.com\/people\/Titan-France\/100054344090112\/","https:\/\/x.com\/titanfrance1","https:\/\/www.youtube.com\/channel\/UCbpLZ8EDC_1mEAwmMMyFYkg","https:\/\/www.instagram.com\/titan_france\/?utm_source=ig_profile_share&igshid=q0ytsbjj91ve&fbclid=IwAR0srThhgUmUYTjvY_vGoqDg51xGkvvJhrBkEmLz2y_ntiOgjCeaBaOzqVA","https:\/\/www.linkedin.com\/uas\/login?session_redirect=https:\/\/www.linkedin.com\/company\/titan-france-sas\/about\/"]}]}},"_links":{"self":[{"href":"https:\/\/titanfrance.com\/de\/wp-json\/wp\/v2\/pages\/70874","targetHints":{"allow":["GET"]}}],"collection":[{"href":"https:\/\/titanfrance.com\/de\/wp-json\/wp\/v2\/pages"}],"about":[{"href":"https:\/\/titanfrance.com\/de\/wp-json\/wp\/v2\/types\/page"}],"author":[{"embeddable":true,"href":"https:\/\/titanfrance.com\/de\/wp-json\/wp\/v2\/users\/1"}],"replies":[{"embeddable":true,"href":"https:\/\/titanfrance.com\/de\/wp-json\/wp\/v2\/comments?post=70874"}],"version-history":[{"count":3,"href":"https:\/\/titanfrance.com\/de\/wp-json\/wp\/v2\/pages\/70874\/revisions"}],"predecessor-version":[{"id":71548,"href":"https:\/\/titanfrance.com\/de\/wp-json\/wp\/v2\/pages\/70874\/revisions\/71548"}],"up":[{"embeddable":true,"href":"https:\/\/titanfrance.com\/de\/wp-json\/wp\/v2\/pages\/70838"}],"wp:featuredmedia":[{"embeddable":true,"href":"https:\/\/titanfrance.com\/de\/wp-json\/wp\/v2\/media\/70873"}],"wp:attachment":[{"href":"https:\/\/titanfrance.com\/de\/wp-json\/wp\/v2\/media?parent=70874"}],"curies":[{"name":"wp","href":"https:\/\/api.w.org\/{rel}","templated":true}]}}