{"id":70854,"date":"2024-08-20T19:04:09","date_gmt":"2024-08-20T17:04:09","guid":{"rendered":"https:\/\/titanfrance.com\/komponenten\/quadratisch-gepraegt\/"},"modified":"2026-02-03T16:42:52","modified_gmt":"2026-02-03T15:42:52","slug":"quadratisch-gepraegt","status":"publish","type":"page","link":"https:\/\/titanfrance.com\/de\/komponenten\/quadratisch-gepraegt\/","title":{"rendered":"Quadratisch gepr\u00e4gt"},"content":{"rendered":"\t\t<div data-elementor-type=\"wp-page\" data-elementor-id=\"70854\" class=\"elementor elementor-70854 elementor-2788\" data-elementor-post-type=\"page\">\n\t\t\t\t<div class=\"elementor-element elementor-element-3708106 e-flex e-con-boxed e-con e-parent\" data-id=\"3708106\" data-element_type=\"container\" data-e-type=\"container\">\n\t\t\t\t\t<div class=\"e-con-inner\">\n\t\t<div class=\"elementor-element elementor-element-9249415 e-con-full e-flex e-con e-child\" data-id=\"9249415\" data-element_type=\"container\" data-e-type=\"container\">\n\t\t<div class=\"elementor-element elementor-element-48720dd e-con-full e-flex e-con e-child\" data-id=\"48720dd\" data-element_type=\"container\" data-e-type=\"container\" data-settings=\"{&quot;background_background&quot;:&quot;classic&quot;}\">\n\t\t<div class=\"elementor-element elementor-element-b2f582d e-con-full e-flex e-con e-child\" data-id=\"b2f582d\" data-element_type=\"container\" data-e-type=\"container\">\n\t\t\t\t<div class=\"elementor-element elementor-element-eef2b62 elementor-widget elementor-widget-heading\" data-id=\"eef2b62\" data-element_type=\"widget\" data-e-type=\"widget\" data-widget_type=\"heading.default\">\n\t\t\t\t<div class=\"elementor-widget-container\">\n\t\t\t\t\t<h1 class=\"elementor-heading-title elementor-size-default\">Quadratisch gepr\u00e4gt  <\/h1>\t\t\t\t<\/div>\n\t\t\t\t<\/div>\n\t\t\t\t<\/div>\n\t\t\t\t<\/div>\n\t\t\t\t<\/div>\n\t\t\t\t<div class=\"elementor-element elementor-element-fe1c1b4 elementor-widget elementor-widget-text-editor\" data-id=\"fe1c1b4\" data-element_type=\"widget\" data-e-type=\"widget\" data-widget_type=\"text-editor.default\">\n\t\t\t\t<div class=\"elementor-widget-container\">\n\t\t\t\t\t\t\t\t\t<p>Das tiefgezogene Quadrat erm\u00f6glicht es dem Fachmann, seine eigenen Ausschnitte zu machen, um entweder einen festen oder einen variablen Schleier (mit oder ohne Krone) zu erhalten. Die Gr\u00f6\u00dfen, St\u00e4rken und Vertiefungen k\u00f6nnen auf Wunsch individuell angepasst werden. <\/p><p><strong>Flexibilit\u00e4t und Anpassung an Ihre Bed\u00fcrfnisse<\/strong><\/p><p>Die L\u00f6sung des <strong>gepr\u00e4gten Quadrats<\/strong> von Titan France wurde entwickelt, um dem Fachmann eine gro\u00dfe Gestaltungsfreiheit zu bieten. Das <strong>gepr\u00e4gte Quadrat<\/strong> erm\u00f6glicht individuelle Zuschnitte, um ein <strong>festes<\/strong> oder <strong>variables Segel<\/strong> &#8211; mit oder ohne <strong>Krone<\/strong> &#8211; zu erhalten, je nach den spezifischen Anforderungen der jeweiligen Anwendung. <\/p><p>Die <strong>Gr\u00f6\u00dfe<\/strong>, <strong>Dicke<\/strong> und <strong>Tiefe<\/strong> des gepressten Vierkants kann auf <strong>Wunsch individuell<\/strong> angepasst werden, um eine perfekte Anpassung an die Anforderungen jedes Kunden zu gew\u00e4hrleisten. Diese modulare L\u00f6sung optimiert die Leistung und Haltbarkeit von landwirtschaftlichen und industriellen Ger\u00e4ten und erf\u00fcllt die unterschiedlichen Anforderungen des Sektors. <\/p>\t\t\t\t\t\t\t\t<\/div>\n\t\t\t\t<\/div>\n\t\t<div class=\"elementor-element elementor-element-8ad49e2 e-con-full e-flex e-con e-child\" data-id=\"8ad49e2\" data-element_type=\"container\" data-e-type=\"container\">\n\t\t\t\t<div class=\"elementor-element elementor-element-ddfc585 elementor-widget elementor-widget-shortcode\" data-id=\"ddfc585\" data-element_type=\"widget\" data-e-type=\"widget\" data-widget_type=\"shortcode.default\">\n\t\t\t\t<div class=\"elementor-widget-container\">\n\t\t\t\t\t\t\t<div class=\"elementor-shortcode\"><\/div>\n\t\t\t\t\t\t<\/div>\n\t\t\t\t<\/div>\n\t\t\t\t<div class=\"elementor-element elementor-element-8ce578a elementor-widget elementor-widget-shortcode\" data-id=\"8ce578a\" data-element_type=\"widget\" data-e-type=\"widget\" data-widget_type=\"shortcode.default\">\n\t\t\t\t<div class=\"elementor-widget-container\">\n\t\t\t\t\t\t\t<div class=\"elementor-shortcode\"><\/div>\n\t\t\t\t\t\t<\/div>\n\t\t\t\t<\/div>\n\t\t\t\t<\/div>\n\t\t\t\t\t<\/div>\n\t\t\t\t<\/div>\n\t\t<div class=\"elementor-element elementor-element-a6012c0 e-flex e-con-boxed e-con e-parent\" data-id=\"a6012c0\" data-element_type=\"container\" data-e-type=\"container\">\n\t\t\t\t\t<div class=\"e-con-inner\">\n\t\t<div class=\"elementor-element elementor-element-dd01f90 e-con-full e-flex e-con e-child\" data-id=\"dd01f90\" data-element_type=\"container\" data-e-type=\"container\">\n\t\t\t\t<div class=\"elementor-element elementor-element-2315b2b elementor-widget elementor-widget-heading\" data-id=\"2315b2b\" data-element_type=\"widget\" data-e-type=\"widget\" data-widget_type=\"heading.default\">\n\t\t\t\t<div class=\"elementor-widget-container\">\n\t\t\t\t\t<h2 class=\"elementor-heading-title elementor-size-default\">Profil 1<\/h2>\t\t\t\t<\/div>\n\t\t\t\t<\/div>\n\t\t\t\t<div class=\"elementor-element elementor-element-96b568d elementor-widget elementor-widget-image\" data-id=\"96b568d\" data-element_type=\"widget\" data-e-type=\"widget\" data-widget_type=\"image.default\">\n\t\t\t\t<div class=\"elementor-widget-container\">\n\t\t\t\t\t\t\t\t\t\t\t\t\t\t\t\t<a href=\"?profil=1\">\n\t\t\t\t\t\t\t<img fetchpriority=\"high\" decoding=\"async\" width=\"337\" height=\"1024\" src=\"https:\/\/titanfrance.com\/wp-content\/uploads\/2024\/12\/Embfixe_profil2coupe-droiteV1gris-e1733245415965-337x1024.png\" class=\"attachment-large size-large wp-image-70848\" alt=\"Sch\u00e9ma Embouti\" srcset=\"https:\/\/titanfrance.com\/wp-content\/uploads\/2024\/12\/Embfixe_profil2coupe-droiteV1gris-e1733245415965-337x1024.png 337w, https:\/\/titanfrance.com\/wp-content\/uploads\/2024\/12\/Embfixe_profil2coupe-droiteV1gris-e1733245415965-99x300.png 99w, https:\/\/titanfrance.com\/wp-content\/uploads\/2024\/12\/Embfixe_profil2coupe-droiteV1gris-e1733245415965.png 505w\" sizes=\"(max-width: 337px) 100vw, 337px\" \/>\t\t\t\t\t\t\t\t<\/a>\n\t\t\t\t\t\t\t\t\t\t\t\t\t\t\t<\/div>\n\t\t\t\t<\/div>\n\t\t\t\t<\/div>\n\t\t<div class=\"elementor-element elementor-element-d7a40ec e-con-full e-flex e-con e-child\" data-id=\"d7a40ec\" data-element_type=\"container\" data-e-type=\"container\">\n\t\t\t\t<div class=\"elementor-element elementor-element-e22c3f4 elementor-widget elementor-widget-heading\" data-id=\"e22c3f4\" data-element_type=\"widget\" data-e-type=\"widget\" data-widget_type=\"heading.default\">\n\t\t\t\t<div class=\"elementor-widget-container\">\n\t\t\t\t\t<h2 class=\"elementor-heading-title elementor-size-default\">Profil 2<\/h2>\t\t\t\t<\/div>\n\t\t\t\t<\/div>\n\t\t\t\t<div class=\"elementor-element elementor-element-7c49449 elementor-widget elementor-widget-image\" data-id=\"7c49449\" data-element_type=\"widget\" data-e-type=\"widget\" data-widget_type=\"image.default\">\n\t\t\t\t<div class=\"elementor-widget-container\">\n\t\t\t\t\t\t\t\t\t\t\t\t\t\t\t\t<a href=\"http:\/\/Profil=2\">\n\t\t\t\t\t\t\t<img decoding=\"async\" width=\"320\" height=\"1024\" src=\"https:\/\/titanfrance.com\/wp-content\/uploads\/2024\/12\/Embfixe_profil2coupe-droiteV1Blanc-e1733245390187-320x1024.png\" class=\"attachment-large size-large wp-image-70849\" alt=\"Embouti fixe\" srcset=\"https:\/\/titanfrance.com\/wp-content\/uploads\/2024\/12\/Embfixe_profil2coupe-droiteV1Blanc-e1733245390187-320x1024.png 320w, https:\/\/titanfrance.com\/wp-content\/uploads\/2024\/12\/Embfixe_profil2coupe-droiteV1Blanc-e1733245390187-94x300.png 94w, https:\/\/titanfrance.com\/wp-content\/uploads\/2024\/12\/Embfixe_profil2coupe-droiteV1Blanc-e1733245390187.png 480w\" sizes=\"(max-width: 320px) 100vw, 320px\" \/>\t\t\t\t\t\t\t\t<\/a>\n\t\t\t\t\t\t\t\t\t\t\t\t\t\t\t<\/div>\n\t\t\t\t<\/div>\n\t\t\t\t<\/div>\n\t\t<div class=\"elementor-element elementor-element-a4ef747 e-con-full e-flex e-con e-child\" data-id=\"a4ef747\" data-element_type=\"container\" data-e-type=\"container\">\n\t\t\t\t<div class=\"elementor-element elementor-element-f1cafa5 elementor-widget elementor-widget-heading\" data-id=\"f1cafa5\" data-element_type=\"widget\" data-e-type=\"widget\" data-widget_type=\"heading.default\">\n\t\t\t\t<div class=\"elementor-widget-container\">\n\t\t\t\t\t<h2 class=\"elementor-heading-title elementor-size-default\">Profil 3<\/h2>\t\t\t\t<\/div>\n\t\t\t\t<\/div>\n\t\t\t\t<div class=\"elementor-element elementor-element-b8877fd elementor-widget elementor-widget-image\" data-id=\"b8877fd\" data-element_type=\"widget\" data-e-type=\"widget\" data-widget_type=\"image.default\">\n\t\t\t\t<div class=\"elementor-widget-container\">\n\t\t\t\t\t\t\t\t\t\t\t\t\t\t\t\t<a href=\"http:\/\/Profil=3\">\n\t\t\t\t\t\t\t<img decoding=\"async\" width=\"103\" height=\"281\" src=\"https:\/\/titanfrance.com\/wp-content\/uploads\/2024\/09\/Disque-voie-variable-profil-3.png\" class=\"attachment-large size-large wp-image-70850\" alt=\"Voie Varible sch\u00e9ma Titan France\" \/>\t\t\t\t\t\t\t\t<\/a>\n\t\t\t\t\t\t\t\t\t\t\t\t\t\t\t<\/div>\n\t\t\t\t<\/div>\n\t\t\t\t<\/div>\n\t\t\t\t\t<\/div>\n\t\t\t\t<\/div>\n\t\t<div class=\"elementor-element elementor-element-ad43873 e-flex e-con-boxed e-con e-parent\" data-id=\"ad43873\" data-element_type=\"container\" data-e-type=\"container\">\n\t\t\t\t\t<div class=\"e-con-inner\">\n\t\t<div class=\"elementor-element elementor-element-e968843 e-con-full e-flex e-con e-child\" data-id=\"e968843\" data-element_type=\"container\" data-e-type=\"container\">\n\t\t\t\t<div class=\"elementor-element elementor-element-12b364a elementor-widget elementor-widget-heading\" data-id=\"12b364a\" data-element_type=\"widget\" data-e-type=\"widget\" data-widget_type=\"heading.default\">\n\t\t\t\t<div class=\"elementor-widget-container\">\n\t\t\t\t\t<h2 class=\"elementor-heading-title elementor-size-default\">Profil 1<\/h2>\t\t\t\t<\/div>\n\t\t\t\t<\/div>\n\t\t\t\t<div class=\"elementor-element elementor-element-8cf4f4e elementor-widget elementor-widget-image\" data-id=\"8cf4f4e\" data-element_type=\"widget\" data-e-type=\"widget\" data-widget_type=\"image.default\">\n\t\t\t\t<div class=\"elementor-widget-container\">\n\t\t\t\t\t\t\t\t\t\t\t\t\t\t\t\t<a href=\"?profil=1\">\n\t\t\t\t\t\t\t<img loading=\"lazy\" decoding=\"async\" width=\"103\" height=\"281\" src=\"https:\/\/titanfrance.com\/wp-content\/uploads\/2024\/09\/Disque-voie-variable-profil-1.png\" class=\"attachment-large size-large wp-image-70851\" alt=\"Sch\u00e9ma voie variable - Titan\" \/>\t\t\t\t\t\t\t\t<\/a>\n\t\t\t\t\t\t\t\t\t\t\t\t\t\t\t<\/div>\n\t\t\t\t<\/div>\n\t\t\t\t<\/div>\n\t\t<div class=\"elementor-element elementor-element-0c9b7d2 e-con-full e-flex e-con e-child\" data-id=\"0c9b7d2\" data-element_type=\"container\" data-e-type=\"container\">\n\t\t\t\t<div class=\"elementor-element elementor-element-b4e7926 elementor-widget elementor-widget-heading\" data-id=\"b4e7926\" data-element_type=\"widget\" data-e-type=\"widget\" data-widget_type=\"heading.default\">\n\t\t\t\t<div class=\"elementor-widget-container\">\n\t\t\t\t\t<h2 class=\"elementor-heading-title elementor-size-default\">Profil 2<\/h2>\t\t\t\t<\/div>\n\t\t\t\t<\/div>\n\t\t\t\t<div class=\"elementor-element elementor-element-30262f1 elementor-widget elementor-widget-image\" data-id=\"30262f1\" data-element_type=\"widget\" data-e-type=\"widget\" data-widget_type=\"image.default\">\n\t\t\t\t<div class=\"elementor-widget-container\">\n\t\t\t\t\t\t\t\t\t\t\t\t\t\t\t\t<a href=\"http:\/\/Profil=2\">\n\t\t\t\t\t\t\t<img loading=\"lazy\" decoding=\"async\" width=\"103\" height=\"281\" src=\"https:\/\/titanfrance.com\/wp-content\/uploads\/2024\/09\/Disque-voie-variable-profil-2.png\" class=\"attachment-large size-large wp-image-70852\" alt=\"Sch\u00e9la disque agricole voie variable\" \/>\t\t\t\t\t\t\t\t<\/a>\n\t\t\t\t\t\t\t\t\t\t\t\t\t\t\t<\/div>\n\t\t\t\t<\/div>\n\t\t\t\t<\/div>\n\t\t<div class=\"elementor-element elementor-element-b9b6787 e-con-full e-flex e-con e-child\" data-id=\"b9b6787\" data-element_type=\"container\" data-e-type=\"container\">\n\t\t\t\t<div class=\"elementor-element elementor-element-df8c24a elementor-widget elementor-widget-heading\" data-id=\"df8c24a\" data-element_type=\"widget\" data-e-type=\"widget\" data-widget_type=\"heading.default\">\n\t\t\t\t<div class=\"elementor-widget-container\">\n\t\t\t\t\t<h2 class=\"elementor-heading-title elementor-size-default\">Profil 3<\/h2>\t\t\t\t<\/div>\n\t\t\t\t<\/div>\n\t\t\t\t<div class=\"elementor-element elementor-element-7557a42 elementor-widget elementor-widget-image\" data-id=\"7557a42\" data-element_type=\"widget\" data-e-type=\"widget\" data-widget_type=\"image.default\">\n\t\t\t\t<div class=\"elementor-widget-container\">\n\t\t\t\t\t\t\t\t\t\t\t\t\t\t\t\t<a href=\"http:\/\/Profil=3\">\n\t\t\t\t\t\t\t<img decoding=\"async\" width=\"103\" height=\"281\" src=\"https:\/\/titanfrance.com\/wp-content\/uploads\/2024\/09\/Disque-voie-variable-profil-3.png\" class=\"attachment-large size-large wp-image-70850\" alt=\"Voie Varible sch\u00e9ma Titan France\" \/>\t\t\t\t\t\t\t\t<\/a>\n\t\t\t\t\t\t\t\t\t\t\t\t\t\t\t<\/div>\n\t\t\t\t<\/div>\n\t\t\t\t<\/div>\n\t\t\t\t\t<\/div>\n\t\t\t\t<\/div>\n\t\t<div class=\"elementor-element elementor-element-47cb5de e-flex e-con-boxed e-con e-parent\" data-id=\"47cb5de\" data-element_type=\"container\" data-e-type=\"container\">\n\t\t\t\t\t<div class=\"e-con-inner\">\n\t\t<div class=\"elementor-element elementor-element-2bc2582 e-con-full e-flex e-con e-child\" data-id=\"2bc2582\" data-element_type=\"container\" data-e-type=\"container\">\n\t\t\t\t<div class=\"elementor-element elementor-element-a516a9e elementor-widget elementor-widget-shortcode\" data-id=\"a516a9e\" data-element_type=\"widget\" data-e-type=\"widget\" data-widget_type=\"shortcode.default\">\n\t\t\t\t<div class=\"elementor-widget-container\">\n\t\t\t\t\t\t\t<div class=\"elementor-shortcode\">[shortcode_disques_profil]<\/div>\n\t\t\t\t\t\t<\/div>\n\t\t\t\t<\/div>\n\t\t\t\t<\/div>\n\t\t\t\t\t<\/div>\n\t\t\t\t<\/div>\n\t\t\t\t<\/div>\n\t\t","protected":false},"excerpt":{"rendered":"<p>Quadratisch gepr\u00e4gt Das tiefgezogene Quadrat erm\u00f6glicht es dem Fachmann, seine eigenen Ausschnitte zu machen, um entweder einen festen oder einen variablen Schleier (mit oder ohne Krone) zu erhalten. Die Gr\u00f6\u00dfen, St\u00e4rken und Vertiefungen k\u00f6nnen auf Wunsch individuell angepasst werden. Flexibilit\u00e4t und Anpassung an Ihre Bed\u00fcrfnisse Die L\u00f6sung des gepr\u00e4gten Quadrats von Titan France wurde entwickelt, [&hellip;]<\/p>\n","protected":false},"author":1,"featured_media":70853,"parent":70838,"menu_order":0,"comment_status":"closed","ping_status":"closed","template":"","meta":{"_acf_changed":false,"footnotes":""},"class_list":["post-70854","page","type-page","status-publish","has-post-thumbnail","hentry"],"acf":[],"yoast_head":"<!-- This site is optimized with the Yoast SEO plugin v27.4 - https:\/\/yoast.com\/product\/yoast-seo-wordpress\/ -->\n<title>Gepresstes Vierkantprofil f\u00fcr landwirtschaftliche Felgen \u2013 Komponenten | Titan France<\/title>\n<meta name=\"description\" content=\"Titan France stellt tiefgezogene Vierkantprofile f\u00fcr landwirtschaftliche Felgen her. Diese Komponenten gew\u00e4hrleisten Robustheit, Pr\u00e4zision und Langlebigkeit.\" \/>\n<meta name=\"robots\" content=\"index, follow, max-snippet:-1, max-image-preview:large, max-video-preview:-1\" \/>\n<link rel=\"canonical\" href=\"https:\/\/titanfrance.com\/de\/komponenten\/quadratisch-gepraegt\/\" \/>\n<meta property=\"og:locale\" content=\"de_DE\" \/>\n<meta property=\"og:type\" content=\"article\" \/>\n<meta property=\"og:title\" content=\"Gepresstes Vierkantprofil f\u00fcr landwirtschaftliche Felgen \u2013 Komponenten | Titan France\" \/>\n<meta property=\"og:description\" content=\"Titan France stellt tiefgezogene Vierkantprofile f\u00fcr landwirtschaftliche Felgen her. Diese Komponenten gew\u00e4hrleisten Robustheit, Pr\u00e4zision und Langlebigkeit.\" \/>\n<meta property=\"og:url\" content=\"https:\/\/titanfrance.com\/de\/komponenten\/quadratisch-gepraegt\/\" \/>\n<meta property=\"og:site_name\" content=\"TITAN France\" \/>\n<meta property=\"article:publisher\" content=\"https:\/\/www.facebook.com\/people\/Titan-France\/100054344090112\/\" \/>\n<meta property=\"article:modified_time\" content=\"2026-02-03T15:42:52+00:00\" \/>\n<meta property=\"og:image\" content=\"https:\/\/titanfrance.com\/wp-content\/uploads\/2024\/12\/composants-jantes.jpg\" \/>\n\t<meta property=\"og:image:width\" content=\"2000\" \/>\n\t<meta property=\"og:image:height\" content=\"685\" \/>\n\t<meta property=\"og:image:type\" content=\"image\/jpeg\" \/>\n<meta name=\"twitter:card\" content=\"summary_large_image\" \/>\n<meta name=\"twitter:site\" content=\"@titanfrance1\" \/>\n<meta name=\"twitter:label1\" content=\"Gesch\u00e4tzte Lesezeit\" \/>\n\t<meta name=\"twitter:data1\" content=\"1\u00a0Minute\" \/>\n<script type=\"application\/ld+json\" class=\"yoast-schema-graph\">{\"@context\":\"https:\\\/\\\/schema.org\",\"@graph\":[{\"@type\":\"WebPage\",\"@id\":\"https:\\\/\\\/titanfrance.com\\\/de\\\/komponenten\\\/quadratisch-gepraegt\\\/\",\"url\":\"https:\\\/\\\/titanfrance.com\\\/de\\\/komponenten\\\/quadratisch-gepraegt\\\/\",\"name\":\"Gepresstes Vierkantprofil f\u00fcr landwirtschaftliche Felgen \u2013 Komponenten | Titan France\",\"isPartOf\":{\"@id\":\"https:\\\/\\\/titanfrance.com\\\/de\\\/#website\"},\"primaryImageOfPage\":{\"@id\":\"https:\\\/\\\/titanfrance.com\\\/de\\\/komponenten\\\/quadratisch-gepraegt\\\/#primaryimage\"},\"image\":{\"@id\":\"https:\\\/\\\/titanfrance.com\\\/de\\\/komponenten\\\/quadratisch-gepraegt\\\/#primaryimage\"},\"thumbnailUrl\":\"https:\\\/\\\/titanfrance.com\\\/wp-content\\\/uploads\\\/2024\\\/12\\\/composants-jantes.jpg\",\"datePublished\":\"2024-08-20T17:04:09+00:00\",\"dateModified\":\"2026-02-03T15:42:52+00:00\",\"description\":\"Titan France stellt tiefgezogene Vierkantprofile f\u00fcr landwirtschaftliche Felgen her. Diese Komponenten gew\u00e4hrleisten Robustheit, Pr\u00e4zision und Langlebigkeit.\",\"breadcrumb\":{\"@id\":\"https:\\\/\\\/titanfrance.com\\\/de\\\/komponenten\\\/quadratisch-gepraegt\\\/#breadcrumb\"},\"inLanguage\":\"de\",\"potentialAction\":[{\"@type\":\"ReadAction\",\"target\":[\"https:\\\/\\\/titanfrance.com\\\/de\\\/komponenten\\\/quadratisch-gepraegt\\\/\"]}]},{\"@type\":\"ImageObject\",\"inLanguage\":\"de\",\"@id\":\"https:\\\/\\\/titanfrance.com\\\/de\\\/komponenten\\\/quadratisch-gepraegt\\\/#primaryimage\",\"url\":\"https:\\\/\\\/titanfrance.com\\\/wp-content\\\/uploads\\\/2024\\\/12\\\/composants-jantes.jpg\",\"contentUrl\":\"https:\\\/\\\/titanfrance.com\\\/wp-content\\\/uploads\\\/2024\\\/12\\\/composants-jantes.jpg\",\"width\":2000,\"height\":685,\"caption\":\"Jantes Agricoles Titan\"},{\"@type\":\"BreadcrumbList\",\"@id\":\"https:\\\/\\\/titanfrance.com\\\/de\\\/komponenten\\\/quadratisch-gepraegt\\\/#breadcrumb\",\"itemListElement\":[{\"@type\":\"ListItem\",\"position\":1,\"name\":\"Accueil\",\"item\":\"https:\\\/\\\/titanfrance.com\\\/de\\\/\"},{\"@type\":\"ListItem\",\"position\":2,\"name\":\"Komponenten\",\"item\":\"https:\\\/\\\/titanfrance.com\\\/de\\\/komponenten\\\/\"},{\"@type\":\"ListItem\",\"position\":3,\"name\":\"Verschraubter Vierkant\"}]},{\"@type\":\"WebSite\",\"@id\":\"https:\\\/\\\/titanfrance.com\\\/de\\\/#website\",\"url\":\"https:\\\/\\\/titanfrance.com\\\/de\\\/\",\"name\":\"TITAN France\",\"description\":\"TITAN and Goodyear Farm Tires brands\",\"publisher\":{\"@id\":\"https:\\\/\\\/titanfrance.com\\\/de\\\/#organization\"},\"alternateName\":\"Fabricants de roues, de pneus et de composants de ch\u00e2ssis pour v\u00e9hicules tout-terrain.\",\"potentialAction\":[{\"@type\":\"SearchAction\",\"target\":{\"@type\":\"EntryPoint\",\"urlTemplate\":\"https:\\\/\\\/titanfrance.com\\\/de\\\/?s={search_term_string}\"},\"query-input\":{\"@type\":\"PropertyValueSpecification\",\"valueRequired\":true,\"valueName\":\"search_term_string\"}}],\"inLanguage\":\"de\"},{\"@type\":\"Organization\",\"@id\":\"https:\\\/\\\/titanfrance.com\\\/de\\\/#organization\",\"name\":\"TITAN France - FLERS\",\"url\":\"https:\\\/\\\/titanfrance.com\\\/de\\\/\",\"logo\":{\"@type\":\"ImageObject\",\"inLanguage\":\"de\",\"@id\":\"https:\\\/\\\/titanfrance.com\\\/de\\\/#\\\/schema\\\/logo\\\/image\\\/\",\"url\":\"https:\\\/\\\/titanfrance.com\\\/wp-content\\\/uploads\\\/2024\\\/07\\\/logo-Titan-goodyear.png\",\"contentUrl\":\"https:\\\/\\\/titanfrance.com\\\/wp-content\\\/uploads\\\/2024\\\/07\\\/logo-Titan-goodyear.png\",\"width\":696,\"height\":696,\"caption\":\"TITAN France - FLERS\"},\"image\":{\"@id\":\"https:\\\/\\\/titanfrance.com\\\/de\\\/#\\\/schema\\\/logo\\\/image\\\/\"},\"sameAs\":[\"https:\\\/\\\/www.facebook.com\\\/people\\\/Titan-France\\\/100054344090112\\\/\",\"https:\\\/\\\/x.com\\\/titanfrance1\",\"https:\\\/\\\/www.youtube.com\\\/channel\\\/UCbpLZ8EDC_1mEAwmMMyFYkg\",\"https:\\\/\\\/www.instagram.com\\\/titan_france\\\/?utm_source=ig_profile_share&igshid=q0ytsbjj91ve&fbclid=IwAR0srThhgUmUYTjvY_vGoqDg51xGkvvJhrBkEmLz2y_ntiOgjCeaBaOzqVA\",\"https:\\\/\\\/www.linkedin.com\\\/uas\\\/login?session_redirect=https:\\\/\\\/www.linkedin.com\\\/company\\\/titan-france-sas\\\/about\\\/\"]}]}<\/script>\n<!-- \/ Yoast SEO plugin. -->","yoast_head_json":{"title":"Gepresstes Vierkantprofil f\u00fcr landwirtschaftliche Felgen \u2013 Komponenten | Titan France","description":"Titan France stellt tiefgezogene Vierkantprofile f\u00fcr landwirtschaftliche Felgen her. Diese Komponenten gew\u00e4hrleisten Robustheit, Pr\u00e4zision und Langlebigkeit.","robots":{"index":"index","follow":"follow","max-snippet":"max-snippet:-1","max-image-preview":"max-image-preview:large","max-video-preview":"max-video-preview:-1"},"canonical":"https:\/\/titanfrance.com\/de\/komponenten\/quadratisch-gepraegt\/","og_locale":"de_DE","og_type":"article","og_title":"Gepresstes Vierkantprofil f\u00fcr landwirtschaftliche Felgen \u2013 Komponenten | Titan France","og_description":"Titan France stellt tiefgezogene Vierkantprofile f\u00fcr landwirtschaftliche Felgen her. Diese Komponenten gew\u00e4hrleisten Robustheit, Pr\u00e4zision und Langlebigkeit.","og_url":"https:\/\/titanfrance.com\/de\/komponenten\/quadratisch-gepraegt\/","og_site_name":"TITAN France","article_publisher":"https:\/\/www.facebook.com\/people\/Titan-France\/100054344090112\/","article_modified_time":"2026-02-03T15:42:52+00:00","og_image":[{"width":2000,"height":685,"url":"https:\/\/titanfrance.com\/wp-content\/uploads\/2024\/12\/composants-jantes.jpg","type":"image\/jpeg"}],"twitter_card":"summary_large_image","twitter_site":"@titanfrance1","twitter_misc":{"Gesch\u00e4tzte Lesezeit":"1\u00a0Minute"},"schema":{"@context":"https:\/\/schema.org","@graph":[{"@type":"WebPage","@id":"https:\/\/titanfrance.com\/de\/komponenten\/quadratisch-gepraegt\/","url":"https:\/\/titanfrance.com\/de\/komponenten\/quadratisch-gepraegt\/","name":"Gepresstes Vierkantprofil f\u00fcr landwirtschaftliche Felgen \u2013 Komponenten | Titan France","isPartOf":{"@id":"https:\/\/titanfrance.com\/de\/#website"},"primaryImageOfPage":{"@id":"https:\/\/titanfrance.com\/de\/komponenten\/quadratisch-gepraegt\/#primaryimage"},"image":{"@id":"https:\/\/titanfrance.com\/de\/komponenten\/quadratisch-gepraegt\/#primaryimage"},"thumbnailUrl":"https:\/\/titanfrance.com\/wp-content\/uploads\/2024\/12\/composants-jantes.jpg","datePublished":"2024-08-20T17:04:09+00:00","dateModified":"2026-02-03T15:42:52+00:00","description":"Titan France stellt tiefgezogene Vierkantprofile f\u00fcr landwirtschaftliche Felgen her. Diese Komponenten gew\u00e4hrleisten Robustheit, Pr\u00e4zision und Langlebigkeit.","breadcrumb":{"@id":"https:\/\/titanfrance.com\/de\/komponenten\/quadratisch-gepraegt\/#breadcrumb"},"inLanguage":"de","potentialAction":[{"@type":"ReadAction","target":["https:\/\/titanfrance.com\/de\/komponenten\/quadratisch-gepraegt\/"]}]},{"@type":"ImageObject","inLanguage":"de","@id":"https:\/\/titanfrance.com\/de\/komponenten\/quadratisch-gepraegt\/#primaryimage","url":"https:\/\/titanfrance.com\/wp-content\/uploads\/2024\/12\/composants-jantes.jpg","contentUrl":"https:\/\/titanfrance.com\/wp-content\/uploads\/2024\/12\/composants-jantes.jpg","width":2000,"height":685,"caption":"Jantes Agricoles Titan"},{"@type":"BreadcrumbList","@id":"https:\/\/titanfrance.com\/de\/komponenten\/quadratisch-gepraegt\/#breadcrumb","itemListElement":[{"@type":"ListItem","position":1,"name":"Accueil","item":"https:\/\/titanfrance.com\/de\/"},{"@type":"ListItem","position":2,"name":"Komponenten","item":"https:\/\/titanfrance.com\/de\/komponenten\/"},{"@type":"ListItem","position":3,"name":"Verschraubter Vierkant"}]},{"@type":"WebSite","@id":"https:\/\/titanfrance.com\/de\/#website","url":"https:\/\/titanfrance.com\/de\/","name":"TITAN France","description":"TITAN and Goodyear Farm Tires brands","publisher":{"@id":"https:\/\/titanfrance.com\/de\/#organization"},"alternateName":"Fabricants de roues, de pneus et de composants de ch\u00e2ssis pour v\u00e9hicules tout-terrain.","potentialAction":[{"@type":"SearchAction","target":{"@type":"EntryPoint","urlTemplate":"https:\/\/titanfrance.com\/de\/?s={search_term_string}"},"query-input":{"@type":"PropertyValueSpecification","valueRequired":true,"valueName":"search_term_string"}}],"inLanguage":"de"},{"@type":"Organization","@id":"https:\/\/titanfrance.com\/de\/#organization","name":"TITAN France - FLERS","url":"https:\/\/titanfrance.com\/de\/","logo":{"@type":"ImageObject","inLanguage":"de","@id":"https:\/\/titanfrance.com\/de\/#\/schema\/logo\/image\/","url":"https:\/\/titanfrance.com\/wp-content\/uploads\/2024\/07\/logo-Titan-goodyear.png","contentUrl":"https:\/\/titanfrance.com\/wp-content\/uploads\/2024\/07\/logo-Titan-goodyear.png","width":696,"height":696,"caption":"TITAN France - FLERS"},"image":{"@id":"https:\/\/titanfrance.com\/de\/#\/schema\/logo\/image\/"},"sameAs":["https:\/\/www.facebook.com\/people\/Titan-France\/100054344090112\/","https:\/\/x.com\/titanfrance1","https:\/\/www.youtube.com\/channel\/UCbpLZ8EDC_1mEAwmMMyFYkg","https:\/\/www.instagram.com\/titan_france\/?utm_source=ig_profile_share&igshid=q0ytsbjj91ve&fbclid=IwAR0srThhgUmUYTjvY_vGoqDg51xGkvvJhrBkEmLz2y_ntiOgjCeaBaOzqVA","https:\/\/www.linkedin.com\/uas\/login?session_redirect=https:\/\/www.linkedin.com\/company\/titan-france-sas\/about\/"]}]}},"_links":{"self":[{"href":"https:\/\/titanfrance.com\/de\/wp-json\/wp\/v2\/pages\/70854","targetHints":{"allow":["GET"]}}],"collection":[{"href":"https:\/\/titanfrance.com\/de\/wp-json\/wp\/v2\/pages"}],"about":[{"href":"https:\/\/titanfrance.com\/de\/wp-json\/wp\/v2\/types\/page"}],"author":[{"embeddable":true,"href":"https:\/\/titanfrance.com\/de\/wp-json\/wp\/v2\/users\/1"}],"replies":[{"embeddable":true,"href":"https:\/\/titanfrance.com\/de\/wp-json\/wp\/v2\/comments?post=70854"}],"version-history":[{"count":1,"href":"https:\/\/titanfrance.com\/de\/wp-json\/wp\/v2\/pages\/70854\/revisions"}],"predecessor-version":[{"id":70855,"href":"https:\/\/titanfrance.com\/de\/wp-json\/wp\/v2\/pages\/70854\/revisions\/70855"}],"up":[{"embeddable":true,"href":"https:\/\/titanfrance.com\/de\/wp-json\/wp\/v2\/pages\/70838"}],"wp:featuredmedia":[{"embeddable":true,"href":"https:\/\/titanfrance.com\/de\/wp-json\/wp\/v2\/media\/70853"}],"wp:attachment":[{"href":"https:\/\/titanfrance.com\/de\/wp-json\/wp\/v2\/media?parent=70854"}],"curies":[{"name":"wp","href":"https:\/\/api.w.org\/{rel}","templated":true}]}}