{"id":70838,"date":"2024-08-20T18:25:20","date_gmt":"2024-08-20T16:25:20","guid":{"rendered":"https:\/\/titanfrance.com\/komponenten\/"},"modified":"2026-03-20T14:18:13","modified_gmt":"2026-03-20T13:18:13","slug":"komponenten","status":"publish","type":"page","link":"https:\/\/titanfrance.com\/de\/komponenten\/","title":{"rendered":"Komponenten"},"content":{"rendered":"\t\t<div data-elementor-type=\"wp-page\" data-elementor-id=\"70838\" class=\"elementor elementor-70838 elementor-2751\" data-elementor-post-type=\"page\">\n\t\t\t\t<div class=\"elementor-element elementor-element-a2f7a2e e-flex e-con-boxed e-con e-parent\" data-id=\"a2f7a2e\" data-element_type=\"container\" data-e-type=\"container\">\n\t\t\t\t\t<div class=\"e-con-inner\">\n\t\t\t\t<div class=\"elementor-element elementor-element-6224112 elementor-widget elementor-widget-heading\" data-id=\"6224112\" data-element_type=\"widget\" data-e-type=\"widget\" data-widget_type=\"heading.default\">\n\t\t\t\t<div class=\"elementor-widget-container\">\n\t\t\t\t\t<h2 class=\"elementor-heading-title elementor-size-default\">Die verschiedenen Komponenten<\/h2>\t\t\t\t<\/div>\n\t\t\t\t<\/div>\n\t\t\t\t\t<\/div>\n\t\t\t\t<\/div>\n\t\t<div class=\"elementor-element elementor-element-9356116 e-flex e-con-boxed e-con e-parent\" data-id=\"9356116\" data-element_type=\"container\" data-e-type=\"container\">\n\t\t\t\t\t<div class=\"e-con-inner\">\n\t\t<div class=\"elementor-element elementor-element-8541879 e-con-full e-flex e-con e-child\" data-id=\"8541879\" data-element_type=\"container\" data-e-type=\"container\">\n\t\t\t\t<div class=\"elementor-element elementor-element-6af33be titre01 elementor-widget elementor-widget-heading\" data-id=\"6af33be\" data-element_type=\"widget\" data-e-type=\"widget\" data-widget_type=\"heading.default\">\n\t\t\t\t<div class=\"elementor-widget-container\">\n\t\t\t\t\t<span class=\"elementor-heading-title elementor-size-default\"><a href=\"https:\/\/titanfrance.com\/de\/komponenten\/felgen\/\">Felgen \u00bb<\/a><\/span>\t\t\t\t<\/div>\n\t\t\t\t<\/div>\n\t\t\t\t<div class=\"elementor-element elementor-element-db68a25 elementor-widget elementor-widget-text-editor\" data-id=\"db68a25\" data-element_type=\"widget\" data-e-type=\"widget\" data-widget_type=\"text-editor.default\">\n\t\t\t\t<div class=\"elementor-widget-container\">\n\t\t\t\t\t\t\t\t\t<p>Diese Felgen wurden speziell entwickelt, um maximale Festigkeit und ideale Kompatibilit\u00e4t mit verschiedenen Reifentypen zu gew\u00e4hrleisten. Sie sorgen somit f\u00fcr eine zuverl\u00e4ssige und dauerhafte Leistung bei landwirtschaftlichen und industriellen Maschinen. <\/p>\t\t\t\t\t\t\t\t<\/div>\n\t\t\t\t<\/div>\n\t\t\t\t<\/div>\n\t\t<div class=\"elementor-element elementor-element-038d7a2 e-con-full e-flex e-con e-child\" data-id=\"038d7a2\" data-element_type=\"container\" data-e-type=\"container\">\n\t\t\t\t<div class=\"elementor-element elementor-element-3807a4e titre01 elementor-widget elementor-widget-heading\" data-id=\"3807a4e\" data-element_type=\"widget\" data-e-type=\"widget\" data-widget_type=\"heading.default\">\n\t\t\t\t<div class=\"elementor-widget-container\">\n\t\t\t\t\t<span class=\"elementor-heading-title elementor-size-default\"><a href=\"https:\/\/titanfrance.com\/de\/komponenten\/variable-spurweite\/\">Variable Spurweite<\/a><\/span>\t\t\t\t<\/div>\n\t\t\t\t<\/div>\n\t\t\t\t<div class=\"elementor-element elementor-element-82c5744 elementor-widget elementor-widget-text-editor\" data-id=\"82c5744\" data-element_type=\"widget\" data-e-type=\"widget\" data-widget_type=\"text-editor.default\">\n\t\t\t\t<div class=\"elementor-widget-container\">\n\t\t\t\t\t\t\t\t\t<p>Die variable Spurweite erm\u00f6glicht eine pr\u00e4zise Einstellung der Spurweite der Ger\u00e4te und verbessert so deren Man\u00f6vrierf\u00e4higkeit und Leistung. Sie sind robust und flexibel konstruiert und eignen sich f\u00fcr verschiedene landwirtschaftliche und industrielle Anwendungen. <\/p>\t\t\t\t\t\t\t\t<\/div>\n\t\t\t\t<\/div>\n\t\t\t\t<\/div>\n\t\t<div class=\"elementor-element elementor-element-580f59b e-con-full e-flex e-con e-child\" data-id=\"580f59b\" data-element_type=\"container\" data-e-type=\"container\">\n\t\t\t\t<div class=\"elementor-element elementor-element-562f597 titre01 elementor-widget elementor-widget-heading\" data-id=\"562f597\" data-element_type=\"widget\" data-e-type=\"widget\" data-widget_type=\"heading.default\">\n\t\t\t\t<div class=\"elementor-widget-container\">\n\t\t\t\t\t<span class=\"elementor-heading-title elementor-size-default\"><a href=\"https:\/\/titanfrance.com\/de\/komponenten\/feste-fahrspur\/\">Feststehendes Endst\u00fcck \u00bb<\/a><\/span>\t\t\t\t<\/div>\n\t\t\t\t<\/div>\n\t\t\t\t<div class=\"elementor-element elementor-element-d74c786 elementor-widget elementor-widget-text-editor\" data-id=\"d74c786\" data-element_type=\"widget\" data-e-type=\"widget\" data-widget_type=\"text-editor.default\">\n\t\t\t\t<div class=\"elementor-widget-container\">\n\t\t\t\t\t\t\t\t\t<p>Feststehende Stanzteile bieten eine stabile und langlebige L\u00f6sung f\u00fcr landwirtschaftliche und industrielle Anlagen. Ihre robuste Konstruktion garantiert eine zuverl\u00e4ssige Leistung, die auf die spezifischen Anforderungen der Maschinen zugeschnitten ist. <\/p>\t\t\t\t\t\t\t\t<\/div>\n\t\t\t\t<\/div>\n\t\t\t\t<\/div>\n\t\t\t\t\t<\/div>\n\t\t\t\t<\/div>\n\t\t\t\t<\/div>\n\t\t","protected":false},"excerpt":{"rendered":"<p>Titan-Komponenten: Qualit\u00e4t und Widerstandsf\u00e4higkeit f\u00fcr anspruchsvolle Anwendungen<\/p>\n","protected":false},"author":1,"featured_media":70837,"parent":0,"menu_order":0,"comment_status":"closed","ping_status":"closed","template":"","meta":{"_acf_changed":false,"footnotes":""},"class_list":["post-70838","page","type-page","status-publish","has-post-thumbnail","hentry"],"acf":[],"yoast_head":"<!-- This site is optimized with the Yoast SEO plugin v27.4 - https:\/\/yoast.com\/product\/yoast-seo-wordpress\/ -->\n<title>Komponenten f\u00fcr landwirtschaftliche R\u00e4der \u2013 Titan France<\/title>\n<meta name=\"description\" content=\"Titan France stellt robuste und pr\u00e4zise Komponenten f\u00fcr landwirtschaftliche R\u00e4der her. Jedes Teil garantiert Langlebigkeit und Leistungsf\u00e4higkeit f\u00fcr Ihre R\u00e4der.\" \/>\n<meta name=\"robots\" content=\"index, follow, max-snippet:-1, max-image-preview:large, max-video-preview:-1\" \/>\n<link rel=\"canonical\" href=\"https:\/\/titanfrance.com\/de\/komponenten\/\" \/>\n<meta property=\"og:locale\" content=\"de_DE\" \/>\n<meta property=\"og:type\" content=\"article\" \/>\n<meta property=\"og:title\" content=\"Komponenten f\u00fcr landwirtschaftliche R\u00e4der \u2013 Titan France\" \/>\n<meta property=\"og:description\" content=\"Titan France stellt robuste und pr\u00e4zise Komponenten f\u00fcr landwirtschaftliche R\u00e4der her. Jedes Teil garantiert Langlebigkeit und Leistungsf\u00e4higkeit f\u00fcr Ihre R\u00e4der.\" \/>\n<meta property=\"og:url\" content=\"https:\/\/titanfrance.com\/de\/komponenten\/\" \/>\n<meta property=\"og:site_name\" content=\"TITAN France\" \/>\n<meta property=\"article:publisher\" content=\"https:\/\/www.facebook.com\/people\/Titan-France\/100054344090112\/\" \/>\n<meta property=\"article:modified_time\" content=\"2026-03-20T13:18:13+00:00\" \/>\n<meta property=\"og:image\" content=\"https:\/\/titanfrance.com\/wp-content\/uploads\/2024\/12\/titan-france-flers-roues-jantes-tracteurs-05-e1737464927280.jpg\" \/>\n\t<meta property=\"og:image:width\" content=\"2560\" \/>\n\t<meta property=\"og:image:height\" content=\"644\" \/>\n\t<meta property=\"og:image:type\" content=\"image\/jpeg\" \/>\n<meta name=\"twitter:card\" content=\"summary_large_image\" \/>\n<meta name=\"twitter:site\" content=\"@titanfrance1\" \/>\n<meta name=\"twitter:label1\" content=\"Gesch\u00e4tzte Lesezeit\" \/>\n\t<meta name=\"twitter:data1\" content=\"1\u00a0Minute\" \/>\n<script type=\"application\/ld+json\" class=\"yoast-schema-graph\">{\"@context\":\"https:\\\/\\\/schema.org\",\"@graph\":[{\"@type\":\"WebPage\",\"@id\":\"https:\\\/\\\/titanfrance.com\\\/de\\\/komponenten\\\/\",\"url\":\"https:\\\/\\\/titanfrance.com\\\/de\\\/komponenten\\\/\",\"name\":\"Komponenten f\u00fcr landwirtschaftliche R\u00e4der \u2013 Titan France\",\"isPartOf\":{\"@id\":\"https:\\\/\\\/titanfrance.com\\\/de\\\/#website\"},\"primaryImageOfPage\":{\"@id\":\"https:\\\/\\\/titanfrance.com\\\/de\\\/komponenten\\\/#primaryimage\"},\"image\":{\"@id\":\"https:\\\/\\\/titanfrance.com\\\/de\\\/komponenten\\\/#primaryimage\"},\"thumbnailUrl\":\"https:\\\/\\\/titanfrance.com\\\/wp-content\\\/uploads\\\/2024\\\/12\\\/titan-france-flers-roues-jantes-tracteurs-05-e1737464927280.jpg\",\"datePublished\":\"2024-08-20T16:25:20+00:00\",\"dateModified\":\"2026-03-20T13:18:13+00:00\",\"description\":\"Titan France stellt robuste und pr\u00e4zise Komponenten f\u00fcr landwirtschaftliche R\u00e4der her. Jedes Teil garantiert Langlebigkeit und Leistungsf\u00e4higkeit f\u00fcr Ihre R\u00e4der.\",\"breadcrumb\":{\"@id\":\"https:\\\/\\\/titanfrance.com\\\/de\\\/komponenten\\\/#breadcrumb\"},\"inLanguage\":\"de\",\"potentialAction\":[{\"@type\":\"ReadAction\",\"target\":[\"https:\\\/\\\/titanfrance.com\\\/de\\\/komponenten\\\/\"]}]},{\"@type\":\"ImageObject\",\"inLanguage\":\"de\",\"@id\":\"https:\\\/\\\/titanfrance.com\\\/de\\\/komponenten\\\/#primaryimage\",\"url\":\"https:\\\/\\\/titanfrance.com\\\/wp-content\\\/uploads\\\/2024\\\/12\\\/titan-france-flers-roues-jantes-tracteurs-05-e1737464927280.jpg\",\"contentUrl\":\"https:\\\/\\\/titanfrance.com\\\/wp-content\\\/uploads\\\/2024\\\/12\\\/titan-france-flers-roues-jantes-tracteurs-05-e1737464927280.jpg\",\"width\":2560,\"height\":644,\"caption\":\"Felgen profile W, DW , DWW\"},{\"@type\":\"BreadcrumbList\",\"@id\":\"https:\\\/\\\/titanfrance.com\\\/de\\\/komponenten\\\/#breadcrumb\",\"itemListElement\":[{\"@type\":\"ListItem\",\"position\":1,\"name\":\"Accueil\",\"item\":\"https:\\\/\\\/titanfrance.com\\\/de\\\/\"},{\"@type\":\"ListItem\",\"position\":2,\"name\":\"Komponenten\"}]},{\"@type\":\"WebSite\",\"@id\":\"https:\\\/\\\/titanfrance.com\\\/de\\\/#website\",\"url\":\"https:\\\/\\\/titanfrance.com\\\/de\\\/\",\"name\":\"TITAN France\",\"description\":\"TITAN and Goodyear Farm Tires brands\",\"publisher\":{\"@id\":\"https:\\\/\\\/titanfrance.com\\\/de\\\/#organization\"},\"alternateName\":\"Fabricants de roues, de pneus et de composants de ch\u00e2ssis pour v\u00e9hicules tout-terrain.\",\"potentialAction\":[{\"@type\":\"SearchAction\",\"target\":{\"@type\":\"EntryPoint\",\"urlTemplate\":\"https:\\\/\\\/titanfrance.com\\\/de\\\/?s={search_term_string}\"},\"query-input\":{\"@type\":\"PropertyValueSpecification\",\"valueRequired\":true,\"valueName\":\"search_term_string\"}}],\"inLanguage\":\"de\"},{\"@type\":\"Organization\",\"@id\":\"https:\\\/\\\/titanfrance.com\\\/de\\\/#organization\",\"name\":\"TITAN France - FLERS\",\"url\":\"https:\\\/\\\/titanfrance.com\\\/de\\\/\",\"logo\":{\"@type\":\"ImageObject\",\"inLanguage\":\"de\",\"@id\":\"https:\\\/\\\/titanfrance.com\\\/de\\\/#\\\/schema\\\/logo\\\/image\\\/\",\"url\":\"https:\\\/\\\/titanfrance.com\\\/wp-content\\\/uploads\\\/2024\\\/07\\\/logo-Titan-goodyear.png\",\"contentUrl\":\"https:\\\/\\\/titanfrance.com\\\/wp-content\\\/uploads\\\/2024\\\/07\\\/logo-Titan-goodyear.png\",\"width\":696,\"height\":696,\"caption\":\"TITAN France - FLERS\"},\"image\":{\"@id\":\"https:\\\/\\\/titanfrance.com\\\/de\\\/#\\\/schema\\\/logo\\\/image\\\/\"},\"sameAs\":[\"https:\\\/\\\/www.facebook.com\\\/people\\\/Titan-France\\\/100054344090112\\\/\",\"https:\\\/\\\/x.com\\\/titanfrance1\",\"https:\\\/\\\/www.youtube.com\\\/channel\\\/UCbpLZ8EDC_1mEAwmMMyFYkg\",\"https:\\\/\\\/www.instagram.com\\\/titan_france\\\/?utm_source=ig_profile_share&igshid=q0ytsbjj91ve&fbclid=IwAR0srThhgUmUYTjvY_vGoqDg51xGkvvJhrBkEmLz2y_ntiOgjCeaBaOzqVA\",\"https:\\\/\\\/www.linkedin.com\\\/uas\\\/login?session_redirect=https:\\\/\\\/www.linkedin.com\\\/company\\\/titan-france-sas\\\/about\\\/\"]}]}<\/script>\n<!-- \/ Yoast SEO plugin. -->","yoast_head_json":{"title":"Komponenten f\u00fcr landwirtschaftliche R\u00e4der \u2013 Titan France","description":"Titan France stellt robuste und pr\u00e4zise Komponenten f\u00fcr landwirtschaftliche R\u00e4der her. Jedes Teil garantiert Langlebigkeit und Leistungsf\u00e4higkeit f\u00fcr Ihre R\u00e4der.","robots":{"index":"index","follow":"follow","max-snippet":"max-snippet:-1","max-image-preview":"max-image-preview:large","max-video-preview":"max-video-preview:-1"},"canonical":"https:\/\/titanfrance.com\/de\/komponenten\/","og_locale":"de_DE","og_type":"article","og_title":"Komponenten f\u00fcr landwirtschaftliche R\u00e4der \u2013 Titan France","og_description":"Titan France stellt robuste und pr\u00e4zise Komponenten f\u00fcr landwirtschaftliche R\u00e4der her. Jedes Teil garantiert Langlebigkeit und Leistungsf\u00e4higkeit f\u00fcr Ihre R\u00e4der.","og_url":"https:\/\/titanfrance.com\/de\/komponenten\/","og_site_name":"TITAN France","article_publisher":"https:\/\/www.facebook.com\/people\/Titan-France\/100054344090112\/","article_modified_time":"2026-03-20T13:18:13+00:00","og_image":[{"width":2560,"height":644,"url":"https:\/\/titanfrance.com\/wp-content\/uploads\/2024\/12\/titan-france-flers-roues-jantes-tracteurs-05-e1737464927280.jpg","type":"image\/jpeg"}],"twitter_card":"summary_large_image","twitter_site":"@titanfrance1","twitter_misc":{"Gesch\u00e4tzte Lesezeit":"1\u00a0Minute"},"schema":{"@context":"https:\/\/schema.org","@graph":[{"@type":"WebPage","@id":"https:\/\/titanfrance.com\/de\/komponenten\/","url":"https:\/\/titanfrance.com\/de\/komponenten\/","name":"Komponenten f\u00fcr landwirtschaftliche R\u00e4der \u2013 Titan France","isPartOf":{"@id":"https:\/\/titanfrance.com\/de\/#website"},"primaryImageOfPage":{"@id":"https:\/\/titanfrance.com\/de\/komponenten\/#primaryimage"},"image":{"@id":"https:\/\/titanfrance.com\/de\/komponenten\/#primaryimage"},"thumbnailUrl":"https:\/\/titanfrance.com\/wp-content\/uploads\/2024\/12\/titan-france-flers-roues-jantes-tracteurs-05-e1737464927280.jpg","datePublished":"2024-08-20T16:25:20+00:00","dateModified":"2026-03-20T13:18:13+00:00","description":"Titan France stellt robuste und pr\u00e4zise Komponenten f\u00fcr landwirtschaftliche R\u00e4der her. Jedes Teil garantiert Langlebigkeit und Leistungsf\u00e4higkeit f\u00fcr Ihre R\u00e4der.","breadcrumb":{"@id":"https:\/\/titanfrance.com\/de\/komponenten\/#breadcrumb"},"inLanguage":"de","potentialAction":[{"@type":"ReadAction","target":["https:\/\/titanfrance.com\/de\/komponenten\/"]}]},{"@type":"ImageObject","inLanguage":"de","@id":"https:\/\/titanfrance.com\/de\/komponenten\/#primaryimage","url":"https:\/\/titanfrance.com\/wp-content\/uploads\/2024\/12\/titan-france-flers-roues-jantes-tracteurs-05-e1737464927280.jpg","contentUrl":"https:\/\/titanfrance.com\/wp-content\/uploads\/2024\/12\/titan-france-flers-roues-jantes-tracteurs-05-e1737464927280.jpg","width":2560,"height":644,"caption":"Felgen profile W, DW , DWW"},{"@type":"BreadcrumbList","@id":"https:\/\/titanfrance.com\/de\/komponenten\/#breadcrumb","itemListElement":[{"@type":"ListItem","position":1,"name":"Accueil","item":"https:\/\/titanfrance.com\/de\/"},{"@type":"ListItem","position":2,"name":"Komponenten"}]},{"@type":"WebSite","@id":"https:\/\/titanfrance.com\/de\/#website","url":"https:\/\/titanfrance.com\/de\/","name":"TITAN France","description":"TITAN and Goodyear Farm Tires brands","publisher":{"@id":"https:\/\/titanfrance.com\/de\/#organization"},"alternateName":"Fabricants de roues, de pneus et de composants de ch\u00e2ssis pour v\u00e9hicules tout-terrain.","potentialAction":[{"@type":"SearchAction","target":{"@type":"EntryPoint","urlTemplate":"https:\/\/titanfrance.com\/de\/?s={search_term_string}"},"query-input":{"@type":"PropertyValueSpecification","valueRequired":true,"valueName":"search_term_string"}}],"inLanguage":"de"},{"@type":"Organization","@id":"https:\/\/titanfrance.com\/de\/#organization","name":"TITAN France - FLERS","url":"https:\/\/titanfrance.com\/de\/","logo":{"@type":"ImageObject","inLanguage":"de","@id":"https:\/\/titanfrance.com\/de\/#\/schema\/logo\/image\/","url":"https:\/\/titanfrance.com\/wp-content\/uploads\/2024\/07\/logo-Titan-goodyear.png","contentUrl":"https:\/\/titanfrance.com\/wp-content\/uploads\/2024\/07\/logo-Titan-goodyear.png","width":696,"height":696,"caption":"TITAN France - FLERS"},"image":{"@id":"https:\/\/titanfrance.com\/de\/#\/schema\/logo\/image\/"},"sameAs":["https:\/\/www.facebook.com\/people\/Titan-France\/100054344090112\/","https:\/\/x.com\/titanfrance1","https:\/\/www.youtube.com\/channel\/UCbpLZ8EDC_1mEAwmMMyFYkg","https:\/\/www.instagram.com\/titan_france\/?utm_source=ig_profile_share&igshid=q0ytsbjj91ve&fbclid=IwAR0srThhgUmUYTjvY_vGoqDg51xGkvvJhrBkEmLz2y_ntiOgjCeaBaOzqVA","https:\/\/www.linkedin.com\/uas\/login?session_redirect=https:\/\/www.linkedin.com\/company\/titan-france-sas\/about\/"]}]}},"_links":{"self":[{"href":"https:\/\/titanfrance.com\/de\/wp-json\/wp\/v2\/pages\/70838","targetHints":{"allow":["GET"]}}],"collection":[{"href":"https:\/\/titanfrance.com\/de\/wp-json\/wp\/v2\/pages"}],"about":[{"href":"https:\/\/titanfrance.com\/de\/wp-json\/wp\/v2\/types\/page"}],"author":[{"embeddable":true,"href":"https:\/\/titanfrance.com\/de\/wp-json\/wp\/v2\/users\/1"}],"replies":[{"embeddable":true,"href":"https:\/\/titanfrance.com\/de\/wp-json\/wp\/v2\/comments?post=70838"}],"version-history":[{"count":2,"href":"https:\/\/titanfrance.com\/de\/wp-json\/wp\/v2\/pages\/70838\/revisions"}],"predecessor-version":[{"id":71605,"href":"https:\/\/titanfrance.com\/de\/wp-json\/wp\/v2\/pages\/70838\/revisions\/71605"}],"wp:featuredmedia":[{"embeddable":true,"href":"https:\/\/titanfrance.com\/de\/wp-json\/wp\/v2\/media\/70837"}],"wp:attachment":[{"href":"https:\/\/titanfrance.com\/de\/wp-json\/wp\/v2\/media?parent=70838"}],"curies":[{"name":"wp","href":"https:\/\/api.w.org\/{rel}","templated":true}]}}